{"id":76310,"date":"2023-07-05T10:20:03","date_gmt":"2023-07-05T14:20:03","guid":{"rendered":"https:\/\/bodegaoutdoor.cl\/store\/product\/torniquete-de-compresion-hemostatica-de-emergencia-traumatica-vendaje-israeli-2-piezas-4-6-pulgadas-para-acampar-senderismo-ayuda-del-ejercito\/"},"modified":"2023-07-05T10:42:54","modified_gmt":"2023-07-05T14:42:54","slug":"torniquete-de-compresion-hemostatica-de-emergencia-traumatica-vendaje-israeli-2-piezas-4-6-pulgadas-para-acampar-senderismo-ayuda-del-ejercito","status":"publish","type":"product","link":"https:\/\/bodegaoutdoor.cl\/store\/product\/torniquete-de-compresion-hemostatica-de-emergencia-traumatica-vendaje-israeli-2-piezas-4-6-pulgadas-para-acampar-senderismo-ayuda-del-ejercito\/","title":{"rendered":"Torniquete de compresi\u00f3n hemost\u00e1tica DE EMERGENCIA traum\u00e1tica, vendaje israel\u00ed, 2 piezas, 4\/6 pulgadas, para acampar, senderismo, ayuda del ej\u00e9rcito"},"content":{"rendered":"<div>\n<div>\n<p><strong id=\"tl_1\">Descripci\u00f3n:<\/strong><\/p>\n<p>&nbsp;<\/p>\n<p id=\"tl_2\">Nuevo y de alta calidad<\/p>\n<p>&nbsp;<\/p>\n<p id=\"tl_3\">Tipo: vendaje<\/p>\n<p>&nbsp;<\/p>\n<p id=\"tl_4\">Color: gris<\/p>\n<p>&nbsp;<\/p>\n<p id=\"tl_5\">Material: algod\u00f3n + poli\u00e9ster<\/p>\n<p>&nbsp;<\/p>\n<p id=\"tl_6\">Peso: 80g<\/p>\n<p>&nbsp;<\/p>\n<p id=\"tl_7\">Tama\u00f1o: 10*200cm (puede estirarse hasta 4,2 m)<\/p>\n<p>&nbsp;<\/p>\n<p id=\"tl_8\">Caracter\u00edsticas del producto: vendaje de heridas, extremidades de soporte, juega un papel en la hemostasia y previene la reinfecci\u00f3n<\/p>\n<p>&nbsp;<\/p>\n<p id=\"tl_9\">El paquete incluye: 2 vendajes para el cuerpo.<\/p>\n<p id=\"tl_10\">Nota:<\/p>\n<p id=\"tl_11\">1. Permita un error de 1-3MM debido a la medici\u00f3n manual. Por favor, aseg\u00farese de que no le importa antes de pujar.<\/p>\n<p id=\"tl_12\">2. a la diferencia entre diferentes monitores Debido, es posible que la imagen no refleje el color real del art\u00edculo. <img fetchpriority=\"high\" decoding=\"async\" title=\"Torniquete de compresi\u00f3n hemost\u00e1tica DE EMERGENCIA traum\u00e1tica, vendaje israel\u00ed, 2 piezas, 4\/6 pulgadas, para acampar, senderismo, ayuda del ej\u00e9rcito\" src=\"https:\/\/bodegaoutdoor.cl\/store\/wp-content\/uploads\/2023\/07\/76310-1y2xnk.jpg\" alt=\"Torniquete de compresi\u00f3n hemost\u00e1tica DE EMERGENCIA traum\u00e1tica, vendaje israel\u00ed, 2 piezas, 4\/6 pulgadas, para acampar, senderismo, ayuda del ej\u00e9rcito\" width=\"944\" height=\"944\" \/> <img decoding=\"async\" title=\"Torniquete de compresi\u00f3n hemost\u00e1tica DE EMERGENCIA traum\u00e1tica, vendaje israel\u00ed, 2 piezas, 4\/6 pulgadas, para acampar, senderismo, ayuda del ej\u00e9rcito\" src=\"https:\/\/bodegaoutdoor.cl\/store\/wp-content\/uploads\/2023\/07\/76310-twkbdy.jpg\" alt=\"Torniquete de compresi\u00f3n hemost\u00e1tica DE EMERGENCIA traum\u00e1tica, vendaje israel\u00ed, 2 piezas, 4\/6 pulgadas, para acampar, senderismo, ayuda del ej\u00e9rcito\" \/> <img decoding=\"async\" title=\"Torniquete de compresi\u00f3n hemost\u00e1tica DE EMERGENCIA traum\u00e1tica, vendaje israel\u00ed, 2 piezas, 4\/6 pulgadas, para acampar, senderismo, ayuda del ej\u00e9rcito\" src=\"https:\/\/bodegaoutdoor.cl\/store\/wp-content\/uploads\/2023\/07\/76310-riv6vi.jpg\" alt=\"Torniquete de compresi\u00f3n hemost\u00e1tica DE EMERGENCIA traum\u00e1tica, vendaje israel\u00ed, 2 piezas, 4\/6 pulgadas, para acampar, senderismo, ayuda del ej\u00e9rcito\" width=\"944\" height=\"944\" \/> <img decoding=\"async\" title=\"Torniquete de compresi\u00f3n hemost\u00e1tica DE EMERGENCIA traum\u00e1tica, vendaje israel\u00ed, 2 piezas, 4\/6 pulgadas, para acampar, senderismo, ayuda del ej\u00e9rcito\" src=\"https:\/\/bodegaoutdoor.cl\/store\/wp-content\/uploads\/2023\/07\/76310-dm7rwj.jpg\" alt=\"Torniquete de compresi\u00f3n hemost\u00e1tica DE EMERGENCIA traum\u00e1tica, vendaje israel\u00ed, 2 piezas, 4\/6 pulgadas, para acampar, senderismo, ayuda del ej\u00e9rcito\" width=\"944\" height=\"944\" \/> <img loading=\"lazy\" decoding=\"async\" title=\"Torniquete de compresi\u00f3n hemost\u00e1tica DE EMERGENCIA traum\u00e1tica, vendaje israel\u00ed, 2 piezas, 4\/6 pulgadas, para acampar, senderismo, ayuda del ej\u00e9rcito\" src=\"https:\/\/bodegaoutdoor.cl\/store\/wp-content\/uploads\/2023\/07\/76310-tir9ji.jpg\" alt=\"Torniquete de compresi\u00f3n hemost\u00e1tica DE EMERGENCIA traum\u00e1tica, vendaje israel\u00ed, 2 piezas, 4\/6 pulgadas, para acampar, senderismo, ayuda del ej\u00e9rcito\" width=\"944\" height=\"944\" \/> <img decoding=\"async\" title=\"Torniquete de compresi\u00f3n hemost\u00e1tica DE EMERGENCIA traum\u00e1tica, vendaje israel\u00ed, 2 piezas, 4\/6 pulgadas, para acampar, senderismo, ayuda del ej\u00e9rcito\" src=\"https:\/\/bodegaoutdoor.cl\/store\/wp-content\/uploads\/2023\/07\/76310-9bmuoh.jpg\" alt=\"Torniquete de compresi\u00f3n hemost\u00e1tica DE EMERGENCIA traum\u00e1tica, vendaje israel\u00ed, 2 piezas, 4\/6 pulgadas, para acampar, senderismo, ayuda del ej\u00e9rcito\" \/> <img loading=\"lazy\" decoding=\"async\" title=\"Torniquete de compresi\u00f3n hemost\u00e1tica DE EMERGENCIA traum\u00e1tica, vendaje israel\u00ed, 2 piezas, 4\/6 pulgadas, para acampar, senderismo, ayuda del ej\u00e9rcito\" src=\"https:\/\/bodegaoutdoor.cl\/store\/wp-content\/uploads\/2023\/07\/76310-vjsmhg.jpg\" alt=\"Torniquete de compresi\u00f3n hemost\u00e1tica DE EMERGENCIA traum\u00e1tica, vendaje israel\u00ed, 2 piezas, 4\/6 pulgadas, para acampar, senderismo, ayuda del ej\u00e9rcito\" width=\"944\" height=\"944\" \/> <img loading=\"lazy\" decoding=\"async\" title=\"Torniquete de compresi\u00f3n hemost\u00e1tica DE EMERGENCIA traum\u00e1tica, vendaje israel\u00ed, 2 piezas, 4\/6 pulgadas, para acampar, senderismo, ayuda del ej\u00e9rcito\" src=\"https:\/\/bodegaoutdoor.cl\/store\/wp-content\/uploads\/2023\/07\/76310-ldibuu.jpg\" alt=\"Torniquete de compresi\u00f3n hemost\u00e1tica DE EMERGENCIA traum\u00e1tica, vendaje israel\u00ed, 2 piezas, 4\/6 pulgadas, para acampar, senderismo, ayuda del ej\u00e9rcito\" width=\"944\" height=\"944\" \/> <img loading=\"lazy\" decoding=\"async\" title=\"Torniquete de compresi\u00f3n hemost\u00e1tica DE EMERGENCIA traum\u00e1tica, vendaje israel\u00ed, 2 piezas, 4\/6 pulgadas, para acampar, senderismo, ayuda del ej\u00e9rcito\" src=\"https:\/\/bodegaoutdoor.cl\/store\/wp-content\/uploads\/2023\/07\/76310-kajgus.jpg\" alt=\"Torniquete de compresi\u00f3n hemost\u00e1tica DE EMERGENCIA traum\u00e1tica, vendaje israel\u00ed, 2 piezas, 4\/6 pulgadas, para acampar, senderismo, ayuda del ej\u00e9rcito\" width=\"944\" height=\"944\" \/> <img loading=\"lazy\" decoding=\"async\" title=\"Torniquete de compresi\u00f3n hemost\u00e1tica DE EMERGENCIA traum\u00e1tica, vendaje israel\u00ed, 2 piezas, 4\/6 pulgadas, para acampar, senderismo, ayuda del ej\u00e9rcito\" src=\"https:\/\/bodegaoutdoor.cl\/store\/wp-content\/uploads\/2023\/07\/76310-7byjrj.jpg\" alt=\"Torniquete de compresi\u00f3n hemost\u00e1tica DE EMERGENCIA traum\u00e1tica, vendaje israel\u00ed, 2 piezas, 4\/6 pulgadas, para acampar, senderismo, ayuda del ej\u00e9rcito\" width=\"944\" height=\"944\" \/><\/p>\n<\/div>\n<\/div>\n\n    <div class=\"xs_social_share_widget xs_share_url after_content \t\tmain_content  wslu-style-1 wslu-share-box-shaped wslu-fill-colored wslu-none wslu-share-horizontal wslu-theme-font-no wslu-main_content\">\n\n\t\t\n        <ul>\n\t\t\t        <\/ul>\n    <\/div> \n","protected":false},"excerpt":{"rendered":"<p>Descripci\u00f3n: &nbsp; Nuevo y de alta calidad &nbsp; Tipo: vendaje &nbsp; Color: gris &nbsp; Material: algod\u00f3n + poli\u00e9ster &nbsp; Peso: 80g &nbsp; Tama\u00f1o: 10*200cm (puede estirarse hasta 4,2 m) &nbsp; Caracter\u00edsticas del producto: vendaje de heridas, extremidades de soporte, juega un papel en la hemostasia y previene la reinfecci\u00f3n &nbsp; El paquete incluye: 2 vendajes [&hellip;]<\/p>\n","protected":false},"featured_media":76313,"comment_status":"open","ping_status":"closed","template":"","meta":{"jetpack_publicize_message":"","jetpack_publicize_feature_enabled":true,"jetpack_social_post_already_shared":true,"jetpack_social_options":{"image_generator_settings":{"template":"highway","enabled":false},"version":2}},"product_brand":[],"product_cat":[777],"product_tag":[],"class_list":{"0":"post-76310","1":"product","2":"type-product","3":"status-publish","4":"has-post-thumbnail","6":"product_cat-sos-kits","8":"first","9":"instock","10":"sale","11":"taxable","12":"shipping-taxable","13":"purchasable","14":"product-type-variable"},"jetpack_publicize_connections":[],"jetpack_sharing_enabled":true,"_links":{"self":[{"href":"https:\/\/bodegaoutdoor.cl\/store\/wp-json\/wp\/v2\/product\/76310","targetHints":{"allow":["GET"]}}],"collection":[{"href":"https:\/\/bodegaoutdoor.cl\/store\/wp-json\/wp\/v2\/product"}],"about":[{"href":"https:\/\/bodegaoutdoor.cl\/store\/wp-json\/wp\/v2\/types\/product"}],"replies":[{"embeddable":true,"href":"https:\/\/bodegaoutdoor.cl\/store\/wp-json\/wp\/v2\/comments?post=76310"}],"version-history":[{"count":12,"href":"https:\/\/bodegaoutdoor.cl\/store\/wp-json\/wp\/v2\/product\/76310\/revisions"}],"predecessor-version":[{"id":76340,"href":"https:\/\/bodegaoutdoor.cl\/store\/wp-json\/wp\/v2\/product\/76310\/revisions\/76340"}],"wp:featuredmedia":[{"embeddable":true,"href":"https:\/\/bodegaoutdoor.cl\/store\/wp-json\/wp\/v2\/media\/76313"}],"wp:attachment":[{"href":"https:\/\/bodegaoutdoor.cl\/store\/wp-json\/wp\/v2\/media?parent=76310"}],"wp:term":[{"taxonomy":"product_brand","embeddable":true,"href":"https:\/\/bodegaoutdoor.cl\/store\/wp-json\/wp\/v2\/product_brand?post=76310"},{"taxonomy":"product_cat","embeddable":true,"href":"https:\/\/bodegaoutdoor.cl\/store\/wp-json\/wp\/v2\/product_cat?post=76310"},{"taxonomy":"product_tag","embeddable":true,"href":"https:\/\/bodegaoutdoor.cl\/store\/wp-json\/wp\/v2\/product_tag?post=76310"}],"curies":[{"name":"wp","href":"https:\/\/api.w.org\/{rel}","templated":true}]}}