{"id":76457,"date":"2023-07-10T12:42:00","date_gmt":"2023-07-10T16:42:00","guid":{"rendered":"https:\/\/bodegaoutdoor.cl\/store\/?post_type=product&#038;p=76457"},"modified":"2023-07-10T13:02:30","modified_gmt":"2023-07-10T17:02:30","slug":"pantalon-montana-softshell-termico-mujer","status":"publish","type":"product","link":"https:\/\/bodegaoutdoor.cl\/store\/product\/pantalon-montana-softshell-termico-mujer\/","title":{"rendered":"Pantal\u00f3n monta\u00f1a Softshell T\u00e9rmico Mujer"},"content":{"rendered":"<div class=\"elementor-element elementor-element-1687182 elementor-widget elementor-widget-woocommerce-product-short-description\" data-id=\"1687182\" data-element_type=\"widget\" data-widget_type=\"woocommerce-product-short-description.default\">\n<div class=\"elementor-widget-container\">\n<div class=\"woocommerce-product-details__short-description\">\n<p>T\u00e9rmico y 80% repelente al agua, lo cual lo hace ideal para uso en la nieve o zonas de temperatura baja<\/p>\n<\/div>\n<\/div>\n<\/div>\n<div class=\"elementor-element elementor-element-ad0dbed elementor-product-price-block-yes elementor-widget elementor-widget-woocommerce-product-price\" data-id=\"ad0dbed\" data-element_type=\"widget\" data-widget_type=\"woocommerce-product-price.default\">\n<div class=\"elementor-widget-container\"><img fetchpriority=\"high\" decoding=\"async\" class=\"alignnone size-medium wp-image-76458\" src=\"https:\/\/bodegaoutdoor.cl\/store\/wp-content\/uploads\/2023\/07\/1-1-1-768x612-1-300x239.jpg\" alt=\"\" width=\"300\" height=\"239\" srcset=\"https:\/\/bodegaoutdoor.cl\/store\/wp-content\/uploads\/2023\/07\/1-1-1-768x612-1-300x239.jpg 300w, https:\/\/bodegaoutdoor.cl\/store\/wp-content\/uploads\/2023\/07\/1-1-1-768x612-1-600x478.jpg 600w, https:\/\/bodegaoutdoor.cl\/store\/wp-content\/uploads\/2023\/07\/1-1-1-768x612-1.jpg 768w\" sizes=\"(max-width: 300px) 100vw, 300px\" \/> <img decoding=\"async\" class=\"alignnone size-medium wp-image-76459\" src=\"https:\/\/bodegaoutdoor.cl\/store\/wp-content\/uploads\/2023\/07\/2-1-3-768x693-1-300x271.jpg\" alt=\"\" width=\"300\" height=\"271\" srcset=\"https:\/\/bodegaoutdoor.cl\/store\/wp-content\/uploads\/2023\/07\/2-1-3-768x693-1-300x271.jpg 300w, https:\/\/bodegaoutdoor.cl\/store\/wp-content\/uploads\/2023\/07\/2-1-3-768x693-1-600x541.jpg 600w, https:\/\/bodegaoutdoor.cl\/store\/wp-content\/uploads\/2023\/07\/2-1-3-768x693-1.jpg 768w\" sizes=\"(max-width: 300px) 100vw, 300px\" \/> <img decoding=\"async\" class=\"alignnone size-medium wp-image-76460\" src=\"https:\/\/bodegaoutdoor.cl\/store\/wp-content\/uploads\/2023\/07\/3-1-1-768x768-1-300x300.jpg\" alt=\"\" width=\"300\" height=\"300\" srcset=\"https:\/\/bodegaoutdoor.cl\/store\/wp-content\/uploads\/2023\/07\/3-1-1-768x768-1-300x300.jpg 300w, https:\/\/bodegaoutdoor.cl\/store\/wp-content\/uploads\/2023\/07\/3-1-1-768x768-1-150x150.jpg 150w, https:\/\/bodegaoutdoor.cl\/store\/wp-content\/uploads\/2023\/07\/3-1-1-768x768-1-600x600.jpg 600w, https:\/\/bodegaoutdoor.cl\/store\/wp-content\/uploads\/2023\/07\/3-1-1-768x768-1-100x100.jpg 100w, https:\/\/bodegaoutdoor.cl\/store\/wp-content\/uploads\/2023\/07\/3-1-1-768x768-1-50x50.jpg 50w, https:\/\/bodegaoutdoor.cl\/store\/wp-content\/uploads\/2023\/07\/3-1-1-768x768-1.jpg 768w\" sizes=\"(max-width: 300px) 100vw, 300px\" \/> <img loading=\"lazy\" decoding=\"async\" class=\"alignnone size-medium wp-image-76461\" src=\"https:\/\/bodegaoutdoor.cl\/store\/wp-content\/uploads\/2023\/07\/AZULM-1-3-768x768-1-300x300.jpg\" alt=\"\" width=\"300\" height=\"300\" srcset=\"https:\/\/bodegaoutdoor.cl\/store\/wp-content\/uploads\/2023\/07\/AZULM-1-3-768x768-1-300x300.jpg 300w, https:\/\/bodegaoutdoor.cl\/store\/wp-content\/uploads\/2023\/07\/AZULM-1-3-768x768-1-150x150.jpg 150w, https:\/\/bodegaoutdoor.cl\/store\/wp-content\/uploads\/2023\/07\/AZULM-1-3-768x768-1-600x600.jpg 600w, https:\/\/bodegaoutdoor.cl\/store\/wp-content\/uploads\/2023\/07\/AZULM-1-3-768x768-1-100x100.jpg 100w, https:\/\/bodegaoutdoor.cl\/store\/wp-content\/uploads\/2023\/07\/AZULM-1-3-768x768-1-50x50.jpg 50w, https:\/\/bodegaoutdoor.cl\/store\/wp-content\/uploads\/2023\/07\/AZULM-1-3-768x768-1.jpg 768w\" sizes=\"(max-width: 300px) 100vw, 300px\" \/> <img loading=\"lazy\" decoding=\"async\" class=\"alignnone size-medium wp-image-76462\" src=\"https:\/\/bodegaoutdoor.cl\/store\/wp-content\/uploads\/2023\/07\/AZULM-2-3-768x768-1-300x300.jpg\" alt=\"\" width=\"300\" height=\"300\" srcset=\"https:\/\/bodegaoutdoor.cl\/store\/wp-content\/uploads\/2023\/07\/AZULM-2-3-768x768-1-300x300.jpg 300w, https:\/\/bodegaoutdoor.cl\/store\/wp-content\/uploads\/2023\/07\/AZULM-2-3-768x768-1-150x150.jpg 150w, https:\/\/bodegaoutdoor.cl\/store\/wp-content\/uploads\/2023\/07\/AZULM-2-3-768x768-1-600x600.jpg 600w, https:\/\/bodegaoutdoor.cl\/store\/wp-content\/uploads\/2023\/07\/AZULM-2-3-768x768-1-100x100.jpg 100w, https:\/\/bodegaoutdoor.cl\/store\/wp-content\/uploads\/2023\/07\/AZULM-2-3-768x768-1-50x50.jpg 50w, https:\/\/bodegaoutdoor.cl\/store\/wp-content\/uploads\/2023\/07\/AZULM-2-3-768x768-1.jpg 768w\" sizes=\"(max-width: 300px) 100vw, 300px\" \/> <img loading=\"lazy\" decoding=\"async\" class=\"alignnone size-medium wp-image-76463\" src=\"https:\/\/bodegaoutdoor.cl\/store\/wp-content\/uploads\/2023\/07\/AZULM-3-3-768x768-1-300x300.jpg\" alt=\"\" width=\"300\" height=\"300\" srcset=\"https:\/\/bodegaoutdoor.cl\/store\/wp-content\/uploads\/2023\/07\/AZULM-3-3-768x768-1-300x300.jpg 300w, https:\/\/bodegaoutdoor.cl\/store\/wp-content\/uploads\/2023\/07\/AZULM-3-3-768x768-1-150x150.jpg 150w, https:\/\/bodegaoutdoor.cl\/store\/wp-content\/uploads\/2023\/07\/AZULM-3-3-768x768-1-600x600.jpg 600w, https:\/\/bodegaoutdoor.cl\/store\/wp-content\/uploads\/2023\/07\/AZULM-3-3-768x768-1-100x100.jpg 100w, https:\/\/bodegaoutdoor.cl\/store\/wp-content\/uploads\/2023\/07\/AZULM-3-3-768x768-1-50x50.jpg 50w, https:\/\/bodegaoutdoor.cl\/store\/wp-content\/uploads\/2023\/07\/AZULM-3-3-768x768-1.jpg 768w\" sizes=\"(max-width: 300px) 100vw, 300px\" \/> <img loading=\"lazy\" decoding=\"async\" class=\"alignnone size-medium wp-image-76464\" src=\"https:\/\/bodegaoutdoor.cl\/store\/wp-content\/uploads\/2023\/07\/GRIS-1-6-300x300.jpg\" alt=\"\" width=\"300\" height=\"300\" srcset=\"https:\/\/bodegaoutdoor.cl\/store\/wp-content\/uploads\/2023\/07\/GRIS-1-6-300x300.jpg 300w, https:\/\/bodegaoutdoor.cl\/store\/wp-content\/uploads\/2023\/07\/GRIS-1-6-1024x1024.jpg 1024w, https:\/\/bodegaoutdoor.cl\/store\/wp-content\/uploads\/2023\/07\/GRIS-1-6-150x150.jpg 150w, https:\/\/bodegaoutdoor.cl\/store\/wp-content\/uploads\/2023\/07\/GRIS-1-6-768x768.jpg 768w, https:\/\/bodegaoutdoor.cl\/store\/wp-content\/uploads\/2023\/07\/GRIS-1-6-600x600.jpg 600w, https:\/\/bodegaoutdoor.cl\/store\/wp-content\/uploads\/2023\/07\/GRIS-1-6-100x100.jpg 100w, https:\/\/bodegaoutdoor.cl\/store\/wp-content\/uploads\/2023\/07\/GRIS-1-6-50x50.jpg 50w, https:\/\/bodegaoutdoor.cl\/store\/wp-content\/uploads\/2023\/07\/GRIS-1-6.jpg 1500w\" sizes=\"(max-width: 300px) 100vw, 300px\" \/> <img loading=\"lazy\" decoding=\"async\" class=\"alignnone size-medium wp-image-76465\" src=\"https:\/\/bodegaoutdoor.cl\/store\/wp-content\/uploads\/2023\/07\/GRIS-2-5-768x768-1-300x300.jpg\" alt=\"\" width=\"300\" height=\"300\" srcset=\"https:\/\/bodegaoutdoor.cl\/store\/wp-content\/uploads\/2023\/07\/GRIS-2-5-768x768-1-300x300.jpg 300w, https:\/\/bodegaoutdoor.cl\/store\/wp-content\/uploads\/2023\/07\/GRIS-2-5-768x768-1-150x150.jpg 150w, https:\/\/bodegaoutdoor.cl\/store\/wp-content\/uploads\/2023\/07\/GRIS-2-5-768x768-1-600x600.jpg 600w, https:\/\/bodegaoutdoor.cl\/store\/wp-content\/uploads\/2023\/07\/GRIS-2-5-768x768-1-100x100.jpg 100w, https:\/\/bodegaoutdoor.cl\/store\/wp-content\/uploads\/2023\/07\/GRIS-2-5-768x768-1-50x50.jpg 50w, https:\/\/bodegaoutdoor.cl\/store\/wp-content\/uploads\/2023\/07\/GRIS-2-5-768x768-1.jpg 768w\" sizes=\"(max-width: 300px) 100vw, 300px\" \/> <img loading=\"lazy\" decoding=\"async\" class=\"alignnone size-medium wp-image-76466\" src=\"https:\/\/bodegaoutdoor.cl\/store\/wp-content\/uploads\/2023\/07\/GRIS-3-5-768x768-1-300x300.jpg\" alt=\"\" width=\"300\" height=\"300\" srcset=\"https:\/\/bodegaoutdoor.cl\/store\/wp-content\/uploads\/2023\/07\/GRIS-3-5-768x768-1-300x300.jpg 300w, https:\/\/bodegaoutdoor.cl\/store\/wp-content\/uploads\/2023\/07\/GRIS-3-5-768x768-1-150x150.jpg 150w, https:\/\/bodegaoutdoor.cl\/store\/wp-content\/uploads\/2023\/07\/GRIS-3-5-768x768-1-600x600.jpg 600w, https:\/\/bodegaoutdoor.cl\/store\/wp-content\/uploads\/2023\/07\/GRIS-3-5-768x768-1-100x100.jpg 100w, https:\/\/bodegaoutdoor.cl\/store\/wp-content\/uploads\/2023\/07\/GRIS-3-5-768x768-1-50x50.jpg 50w, https:\/\/bodegaoutdoor.cl\/store\/wp-content\/uploads\/2023\/07\/GRIS-3-5-768x768-1.jpg 768w\" sizes=\"(max-width: 300px) 100vw, 300px\" \/> <img loading=\"lazy\" decoding=\"async\" class=\"alignnone size-medium wp-image-76467\" src=\"https:\/\/bodegaoutdoor.cl\/store\/wp-content\/uploads\/2023\/07\/KAKI-1-768x768-1-300x300.jpg\" alt=\"\" width=\"300\" height=\"300\" srcset=\"https:\/\/bodegaoutdoor.cl\/store\/wp-content\/uploads\/2023\/07\/KAKI-1-768x768-1-300x300.jpg 300w, https:\/\/bodegaoutdoor.cl\/store\/wp-content\/uploads\/2023\/07\/KAKI-1-768x768-1-150x150.jpg 150w, https:\/\/bodegaoutdoor.cl\/store\/wp-content\/uploads\/2023\/07\/KAKI-1-768x768-1-600x600.jpg 600w, https:\/\/bodegaoutdoor.cl\/store\/wp-content\/uploads\/2023\/07\/KAKI-1-768x768-1-100x100.jpg 100w, https:\/\/bodegaoutdoor.cl\/store\/wp-content\/uploads\/2023\/07\/KAKI-1-768x768-1-50x50.jpg 50w, https:\/\/bodegaoutdoor.cl\/store\/wp-content\/uploads\/2023\/07\/KAKI-1-768x768-1.jpg 768w\" sizes=\"(max-width: 300px) 100vw, 300px\" \/> <img loading=\"lazy\" decoding=\"async\" class=\"alignnone size-medium wp-image-76468\" src=\"https:\/\/bodegaoutdoor.cl\/store\/wp-content\/uploads\/2023\/07\/KAKI-2-768x768-1-300x300.jpg\" alt=\"\" width=\"300\" height=\"300\" srcset=\"https:\/\/bodegaoutdoor.cl\/store\/wp-content\/uploads\/2023\/07\/KAKI-2-768x768-1-300x300.jpg 300w, https:\/\/bodegaoutdoor.cl\/store\/wp-content\/uploads\/2023\/07\/KAKI-2-768x768-1-150x150.jpg 150w, https:\/\/bodegaoutdoor.cl\/store\/wp-content\/uploads\/2023\/07\/KAKI-2-768x768-1-600x600.jpg 600w, https:\/\/bodegaoutdoor.cl\/store\/wp-content\/uploads\/2023\/07\/KAKI-2-768x768-1-100x100.jpg 100w, https:\/\/bodegaoutdoor.cl\/store\/wp-content\/uploads\/2023\/07\/KAKI-2-768x768-1-50x50.jpg 50w, https:\/\/bodegaoutdoor.cl\/store\/wp-content\/uploads\/2023\/07\/KAKI-2-768x768-1.jpg 768w\" sizes=\"(max-width: 300px) 100vw, 300px\" \/> <img loading=\"lazy\" decoding=\"async\" class=\"alignnone size-medium wp-image-76469\" src=\"https:\/\/bodegaoutdoor.cl\/store\/wp-content\/uploads\/2023\/07\/KAKI-3-768x768-1-300x300.jpg\" alt=\"\" width=\"300\" height=\"300\" srcset=\"https:\/\/bodegaoutdoor.cl\/store\/wp-content\/uploads\/2023\/07\/KAKI-3-768x768-1-300x300.jpg 300w, https:\/\/bodegaoutdoor.cl\/store\/wp-content\/uploads\/2023\/07\/KAKI-3-768x768-1-150x150.jpg 150w, https:\/\/bodegaoutdoor.cl\/store\/wp-content\/uploads\/2023\/07\/KAKI-3-768x768-1-600x600.jpg 600w, https:\/\/bodegaoutdoor.cl\/store\/wp-content\/uploads\/2023\/07\/KAKI-3-768x768-1-100x100.jpg 100w, https:\/\/bodegaoutdoor.cl\/store\/wp-content\/uploads\/2023\/07\/KAKI-3-768x768-1-50x50.jpg 50w, https:\/\/bodegaoutdoor.cl\/store\/wp-content\/uploads\/2023\/07\/KAKI-3-768x768-1.jpg 768w\" sizes=\"(max-width: 300px) 100vw, 300px\" \/> <img loading=\"lazy\" decoding=\"async\" class=\"alignnone size-medium wp-image-76470\" src=\"https:\/\/bodegaoutdoor.cl\/store\/wp-content\/uploads\/2023\/07\/NEGRO-1-3-1-768x768-1-300x300.jpg\" alt=\"\" width=\"300\" height=\"300\" srcset=\"https:\/\/bodegaoutdoor.cl\/store\/wp-content\/uploads\/2023\/07\/NEGRO-1-3-1-768x768-1-300x300.jpg 300w, https:\/\/bodegaoutdoor.cl\/store\/wp-content\/uploads\/2023\/07\/NEGRO-1-3-1-768x768-1-150x150.jpg 150w, https:\/\/bodegaoutdoor.cl\/store\/wp-content\/uploads\/2023\/07\/NEGRO-1-3-1-768x768-1-600x600.jpg 600w, https:\/\/bodegaoutdoor.cl\/store\/wp-content\/uploads\/2023\/07\/NEGRO-1-3-1-768x768-1-100x100.jpg 100w, https:\/\/bodegaoutdoor.cl\/store\/wp-content\/uploads\/2023\/07\/NEGRO-1-3-1-768x768-1-50x50.jpg 50w, https:\/\/bodegaoutdoor.cl\/store\/wp-content\/uploads\/2023\/07\/NEGRO-1-3-1-768x768-1.jpg 768w\" sizes=\"(max-width: 300px) 100vw, 300px\" \/> <img loading=\"lazy\" decoding=\"async\" class=\"alignnone size-medium wp-image-76471\" src=\"https:\/\/bodegaoutdoor.cl\/store\/wp-content\/uploads\/2023\/07\/NEGRO-2-3-2-768x768-1-300x300.jpg\" alt=\"\" width=\"300\" height=\"300\" srcset=\"https:\/\/bodegaoutdoor.cl\/store\/wp-content\/uploads\/2023\/07\/NEGRO-2-3-2-768x768-1-300x300.jpg 300w, https:\/\/bodegaoutdoor.cl\/store\/wp-content\/uploads\/2023\/07\/NEGRO-2-3-2-768x768-1-150x150.jpg 150w, https:\/\/bodegaoutdoor.cl\/store\/wp-content\/uploads\/2023\/07\/NEGRO-2-3-2-768x768-1-600x600.jpg 600w, https:\/\/bodegaoutdoor.cl\/store\/wp-content\/uploads\/2023\/07\/NEGRO-2-3-2-768x768-1-100x100.jpg 100w, https:\/\/bodegaoutdoor.cl\/store\/wp-content\/uploads\/2023\/07\/NEGRO-2-3-2-768x768-1-50x50.jpg 50w, https:\/\/bodegaoutdoor.cl\/store\/wp-content\/uploads\/2023\/07\/NEGRO-2-3-2-768x768-1.jpg 768w\" sizes=\"(max-width: 300px) 100vw, 300px\" \/> <img loading=\"lazy\" decoding=\"async\" class=\"alignnone size-medium wp-image-76472\" src=\"https:\/\/bodegaoutdoor.cl\/store\/wp-content\/uploads\/2023\/07\/NEGRO-3-3-1-768x768-1-300x300.jpg\" alt=\"\" width=\"300\" height=\"300\" srcset=\"https:\/\/bodegaoutdoor.cl\/store\/wp-content\/uploads\/2023\/07\/NEGRO-3-3-1-768x768-1-300x300.jpg 300w, https:\/\/bodegaoutdoor.cl\/store\/wp-content\/uploads\/2023\/07\/NEGRO-3-3-1-768x768-1-150x150.jpg 150w, https:\/\/bodegaoutdoor.cl\/store\/wp-content\/uploads\/2023\/07\/NEGRO-3-3-1-768x768-1-600x600.jpg 600w, https:\/\/bodegaoutdoor.cl\/store\/wp-content\/uploads\/2023\/07\/NEGRO-3-3-1-768x768-1-100x100.jpg 100w, https:\/\/bodegaoutdoor.cl\/store\/wp-content\/uploads\/2023\/07\/NEGRO-3-3-1-768x768-1-50x50.jpg 50w, https:\/\/bodegaoutdoor.cl\/store\/wp-content\/uploads\/2023\/07\/NEGRO-3-3-1-768x768-1.jpg 768w\" sizes=\"(max-width: 300px) 100vw, 300px\" \/> <img loading=\"lazy\" decoding=\"async\" class=\"alignnone wp-image-76473 size-large\" src=\"https:\/\/bodegaoutdoor.cl\/store\/wp-content\/uploads\/2023\/07\/tallas-1-1024x777.jpg\" alt=\"\" width=\"800\" height=\"607\" srcset=\"https:\/\/bodegaoutdoor.cl\/store\/wp-content\/uploads\/2023\/07\/tallas-1-1024x777.jpg 1024w, https:\/\/bodegaoutdoor.cl\/store\/wp-content\/uploads\/2023\/07\/tallas-1-300x228.jpg 300w, https:\/\/bodegaoutdoor.cl\/store\/wp-content\/uploads\/2023\/07\/tallas-1-768x582.jpg 768w, https:\/\/bodegaoutdoor.cl\/store\/wp-content\/uploads\/2023\/07\/tallas-1-600x455.jpg 600w, https:\/\/bodegaoutdoor.cl\/store\/wp-content\/uploads\/2023\/07\/tallas-1.bmp 1275w\" sizes=\"(max-width: 800px) 100vw, 800px\" \/><\/div>\n<\/div>\n\n    <div class=\"xs_social_share_widget xs_share_url after_content \t\tmain_content  wslu-style-1 wslu-share-box-shaped wslu-fill-colored wslu-none wslu-share-horizontal wslu-theme-font-no wslu-main_content\">\n\n\t\t\n        <ul>\n\t\t\t        <\/ul>\n    <\/div> \n","protected":false},"excerpt":{"rendered":"<p>T\u00e9rmico y 80% repelente al agua, lo cual lo hace ideal para uso en la nieve o zonas de temperatura baja<\/p>\n","protected":false},"featured_media":76471,"comment_status":"open","ping_status":"closed","template":"","meta":{"jetpack_publicize_message":"","jetpack_publicize_feature_enabled":true,"jetpack_social_post_already_shared":true,"jetpack_social_options":{"image_generator_settings":{"template":"highway","enabled":false},"version":2}},"product_brand":[],"product_cat":[15,303,63],"product_tag":[1486,481,2558,827,828],"class_list":{"0":"post-76457","1":"product","2":"type-product","3":"status-publish","4":"has-post-thumbnail","6":"product_cat-otros","7":"product_cat-pantalon-mujer","8":"product_cat-vestuario-mujer","9":"product_tag-montana","10":"product_tag-outdoor","11":"product_tag-pantalon","12":"product_tag-softshell","13":"product_tag-termico","15":"first","16":"instock","17":"sale","18":"taxable","19":"shipping-taxable","20":"product-type-variable"},"jetpack_publicize_connections":[],"jetpack_sharing_enabled":true,"_links":{"self":[{"href":"https:\/\/bodegaoutdoor.cl\/store\/wp-json\/wp\/v2\/product\/76457","targetHints":{"allow":["GET"]}}],"collection":[{"href":"https:\/\/bodegaoutdoor.cl\/store\/wp-json\/wp\/v2\/product"}],"about":[{"href":"https:\/\/bodegaoutdoor.cl\/store\/wp-json\/wp\/v2\/types\/product"}],"replies":[{"embeddable":true,"href":"https:\/\/bodegaoutdoor.cl\/store\/wp-json\/wp\/v2\/comments?post=76457"}],"version-history":[{"count":3,"href":"https:\/\/bodegaoutdoor.cl\/store\/wp-json\/wp\/v2\/product\/76457\/revisions"}],"predecessor-version":[{"id":76496,"href":"https:\/\/bodegaoutdoor.cl\/store\/wp-json\/wp\/v2\/product\/76457\/revisions\/76496"}],"wp:featuredmedia":[{"embeddable":true,"href":"https:\/\/bodegaoutdoor.cl\/store\/wp-json\/wp\/v2\/media\/76471"}],"wp:attachment":[{"href":"https:\/\/bodegaoutdoor.cl\/store\/wp-json\/wp\/v2\/media?parent=76457"}],"wp:term":[{"taxonomy":"product_brand","embeddable":true,"href":"https:\/\/bodegaoutdoor.cl\/store\/wp-json\/wp\/v2\/product_brand?post=76457"},{"taxonomy":"product_cat","embeddable":true,"href":"https:\/\/bodegaoutdoor.cl\/store\/wp-json\/wp\/v2\/product_cat?post=76457"},{"taxonomy":"product_tag","embeddable":true,"href":"https:\/\/bodegaoutdoor.cl\/store\/wp-json\/wp\/v2\/product_tag?post=76457"}],"curies":[{"name":"wp","href":"https:\/\/api.w.org\/{rel}","templated":true}]}}