{"id":7653,"date":"2020-07-23T02:39:49","date_gmt":"2020-07-23T02:39:49","guid":{"rendered":"https:\/\/bodegaoutdoor.cl\/store\/product\/refire-gear-de-combate-del-ejercito-de-camuflaje-de-verano-para-hombres-camisa-polo-tactico-militar-de-la-fuerza-de-los-ee-uu-camisa-polo-de-manga-de-pantalon-de-camuflaje-airsoft\/"},"modified":"2023-05-04T19:19:35","modified_gmt":"2023-05-04T23:19:35","slug":"refire-gear-de-combate-del-ejercito-de-camuflaje-de-verano-para-hombres-camisa-polo-tactico-militar-de-la-fuerza-de-los-ee-uu-camisa-polo-de-manga-de-pantalon-de-camuflaje-airsoft","status":"publish","type":"product","link":"https:\/\/bodegaoutdoor.cl\/store\/product\/refire-gear-de-combate-del-ejercito-de-camuflaje-de-verano-para-hombres-camisa-polo-tactico-militar-de-la-fuerza-de-los-ee-uu-camisa-polo-de-manga-de-pantalon-de-camuflaje-airsoft\/","title":{"rendered":"Camisa Polo t\u00e1ctico militar de la fuerza de los EE. UU. camuflaje Airsoft"},"content":{"rendered":"<p style=\"text-align: center;\">\n<div><span style=\"font-size: 18.0px;\"><span style=\"font-family: tahoma , geneva , sans-serif;\">camisa Polo t\u00e1ctico militar de la fuerza de los EE. UU., camisa Polo de manga de pantal\u00f3n de camuflaje Airsoft<\/span><\/span><\/div>\n<div><span style=\"font-family: tahoma , geneva , sans-serif;\"><span style=\"font-size: 16.0px;\">Material: POLI\u00c9STER + Spandex<\/span><\/span><\/div>\n<div><span style=\"font-family: tahoma , geneva , sans-serif;\"><span style=\"font-size: 16.0px;\">Caracter\u00edsticas: t\u00e1ctico, el\u00e1stico, Delgado, culturismo, resistente al viento, transpirable, t\u00e9rmico, camuflaje, Multicam&#8230;<\/span><\/span><\/div>\n<div><span style=\"font-family: tahoma , geneva , sans-serif;\"><span style=\"font-size: 16.0px;\">Para: Casual, ej\u00e9rcito, combate, t\u00e1ctico, Paintball, Airsoft, moda, uso diario&#8230;<\/span><\/span><\/div>\n<div><span style=\"font-family: tahoma , geneva , sans-serif;\"><span style=\"font-size: 16.0px;\">Color: CP, ACU, atacs-fg, ATACS, desierto<\/span><\/span><\/div>\n<div><span style=\"font-family: tahoma , geneva , sans-serif;\"><span style=\"font-size: 16.0px;\">PD: cinco colores de camuflaje, apto para todas las condiciones, solo elige tu gusto.<\/span><\/span><\/div>\n<p style=\"text-align: center;\"><img decoding=\"async\" title=\"ReFire Gear de combate del ej\u00e9rcito de camuflaje de verano para hombres, camisa Polo t\u00e1ctico militar de la fuerza de los EE. UU., camisa Polo de manga de pantal\u00f3n de camuflaje Airsoft\" src=\"https:\/\/bodegaoutdoor.cl\/store\/wp-content\/uploads\/2020\/07\/7653-llyxiu.jpg\" alt=\"ReFire Gear de combate del ej\u00e9rcito de camuflaje de verano para hombres, camisa Polo t\u00e1ctico militar de la fuerza de los EE. UU., camisa Polo de manga de pantal\u00f3n de camuflaje Airsoft\" \/><\/p>\n<div style=\"font-size: 13.0px; color: #000000; margin: 0.0px; padding: 0.0px; border: 0.0px; font-family: arial , sans-serif , verdana; text-align: center;\">\n<p><img decoding=\"async\" title=\"ReFire Gear de combate del ej\u00e9rcito de camuflaje de verano para hombres, camisa Polo t\u00e1ctico militar de la fuerza de los EE. UU., camisa Polo de manga de pantal\u00f3n de camuflaje Airsoft\" src=\"https:\/\/bodegaoutdoor.cl\/store\/wp-content\/uploads\/2020\/07\/7653-sqrvwo.jpg\" alt=\"ReFire Gear de combate del ej\u00e9rcito de camuflaje de verano para hombres, camisa Polo t\u00e1ctico militar de la fuerza de los EE. UU., camisa Polo de manga de pantal\u00f3n de camuflaje Airsoft\" \/><br \/>\n<img decoding=\"async\" title=\"ReFire Gear de combate del ej\u00e9rcito de camuflaje de verano para hombres, camisa Polo t\u00e1ctico militar de la fuerza de los EE. UU., camisa Polo de manga de pantal\u00f3n de camuflaje Airsoft\" src=\"https:\/\/bodegaoutdoor.cl\/store\/wp-content\/uploads\/2020\/07\/7653-3whavi.jpg\" alt=\"ReFire Gear de combate del ej\u00e9rcito de camuflaje de verano para hombres, camisa Polo t\u00e1ctico militar de la fuerza de los EE. UU., camisa Polo de manga de pantal\u00f3n de camuflaje Airsoft\" \/><br \/>\n<img decoding=\"async\" title=\"ReFire Gear de combate del ej\u00e9rcito de camuflaje de verano para hombres, camisa Polo t\u00e1ctico militar de la fuerza de los EE. UU., camisa Polo de manga de pantal\u00f3n de camuflaje Airsoft\" src=\"https:\/\/bodegaoutdoor.cl\/store\/wp-content\/uploads\/2020\/07\/7653-pemfmj.jpg\" alt=\"ReFire Gear de combate del ej\u00e9rcito de camuflaje de verano para hombres, camisa Polo t\u00e1ctico militar de la fuerza de los EE. UU., camisa Polo de manga de pantal\u00f3n de camuflaje Airsoft\" \/><br \/>\n<img decoding=\"async\" title=\"ReFire Gear de combate del ej\u00e9rcito de camuflaje de verano para hombres, camisa Polo t\u00e1ctico militar de la fuerza de los EE. UU., camisa Polo de manga de pantal\u00f3n de camuflaje Airsoft\" src=\"https:\/\/bodegaoutdoor.cl\/store\/wp-content\/uploads\/2020\/07\/7653-qn7sfv.jpg\" alt=\"ReFire Gear de combate del ej\u00e9rcito de camuflaje de verano para hombres, camisa Polo t\u00e1ctico militar de la fuerza de los EE. UU., camisa Polo de manga de pantal\u00f3n de camuflaje Airsoft\" \/><br \/>\n<img decoding=\"async\" title=\"ReFire Gear de combate del ej\u00e9rcito de camuflaje de verano para hombres, camisa Polo t\u00e1ctico militar de la fuerza de los EE. UU., camisa Polo de manga de pantal\u00f3n de camuflaje Airsoft\" src=\"https:\/\/bodegaoutdoor.cl\/store\/wp-content\/uploads\/2020\/07\/7653-gtnck9.jpg\" alt=\"ReFire Gear de combate del ej\u00e9rcito de camuflaje de verano para hombres, camisa Polo t\u00e1ctico militar de la fuerza de los EE. UU., camisa Polo de manga de pantal\u00f3n de camuflaje Airsoft\" \/><br \/>\n<img decoding=\"async\" title=\"ReFire Gear de combate del ej\u00e9rcito de camuflaje de verano para hombres, camisa Polo t\u00e1ctico militar de la fuerza de los EE. UU., camisa Polo de manga de pantal\u00f3n de camuflaje Airsoft\" src=\"https:\/\/bodegaoutdoor.cl\/store\/wp-content\/uploads\/2020\/07\/7653-dgv1sv.jpg\" alt=\"ReFire Gear de combate del ej\u00e9rcito de camuflaje de verano para hombres, camisa Polo t\u00e1ctico militar de la fuerza de los EE. UU., camisa Polo de manga de pantal\u00f3n de camuflaje Airsoft\" \/><br \/>\n<img decoding=\"async\" title=\"ReFire Gear de combate del ej\u00e9rcito de camuflaje de verano para hombres, camisa Polo t\u00e1ctico militar de la fuerza de los EE. UU., camisa Polo de manga de pantal\u00f3n de camuflaje Airsoft\" src=\"https:\/\/bodegaoutdoor.cl\/store\/wp-content\/uploads\/2020\/07\/7653-f7oakp.jpg\" alt=\"ReFire Gear de combate del ej\u00e9rcito de camuflaje de verano para hombres, camisa Polo t\u00e1ctico militar de la fuerza de los EE. UU., camisa Polo de manga de pantal\u00f3n de camuflaje Airsoft\" \/><br \/>\n<img decoding=\"async\" title=\"ReFire Gear de combate del ej\u00e9rcito de camuflaje de verano para hombres, camisa Polo t\u00e1ctico militar de la fuerza de los EE. UU., camisa Polo de manga de pantal\u00f3n de camuflaje Airsoft\" src=\"https:\/\/bodegaoutdoor.cl\/store\/wp-content\/uploads\/2020\/07\/7653-s5hb1w.jpg\" alt=\"ReFire Gear de combate del ej\u00e9rcito de camuflaje de verano para hombres, camisa Polo t\u00e1ctico militar de la fuerza de los EE. UU., camisa Polo de manga de pantal\u00f3n de camuflaje Airsoft\" \/><br \/>\n<img decoding=\"async\" title=\"ReFire Gear de combate del ej\u00e9rcito de camuflaje de verano para hombres, camisa Polo t\u00e1ctico militar de la fuerza de los EE. UU., camisa Polo de manga de pantal\u00f3n de camuflaje Airsoft\" src=\"https:\/\/bodegaoutdoor.cl\/store\/wp-content\/uploads\/2020\/07\/7653-klydyn.jpg\" alt=\"ReFire Gear de combate del ej\u00e9rcito de camuflaje de verano para hombres, camisa Polo t\u00e1ctico militar de la fuerza de los EE. UU., camisa Polo de manga de pantal\u00f3n de camuflaje Airsoft\" \/><br \/>\n<img decoding=\"async\" title=\"ReFire Gear de combate del ej\u00e9rcito de camuflaje de verano para hombres, camisa Polo t\u00e1ctico militar de la fuerza de los EE. UU., camisa Polo de manga de pantal\u00f3n de camuflaje Airsoft\" src=\"https:\/\/bodegaoutdoor.cl\/store\/wp-content\/uploads\/2020\/07\/7653-v4vhmb.jpg\" alt=\"ReFire Gear de combate del ej\u00e9rcito de camuflaje de verano para hombres, camisa Polo t\u00e1ctico militar de la fuerza de los EE. UU., camisa Polo de manga de pantal\u00f3n de camuflaje Airsoft\" \/><\/p>\n<\/div>\n<div style=\"font-size: 13.0px; color: #000000; margin: 0.0px; padding: 0.0px; border: 0.0px; font-family: arial , sans-serif , verdana; text-align: center;\"><img decoding=\"async\" title=\"ReFire Gear de combate del ej\u00e9rcito de camuflaje de verano para hombres, camisa Polo t\u00e1ctico militar de la fuerza de los EE. UU., camisa Polo de manga de pantal\u00f3n de camuflaje Airsoft\" src=\"https:\/\/bodegaoutdoor.cl\/store\/wp-content\/uploads\/2020\/07\/7653-tfq6yj.jpg\" alt=\"ReFire Gear de combate del ej\u00e9rcito de camuflaje de verano para hombres, camisa Polo t\u00e1ctico militar de la fuerza de los EE. UU., camisa Polo de manga de pantal\u00f3n de camuflaje Airsoft\" \/><br \/>\n<img decoding=\"async\" title=\"ReFire Gear de combate del ej\u00e9rcito de camuflaje de verano para hombres, camisa Polo t\u00e1ctico militar de la fuerza de los EE. UU., camisa Polo de manga de pantal\u00f3n de camuflaje Airsoft\" src=\"https:\/\/bodegaoutdoor.cl\/store\/wp-content\/uploads\/2020\/07\/7653-lhpolb.jpg\" alt=\"ReFire Gear de combate del ej\u00e9rcito de camuflaje de verano para hombres, camisa Polo t\u00e1ctico militar de la fuerza de los EE. UU., camisa Polo de manga de pantal\u00f3n de camuflaje Airsoft\" \/><br \/>\n<img decoding=\"async\" title=\"ReFire Gear de combate del ej\u00e9rcito de camuflaje de verano para hombres, camisa Polo t\u00e1ctico militar de la fuerza de los EE. UU., camisa Polo de manga de pantal\u00f3n de camuflaje Airsoft\" src=\"https:\/\/bodegaoutdoor.cl\/store\/wp-content\/uploads\/2020\/07\/7653-3r94jy.jpg\" alt=\"ReFire Gear de combate del ej\u00e9rcito de camuflaje de verano para hombres, camisa Polo t\u00e1ctico militar de la fuerza de los EE. UU., camisa Polo de manga de pantal\u00f3n de camuflaje Airsoft\" \/><br \/>\n<img decoding=\"async\" title=\"ReFire Gear de combate del ej\u00e9rcito de camuflaje de verano para hombres, camisa Polo t\u00e1ctico militar de la fuerza de los EE. UU., camisa Polo de manga de pantal\u00f3n de camuflaje Airsoft\" src=\"https:\/\/bodegaoutdoor.cl\/store\/wp-content\/uploads\/2020\/07\/7653-xx7ukn.jpg\" alt=\"ReFire Gear de combate del ej\u00e9rcito de camuflaje de verano para hombres, camisa Polo t\u00e1ctico militar de la fuerza de los EE. UU., camisa Polo de manga de pantal\u00f3n de camuflaje Airsoft\" \/><\/div>\n<div style=\"font-size: 13.0px; color: #000000; margin: 0.0px; padding: 0.0px; border: 0.0px; font-family: arial , sans-serif , verdana; text-align: center;\"><img decoding=\"async\" title=\"ReFire Gear de combate del ej\u00e9rcito de camuflaje de verano para hombres, camisa Polo t\u00e1ctico militar de la fuerza de los EE. UU., camisa Polo de manga de pantal\u00f3n de camuflaje Airsoft\" src=\"https:\/\/bodegaoutdoor.cl\/store\/wp-content\/uploads\/2020\/07\/7653-3tfqcs.jpg\" alt=\"ReFire Gear de combate del ej\u00e9rcito de camuflaje de verano para hombres, camisa Polo t\u00e1ctico militar de la fuerza de los EE. UU., camisa Polo de manga de pantal\u00f3n de camuflaje Airsoft\" \/><br \/>\n<img decoding=\"async\" title=\"ReFire Gear de combate del ej\u00e9rcito de camuflaje de verano para hombres, camisa Polo t\u00e1ctico militar de la fuerza de los EE. UU., camisa Polo de manga de pantal\u00f3n de camuflaje Airsoft\" src=\"https:\/\/bodegaoutdoor.cl\/store\/wp-content\/uploads\/2020\/07\/7653-bjl1is.jpg\" alt=\"ReFire Gear de combate del ej\u00e9rcito de camuflaje de verano para hombres, camisa Polo t\u00e1ctico militar de la fuerza de los EE. UU., camisa Polo de manga de pantal\u00f3n de camuflaje Airsoft\" \/><br \/>\n<img decoding=\"async\" title=\"ReFire Gear de combate del ej\u00e9rcito de camuflaje de verano para hombres, camisa Polo t\u00e1ctico militar de la fuerza de los EE. UU., camisa Polo de manga de pantal\u00f3n de camuflaje Airsoft\" src=\"https:\/\/bodegaoutdoor.cl\/store\/wp-content\/uploads\/2020\/07\/7653-rqeq3l.jpg\" alt=\"ReFire Gear de combate del ej\u00e9rcito de camuflaje de verano para hombres, camisa Polo t\u00e1ctico militar de la fuerza de los EE. UU., camisa Polo de manga de pantal\u00f3n de camuflaje Airsoft\" \/><br \/>\n<img decoding=\"async\" title=\"ReFire Gear de combate del ej\u00e9rcito de camuflaje de verano para hombres, camisa Polo t\u00e1ctico militar de la fuerza de los EE. UU., camisa Polo de manga de pantal\u00f3n de camuflaje Airsoft\" src=\"https:\/\/bodegaoutdoor.cl\/store\/wp-content\/uploads\/2020\/07\/7653-bgg8cn.jpg\" alt=\"ReFire Gear de combate del ej\u00e9rcito de camuflaje de verano para hombres, camisa Polo t\u00e1ctico militar de la fuerza de los EE. UU., camisa Polo de manga de pantal\u00f3n de camuflaje Airsoft\" \/><br \/>\n<img decoding=\"async\" title=\"ReFire Gear de combate del ej\u00e9rcito de camuflaje de verano para hombres, camisa Polo t\u00e1ctico militar de la fuerza de los EE. UU., camisa Polo de manga de pantal\u00f3n de camuflaje Airsoft\" src=\"https:\/\/bodegaoutdoor.cl\/store\/wp-content\/uploads\/2020\/07\/7653-jzccd5.jpg\" alt=\"ReFire Gear de combate del ej\u00e9rcito de camuflaje de verano para hombres, camisa Polo t\u00e1ctico militar de la fuerza de los EE. UU., camisa Polo de manga de pantal\u00f3n de camuflaje Airsoft\" \/><br \/>\n<img decoding=\"async\" title=\"ReFire Gear de combate del ej\u00e9rcito de camuflaje de verano para hombres, camisa Polo t\u00e1ctico militar de la fuerza de los EE. UU., camisa Polo de manga de pantal\u00f3n de camuflaje Airsoft\" src=\"https:\/\/bodegaoutdoor.cl\/store\/wp-content\/uploads\/2020\/07\/7653-cktuiz.jpg\" alt=\"ReFire Gear de combate del ej\u00e9rcito de camuflaje de verano para hombres, camisa Polo t\u00e1ctico militar de la fuerza de los EE. UU., camisa Polo de manga de pantal\u00f3n de camuflaje Airsoft\" \/><\/div>\n<div style=\"margin: 0.0px; padding: 0.0px; border: 0.0px; font-family: arial , sans-serif , verdana; font-size: 13.0px; line-height: inherit; vertical-align: baseline; color: #000000; text-align: center;\"><\/div>\n<p style=\"text-align: center;\"><span style=\"font-family: trebuchet ms , helvetica , sans-serif;\"><span style=\"font-size: 18.0px;\"><span style=\"margin: 0.0px; padding: 0.0px; border: 0.0px; font-style: inherit; font-weight: inherit; line-height: inherit; vertical-align: baseline;\"><span style=\"margin: 0.0px; padding: 0.0px; border: 0.0px; font-style: inherit; font-weight: inherit; line-height: 30.0px; vertical-align: baseline; color: #7030a0;\"><img decoding=\"async\" title=\"ReFire Gear de combate del ej\u00e9rcito de camuflaje de verano para hombres, camisa Polo t\u00e1ctico militar de la fuerza de los EE. UU., camisa Polo de manga de pantal\u00f3n de camuflaje Airsoft\" src=\"https:\/\/bodegaoutdoor.cl\/store\/wp-content\/uploads\/2020\/07\/7653-4pktfw.jpg\" alt=\"ReFire Gear de combate del ej\u00e9rcito de camuflaje de verano para hombres, camisa Polo t\u00e1ctico militar de la fuerza de los EE. UU., camisa Polo de manga de pantal\u00f3n de camuflaje Airsoft\" \/><\/span><\/span><\/span><\/span><\/p>\n<div style=\"text-align: center;\"><img decoding=\"async\" title=\"ReFire Gear de combate del ej\u00e9rcito de camuflaje de verano para hombres, camisa Polo t\u00e1ctico militar de la fuerza de los EE. UU., camisa Polo de manga de pantal\u00f3n de camuflaje Airsoft\" src=\"https:\/\/bodegaoutdoor.cl\/store\/wp-content\/uploads\/2020\/07\/7653-bw9rsn.jpg\" alt=\"ReFire Gear de combate del ej\u00e9rcito de camuflaje de verano para hombres, camisa Polo t\u00e1ctico militar de la fuerza de los EE. UU., camisa Polo de manga de pantal\u00f3n de camuflaje Airsoft\" \/><\/div>\n<div style=\"margin: 0.0px; padding: 0.0px; border: 0.0px; font-size: 13.0px; line-height: 16.9px; font-family: arial , helvetica , sans-serif; vertical-align: baseline; color: #000000;\"><span style=\"font-size: 16.0px;\"><span style=\"margin: 0.0px; padding: 0.0px; border: 0.0px; font-style: inherit; font-weight: inherit; line-height: inherit; font-family: sans-serif; vertical-align: baseline;\"><span style=\"margin: 0.0px; padding: 0.0px; border: 0.0px; font-style: inherit; font-weight: bold; line-height: inherit; vertical-align: baseline;\"><span style=\"margin: 0.0px; padding: 0.0px; border: 0.0px; font-style: inherit; font-weight: inherit; line-height: inherit; vertical-align: baseline;\">Pago:<\/span><\/span><\/span><\/span><\/div>\n<div><span style=\"font-size: 16.0px;\"><span style=\"font-family: courier new , courier;\">1. Antes de realizar tu pedido, confirma los detalles con nosotros si tienes alguna petici\u00f3n sobre los art\u00edculos.<\/span><\/span><\/div>\n<div><span style=\"font-size: 16.0px;\"><span style=\"font-family: courier new , courier;\">2. Normalmente, aceptamos el pago por ESCROW. Si quieres pagar de otra manera, cont\u00e1ctanos.<\/span><\/span><\/div>\n<div><span style=\"font-size: 16.0px;\"><span style=\"font-family: courier new , courier;\">3. Aceptamos drop shiping y al por mayor, bienvenido a contactarnos para trabajar.<\/span><\/span><\/div>\n<div style=\"margin: 0.0px; padding: 0.0px; border: 0.0px; font-size: 13.0px; line-height: 16.9px; font-family: arial , helvetica , sans-serif; vertical-align: baseline; color: #000000;\"><span style=\"margin: 0.0px; padding: 0.0px; border: 0.0px; font-style: inherit; font-weight: bold; font-size: inherit; line-height: inherit; vertical-align: baseline;\"><span style=\"margin: 0.0px; padding: 0.0px; border: 0.0px; font-style: inherit; font-weight: inherit; font-size: 16.0px; line-height: inherit; vertical-align: baseline;\"><span style=\"margin: 0.0px; padding: 0.0px; border: 0.0px; font-style: inherit; font-weight: inherit; font-size: inherit; line-height: inherit; font-family: sans-serif; vertical-align: baseline;\">Env\u00edo:<\/span><\/span><\/span><\/div>\n<div><span style=\"font-size: 16.0px;\"><span style=\"font-family: courier new , courier;\">1. Tiempo de preparaci\u00f3n: necesitamos de 3 a 5 d\u00edas h\u00e1biles para preparar su pedido de acuerdo con nuestros numerosos pedidos cada d\u00eda.<\/span><\/span><\/div>\n<div><span style=\"font-size: 16.0px;\"><span style=\"font-family: courier new , courier;\">2. Comprueba dos veces tu direcci\u00f3n al escribir en la orden, si quieres cambiar la direcci\u00f3n, observa la nueva direcci\u00f3n antes de enviar el pedido.<\/span><\/span><\/div>\n<div><span style=\"font-size: 16.0px;\"><span style=\"font-family: courier new , courier;\">3. Sobre los derechos de aduana<\/span><\/span><\/div>\n<div><span style=\"font-size: 16.0px;\"><span style=\"font-family: courier new , courier;\">En consideraci\u00f3n al beneficio de nuestros clientes, estamos obligados a enviar su pedido por correo regular. Por favor, entienda, sin embargo, que los aranceles aduaneros est\u00e1n fuera de nuestro control. No podemos garantizarte que no haya impuestos y no nos haremos cargo de los impuestos.<\/span><\/span><\/div>\n<div><span style=\"font-size: 16.0px;\"><span style=\"font-family: courier new , courier;\">\u00a0<\/span><\/span><\/div>\n<div><span style=\"font-size: 16.0px;\"><span style=\"font-family: courier new , courier;\">\u00a0<\/span><\/span><\/div>\n<div style=\"margin: 0.0px; padding: 0.0px; border: 0.0px; font-size: 13.0px; line-height: 16.9px; font-family: arial , helvetica , sans-serif; vertical-align: baseline; color: #000000;\"><\/div>\n\n    <div class=\"xs_social_share_widget xs_share_url after_content \t\tmain_content  wslu-style-1 wslu-share-box-shaped wslu-fill-colored wslu-none wslu-share-horizontal wslu-theme-font-no wslu-main_content\">\n\n\t\t\n        <ul>\n\t\t\t        <\/ul>\n    <\/div> \n","protected":false},"excerpt":{"rendered":"<p>camisa Polo t\u00e1ctico militar de la fuerza de los EE. UU., camisa Polo de manga de pantal\u00f3n de camuflaje Airsoft Material: POLI\u00c9STER + Spandex Caracter\u00edsticas: t\u00e1ctico, el\u00e1stico, Delgado, culturismo, resistente al viento, transpirable, t\u00e9rmico, camuflaje, Multicam&#8230; Para: Casual, ej\u00e9rcito, combate, t\u00e1ctico, Paintball, Airsoft, moda, uso diario&#8230; Color: CP, ACU, atacs-fg, ATACS, desierto PD: cinco colores [&hellip;]<\/p>\n","protected":false},"featured_media":7717,"comment_status":"open","ping_status":"closed","template":"","meta":{"jetpack_publicize_message":"","jetpack_publicize_feature_enabled":true,"jetpack_social_post_already_shared":true,"jetpack_social_options":{"image_generator_settings":{"template":"highway","enabled":false},"version":2}},"product_brand":[],"product_cat":[487,71,62],"product_tag":[],"class_list":{"0":"post-7653","1":"product","2":"type-product","3":"status-publish","4":"has-post-thumbnail","6":"product_cat-airsoft","7":"product_cat-hombre-primera","8":"product_cat-vestuario-hombre","10":"first","11":"instock","12":"sale","13":"taxable","14":"shipping-taxable","15":"purchasable","16":"product-type-variable"},"jetpack_publicize_connections":[],"jetpack_sharing_enabled":true,"_links":{"self":[{"href":"https:\/\/bodegaoutdoor.cl\/store\/wp-json\/wp\/v2\/product\/7653","targetHints":{"allow":["GET"]}}],"collection":[{"href":"https:\/\/bodegaoutdoor.cl\/store\/wp-json\/wp\/v2\/product"}],"about":[{"href":"https:\/\/bodegaoutdoor.cl\/store\/wp-json\/wp\/v2\/types\/product"}],"replies":[{"embeddable":true,"href":"https:\/\/bodegaoutdoor.cl\/store\/wp-json\/wp\/v2\/comments?post=7653"}],"version-history":[{"count":2,"href":"https:\/\/bodegaoutdoor.cl\/store\/wp-json\/wp\/v2\/product\/7653\/revisions"}],"predecessor-version":[{"id":71326,"href":"https:\/\/bodegaoutdoor.cl\/store\/wp-json\/wp\/v2\/product\/7653\/revisions\/71326"}],"wp:featuredmedia":[{"embeddable":true,"href":"https:\/\/bodegaoutdoor.cl\/store\/wp-json\/wp\/v2\/media\/7717"}],"wp:attachment":[{"href":"https:\/\/bodegaoutdoor.cl\/store\/wp-json\/wp\/v2\/media?parent=7653"}],"wp:term":[{"taxonomy":"product_brand","embeddable":true,"href":"https:\/\/bodegaoutdoor.cl\/store\/wp-json\/wp\/v2\/product_brand?post=7653"},{"taxonomy":"product_cat","embeddable":true,"href":"https:\/\/bodegaoutdoor.cl\/store\/wp-json\/wp\/v2\/product_cat?post=7653"},{"taxonomy":"product_tag","embeddable":true,"href":"https:\/\/bodegaoutdoor.cl\/store\/wp-json\/wp\/v2\/product_tag?post=7653"}],"curies":[{"name":"wp","href":"https:\/\/api.w.org\/{rel}","templated":true}]}}