{"id":7679,"date":"2020-07-23T02:39:59","date_gmt":"2020-07-23T02:39:59","guid":{"rendered":"https:\/\/bodegaoutdoor.cl\/store\/product\/chaqueta-polar-tactica-militar-de-ejercito-para-hombre-ropa-de-invierno-polar-calida-abrigo-de-bolsillo-multiple-chaqueta-con-capucha-termica-informal-chaquetas\/"},"modified":"2026-03-31T13:54:40","modified_gmt":"2026-03-31T16:54:40","slug":"chaqueta-polar-tactica-militar-de-ejercito-para-hombre-ropa-de-invierno-polar-calida-abrigo-de-bolsillo-multiple-chaqueta-con-capucha-termica-informal-chaquetas","status":"publish","type":"product","link":"https:\/\/bodegaoutdoor.cl\/store\/product\/chaqueta-polar-tactica-militar-de-ejercito-para-hombre-ropa-de-invierno-polar-calida-abrigo-de-bolsillo-multiple-chaqueta-con-capucha-termica-informal-chaquetas\/","title":{"rendered":"Chaqueta Polar t\u00e1ctica hombre Outdoor"},"content":{"rendered":"<p style=\"text-align: center;\"><strong><span style=\"font-size: 20.0px;\">Chaqueta militar de lana para hombre, ropa Polar c\u00e1lida para invierno, ropa de abrigo con bolsillos m\u00faltiples, chaqueta con capucha t\u00e9rmica informal, chaquetas<\/span><\/strong><\/p>\n<p style=\"text-align: center;\"><strong><span style=\"font-size: 20.0px;\"><img decoding=\"async\" title=\"Chaqueta Polar t\u00e1ctica militar de ej\u00e9rcito para hombre, ropa de invierno Polar c\u00e1lida, abrigo de bolsillo m\u00faltiple, chaqueta con capucha t\u00e9rmica informal, chaquetas\" src=\"https:\/\/bodegaoutdoor.cl\/store\/wp-content\/uploads\/2020\/07\/7679-jk2wgh.jpg\" alt=\"Chaqueta Polar t\u00e1ctica militar de ej\u00e9rcito para hombre, ropa de invierno Polar c\u00e1lida, abrigo de bolsillo m\u00faltiple, chaqueta con capucha t\u00e9rmica informal, chaquetas\" \/><\/span><\/strong><\/p>\n<p style=\"text-align: center;\"><img decoding=\"async\" title=\"Chaqueta Polar t\u00e1ctica militar de ej\u00e9rcito para hombre, ropa de invierno Polar c\u00e1lida, abrigo de bolsillo m\u00faltiple, chaqueta con capucha t\u00e9rmica informal, chaquetas\" src=\"https:\/\/bodegaoutdoor.cl\/store\/wp-content\/uploads\/2020\/07\/7679-bcnqln.jpg\" alt=\"Chaqueta Polar t\u00e1ctica militar de ej\u00e9rcito para hombre, ropa de invierno Polar c\u00e1lida, abrigo de bolsillo m\u00faltiple, chaqueta con capucha t\u00e9rmica informal, chaquetas\" \/><\/p>\n<p style=\"margin: 0.0px; padding: 0.0px; border: 0.0px; font-size: 13.0px; line-height: inherit; font-family: arial , helvetica , sans-serif; vertical-align: baseline; color: #000000;\"><span style=\"font-weight: bold;\"> <span style=\"margin: 0.0px; padding: 0.0px; border: 0.0px; font-style: inherit; font-weight: inherit; font-size: 26.0px; line-height: inherit; font-family: arial , helvetica , sans-serif; vertical-align: baseline;\"><span style=\"margin: 0.0px; padding: 0.0px; border: 0.0px; font-style: inherit; font-size: inherit; line-height: inherit; vertical-align: baseline;\">Atenci\u00f3n:<\/span><\/span><br \/>\n<span style=\"margin: 0.0px; padding: 0.0px; border: 0.0px; font-style: inherit; font-weight: inherit; font-size: 22.0px; line-height: inherit; font-family: arial , helvetica , sans-serif; vertical-align: baseline; color: #ff0000;\">1. Esta chaqueta es de gran tama\u00f1o, por favor elija las tallas adecuadas como su desgaste normal.<\/span><br \/>\n<span style=\"margin: 0.0px; padding: 0.0px; border: 0.0px; font-style: inherit; font-weight: inherit; font-size: 22.0px; line-height: inherit; font-family: arial , helvetica , sans-serif; vertical-align: baseline;\">2. Permite una diferencia de color razonable debido a la pantalla individual del ordenador.<\/span><\/span><\/p>\n<p style=\"margin: 0.0px; padding: 0.0px; border: 0.0px; font-size: 13.0px; line-height: inherit; font-family: arial , helvetica , sans-serif; vertical-align: baseline; color: #000000;\"><span style=\"font-weight: bold;\"><span style=\"margin: 0.0px; padding: 0.0px; border: 0.0px; font-style: inherit; font-weight: inherit; font-size: 22.0px; line-height: inherit; font-family: arial , helvetica , sans-serif; vertical-align: baseline;\">3<\/span><\/span><span style=\"margin: 0.0px; padding: 0.0px; border: 0.0px; font-style: inherit; font-weight: inherit; font-size: inherit; line-height: inherit; font-family: times new roman , times , serif; vertical-align: baseline;\"><span style=\"margin: 0.0px; padding: 0.0px; border: 0.0px; font-style: inherit; font-weight: bold; font-size: 24.0px; line-height: inherit; vertical-align: baseline; color: #ff0000;\">Si no sabes elegir la talla. Por favor, d\u00edgame su altura y peso.<\/span><\/span><\/p>\n<p style=\"text-align: center;\"><strong><span style=\"font-size: 20.0px;\"><img decoding=\"async\" title=\"Chaqueta Polar t\u00e1ctica militar de ej\u00e9rcito para hombre, ropa de invierno Polar c\u00e1lida, abrigo de bolsillo m\u00faltiple, chaqueta con capucha t\u00e9rmica informal, chaquetas\" src=\"https:\/\/bodegaoutdoor.cl\/store\/wp-content\/uploads\/2020\/07\/7679-znsx95.jpg\" alt=\"Chaqueta Polar t\u00e1ctica militar de ej\u00e9rcito para hombre, ropa de invierno Polar c\u00e1lida, abrigo de bolsillo m\u00faltiple, chaqueta con capucha t\u00e9rmica informal, chaquetas\" \/><\/span><\/strong><\/p>\n<p style=\"text-align: center;\"><img decoding=\"async\" title=\"Chaqueta Polar t\u00e1ctica militar de ej\u00e9rcito para hombre, ropa de invierno Polar c\u00e1lida, abrigo de bolsillo m\u00faltiple, chaqueta con capucha t\u00e9rmica informal, chaquetas\" src=\"https:\/\/bodegaoutdoor.cl\/store\/wp-content\/uploads\/2020\/07\/7679-pijkqe.jpg\" alt=\"Chaqueta Polar t\u00e1ctica militar de ej\u00e9rcito para hombre, ropa de invierno Polar c\u00e1lida, abrigo de bolsillo m\u00faltiple, chaqueta con capucha t\u00e9rmica informal, chaquetas\" \/><img decoding=\"async\" title=\"Chaqueta Polar t\u00e1ctica militar de ej\u00e9rcito para hombre, ropa de invierno Polar c\u00e1lida, abrigo de bolsillo m\u00faltiple, chaqueta con capucha t\u00e9rmica informal, chaquetas\" src=\"https:\/\/bodegaoutdoor.cl\/store\/wp-content\/uploads\/2020\/07\/7679-otsmdt.jpg\" alt=\"Chaqueta Polar t\u00e1ctica militar de ej\u00e9rcito para hombre, ropa de invierno Polar c\u00e1lida, abrigo de bolsillo m\u00faltiple, chaqueta con capucha t\u00e9rmica informal, chaquetas\" \/><img decoding=\"async\" title=\"Chaqueta Polar t\u00e1ctica militar de ej\u00e9rcito para hombre, ropa de invierno Polar c\u00e1lida, abrigo de bolsillo m\u00faltiple, chaqueta con capucha t\u00e9rmica informal, chaquetas\" src=\"https:\/\/bodegaoutdoor.cl\/store\/wp-content\/uploads\/2020\/07\/7679-h1lcva.jpg\" alt=\"Chaqueta Polar t\u00e1ctica militar de ej\u00e9rcito para hombre, ropa de invierno Polar c\u00e1lida, abrigo de bolsillo m\u00faltiple, chaqueta con capucha t\u00e9rmica informal, chaquetas\" \/><\/p>\n<p style=\"text-align: center;\"><img decoding=\"async\" title=\"Chaqueta Polar t\u00e1ctica militar de ej\u00e9rcito para hombre, ropa de invierno Polar c\u00e1lida, abrigo de bolsillo m\u00faltiple, chaqueta con capucha t\u00e9rmica informal, chaquetas\" src=\"https:\/\/bodegaoutdoor.cl\/store\/wp-content\/uploads\/2020\/07\/7679-ldkrfa.jpg\" alt=\"Chaqueta Polar t\u00e1ctica militar de ej\u00e9rcito para hombre, ropa de invierno Polar c\u00e1lida, abrigo de bolsillo m\u00faltiple, chaqueta con capucha t\u00e9rmica informal, chaquetas\" \/><\/p>\n<p style=\"text-align: center;\"><img decoding=\"async\" title=\"Chaqueta Polar t\u00e1ctica militar de ej\u00e9rcito para hombre, ropa de invierno Polar c\u00e1lida, abrigo de bolsillo m\u00faltiple, chaqueta con capucha t\u00e9rmica informal, chaquetas\" src=\"https:\/\/bodegaoutdoor.cl\/store\/wp-content\/uploads\/2020\/07\/7679-ikojk4.jpg\" alt=\"Chaqueta Polar t\u00e1ctica militar de ej\u00e9rcito para hombre, ropa de invierno Polar c\u00e1lida, abrigo de bolsillo m\u00faltiple, chaqueta con capucha t\u00e9rmica informal, chaquetas\" \/><img decoding=\"async\" title=\"Chaqueta Polar t\u00e1ctica militar de ej\u00e9rcito para hombre, ropa de invierno Polar c\u00e1lida, abrigo de bolsillo m\u00faltiple, chaqueta con capucha t\u00e9rmica informal, chaquetas\" src=\"https:\/\/bodegaoutdoor.cl\/store\/wp-content\/uploads\/2020\/07\/7679-d7dlkn.jpg\" alt=\"Chaqueta Polar t\u00e1ctica militar de ej\u00e9rcito para hombre, ropa de invierno Polar c\u00e1lida, abrigo de bolsillo m\u00faltiple, chaqueta con capucha t\u00e9rmica informal, chaquetas\" \/><img decoding=\"async\" title=\"Chaqueta Polar t\u00e1ctica militar de ej\u00e9rcito para hombre, ropa de invierno Polar c\u00e1lida, abrigo de bolsillo m\u00faltiple, chaqueta con capucha t\u00e9rmica informal, chaquetas\" src=\"https:\/\/bodegaoutdoor.cl\/store\/wp-content\/uploads\/2020\/07\/7679-mobj5d.jpg\" alt=\"Chaqueta Polar t\u00e1ctica militar de ej\u00e9rcito para hombre, ropa de invierno Polar c\u00e1lida, abrigo de bolsillo m\u00faltiple, chaqueta con capucha t\u00e9rmica informal, chaquetas\" \/><img decoding=\"async\" title=\"Chaqueta Polar t\u00e1ctica militar de ej\u00e9rcito para hombre, ropa de invierno Polar c\u00e1lida, abrigo de bolsillo m\u00faltiple, chaqueta con capucha t\u00e9rmica informal, chaquetas\" src=\"https:\/\/bodegaoutdoor.cl\/store\/wp-content\/uploads\/2020\/07\/7679-qecddm.jpg\" alt=\"Chaqueta Polar t\u00e1ctica militar de ej\u00e9rcito para hombre, ropa de invierno Polar c\u00e1lida, abrigo de bolsillo m\u00faltiple, chaqueta con capucha t\u00e9rmica informal, chaquetas\" \/><img decoding=\"async\" title=\"Chaqueta Polar t\u00e1ctica militar de ej\u00e9rcito para hombre, ropa de invierno Polar c\u00e1lida, abrigo de bolsillo m\u00faltiple, chaqueta con capucha t\u00e9rmica informal, chaquetas\" src=\"https:\/\/bodegaoutdoor.cl\/store\/wp-content\/uploads\/2020\/07\/7679-mlgmit.jpg\" alt=\"Chaqueta Polar t\u00e1ctica militar de ej\u00e9rcito para hombre, ropa de invierno Polar c\u00e1lida, abrigo de bolsillo m\u00faltiple, chaqueta con capucha t\u00e9rmica informal, chaquetas\" \/><\/p>\n<p style=\"text-align: center;\">\n\n    <div class=\"xs_social_share_widget xs_share_url after_content \t\tmain_content  wslu-style-1 wslu-share-box-shaped wslu-fill-colored wslu-none wslu-share-horizontal wslu-theme-font-no wslu-main_content\">\n\n\t\t\n        <ul>\n\t\t\t        <\/ul>\n    <\/div> \n","protected":false},"excerpt":{"rendered":"<p>Chaqueta militar de lana para hombre, ropa Polar c\u00e1lida para invierno, ropa de abrigo con bolsillos m\u00faltiples, chaqueta con capucha t\u00e9rmica informal, chaquetas Atenci\u00f3n: 1. Esta chaqueta es de gran tama\u00f1o, por favor elija las tallas adecuadas como su desgaste normal. 2. Permite una diferencia de color razonable debido a la pantalla individual del ordenador. [&hellip;]<\/p>\n","protected":false},"featured_media":7800,"comment_status":"open","ping_status":"closed","template":"","meta":{"jetpack_publicize_message":"","jetpack_publicize_feature_enabled":true,"jetpack_social_post_already_shared":true,"jetpack_social_options":{"image_generator_settings":{"template":"highway","enabled":false},"version":2}},"product_brand":[],"product_cat":[72,62],"product_tag":[],"class_list":{"0":"post-7679","1":"product","2":"type-product","3":"status-publish","4":"has-post-thumbnail","6":"product_cat-hombre-segunda","7":"product_cat-vestuario-hombre","9":"first","10":"instock","11":"sale","12":"taxable","13":"shipping-taxable","14":"purchasable","15":"product-type-variable"},"jetpack_publicize_connections":[],"jetpack_sharing_enabled":true,"_links":{"self":[{"href":"https:\/\/bodegaoutdoor.cl\/store\/wp-json\/wp\/v2\/product\/7679","targetHints":{"allow":["GET"]}}],"collection":[{"href":"https:\/\/bodegaoutdoor.cl\/store\/wp-json\/wp\/v2\/product"}],"about":[{"href":"https:\/\/bodegaoutdoor.cl\/store\/wp-json\/wp\/v2\/types\/product"}],"replies":[{"embeddable":true,"href":"https:\/\/bodegaoutdoor.cl\/store\/wp-json\/wp\/v2\/comments?post=7679"}],"version-history":[{"count":2,"href":"https:\/\/bodegaoutdoor.cl\/store\/wp-json\/wp\/v2\/product\/7679\/revisions"}],"predecessor-version":[{"id":71325,"href":"https:\/\/bodegaoutdoor.cl\/store\/wp-json\/wp\/v2\/product\/7679\/revisions\/71325"}],"wp:featuredmedia":[{"embeddable":true,"href":"https:\/\/bodegaoutdoor.cl\/store\/wp-json\/wp\/v2\/media\/7800"}],"wp:attachment":[{"href":"https:\/\/bodegaoutdoor.cl\/store\/wp-json\/wp\/v2\/media?parent=7679"}],"wp:term":[{"taxonomy":"product_brand","embeddable":true,"href":"https:\/\/bodegaoutdoor.cl\/store\/wp-json\/wp\/v2\/product_brand?post=7679"},{"taxonomy":"product_cat","embeddable":true,"href":"https:\/\/bodegaoutdoor.cl\/store\/wp-json\/wp\/v2\/product_cat?post=7679"},{"taxonomy":"product_tag","embeddable":true,"href":"https:\/\/bodegaoutdoor.cl\/store\/wp-json\/wp\/v2\/product_tag?post=7679"}],"curies":[{"name":"wp","href":"https:\/\/api.w.org\/{rel}","templated":true}]}}