{"id":76944,"date":"2023-07-12T18:41:15","date_gmt":"2023-07-12T22:41:15","guid":{"rendered":"https:\/\/bodegaoutdoor.cl\/store\/product\/ropa-de-camuflaje-tactico-3d-traje-ghillie-de-hierba-marchita-5-piezas-traje-militar-de-caza-de-francotirador-ropa-de-caza-del-ejercito-traje-de-avistamiento\/"},"modified":"2023-07-13T11:12:52","modified_gmt":"2023-07-13T15:12:52","slug":"ropa-de-camuflaje-tactico-3d-traje-ghillie-5-piezas-traje-militar-de-caza","status":"publish","type":"product","link":"https:\/\/bodegaoutdoor.cl\/store\/product\/ropa-de-camuflaje-tactico-3d-traje-ghillie-5-piezas-traje-militar-de-caza\/","title":{"rendered":"Ropa de camuflaje t\u00e1ctico 3D, traje Ghillie, 5 piezas, traje militar de caza"},"content":{"rendered":"<p style=\"text-align: center;\"><video style=\"max-width: 100%;\" src=\"\/\/video.aliexpress-media.com\/play\/u\/ae_sg_item\/2211080585358\/p\/1\/e\/6\/t\/10301\/1100089861270.mp4\" poster=\"https:\/\/ae01.alicdn.com\/kf\/S015f0106665142658eaa04b955ca9e18G\/Ropa-de-camuflaje-t-ctico-3D-traje-Ghillie-de-hierba-marchita-5-piezas-traje-militar-de.jpg,https:\/\/ae01.alicdn.com\/kf\/S91e0af0acd224b92ac818f641ee7c3b1C\/Ropa-de-camuflaje-t-ctico-3D-traje-Ghillie-de-hierba-marchita-5-piezas-traje-militar-de.jpg,https:\/\/ae01.alicdn.com\/kf\/S2bb9a57722564beca0a82c787045acf2k\/Ropa-de-camuflaje-t-ctico-3D-traje-Ghillie-de-hierba-marchita-5-piezas-traje-militar-de.jpg,https:\/\/ae01.alicdn.com\/kf\/Sc184826f25bf4980974869b0f4af5d40l\/Ropa-de-camuflaje-t-ctico-3D-traje-Ghillie-de-hierba-marchita-5-piezas-traje-militar-de.jpg,https:\/\/ae01.alicdn.com\/kf\/Sf72d166f31274861afeac01030643232Q\/Ropa-de-camuflaje-t-ctico-3D-traje-Ghillie-de-hierba-marchita-5-piezas-traje-militar-de.jpg,https:\/\/ae01.alicdn.com\/kf\/S447400aa8fa54dbc9a57b56577b5959e6\/Ropa-de-camuflaje-t-ctico-3D-traje-Ghillie-de-hierba-marchita-5-piezas-traje-militar-de.jpg\" preload=\"auto\" controls=\"controls\" width=\"100%\" height=\"100%\"><\/video><\/p>\n<div><\/div>\n<p><img decoding=\"async\" title=\"Ropa de camuflaje t\u00e1ctico 3D, traje Ghillie de hierba marchita, 5 piezas, traje militar de caza de francotirador, ropa de caza del ej\u00e9rcito, traje de avistamiento\" src=\"https:\/\/bodegaoutdoor.cl\/store\/wp-content\/uploads\/2023\/07\/76944-mc2olg.jpg\" alt=\"Ropa de camuflaje t\u00e1ctico 3D, traje Ghillie de hierba marchita, 5 piezas, traje militar de caza de francotirador, ropa de caza del ej\u00e9rcito, traje de avistamiento\" \/><\/p>\n<p style=\"margin: 0cm 0cm 0.0001pt;\"><span style=\"font-size: 18px;\"><span lang=\"EN-US\" style=\"font-family: Tahoma, sans-serif;\">Especificaci\u00f3n<\/span>:<br \/>\n<span lang=\"EN-US\" style=\"font-family: Tahoma, sans-serif;\">Color: camuflaje wooldland, Camuflaje del desierto<br \/>\nMaterial: Poli\u00e9ster<br \/>\nEl juego incluye: 1 pantal\u00f3n, 1 chaqueta, 1 Capucha separada, 1 funda para rifle, 1 bolsa de almacenamiento<\/span><\/span><\/p>\n<p>Tama\u00f1o: para ni\u00f1os y adultos<br \/>\n110-140cm altura<br \/>\nAltura de 140-160cm<br \/>\n160-165cm altura<br \/>\n165-185cm altura<br \/>\n185-200cm altura<\/p>\n<p align=\"left\"><span style=\"font-size: 18px;\"><span lang=\"EN-US\" style=\"font-family: Tahoma, sans-serif;\">Caracter\u00edstica:<br \/>\n-Nuevo y de alta calidad<br \/>\n-Hecho de poli\u00e9ster resistente y duradero<br \/>\n-La bolsa de transporte tiene correa de hombro para facilitar el transporte<br \/>\n<span data-spm-anchor-id=\"a261y.7663282.descBanner.i1.4f927567kWT2Wz\">-Cintura con cord\u00f3n en los pantalones para un f\u00e1cil ajuste de tama\u00f1o<\/span><br \/>\n-Los poppers en la chaqueta hacen que sea muy f\u00e1cil de poner y quitar<br \/>\n-Lo \u00faltimo en ropa de camuflaje<\/span><\/span><\/p>\n<p>Accesorio:Uso para caza, tiro, aves salvajes, acecho, paintball, Airsoft, vigilancia, fotograf\u00eda de Vida Silvestre, observaci\u00f3n de aves, etc.<\/p>\n<p>Paquete incluido:<br \/>\n1 x Pantalones<br \/>\n1 chaqueta<br \/>\n1 x Capucha separada<\/p>\n<p align=\"left\"><span style=\"font-size: 18px;\"><img decoding=\"async\" title=\"Ropa de camuflaje t\u00e1ctico 3D, traje Ghillie de hierba marchita, 5 piezas, traje militar de caza de francotirador, ropa de caza del ej\u00e9rcito, traje de avistamiento\" src=\"https:\/\/bodegaoutdoor.cl\/store\/wp-content\/uploads\/2023\/07\/76944-hnow4u.jpg\" alt=\"Ropa de camuflaje t\u00e1ctico 3D, traje Ghillie de hierba marchita, 5 piezas, traje militar de caza de francotirador, ropa de caza del ej\u00e9rcito, traje de avistamiento\" \/><\/span><\/p>\n<p align=\"left\"><img decoding=\"async\" title=\"Ropa de camuflaje t\u00e1ctico 3D, traje Ghillie de hierba marchita, 5 piezas, traje militar de caza de francotirador, ropa de caza del ej\u00e9rcito, traje de avistamiento\" src=\"https:\/\/bodegaoutdoor.cl\/store\/wp-content\/uploads\/2023\/07\/76944-g7rifo.jpg\" alt=\"Ropa de camuflaje t\u00e1ctico 3D, traje Ghillie de hierba marchita, 5 piezas, traje militar de caza de francotirador, ropa de caza del ej\u00e9rcito, traje de avistamiento\" \/><img decoding=\"async\" title=\"Ropa de camuflaje t\u00e1ctico 3D, traje Ghillie de hierba marchita, 5 piezas, traje militar de caza de francotirador, ropa de caza del ej\u00e9rcito, traje de avistamiento\" src=\"https:\/\/bodegaoutdoor.cl\/store\/wp-content\/uploads\/2023\/07\/76944-h32fdk.jpg\" alt=\"Ropa de camuflaje t\u00e1ctico 3D, traje Ghillie de hierba marchita, 5 piezas, traje militar de caza de francotirador, ropa de caza del ej\u00e9rcito, traje de avistamiento\" \/><img decoding=\"async\" title=\"Ropa de camuflaje t\u00e1ctico 3D, traje Ghillie de hierba marchita, 5 piezas, traje militar de caza de francotirador, ropa de caza del ej\u00e9rcito, traje de avistamiento\" src=\"https:\/\/bodegaoutdoor.cl\/store\/wp-content\/uploads\/2023\/07\/76944-r6xgeq.jpg\" alt=\"Ropa de camuflaje t\u00e1ctico 3D, traje Ghillie de hierba marchita, 5 piezas, traje militar de caza de francotirador, ropa de caza del ej\u00e9rcito, traje de avistamiento\" \/><img decoding=\"async\" title=\"Ropa de camuflaje t\u00e1ctico 3D, traje Ghillie de hierba marchita, 5 piezas, traje militar de caza de francotirador, ropa de caza del ej\u00e9rcito, traje de avistamiento\" src=\"https:\/\/bodegaoutdoor.cl\/store\/wp-content\/uploads\/2023\/07\/76944-bc4opk.jpg\" alt=\"Ropa de camuflaje t\u00e1ctico 3D, traje Ghillie de hierba marchita, 5 piezas, traje militar de caza de francotirador, ropa de caza del ej\u00e9rcito, traje de avistamiento\" \/><img decoding=\"async\" title=\"Ropa de camuflaje t\u00e1ctico 3D, traje Ghillie de hierba marchita, 5 piezas, traje militar de caza de francotirador, ropa de caza del ej\u00e9rcito, traje de avistamiento\" src=\"https:\/\/bodegaoutdoor.cl\/store\/wp-content\/uploads\/2023\/07\/76944-jmgezx.jpg\" alt=\"Ropa de camuflaje t\u00e1ctico 3D, traje Ghillie de hierba marchita, 5 piezas, traje militar de caza de francotirador, ropa de caza del ej\u00e9rcito, traje de avistamiento\" \/><img decoding=\"async\" title=\"Ropa de camuflaje t\u00e1ctico 3D, traje Ghillie de hierba marchita, 5 piezas, traje militar de caza de francotirador, ropa de caza del ej\u00e9rcito, traje de avistamiento\" src=\"https:\/\/bodegaoutdoor.cl\/store\/wp-content\/uploads\/2023\/07\/76944-uu8lpn.jpg\" alt=\"Ropa de camuflaje t\u00e1ctico 3D, traje Ghillie de hierba marchita, 5 piezas, traje militar de caza de francotirador, ropa de caza del ej\u00e9rcito, traje de avistamiento\" \/><img decoding=\"async\" title=\"Ropa de camuflaje t\u00e1ctico 3D, traje Ghillie de hierba marchita, 5 piezas, traje militar de caza de francotirador, ropa de caza del ej\u00e9rcito, traje de avistamiento\" src=\"https:\/\/bodegaoutdoor.cl\/store\/wp-content\/uploads\/2023\/07\/76944-zwpqwu.jpg\" alt=\"Ropa de camuflaje t\u00e1ctico 3D, traje Ghillie de hierba marchita, 5 piezas, traje militar de caza de francotirador, ropa de caza del ej\u00e9rcito, traje de avistamiento\" \/><img decoding=\"async\" title=\"Ropa de camuflaje t\u00e1ctico 3D, traje Ghillie de hierba marchita, 5 piezas, traje militar de caza de francotirador, ropa de caza del ej\u00e9rcito, traje de avistamiento\" src=\"https:\/\/bodegaoutdoor.cl\/store\/wp-content\/uploads\/2023\/07\/76944-ivlzow.jpg\" alt=\"Ropa de camuflaje t\u00e1ctico 3D, traje Ghillie de hierba marchita, 5 piezas, traje militar de caza de francotirador, ropa de caza del ej\u00e9rcito, traje de avistamiento\" \/><img decoding=\"async\" title=\"Ropa de camuflaje t\u00e1ctico 3D, traje Ghillie de hierba marchita, 5 piezas, traje militar de caza de francotirador, ropa de caza del ej\u00e9rcito, traje de avistamiento\" src=\"https:\/\/bodegaoutdoor.cl\/store\/wp-content\/uploads\/2023\/07\/76944-gakwue.jpg\" alt=\"Ropa de camuflaje t\u00e1ctico 3D, traje Ghillie de hierba marchita, 5 piezas, traje militar de caza de francotirador, ropa de caza del ej\u00e9rcito, traje de avistamiento\" \/><img decoding=\"async\" title=\"Ropa de camuflaje t\u00e1ctico 3D, traje Ghillie de hierba marchita, 5 piezas, traje militar de caza de francotirador, ropa de caza del ej\u00e9rcito, traje de avistamiento\" src=\"https:\/\/bodegaoutdoor.cl\/store\/wp-content\/uploads\/2023\/07\/76944-q9maw6.jpg\" alt=\"Ropa de camuflaje t\u00e1ctico 3D, traje Ghillie de hierba marchita, 5 piezas, traje militar de caza de francotirador, ropa de caza del ej\u00e9rcito, traje de avistamiento\" \/><img decoding=\"async\" title=\"Ropa de camuflaje t\u00e1ctico 3D, traje Ghillie de hierba marchita, 5 piezas, traje militar de caza de francotirador, ropa de caza del ej\u00e9rcito, traje de avistamiento\" src=\"https:\/\/bodegaoutdoor.cl\/store\/wp-content\/uploads\/2023\/07\/76944-kq7nyy.jpg\" alt=\"Ropa de camuflaje t\u00e1ctico 3D, traje Ghillie de hierba marchita, 5 piezas, traje militar de caza de francotirador, ropa de caza del ej\u00e9rcito, traje de avistamiento\" \/><\/p>\n<p align=\"left\">\n\n    <div class=\"xs_social_share_widget xs_share_url after_content \t\tmain_content  wslu-style-1 wslu-share-box-shaped wslu-fill-colored wslu-none wslu-share-horizontal wslu-theme-font-no wslu-main_content\">\n\n\t\t\n        <ul>\n\t\t\t        <\/ul>\n    <\/div> \n","protected":false},"excerpt":{"rendered":"<p>Especificaci\u00f3n: Color: camuflaje wooldland, Camuflaje del desierto Material: Poli\u00e9ster El juego incluye: 1 pantal\u00f3n, 1 chaqueta, 1 Capucha separada, 1 funda para rifle, 1 bolsa de almacenamiento Tama\u00f1o: para ni\u00f1os y adultos 110-140cm altura Altura de 140-160cm 160-165cm altura 165-185cm altura 185-200cm altura Caracter\u00edstica: -Nuevo y de alta calidad -Hecho de poli\u00e9ster resistente y duradero [&hellip;]<\/p>\n","protected":false},"featured_media":76960,"comment_status":"open","ping_status":"closed","template":"","meta":{"jetpack_publicize_message":"","jetpack_publicize_feature_enabled":true,"jetpack_social_post_already_shared":true,"jetpack_social_options":{"image_generator_settings":{"template":"highway","enabled":false},"version":2}},"product_brand":[],"product_cat":[487],"product_tag":[847,1976,1286,2044,4641],"class_list":{"0":"post-76944","1":"product","2":"type-product","3":"status-publish","4":"has-post-thumbnail","6":"product_cat-airsoft","7":"product_tag-airsoft","8":"product_tag-camuflaje","9":"product_tag-ejercito","10":"product_tag-tactico","11":"product_tag-traje","13":"first","14":"instock","15":"sale","16":"taxable","17":"shipping-taxable","18":"purchasable","19":"product-type-variable"},"jetpack_publicize_connections":[],"jetpack_sharing_enabled":true,"_links":{"self":[{"href":"https:\/\/bodegaoutdoor.cl\/store\/wp-json\/wp\/v2\/product\/76944","targetHints":{"allow":["GET"]}}],"collection":[{"href":"https:\/\/bodegaoutdoor.cl\/store\/wp-json\/wp\/v2\/product"}],"about":[{"href":"https:\/\/bodegaoutdoor.cl\/store\/wp-json\/wp\/v2\/types\/product"}],"replies":[{"embeddable":true,"href":"https:\/\/bodegaoutdoor.cl\/store\/wp-json\/wp\/v2\/comments?post=76944"}],"version-history":[{"count":16,"href":"https:\/\/bodegaoutdoor.cl\/store\/wp-json\/wp\/v2\/product\/76944\/revisions"}],"predecessor-version":[{"id":77144,"href":"https:\/\/bodegaoutdoor.cl\/store\/wp-json\/wp\/v2\/product\/76944\/revisions\/77144"}],"wp:featuredmedia":[{"embeddable":true,"href":"https:\/\/bodegaoutdoor.cl\/store\/wp-json\/wp\/v2\/media\/76960"}],"wp:attachment":[{"href":"https:\/\/bodegaoutdoor.cl\/store\/wp-json\/wp\/v2\/media?parent=76944"}],"wp:term":[{"taxonomy":"product_brand","embeddable":true,"href":"https:\/\/bodegaoutdoor.cl\/store\/wp-json\/wp\/v2\/product_brand?post=76944"},{"taxonomy":"product_cat","embeddable":true,"href":"https:\/\/bodegaoutdoor.cl\/store\/wp-json\/wp\/v2\/product_cat?post=76944"},{"taxonomy":"product_tag","embeddable":true,"href":"https:\/\/bodegaoutdoor.cl\/store\/wp-json\/wp\/v2\/product_tag?post=76944"}],"curies":[{"name":"wp","href":"https:\/\/api.w.org\/{rel}","templated":true}]}}