{"id":77015,"date":"2023-07-13T00:50:56","date_gmt":"2023-07-13T04:50:56","guid":{"rendered":"https:\/\/bodegaoutdoor.cl\/store\/product\/pantalones-tacticos-de-ajuste-holgado-para-mujer-pantalones-cargo-ligeros-elasticos-de-tierra-dura-informales-con-bolsillos-para-exteriores\/"},"modified":"2023-07-13T10:48:26","modified_gmt":"2023-07-13T14:48:26","slug":"pantalones-tacticos-de-ajuste-para-mujer-pantalones-cargo-ligeros-elasticos","status":"publish","type":"product","link":"https:\/\/bodegaoutdoor.cl\/store\/product\/pantalones-tacticos-de-ajuste-para-mujer-pantalones-cargo-ligeros-elasticos\/","title":{"rendered":"Pantalones t\u00e1cticos de ajuste  para mujer, pantalones Cargo ligeros el\u00e1sticos"},"content":{"rendered":"<div>\n<div>\n<div><img decoding=\"async\" title=\"Pantalones t\u00e1cticos de ajuste holgado para mujer, pantalones Cargo ligeros el\u00e1sticos de tierra dura, informales con bolsillos para exteriores\" src=\"https:\/\/bodegaoutdoor.cl\/store\/wp-content\/uploads\/2023\/07\/77015-i52yc5.jpg\" alt=\"Pantalones t\u00e1cticos de ajuste holgado para mujer, pantalones Cargo ligeros el\u00e1sticos de tierra dura, informales con bolsillos para exteriores\" \/><\/div>\n<div>\n<p style=\"font-family: OpenSans; font-size: 20px; font-weight: 900; line-height: 28px; margin-bottom: 12px;\">PANTAL\u00d3N T\u00c1CTICOS MUJER HARD LAND<\/p>\n<p style=\"font-family: OpenSans; font-size: 14px; font-weight: 300; line-height: 20px; margin-bottom: 12px;\">Resistente al desgaste, resistente a la suciedad, seguro y c\u00f3modo. HARD LAND proporciona la ropa t\u00e1ctica m\u00e1s profesional, protege tu costado de forma segura.<\/p>\n<div><img decoding=\"async\" title=\"Pantalones t\u00e1cticos de ajuste holgado para mujer, pantalones Cargo ligeros el\u00e1sticos de tierra dura, informales con bolsillos para exteriores\" src=\"https:\/\/bodegaoutdoor.cl\/store\/wp-content\/uploads\/2023\/07\/77015-anulkt.jpg\" alt=\"Pantalones t\u00e1cticos de ajuste holgado para mujer, pantalones Cargo ligeros el\u00e1sticos de tierra dura, informales con bolsillos para exteriores\" \/><\/div>\n<\/div>\n<div>\n<p style=\"font-family: OpenSans; font-size: 20px; font-weight: 900; line-height: 28px; margin-bottom: 12px;\">Material<\/p>\n<p style=\"font-family: OpenSans; font-size: 14px; font-weight: 300; line-height: 20px; margin-bottom: 12px;\">Los pantalones t\u00e1cticos est\u00e1n hechos de tela T400 &#8211; 67% poli\u00e9ster y 33% algod\u00f3n, lo que proporciona un estiramiento mec\u00e1nico incre\u00edble, desgarro y fuerte, absorbe la humedad y secado r\u00e1pido, \u00a1paso maravilloso infinito!<\/p>\n<div><img decoding=\"async\" title=\"Pantalones t\u00e1cticos de ajuste holgado para mujer, pantalones Cargo ligeros el\u00e1sticos de tierra dura, informales con bolsillos para exteriores\" src=\"https:\/\/bodegaoutdoor.cl\/store\/wp-content\/uploads\/2023\/07\/77015-e1wili.jpg\" alt=\"Pantalones t\u00e1cticos de ajuste holgado para mujer, pantalones Cargo ligeros el\u00e1sticos de tierra dura, informales con bolsillos para exteriores\" \/><\/div>\n<\/div>\n<div>\n<p style=\"font-family: OpenSans; font-size: 20px; font-weight: 900; line-height: 28px; margin-bottom: 12px;\">Revestimiento tefl\u00f3n<\/p>\n<p style=\"font-family: OpenSans; font-size: 14px; font-weight: 300; line-height: 20px; margin-bottom: 12px;\">Los pantalones t\u00e1cticos est\u00e1n cubiertos con un revestimiento especial de tefl\u00f3n, que puede bloquear eficazmente el polvo, la suciedad, el aceite y el vapor de agua generado en el proceso de movimiento. El revestimiento ligero no afectar\u00e1 a la ligereza y transpirabilidad de los pantalones, puede evitar las preocupaciones en actividades al aire libre como la caza, la escalada, el camping, etc.<\/p>\n<div><img decoding=\"async\" title=\"Pantalones t\u00e1cticos de ajuste holgado para mujer, pantalones Cargo ligeros el\u00e1sticos de tierra dura, informales con bolsillos para exteriores\" src=\"https:\/\/bodegaoutdoor.cl\/store\/wp-content\/uploads\/2023\/07\/77015-wdezei.jpg\" alt=\"Pantalones t\u00e1cticos de ajuste holgado para mujer, pantalones Cargo ligeros el\u00e1sticos de tierra dura, informales con bolsillos para exteriores\" \/><\/div>\n<\/div>\n<div>\n<p style=\"font-family: OpenSans; font-size: 20px; font-weight: 900; line-height: 28px; margin-bottom: 12px;\">Detalles<\/p>\n<p style=\"font-family: OpenSans; font-size: 14px; font-weight: 300; line-height: 20px; margin-bottom: 12px;\">8 bolsillos con separaci\u00f3n interna, que es m\u00e1s adecuado para el almacenamiento de art\u00edculos dispersos. El espacio de corte tridimensional no aparecer\u00e1 hinchado cuando el bolsillo est\u00e9 lleno de cosas. 2 bolsillos de rodilla llenos de ambos lados pueden proporcionar una protecci\u00f3n m\u00e1s c\u00f3moda. La cintura ajustable oculta, que es diferente de los pantalones de hombre, resalta perfectamente la cintura.<\/p>\n<div><img decoding=\"async\" title=\"Pantalones t\u00e1cticos de ajuste holgado para mujer, pantalones Cargo ligeros el\u00e1sticos de tierra dura, informales con bolsillos para exteriores\" src=\"https:\/\/bodegaoutdoor.cl\/store\/wp-content\/uploads\/2023\/07\/77015-lhm4xd.jpg\" alt=\"Pantalones t\u00e1cticos de ajuste holgado para mujer, pantalones Cargo ligeros el\u00e1sticos de tierra dura, informales con bolsillos para exteriores\" \/><\/div>\n<\/div>\n<div>\n<p style=\"font-family: OpenSans; font-size: 20px; font-weight: 900; line-height: 28px; margin-bottom: 12px;\">S\u00f3lido y resistente a la suciedad<\/p>\n<p style=\"font-family: OpenSans; font-size: 14px; font-weight: 300; line-height: 20px; margin-bottom: 12px;\">Dise\u00f1o de hebilla interna y externa, cremallera YKK personalizada, costura de cierre de hilo de doble fila, proporcionando la protecci\u00f3n m\u00e1s suave; el sistema de color fr\u00edo simple es muy resistente a la suciedad, para que nunca se preocupe por los deportes al aire libre.<\/p>\n<div><img decoding=\"async\" title=\"Pantalones t\u00e1cticos de ajuste holgado para mujer, pantalones Cargo ligeros el\u00e1sticos de tierra dura, informales con bolsillos para exteriores\" src=\"https:\/\/bodegaoutdoor.cl\/store\/wp-content\/uploads\/2023\/07\/77015-5aaud8.jpg\" alt=\"Pantalones t\u00e1cticos de ajuste holgado para mujer, pantalones Cargo ligeros el\u00e1sticos de tierra dura, informales con bolsillos para exteriores\" \/><\/div>\n<\/div>\n<div>\n<p style=\"font-family: OpenSans; font-size: 20px; font-weight: 900; line-height: 28px; margin-bottom: 12px;\">Colocaci\u00f3n<\/p>\n<p style=\"font-family: OpenSans; font-size: 14px; font-weight: 300; line-height: 20px; margin-bottom: 12px;\">Al aire libre: el tono tierra estable con un c\u00f3modo abrigo deportivo de color fresco no puede perder elegancia incluso en los deportes feroces; Casual-Colocaci\u00f3n con una simple parte superior ajustada de color s\u00f3lido, te convertir\u00e1s en el paisaje m\u00e1s distintivo de la calle.<\/p>\n<div><img decoding=\"async\" title=\"Pantalones t\u00e1cticos de ajuste holgado para mujer, pantalones Cargo ligeros el\u00e1sticos de tierra dura, informales con bolsillos para exteriores\" src=\"https:\/\/bodegaoutdoor.cl\/store\/wp-content\/uploads\/2023\/07\/77015-wijsij.jpg\" alt=\"Pantalones t\u00e1cticos de ajuste holgado para mujer, pantalones Cargo ligeros el\u00e1sticos de tierra dura, informales con bolsillos para exteriores\" \/><\/div>\n<\/div>\n<p>&nbsp;<\/p>\n<\/div>\n<\/div>\n\n    <div class=\"xs_social_share_widget xs_share_url after_content \t\tmain_content  wslu-style-1 wslu-share-box-shaped wslu-fill-colored wslu-none wslu-share-horizontal wslu-theme-font-no wslu-main_content\">\n\n\t\t\n        <ul>\n\t\t\t        <\/ul>\n    <\/div> \n","protected":false},"excerpt":{"rendered":"<p>PANTAL\u00d3N T\u00c1CTICOS MUJER HARD LAND Resistente al desgaste, resistente a la suciedad, seguro y c\u00f3modo. HARD LAND proporciona la ropa t\u00e1ctica m\u00e1s profesional, protege tu costado de forma segura. Material Los pantalones t\u00e1cticos est\u00e1n hechos de tela T400 &#8211; 67% poli\u00e9ster y 33% algod\u00f3n, lo que proporciona un estiramiento mec\u00e1nico incre\u00edble, desgarro y fuerte, absorbe [&hellip;]<\/p>\n","protected":false},"featured_media":77076,"comment_status":"open","ping_status":"closed","template":"","meta":{"jetpack_publicize_message":"","jetpack_publicize_feature_enabled":true,"jetpack_social_post_already_shared":true,"jetpack_social_options":{"image_generator_settings":{"template":"highway","enabled":false},"version":2}},"product_brand":[],"product_cat":[303,63],"product_tag":[3409,1487,4640,2044],"class_list":{"0":"post-77015","1":"product","2":"type-product","3":"status-publish","4":"has-post-thumbnail","6":"product_cat-pantalon-mujer","7":"product_cat-vestuario-mujer","8":"product_tag-cargo","9":"product_tag-mujer","10":"product_tag-pantalon-outdoor-mujer","11":"product_tag-tactico","13":"first","14":"instock","15":"sale","16":"taxable","17":"shipping-taxable","18":"purchasable","19":"product-type-variable"},"jetpack_publicize_connections":[],"jetpack_sharing_enabled":true,"_links":{"self":[{"href":"https:\/\/bodegaoutdoor.cl\/store\/wp-json\/wp\/v2\/product\/77015","targetHints":{"allow":["GET"]}}],"collection":[{"href":"https:\/\/bodegaoutdoor.cl\/store\/wp-json\/wp\/v2\/product"}],"about":[{"href":"https:\/\/bodegaoutdoor.cl\/store\/wp-json\/wp\/v2\/types\/product"}],"replies":[{"embeddable":true,"href":"https:\/\/bodegaoutdoor.cl\/store\/wp-json\/wp\/v2\/comments?post=77015"}],"version-history":[{"count":10,"href":"https:\/\/bodegaoutdoor.cl\/store\/wp-json\/wp\/v2\/product\/77015\/revisions"}],"predecessor-version":[{"id":77101,"href":"https:\/\/bodegaoutdoor.cl\/store\/wp-json\/wp\/v2\/product\/77015\/revisions\/77101"}],"wp:featuredmedia":[{"embeddable":true,"href":"https:\/\/bodegaoutdoor.cl\/store\/wp-json\/wp\/v2\/media\/77076"}],"wp:attachment":[{"href":"https:\/\/bodegaoutdoor.cl\/store\/wp-json\/wp\/v2\/media?parent=77015"}],"wp:term":[{"taxonomy":"product_brand","embeddable":true,"href":"https:\/\/bodegaoutdoor.cl\/store\/wp-json\/wp\/v2\/product_brand?post=77015"},{"taxonomy":"product_cat","embeddable":true,"href":"https:\/\/bodegaoutdoor.cl\/store\/wp-json\/wp\/v2\/product_cat?post=77015"},{"taxonomy":"product_tag","embeddable":true,"href":"https:\/\/bodegaoutdoor.cl\/store\/wp-json\/wp\/v2\/product_tag?post=77015"}],"curies":[{"name":"wp","href":"https:\/\/api.w.org\/{rel}","templated":true}]}}