{"id":77598,"date":"2023-07-19T16:53:34","date_gmt":"2023-07-19T20:53:34","guid":{"rendered":"https:\/\/bodegaoutdoor.cl\/store\/product\/saludas-zapatillas-para-correr-de-montana-para-hombre-zapatos-de-trabajo-antideslizantes-transpirables-para-caminar-acampar\/"},"modified":"2023-10-25T17:18:58","modified_gmt":"2023-10-25T20:18:58","slug":"saludas-zapatillas-para-correr-de-montana-para-hombre-zapatos-de-trabajo-antideslizantes-transpirables-para-caminar-acampar","status":"publish","type":"product","link":"https:\/\/bodegaoutdoor.cl\/store\/product\/saludas-zapatillas-para-correr-de-montana-para-hombre-zapatos-de-trabajo-antideslizantes-transpirables-para-caminar-acampar\/","title":{"rendered":"Zapatillas Columbia monta\u00f1a antideslizantes, transpirables, Outdoor, Vibram"},"content":{"rendered":"<div>\n<div>\n<p id=\"tl_1\">Por favor, Preste atenci\u00f3n:<br \/>\n2. Consulte nuestra tabla de tallas para ver qu\u00e9 talla coincide con la longitud de sus pies.<br \/>\n3. Si uno de sus pies es m\u00e1s grande o m\u00e1s largo que otro, debe elegir el tama\u00f1o que se ajuste a su pie m\u00e1s grande.<br \/>\n4. Si su empeine o pie es m\u00e1s grande de lo habitual, se le aconseja comprar un tama\u00f1o m\u00e1s grande.<br \/>\n5. Tenga en cuenta que puede haber una discrepancia si utiliza el m\u00e9todo de medici\u00f3n incorrecto.<br \/>\n6. La caja del paquete original no est\u00e1 incluida para disminuir el costo de env\u00edo, si necesita la caja de regalo, h\u00e1ganoslo saber, necesita un costo adicional de 3USD.<br \/>\n7. Si tiene alguna pregunta, p\u00f3ngase en contacto con nosotros. Si tiene cualquier problema con nuestro producto, le prometemos que le daremos una buena soluci\u00f3n.<\/p>\n<p style=\"text-align: left;\"><img decoding=\"async\" title=\"SALUDAS-zapatillas para correr de monta\u00f1a para hombre, zapatos de trabajo antideslizantes, transpirables, para caminar, acampar\" src=\"https:\/\/bodegaoutdoor.cl\/store\/wp-content\/uploads\/2023\/07\/77598-dk9dzi.jpg\" alt=\"SALUDAS-zapatillas para correr de monta\u00f1a para hombre, zapatos de trabajo antideslizantes, transpirables, para caminar, acampar\" width=\"800px\" height=\"444px\" border=\"0\" \/><\/p>\n<p><img decoding=\"async\" title=\"SALUDAS-zapatillas para correr de monta\u00f1a para hombre, zapatos de trabajo antideslizantes, transpirables, para caminar, acampar\" src=\"https:\/\/bodegaoutdoor.cl\/store\/wp-content\/uploads\/2023\/07\/77598-skn6se.jpg\" alt=\"SALUDAS-zapatillas para correr de monta\u00f1a para hombre, zapatos de trabajo antideslizantes, transpirables, para caminar, acampar\" width=\"750\" height=\"auto\" \/><img decoding=\"async\" title=\"SALUDAS-zapatillas para correr de monta\u00f1a para hombre, zapatos de trabajo antideslizantes, transpirables, para caminar, acampar\" src=\"https:\/\/bodegaoutdoor.cl\/store\/wp-content\/uploads\/2023\/07\/77598-i6jtsy.jpg\" alt=\"SALUDAS-zapatillas para correr de monta\u00f1a para hombre, zapatos de trabajo antideslizantes, transpirables, para caminar, acampar\" width=\"750\" height=\"auto\" \/><img decoding=\"async\" title=\"SALUDAS-zapatillas para correr de monta\u00f1a para hombre, zapatos de trabajo antideslizantes, transpirables, para caminar, acampar\" src=\"https:\/\/bodegaoutdoor.cl\/store\/wp-content\/uploads\/2023\/07\/77598-0xiorz.jpg\" alt=\"SALUDAS-zapatillas para correr de monta\u00f1a para hombre, zapatos de trabajo antideslizantes, transpirables, para caminar, acampar\" width=\"750\" height=\"auto\" \/><img decoding=\"async\" title=\"SALUDAS-zapatillas para correr de monta\u00f1a para hombre, zapatos de trabajo antideslizantes, transpirables, para caminar, acampar\" src=\"https:\/\/bodegaoutdoor.cl\/store\/wp-content\/uploads\/2023\/07\/77598-fy2qeu.jpg\" alt=\"SALUDAS-zapatillas para correr de monta\u00f1a para hombre, zapatos de trabajo antideslizantes, transpirables, para caminar, acampar\" width=\"750\" height=\"auto\" \/><img decoding=\"async\" title=\"SALUDAS-zapatillas para correr de monta\u00f1a para hombre, zapatos de trabajo antideslizantes, transpirables, para caminar, acampar\" src=\"https:\/\/bodegaoutdoor.cl\/store\/wp-content\/uploads\/2023\/07\/77598-ll8qbi.jpg\" alt=\"SALUDAS-zapatillas para correr de monta\u00f1a para hombre, zapatos de trabajo antideslizantes, transpirables, para caminar, acampar\" width=\"750\" height=\"auto\" \/><img decoding=\"async\" title=\"SALUDAS-zapatillas para correr de monta\u00f1a para hombre, zapatos de trabajo antideslizantes, transpirables, para caminar, acampar\" src=\"https:\/\/bodegaoutdoor.cl\/store\/wp-content\/uploads\/2023\/07\/77598-fldp7z.jpg\" alt=\"SALUDAS-zapatillas para correr de monta\u00f1a para hombre, zapatos de trabajo antideslizantes, transpirables, para caminar, acampar\" width=\"750\" height=\"auto\" \/><img decoding=\"async\" title=\"SALUDAS-zapatillas para correr de monta\u00f1a para hombre, zapatos de trabajo antideslizantes, transpirables, para caminar, acampar\" src=\"https:\/\/bodegaoutdoor.cl\/store\/wp-content\/uploads\/2023\/07\/77598-lrewde.jpg\" alt=\"SALUDAS-zapatillas para correr de monta\u00f1a para hombre, zapatos de trabajo antideslizantes, transpirables, para caminar, acampar\" width=\"750\" height=\"auto\" \/><img decoding=\"async\" title=\"SALUDAS-zapatillas para correr de monta\u00f1a para hombre, zapatos de trabajo antideslizantes, transpirables, para caminar, acampar\" src=\"https:\/\/bodegaoutdoor.cl\/store\/wp-content\/uploads\/2023\/07\/77598-ueg7fh.jpg\" alt=\"SALUDAS-zapatillas para correr de monta\u00f1a para hombre, zapatos de trabajo antideslizantes, transpirables, para caminar, acampar\" width=\"750\" height=\"auto\" \/><img decoding=\"async\" title=\"SALUDAS-zapatillas para correr de monta\u00f1a para hombre, zapatos de trabajo antideslizantes, transpirables, para caminar, acampar\" src=\"https:\/\/bodegaoutdoor.cl\/store\/wp-content\/uploads\/2023\/07\/77598-fp7jio.jpg\" alt=\"SALUDAS-zapatillas para correr de monta\u00f1a para hombre, zapatos de trabajo antideslizantes, transpirables, para caminar, acampar\" width=\"750\" height=\"auto\" \/><\/p>\n<p style=\"text-align: left;\">\n<\/div>\n<\/div>\n\n    <div class=\"xs_social_share_widget xs_share_url after_content \t\tmain_content  wslu-style-1 wslu-share-box-shaped wslu-fill-colored wslu-none wslu-share-horizontal wslu-theme-font-no wslu-main_content\">\n\n\t\t\n        <ul>\n\t\t\t        <\/ul>\n    <\/div> \n","protected":false},"excerpt":{"rendered":"<p>Por favor, Preste atenci\u00f3n: 2. Consulte nuestra tabla de tallas para ver qu\u00e9 talla coincide con la longitud de sus pies. 3. Si uno de sus pies es m\u00e1s grande o m\u00e1s largo que otro, debe elegir el tama\u00f1o que se ajuste a su pie m\u00e1s grande. 4. Si su empeine o pie es m\u00e1s [&hellip;]<\/p>\n","protected":false},"featured_media":77657,"comment_status":"open","ping_status":"closed","template":"","meta":{"jetpack_publicize_message":"","jetpack_publicize_feature_enabled":true,"jetpack_social_post_already_shared":true,"jetpack_social_options":{"image_generator_settings":{"template":"highway","enabled":false},"version":2}},"product_brand":[],"product_cat":[41],"product_tag":[],"class_list":{"0":"post-77598","1":"product","2":"type-product","3":"status-publish","4":"has-post-thumbnail","6":"product_cat-calzado","8":"first","9":"instock","10":"sale","11":"taxable","12":"shipping-taxable","13":"purchasable","14":"product-type-variable"},"jetpack_publicize_connections":[],"jetpack_sharing_enabled":true,"_links":{"self":[{"href":"https:\/\/bodegaoutdoor.cl\/store\/wp-json\/wp\/v2\/product\/77598","targetHints":{"allow":["GET"]}}],"collection":[{"href":"https:\/\/bodegaoutdoor.cl\/store\/wp-json\/wp\/v2\/product"}],"about":[{"href":"https:\/\/bodegaoutdoor.cl\/store\/wp-json\/wp\/v2\/types\/product"}],"replies":[{"embeddable":true,"href":"https:\/\/bodegaoutdoor.cl\/store\/wp-json\/wp\/v2\/comments?post=77598"}],"version-history":[{"count":14,"href":"https:\/\/bodegaoutdoor.cl\/store\/wp-json\/wp\/v2\/product\/77598\/revisions"}],"predecessor-version":[{"id":80296,"href":"https:\/\/bodegaoutdoor.cl\/store\/wp-json\/wp\/v2\/product\/77598\/revisions\/80296"}],"wp:featuredmedia":[{"embeddable":true,"href":"https:\/\/bodegaoutdoor.cl\/store\/wp-json\/wp\/v2\/media\/77657"}],"wp:attachment":[{"href":"https:\/\/bodegaoutdoor.cl\/store\/wp-json\/wp\/v2\/media?parent=77598"}],"wp:term":[{"taxonomy":"product_brand","embeddable":true,"href":"https:\/\/bodegaoutdoor.cl\/store\/wp-json\/wp\/v2\/product_brand?post=77598"},{"taxonomy":"product_cat","embeddable":true,"href":"https:\/\/bodegaoutdoor.cl\/store\/wp-json\/wp\/v2\/product_cat?post=77598"},{"taxonomy":"product_tag","embeddable":true,"href":"https:\/\/bodegaoutdoor.cl\/store\/wp-json\/wp\/v2\/product_tag?post=77598"}],"curies":[{"name":"wp","href":"https:\/\/api.w.org\/{rel}","templated":true}]}}