{"id":7764,"date":"2020-07-23T02:42:44","date_gmt":"2020-07-23T02:42:44","guid":{"rendered":"https:\/\/bodegaoutdoor.cl\/store\/product\/los-hombres-de-camuflaje-militar-chaqueta-ejercito-ropa-tactica-multicam-hombre-erkek-ceket-cazadoras-de-chaquet-safari-con-capucha-chaqueta-2019-estilo-coreano-ropa-5xl\/"},"modified":"2023-05-04T19:19:34","modified_gmt":"2023-05-04T23:19:34","slug":"los-hombres-de-camuflaje-militar-chaqueta-ejercito-ropa-tactica-multicam-hombre-erkek-ceket-cazadoras-de-chaquet-safari-con-capucha-chaqueta-2019-estilo-coreano-ropa-5xl","status":"publish","type":"product","link":"https:\/\/bodegaoutdoor.cl\/store\/product\/los-hombres-de-camuflaje-militar-chaqueta-ejercito-ropa-tactica-multicam-hombre-erkek-ceket-cazadoras-de-chaquet-safari-con-capucha-chaqueta-2019-estilo-coreano-ropa-5xl\/","title":{"rendered":"chaqueta t\u00e1ctica Multicam Safari con capucha"},"content":{"rendered":"<p style=\"text-align: center;\"><video style=\"max-width: 100%;\" src=\"\/\/cloud.video.taobao.com\/play\/u\/4200955243\/p\/1\/e\/6\/t\/10301\/213544298777.mp4\" poster=\"https:\/\/ae01.alicdn.com\/kf\/HTB18_f6XOnrK1RjSsziq6xptpXay\/Los-hombres-de-camuflaje-militar-chaqueta-ej-rcito-ropa-t-ctica-Multicam-hombre-Erkek-Ceket-cazadoras.jpg,https:\/\/ae01.alicdn.com\/kf\/HTB1UTn2XLLsK1Rjy0Fbq6xSEXXaj\/Los-hombres-de-camuflaje-militar-chaqueta-ej-rcito-ropa-t-ctica-Multicam-hombre-Erkek-Ceket-cazadoras.jpg,https:\/\/ae01.alicdn.com\/kf\/HTB1s4z_XUrrK1RkSne1q6ArVVXa7\/Los-hombres-de-camuflaje-militar-chaqueta-ej-rcito-ropa-t-ctica-Multicam-hombre-Erkek-Ceket-cazadoras.jpg,https:\/\/ae01.alicdn.com\/kf\/HTB1E6j_XPDuK1Rjy1zjq6zraFXaN\/Los-hombres-de-camuflaje-militar-chaqueta-ej-rcito-ropa-t-ctica-Multicam-hombre-Erkek-Ceket-cazadoras.jpg,https:\/\/ae01.alicdn.com\/kf\/HTB1p.L5XOLrK1Rjy1zdq6ynnpXaR\/Los-hombres-de-camuflaje-militar-chaqueta-ej-rcito-ropa-t-ctica-Multicam-hombre-Erkek-Ceket-cazadoras.jpg,https:\/\/ae01.alicdn.com\/kf\/HTB1ts68XI_vK1RkSmRyq6xwupXau\/Los-hombres-de-camuflaje-militar-chaqueta-ej-rcito-ropa-t-ctica-Multicam-hombre-Erkek-Ceket-cazadoras.jpg\" preload=\"auto\" controls=\"controls\" width=\"100%\" height=\"100%\"><\/video><\/p>\n<div><\/div>\n<div>\n<p style=\"font-family: 'OpenSans'; color: #000; font-weight: 300; font-size: 14px; line-height: 20px; margin-bottom: 12px;\">\u00a11, todos nuestros productos son anunciados en tama\u00f1o asi\u00e1tico el tama\u00f1o es 1 o 2 tama\u00f1os m\u00e1s peque\u00f1os que las personas europeas y estadounidenses por favor elegir 1 o 2 tama\u00f1os m\u00e1s grandes y estudio de la tabla del tama\u00f1o antes de comprar!<\/p>\n<p>2. Medido a mano, se permite una diferencia de 1-3 cm (= 0,39 1cm pulgadas).<\/p>\n<p>3. Cada ordenador puede mostrar diferentes colores incluso si es del mismo color. Permite una diferencia de color razonable.<\/p>\n<\/div>\n<div><img decoding=\"async\" src=\"\/\/ae01.alicdn.com\/kf\/HTB1QUb4XJfvK1RjSspoq6zfNpXaC.jpg\" \/><\/div>\n<div><img decoding=\"async\" style=\"margin-bottom: 10px;\" src=\"\/\/ae01.alicdn.com\/kf\/HTB1MWaAXq1s3KVjSZFAq6x_ZXXaz.jpg\" \/><\/div>\n<div><img decoding=\"async\" src=\"\/\/ae01.alicdn.com\/kf\/HTB1BuY7XPzuK1Rjy0Fpq6yEpFXaw.jpg\" \/><\/div>\n<div><img decoding=\"async\" src=\"\/\/ae01.alicdn.com\/kf\/HTB1CUP.XULrK1Rjy0Fjq6zYXFXa6.jpg\" \/><\/div>\n<div><img decoding=\"async\" src=\"\/\/ae01.alicdn.com\/kf\/HTB1ar_.XPnuK1RkSmFPq6AuzFXan.jpg\" \/><\/div>\n<div><img decoding=\"async\" src=\"\/\/ae01.alicdn.com\/kf\/HTB1.Bf3XFzsK1Rjy1Xbq6xOaFXak.jpg\" \/><\/div>\n<div><img decoding=\"async\" src=\"\/\/ae01.alicdn.com\/kf\/HTB1fRf5XLvsK1RjSspdq6AZepXa8.jpg\" \/><\/div>\n<div><img decoding=\"async\" src=\"\/\/ae01.alicdn.com\/kf\/HTB1Coj7XJjvK1RjSspiq6AEqXXaK.jpg\" \/><\/div>\n<div><img decoding=\"async\" src=\"\/\/ae01.alicdn.com\/kf\/HTB1TWb5XUvrK1RjSspcq6zzSXXaR.jpg\" \/><\/div>\n<div><img decoding=\"async\" src=\"\/\/ae01.alicdn.com\/kf\/HTB1.dv7XODxK1RjSsphq6zHrpXaI.jpg\" \/><\/div>\n<div><img decoding=\"async\" src=\"\/\/ae01.alicdn.com\/kf\/HTB12z68XPzuK1RjSspeq6ziHVXa2.jpg\" \/><\/div>\n<div><img decoding=\"async\" src=\"\/\/ae01.alicdn.com\/kf\/HTB1XjD4XOfrK1RjSspbq6A4pFXap.jpg\" \/><\/div>\n<div><img decoding=\"async\" style=\"margin-bottom: 10px;\" src=\"\/\/ae01.alicdn.com\/kf\/HTB1x25taCSD3KVjSZFKq6z10VXas.jpg\" \/><img decoding=\"async\" style=\"margin-bottom: 10px;\" src=\"\/\/ae01.alicdn.com\/kf\/HTB1nqKrav1H3KVjSZFHq6zKppXaS.jpg\" \/><img decoding=\"async\" style=\"margin-bottom: 10px;\" src=\"\/\/ae01.alicdn.com\/kf\/HTB1I0qrav1H3KVjSZFBq6zSMXXa3.jpg\" \/><\/div>\n\n    <div class=\"xs_social_share_widget xs_share_url after_content \t\tmain_content  wslu-style-1 wslu-share-box-shaped wslu-fill-colored wslu-none wslu-share-horizontal wslu-theme-font-no wslu-main_content\">\n\n\t\t\n        <ul>\n\t\t\t        <\/ul>\n    <\/div> \n","protected":false},"excerpt":{"rendered":"<p><span style=\"color: #ff0000;\"><strong>SOLO ENVIO INTERNACIONAL<\/strong><\/span><\/p>\n","protected":false},"featured_media":7869,"comment_status":"open","ping_status":"closed","template":"","meta":{"jetpack_publicize_message":"","jetpack_publicize_feature_enabled":true,"jetpack_social_post_already_shared":true,"jetpack_social_options":{"image_generator_settings":{"template":"highway","enabled":false},"version":2}},"product_brand":[],"product_cat":[73,62],"product_tag":[],"class_list":{"0":"post-7764","1":"product","2":"type-product","3":"status-publish","4":"has-post-thumbnail","6":"product_cat-hombre-tercera","7":"product_cat-vestuario-hombre","9":"first","10":"instock","11":"sale","12":"taxable","13":"shipping-taxable","14":"purchasable","15":"product-type-variable"},"jetpack_publicize_connections":[],"jetpack_sharing_enabled":true,"_links":{"self":[{"href":"https:\/\/bodegaoutdoor.cl\/store\/wp-json\/wp\/v2\/product\/7764","targetHints":{"allow":["GET"]}}],"collection":[{"href":"https:\/\/bodegaoutdoor.cl\/store\/wp-json\/wp\/v2\/product"}],"about":[{"href":"https:\/\/bodegaoutdoor.cl\/store\/wp-json\/wp\/v2\/types\/product"}],"replies":[{"embeddable":true,"href":"https:\/\/bodegaoutdoor.cl\/store\/wp-json\/wp\/v2\/comments?post=7764"}],"version-history":[{"count":2,"href":"https:\/\/bodegaoutdoor.cl\/store\/wp-json\/wp\/v2\/product\/7764\/revisions"}],"predecessor-version":[{"id":71323,"href":"https:\/\/bodegaoutdoor.cl\/store\/wp-json\/wp\/v2\/product\/7764\/revisions\/71323"}],"wp:featuredmedia":[{"embeddable":true,"href":"https:\/\/bodegaoutdoor.cl\/store\/wp-json\/wp\/v2\/media\/7869"}],"wp:attachment":[{"href":"https:\/\/bodegaoutdoor.cl\/store\/wp-json\/wp\/v2\/media?parent=7764"}],"wp:term":[{"taxonomy":"product_brand","embeddable":true,"href":"https:\/\/bodegaoutdoor.cl\/store\/wp-json\/wp\/v2\/product_brand?post=7764"},{"taxonomy":"product_cat","embeddable":true,"href":"https:\/\/bodegaoutdoor.cl\/store\/wp-json\/wp\/v2\/product_cat?post=7764"},{"taxonomy":"product_tag","embeddable":true,"href":"https:\/\/bodegaoutdoor.cl\/store\/wp-json\/wp\/v2\/product_tag?post=7764"}],"curies":[{"name":"wp","href":"https:\/\/api.w.org\/{rel}","templated":true}]}}