{"id":77791,"date":"2023-07-25T16:48:48","date_gmt":"2023-07-25T20:48:48","guid":{"rendered":"https:\/\/bodegaoutdoor.cl\/store\/product\/pantalones-cortos-de-ciclismo-para-x-tiger-ropa-interior-de-malla-transpirable-con-almohadilla-de-gel-a-prueba-de-golpes-para-bicicleta-de-montana-triangulacion-de-envios\/"},"modified":"2023-07-29T15:12:50","modified_gmt":"2023-07-29T19:12:50","slug":"calzas-ciclismo-de-malla-transpirable-con-almohadilla-de-gel-a-prueba-de-golpes","status":"publish","type":"product","link":"https:\/\/bodegaoutdoor.cl\/store\/product\/calzas-ciclismo-de-malla-transpirable-con-almohadilla-de-gel-a-prueba-de-golpes\/","title":{"rendered":"Calzas ciclismo de malla transpirable con almohadilla de Gel a prueba de golpes"},"content":{"rendered":"<p style=\"text-align: center;\"><video style=\"max-width: 100%;\" src=\"\/\/video.aliexpress-media.com\/play\/u\/ae_sg_item\/2206480241259\/p\/1\/e\/6\/t\/10301\/1100158954752.mp4\" poster=\"https:\/\/ae01.alicdn.com\/kf\/S1f1eb105404e449191ab16022c761319F\/Pantalones-cortos-de-ciclismo-para-X-TIGER-ropa-interior-de-malla-transpirable-con-almohadilla-de-Gel.jpg,https:\/\/ae01.alicdn.com\/kf\/S8c8273c1471b41c1b687631b355819a8m\/Pantalones-cortos-de-ciclismo-para-X-TIGER-ropa-interior-de-malla-transpirable-con-almohadilla-de-Gel.jpg,https:\/\/ae01.alicdn.com\/kf\/Sd24b6d3883214a8495b256e548682591S\/Pantalones-cortos-de-ciclismo-para-X-TIGER-ropa-interior-de-malla-transpirable-con-almohadilla-de-Gel.jpg,https:\/\/ae01.alicdn.com\/kf\/S89d80c2707ee43d1ab4744ce8c8c61d4y\/Pantalones-cortos-de-ciclismo-para-X-TIGER-ropa-interior-de-malla-transpirable-con-almohadilla-de-Gel.jpg,https:\/\/ae01.alicdn.com\/kf\/Sc581599a31844e6e8a4d341516319925P\/Pantalones-cortos-de-ciclismo-para-X-TIGER-ropa-interior-de-malla-transpirable-con-almohadilla-de-Gel.jpg,https:\/\/ae01.alicdn.com\/kf\/S491f9b5c113140fd9f96607633e3f069y\/Pantalones-cortos-de-ciclismo-para-X-TIGER-ropa-interior-de-malla-transpirable-con-almohadilla-de-Gel.jpg\" preload=\"auto\" controls=\"controls\" width=\"100%\" height=\"100%\"><\/video><\/p>\n<p><strong><span id=\"tl_1\" style=\"font-size: 20px;\">\u3010Descripci\u00f3n del producto\u3011<\/span><\/strong><\/p>\n<p>&nbsp;<\/p>\n<p><span id=\"tl_2\" style=\"font-size: 20px;\">Nombre de la marca: X-TIGER<\/span><\/p>\n<p><span id=\"tl_3\" style=\"font-size: 20px;\">Origen: China<\/span><\/p>\n<p><span id=\"tl_4\" style=\"font-size: 20px;\">Material de la tela: 16% spandex + 84% poli\u00e9ster<\/span><\/p>\n<p><span id=\"tl_5\" style=\"font-size: 20px;\">Tipo de ejercicio: ciclismo\/ciclismo deportivo<\/span><\/p>\n<p><span id=\"tl_6\" style=\"font-size: 20px;\">Coj\u00edn: Coj\u00edn de gel 5D, de gel, de dos o m\u00e1s tama\u00f1os.<\/span><\/p>\n<p><span id=\"tl_7\" style=\"font-size: 20px;\">Caracter\u00edstica: transpirable, de secado r\u00e1pido, a prueba de golpes<\/span><\/p>\n<p><strong><span id=\"tl_8\" style=\"font-size: 20px;\">\u3010Caracter\u00edstica \u3011<\/span><\/strong><\/p>\n<p><span id=\"tl_9\" style=\"font-size: 20px;\">Adoptado 4 agujas y 6 hilos de proceso de costura, la costura ser\u00e1 m\u00e1s suave y m\u00e1s hermosa;<\/span><\/p>\n<p><span id=\"tl_10\" style=\"font-size: 20px;\">Se ha a\u00f1adido un el\u00e1stico personalizado en la cintura, en l\u00ednea con el dise\u00f1o del mercado.<\/span><\/p>\n<p><span id=\"tl_11\" style=\"font-size: 20px;\">Correas antideslizantes + acolchado de protecci\u00f3n<\/span><\/p>\n<p><span id=\"tl_12\" style=\"font-size: 20px;\">Reducci\u00f3n de la vibraci\u00f3n y rozaduras<\/span><\/p>\n<p><span id=\"tl_13\" style=\"font-size: 20px;\">Anti-sudor\/secado r\u00e1pido\/transpirable<\/span><\/p>\n<p><strong><span id=\"tl_14\" style=\"font-size: 20px;\">\u3010Atenci\u00f3n\u3011<\/span><\/strong><\/p>\n<p><span id=\"tl_15\" style=\"font-size: 20px;\">1. Los tama\u00f1os anteriores tienen un error de 2-3 cm, por favor, comprenda.<\/span><\/p>\n<p><span id=\"tl_16\" style=\"font-size: 20px;\">2. Nuestro tama\u00f1o es un tama\u00f1o asi\u00e1tico que es m\u00e1s peque\u00f1o que el tama\u00f1o de EE. UU. Y EUR. Si los resultados de las mediciones muestran que puede comprar dos tallas, le recomendamos que elija una m\u00e1s grande.<\/span><\/p>\n<p><img decoding=\"async\" title=\"Pantalones cortos de ciclismo para X-TIGER, ropa interior de malla transpirable con almohadilla de Gel a prueba de golpes, para bicicleta de monta\u00f1a, triangulaci\u00f3n de env\u00edos\" src=\"https:\/\/bodegaoutdoor.cl\/store\/wp-content\/uploads\/2023\/07\/77791-xozqc1.jpg\" alt=\"Pantalones cortos de ciclismo para X-TIGER, ropa interior de malla transpirable con almohadilla de Gel a prueba de golpes, para bicicleta de monta\u00f1a, triangulaci\u00f3n de env\u00edos\" \/><img decoding=\"async\" title=\"Pantalones cortos de ciclismo para X-TIGER, ropa interior de malla transpirable con almohadilla de Gel a prueba de golpes, para bicicleta de monta\u00f1a, triangulaci\u00f3n de env\u00edos\" src=\"https:\/\/bodegaoutdoor.cl\/store\/wp-content\/uploads\/2023\/07\/77791-sxsahn.jpg\" alt=\"Pantalones cortos de ciclismo para X-TIGER, ropa interior de malla transpirable con almohadilla de Gel a prueba de golpes, para bicicleta de monta\u00f1a, triangulaci\u00f3n de env\u00edos\" \/><img decoding=\"async\" title=\"Pantalones cortos de ciclismo para X-TIGER, ropa interior de malla transpirable con almohadilla de Gel a prueba de golpes, para bicicleta de monta\u00f1a, triangulaci\u00f3n de env\u00edos\" src=\"https:\/\/bodegaoutdoor.cl\/store\/wp-content\/uploads\/2023\/07\/77791-88klwt.jpg\" alt=\"Pantalones cortos de ciclismo para X-TIGER, ropa interior de malla transpirable con almohadilla de Gel a prueba de golpes, para bicicleta de monta\u00f1a, triangulaci\u00f3n de env\u00edos\" \/><img decoding=\"async\" title=\"Pantalones cortos de ciclismo para X-TIGER, ropa interior de malla transpirable con almohadilla de Gel a prueba de golpes, para bicicleta de monta\u00f1a, triangulaci\u00f3n de env\u00edos\" src=\"https:\/\/bodegaoutdoor.cl\/store\/wp-content\/uploads\/2023\/07\/77791-c0xnqd.jpg\" alt=\"Pantalones cortos de ciclismo para X-TIGER, ropa interior de malla transpirable con almohadilla de Gel a prueba de golpes, para bicicleta de monta\u00f1a, triangulaci\u00f3n de env\u00edos\" \/><img decoding=\"async\" title=\"Pantalones cortos de ciclismo para X-TIGER, ropa interior de malla transpirable con almohadilla de Gel a prueba de golpes, para bicicleta de monta\u00f1a, triangulaci\u00f3n de env\u00edos\" src=\"https:\/\/bodegaoutdoor.cl\/store\/wp-content\/uploads\/2023\/07\/77791-mt1iek.jpg\" alt=\"Pantalones cortos de ciclismo para X-TIGER, ropa interior de malla transpirable con almohadilla de Gel a prueba de golpes, para bicicleta de monta\u00f1a, triangulaci\u00f3n de env\u00edos\" \/><img decoding=\"async\" title=\"Pantalones cortos de ciclismo para X-TIGER, ropa interior de malla transpirable con almohadilla de Gel a prueba de golpes, para bicicleta de monta\u00f1a, triangulaci\u00f3n de env\u00edos\" src=\"https:\/\/bodegaoutdoor.cl\/store\/wp-content\/uploads\/2023\/07\/77791-d5v9wm.jpg\" alt=\"Pantalones cortos de ciclismo para X-TIGER, ropa interior de malla transpirable con almohadilla de Gel a prueba de golpes, para bicicleta de monta\u00f1a, triangulaci\u00f3n de env\u00edos\" \/><img decoding=\"async\" title=\"Pantalones cortos de ciclismo para X-TIGER, ropa interior de malla transpirable con almohadilla de Gel a prueba de golpes, para bicicleta de monta\u00f1a, triangulaci\u00f3n de env\u00edos\" src=\"https:\/\/bodegaoutdoor.cl\/store\/wp-content\/uploads\/2023\/07\/77791-0etlok.jpg\" alt=\"Pantalones cortos de ciclismo para X-TIGER, ropa interior de malla transpirable con almohadilla de Gel a prueba de golpes, para bicicleta de monta\u00f1a, triangulaci\u00f3n de env\u00edos\" \/><img decoding=\"async\" title=\"Pantalones cortos de ciclismo para X-TIGER, ropa interior de malla transpirable con almohadilla de Gel a prueba de golpes, para bicicleta de monta\u00f1a, triangulaci\u00f3n de env\u00edos\" src=\"https:\/\/bodegaoutdoor.cl\/store\/wp-content\/uploads\/2023\/07\/77791-dbnnfl.jpg\" alt=\"Pantalones cortos de ciclismo para X-TIGER, ropa interior de malla transpirable con almohadilla de Gel a prueba de golpes, para bicicleta de monta\u00f1a, triangulaci\u00f3n de env\u00edos\" \/><img decoding=\"async\" title=\"Pantalones cortos de ciclismo para X-TIGER, ropa interior de malla transpirable con almohadilla de Gel a prueba de golpes, para bicicleta de monta\u00f1a, triangulaci\u00f3n de env\u00edos\" src=\"https:\/\/bodegaoutdoor.cl\/store\/wp-content\/uploads\/2023\/07\/77791-vsfdoz.jpg\" alt=\"Pantalones cortos de ciclismo para X-TIGER, ropa interior de malla transpirable con almohadilla de Gel a prueba de golpes, para bicicleta de monta\u00f1a, triangulaci\u00f3n de env\u00edos\" \/><img decoding=\"async\" title=\"Pantalones cortos de ciclismo para X-TIGER, ropa interior de malla transpirable con almohadilla de Gel a prueba de golpes, para bicicleta de monta\u00f1a, triangulaci\u00f3n de env\u00edos\" src=\"https:\/\/bodegaoutdoor.cl\/store\/wp-content\/uploads\/2023\/07\/77791-ydvh9m.jpg\" alt=\"Pantalones cortos de ciclismo para X-TIGER, ropa interior de malla transpirable con almohadilla de Gel a prueba de golpes, para bicicleta de monta\u00f1a, triangulaci\u00f3n de env\u00edos\" \/><img decoding=\"async\" title=\"Pantalones cortos de ciclismo para X-TIGER, ropa interior de malla transpirable con almohadilla de Gel a prueba de golpes, para bicicleta de monta\u00f1a, triangulaci\u00f3n de env\u00edos\" src=\"https:\/\/bodegaoutdoor.cl\/store\/wp-content\/uploads\/2023\/07\/77791-1esaj9.jpg\" alt=\"Pantalones cortos de ciclismo para X-TIGER, ropa interior de malla transpirable con almohadilla de Gel a prueba de golpes, para bicicleta de monta\u00f1a, triangulaci\u00f3n de env\u00edos\" \/><img decoding=\"async\" title=\"Pantalones cortos de ciclismo para X-TIGER, ropa interior de malla transpirable con almohadilla de Gel a prueba de golpes, para bicicleta de monta\u00f1a, triangulaci\u00f3n de env\u00edos\" src=\"https:\/\/bodegaoutdoor.cl\/store\/wp-content\/uploads\/2023\/07\/77791-drlfex.jpg\" alt=\"Pantalones cortos de ciclismo para X-TIGER, ropa interior de malla transpirable con almohadilla de Gel a prueba de golpes, para bicicleta de monta\u00f1a, triangulaci\u00f3n de env\u00edos\" \/><img decoding=\"async\" title=\"Pantalones cortos de ciclismo para X-TIGER, ropa interior de malla transpirable con almohadilla de Gel a prueba de golpes, para bicicleta de monta\u00f1a, triangulaci\u00f3n de env\u00edos\" src=\"https:\/\/bodegaoutdoor.cl\/store\/wp-content\/uploads\/2023\/07\/77791-niupfz.jpg\" alt=\"Pantalones cortos de ciclismo para X-TIGER, ropa interior de malla transpirable con almohadilla de Gel a prueba de golpes, para bicicleta de monta\u00f1a, triangulaci\u00f3n de env\u00edos\" \/><img decoding=\"async\" title=\"Pantalones cortos de ciclismo para X-TIGER, ropa interior de malla transpirable con almohadilla de Gel a prueba de golpes, para bicicleta de monta\u00f1a, triangulaci\u00f3n de env\u00edos\" src=\"https:\/\/bodegaoutdoor.cl\/store\/wp-content\/uploads\/2023\/07\/77791-twgti4.jpg\" alt=\"Pantalones cortos de ciclismo para X-TIGER, ropa interior de malla transpirable con almohadilla de Gel a prueba de golpes, para bicicleta de monta\u00f1a, triangulaci\u00f3n de env\u00edos\" \/><img decoding=\"async\" title=\"Pantalones cortos de ciclismo para X-TIGER, ropa interior de malla transpirable con almohadilla de Gel a prueba de golpes, para bicicleta de monta\u00f1a, triangulaci\u00f3n de env\u00edos\" src=\"https:\/\/bodegaoutdoor.cl\/store\/wp-content\/uploads\/2023\/07\/77791-iufdex.jpg\" alt=\"Pantalones cortos de ciclismo para X-TIGER, ropa interior de malla transpirable con almohadilla de Gel a prueba de golpes, para bicicleta de monta\u00f1a, triangulaci\u00f3n de env\u00edos\" \/><img decoding=\"async\" title=\"Pantalones cortos de ciclismo para X-TIGER, ropa interior de malla transpirable con almohadilla de Gel a prueba de golpes, para bicicleta de monta\u00f1a, triangulaci\u00f3n de env\u00edos\" src=\"https:\/\/bodegaoutdoor.cl\/store\/wp-content\/uploads\/2023\/07\/77791-rq83o7.jpg\" alt=\"Pantalones cortos de ciclismo para X-TIGER, ropa interior de malla transpirable con almohadilla de Gel a prueba de golpes, para bicicleta de monta\u00f1a, triangulaci\u00f3n de env\u00edos\" \/><img decoding=\"async\" title=\"Pantalones cortos de ciclismo para X-TIGER, ropa interior de malla transpirable con almohadilla de Gel a prueba de golpes, para bicicleta de monta\u00f1a, triangulaci\u00f3n de env\u00edos\" src=\"https:\/\/bodegaoutdoor.cl\/store\/wp-content\/uploads\/2023\/07\/77791-yxow6r.jpg\" alt=\"Pantalones cortos de ciclismo para X-TIGER, ropa interior de malla transpirable con almohadilla de Gel a prueba de golpes, para bicicleta de monta\u00f1a, triangulaci\u00f3n de env\u00edos\" \/><img decoding=\"async\" title=\"Pantalones cortos de ciclismo para X-TIGER, ropa interior de malla transpirable con almohadilla de Gel a prueba de golpes, para bicicleta de monta\u00f1a, triangulaci\u00f3n de env\u00edos\" src=\"https:\/\/bodegaoutdoor.cl\/store\/wp-content\/uploads\/2023\/07\/77791-cqzkqr.jpg\" alt=\"Pantalones cortos de ciclismo para X-TIGER, ropa interior de malla transpirable con almohadilla de Gel a prueba de golpes, para bicicleta de monta\u00f1a, triangulaci\u00f3n de env\u00edos\" \/><img decoding=\"async\" title=\"Pantalones cortos de ciclismo para X-TIGER, ropa interior de malla transpirable con almohadilla de Gel a prueba de golpes, para bicicleta de monta\u00f1a, triangulaci\u00f3n de env\u00edos\" src=\"https:\/\/bodegaoutdoor.cl\/store\/wp-content\/uploads\/2023\/07\/77791-v16nr6.jpg\" alt=\"Pantalones cortos de ciclismo para X-TIGER, ropa interior de malla transpirable con almohadilla de Gel a prueba de golpes, para bicicleta de monta\u00f1a, triangulaci\u00f3n de env\u00edos\" \/><img decoding=\"async\" title=\"Pantalones cortos de ciclismo para X-TIGER, ropa interior de malla transpirable con almohadilla de Gel a prueba de golpes, para bicicleta de monta\u00f1a, triangulaci\u00f3n de env\u00edos\" src=\"https:\/\/bodegaoutdoor.cl\/store\/wp-content\/uploads\/2023\/07\/77791-4b70uj.jpg\" alt=\"Pantalones cortos de ciclismo para X-TIGER, ropa interior de malla transpirable con almohadilla de Gel a prueba de golpes, para bicicleta de monta\u00f1a, triangulaci\u00f3n de env\u00edos\" \/><img decoding=\"async\" title=\"Pantalones cortos de ciclismo para X-TIGER, ropa interior de malla transpirable con almohadilla de Gel a prueba de golpes, para bicicleta de monta\u00f1a, triangulaci\u00f3n de env\u00edos\" src=\"https:\/\/bodegaoutdoor.cl\/store\/wp-content\/uploads\/2023\/07\/77791-qc9fdc.jpg\" alt=\"Pantalones cortos de ciclismo para X-TIGER, ropa interior de malla transpirable con almohadilla de Gel a prueba de golpes, para bicicleta de monta\u00f1a, triangulaci\u00f3n de env\u00edos\" \/><\/p>\n\n    <div class=\"xs_social_share_widget xs_share_url after_content \t\tmain_content  wslu-style-1 wslu-share-box-shaped wslu-fill-colored wslu-none wslu-share-horizontal wslu-theme-font-no wslu-main_content\">\n\n\t\t\n        <ul>\n\t\t\t        <\/ul>\n    <\/div> \n","protected":false},"excerpt":{"rendered":"<p>\u3010Descripci\u00f3n del producto\u3011 &nbsp; Nombre de la marca: X-TIGER Origen: China Material de la tela: 16% spandex + 84% poli\u00e9ster Tipo de ejercicio: ciclismo\/ciclismo deportivo Coj\u00edn: Coj\u00edn de gel 5D, de gel, de dos o m\u00e1s tama\u00f1os. Caracter\u00edstica: transpirable, de secado r\u00e1pido, a prueba de golpes \u3010Caracter\u00edstica \u3011 Adoptado 4 agujas y 6 hilos de [&hellip;]<\/p>\n","protected":false},"featured_media":77800,"comment_status":"open","ping_status":"closed","template":"","meta":{"jetpack_publicize_message":"","jetpack_publicize_feature_enabled":true,"jetpack_social_post_already_shared":true,"jetpack_social_options":{"image_generator_settings":{"template":"highway","enabled":false},"version":2}},"product_brand":[],"product_cat":[1295],"product_tag":[],"class_list":{"0":"post-77791","1":"product","2":"type-product","3":"status-publish","4":"has-post-thumbnail","6":"product_cat-ciclismo","8":"first","9":"instock","10":"sale","11":"taxable","12":"shipping-taxable","13":"purchasable","14":"product-type-variable"},"jetpack_publicize_connections":[],"jetpack_sharing_enabled":true,"_links":{"self":[{"href":"https:\/\/bodegaoutdoor.cl\/store\/wp-json\/wp\/v2\/product\/77791","targetHints":{"allow":["GET"]}}],"collection":[{"href":"https:\/\/bodegaoutdoor.cl\/store\/wp-json\/wp\/v2\/product"}],"about":[{"href":"https:\/\/bodegaoutdoor.cl\/store\/wp-json\/wp\/v2\/types\/product"}],"replies":[{"embeddable":true,"href":"https:\/\/bodegaoutdoor.cl\/store\/wp-json\/wp\/v2\/comments?post=77791"}],"version-history":[{"count":24,"href":"https:\/\/bodegaoutdoor.cl\/store\/wp-json\/wp\/v2\/product\/77791\/revisions"}],"predecessor-version":[{"id":78155,"href":"https:\/\/bodegaoutdoor.cl\/store\/wp-json\/wp\/v2\/product\/77791\/revisions\/78155"}],"wp:featuredmedia":[{"embeddable":true,"href":"https:\/\/bodegaoutdoor.cl\/store\/wp-json\/wp\/v2\/media\/77800"}],"wp:attachment":[{"href":"https:\/\/bodegaoutdoor.cl\/store\/wp-json\/wp\/v2\/media?parent=77791"}],"wp:term":[{"taxonomy":"product_brand","embeddable":true,"href":"https:\/\/bodegaoutdoor.cl\/store\/wp-json\/wp\/v2\/product_brand?post=77791"},{"taxonomy":"product_cat","embeddable":true,"href":"https:\/\/bodegaoutdoor.cl\/store\/wp-json\/wp\/v2\/product_cat?post=77791"},{"taxonomy":"product_tag","embeddable":true,"href":"https:\/\/bodegaoutdoor.cl\/store\/wp-json\/wp\/v2\/product_tag?post=77791"}],"curies":[{"name":"wp","href":"https:\/\/api.w.org\/{rel}","templated":true}]}}