{"id":77851,"date":"2023-07-25T16:52:50","date_gmt":"2023-07-25T20:52:50","guid":{"rendered":"https:\/\/bodegaoutdoor.cl\/store\/product\/pantalones-de-senderismo-de-verano-para-mujer-pantalon-deportivo-para-exteriores-camping-escalada-trekking-secado-rapido-elastico-transpirable-ripstop-montana\/"},"modified":"2023-07-26T12:09:33","modified_gmt":"2023-07-26T16:09:33","slug":"pantalones-de-senderismo-de-verano-para-mujer-pantalon-deportivo-para-exteriores-camping-escalada-trekking-secado-rapido-elastico-transpirable-ripstop-montana","status":"publish","type":"product","link":"https:\/\/bodegaoutdoor.cl\/store\/product\/pantalones-de-senderismo-de-verano-para-mujer-pantalon-deportivo-para-exteriores-camping-escalada-trekking-secado-rapido-elastico-transpirable-ripstop-montana\/","title":{"rendered":"Pantalones de senderismo de verano para mujer, Camping, escalada, Trekking, secado r\u00e1pido, el\u00e1stico, transpirable, Ripstop, monta\u00f1a"},"content":{"rendered":"<div><\/div>\n<div>\n<div id=\"tl_1\"><span style=\"font-size: 16px;\"><span style=\"font-family: Arial,Helvetica,sans-serif;\">Pantalones de senderismo de verano para mujer, pantalones de senderismo para deportes al aire libre, Acampada, Escalada, secado r\u00e1pido, el\u00e1sticos, transpirables, Pantalones de monta\u00f1a Ripstop<\/span><\/span><\/div>\n<div>\n<div>\n<p><span style=\"font-size: 18px;\"><strong><span id=\"tl_2\" style=\"font-family: Arial,Helvetica,sans-serif;\">Recordatorio c\u00e1lido<\/span><\/strong><\/span><\/p>\n<\/div>\n<\/div>\n<div>\n<p id=\"tl_3\" style=\"font-family: OpenSans; font-size: 14px; font-weight: 300; line-height: 20px; margin-bottom: 12px;\">1. Todas las tallas son de talla asi\u00e1tica, no de talla estadounidense\/europea, puede elegir la talla seg\u00fan la talla de su cuerpo.<br \/>\n2. Seg\u00fan lo medido a mano, se permite una diferencia de 1-3cm (= 1cm 0,3937 pulgadas).<br \/>\n3. Diferentes pantallas de ordenador pueden mostrar diferentes colores incluso si es el mismo color. As\u00ed que permita una diferencia de color razonable.<\/p>\n<\/div>\n<div>\n<div>\n<table style=\"border-collapse: collapse; width: 836px;\" border=\"0\" width=\"836\" cellspacing=\"0\" cellpadding=\"0\">\n<colgroup>\n<col width=\"91\" \/>\n<col width=\"145\" \/>\n<col width=\"151\" \/>\n<col width=\"92\" \/>\n<col width=\"91\" \/>\n<col width=\"87\" \/> <\/colgroup>\n<tbody>\n<tr style=\"height: 37;\">\n<td style=\"width: 626pt; height: 28pt;\" colspan=\"8\" width=\"836\" height=\"37\">\n<p style=\"text-align: center;\" align=\"center\"><span style=\"font-size: 16px;\"><strong id=\"tl_4\">Tabla de tallas para mujer<\/strong><\/span><\/p>\n<\/td>\n<\/tr>\n<tr style=\"height: 53;\">\n<td style=\"width: 68pt; height: 40pt;\" width=\"91\" height=\"53\">\n<p id=\"tl_5\" style=\"text-align: center;\" align=\"center\">Tama\u00f1o asi\u00e1tico<\/p>\n<\/td>\n<td style=\"width: 109pt;\" width=\"145\">\n<p id=\"tl_6\" style=\"text-align: center;\" align=\"center\">Cintura (relajada)<\/p>\n<\/td>\n<td style=\"width: 113pt;\" width=\"151\">\n<p id=\"tl_7\" style=\"text-align: center;\" align=\"center\">Cintura (estirada)<\/p>\n<\/td>\n<td style=\"width: 69pt;\" width=\"92\">\n<p id=\"tl_8\" style=\"text-align: center;\" align=\"center\">Cadera<\/p>\n<\/td>\n<td style=\"width: 69pt;\" width=\"92\">\n<p id=\"tl_9\" style=\"text-align: center;\" align=\"center\">Longitud del pantal\u00f3n<\/p>\n<\/td>\n<td style=\"width: 68pt;\" width=\"91\">\n<p id=\"tl_10\" style=\"text-align: center;\" align=\"center\">Abertura de piernas<\/p>\n<\/td>\n<td style=\"width: 65pt;\" width=\"87\">\n<p id=\"tl_11\" style=\"text-align: center;\" align=\"center\">Rango de altura<\/p>\n<\/td>\n<td style=\"width: 65pt;\" width=\"87\">\n<p id=\"tl_12\" style=\"text-align: center;\" align=\"center\">Rango de peso<\/p>\n<\/td>\n<\/tr>\n<tr style=\"height: 27;\">\n<td style=\"height: 40pt;\" rowspan=\"2\" height=\"54\">\n<p id=\"tl_13\" style=\"text-align: center;\" align=\"center\">M<\/p>\n<\/td>\n<td style=\"width: 109pt;\" width=\"145\">\n<p id=\"tl_14\" style=\"text-align: center;\" align=\"center\">66,0 cm<\/p>\n<\/td>\n<td style=\"width: 113pt;\" width=\"151\">\n<p id=\"tl_15\" style=\"text-align: center;\" align=\"center\">78,0 cm<\/p>\n<\/td>\n<td style=\"width: 69pt;\" width=\"92\">\n<p id=\"tl_16\" style=\"text-align: center;\" align=\"center\">90,0 cm<\/p>\n<\/td>\n<td style=\"width: 69pt;\" width=\"92\">\n<p id=\"tl_17\" style=\"text-align: center;\" align=\"center\">94,0 cm<\/p>\n<\/td>\n<td style=\"width: 68pt;\" width=\"91\">\n<p id=\"tl_18\" style=\"text-align: center;\" align=\"center\">34,0 cm<\/p>\n<\/td>\n<td rowspan=\"2\">\n<p id=\"tl_19\" style=\"text-align: center;\" align=\"center\">155-160cm<\/p>\n<\/td>\n<td rowspan=\"2\">\n<p id=\"tl_20\" style=\"text-align: center;\" align=\"center\">45-50kg<\/p>\n<\/td>\n<\/tr>\n<tr style=\"height: 27;\">\n<td style=\"height: 20pt;\" height=\"27\">\n<p id=\"tl_21\" style=\"text-align: center;\" align=\"center\">25,98 pulgadas<\/p>\n<\/td>\n<td>\n<p id=\"tl_22\" style=\"text-align: center;\" align=\"center\">30,71 pulgadas<\/p>\n<\/td>\n<td>\n<p id=\"tl_23\" style=\"text-align: center;\" align=\"center\">35,43 pulgadas<\/p>\n<\/td>\n<td>\n<p id=\"tl_24\" style=\"text-align: center;\" align=\"center\">37,01 pulgadas<\/p>\n<\/td>\n<td>\n<p id=\"tl_25\" style=\"text-align: center;\" align=\"center\">13,39 pulgadas<\/p>\n<\/td>\n<\/tr>\n<tr style=\"height: 27;\">\n<td style=\"height: 40pt;\" rowspan=\"2\" height=\"54\">\n<p id=\"tl_26\" style=\"text-align: center;\" align=\"center\">L<\/p>\n<\/td>\n<td style=\"width: 109pt;\" width=\"145\">\n<p id=\"tl_27\" style=\"text-align: center;\" align=\"center\">70,0 cm<\/p>\n<\/td>\n<td style=\"width: 113pt;\" width=\"151\">\n<p id=\"tl_28\" style=\"text-align: center;\" align=\"center\">82,0 cm<\/p>\n<\/td>\n<td style=\"width: 69pt;\" width=\"92\">\n<p id=\"tl_29\" style=\"text-align: center;\" align=\"center\">94,0 cm<\/p>\n<\/td>\n<td style=\"width: 69pt;\" width=\"92\">\n<p id=\"tl_30\" style=\"text-align: center;\" align=\"center\">97,0 cm<\/p>\n<\/td>\n<td style=\"width: 68pt;\" width=\"91\">\n<p id=\"tl_31\" style=\"text-align: center;\" align=\"center\">35,0 cm<\/p>\n<\/td>\n<td rowspan=\"2\">\n<p id=\"tl_32\" style=\"text-align: center;\" align=\"center\">160-165cm<\/p>\n<\/td>\n<td rowspan=\"2\">\n<p id=\"tl_33\" style=\"text-align: center;\" align=\"center\">50-57kg<\/p>\n<\/td>\n<\/tr>\n<tr style=\"height: 27;\">\n<td style=\"height: 20pt;\" height=\"27\">\n<p id=\"tl_34\" style=\"text-align: center;\" align=\"center\">27,56 pulgadas<\/p>\n<\/td>\n<td>\n<p id=\"tl_35\" style=\"text-align: center;\" align=\"center\">32,28 pulgadas<\/p>\n<\/td>\n<td>\n<p id=\"tl_36\" style=\"text-align: center;\" align=\"center\">37,01 pulgadas<\/p>\n<\/td>\n<td>\n<p id=\"tl_37\" style=\"text-align: center;\" align=\"center\">38,19 pulgadas<\/p>\n<\/td>\n<td>\n<p id=\"tl_38\" style=\"text-align: center;\" align=\"center\">13,78 pulgadas<\/p>\n<\/td>\n<\/tr>\n<tr style=\"height: 27;\">\n<td style=\"height: 40pt;\" rowspan=\"2\" height=\"54\">\n<p id=\"tl_39\" style=\"text-align: center;\" align=\"center\">XL<\/p>\n<\/td>\n<td style=\"width: 109pt;\" width=\"145\">\n<p id=\"tl_40\" style=\"text-align: center;\" align=\"center\">74,0 cm<\/p>\n<\/td>\n<td style=\"width: 113pt;\" width=\"151\">\n<p id=\"tl_41\" style=\"text-align: center;\" align=\"center\">86,0 cm<\/p>\n<\/td>\n<td style=\"width: 69pt;\" width=\"92\">\n<p id=\"tl_42\" style=\"text-align: center;\" align=\"center\">98,0 cm<\/p>\n<\/td>\n<td style=\"width: 69pt;\" width=\"92\">\n<p id=\"tl_43\" style=\"text-align: center;\" align=\"center\">100,0 cm<\/p>\n<\/td>\n<td style=\"width: 68pt;\" width=\"91\">\n<p id=\"tl_44\" style=\"text-align: center;\" align=\"center\">36,0 cm<\/p>\n<\/td>\n<td rowspan=\"2\">\n<p id=\"tl_45\" style=\"text-align: center;\" align=\"center\">165-170cm<\/p>\n<\/td>\n<td rowspan=\"2\">\n<p id=\"tl_46\" style=\"text-align: center;\" align=\"center\">57-62kg<\/p>\n<\/td>\n<\/tr>\n<tr style=\"height: 27;\">\n<td style=\"height: 20pt;\" height=\"27\">\n<p id=\"tl_47\" style=\"text-align: center;\" align=\"center\">29,13 pulgadas<\/p>\n<\/td>\n<td>\n<p id=\"tl_48\" style=\"text-align: center;\" align=\"center\">33,86 pulgadas<\/p>\n<\/td>\n<td>\n<p id=\"tl_49\" style=\"text-align: center;\" align=\"center\">38,58 pulgadas<\/p>\n<\/td>\n<td>\n<p id=\"tl_50\" style=\"text-align: center;\" align=\"center\">39,37 pulgadas<\/p>\n<\/td>\n<td>\n<p id=\"tl_51\" style=\"text-align: center;\" align=\"center\">14,17 pulgadas<\/p>\n<\/td>\n<\/tr>\n<tr style=\"height: 27;\">\n<td style=\"height: 40pt;\" rowspan=\"2\" height=\"54\">\n<p id=\"tl_52\" style=\"text-align: center;\" align=\"center\">2XL<\/p>\n<\/td>\n<td style=\"width: 109pt;\" width=\"145\">\n<p id=\"tl_53\" style=\"text-align: center;\" align=\"center\">78,0 cm<\/p>\n<\/td>\n<td style=\"width: 113pt;\" width=\"151\">\n<p id=\"tl_54\" style=\"text-align: center;\" align=\"center\">90,0 cm<\/p>\n<\/td>\n<td style=\"width: 69pt;\" width=\"92\">\n<p id=\"tl_55\" style=\"text-align: center;\" align=\"center\">102,0 cm<\/p>\n<\/td>\n<td style=\"width: 69pt;\" width=\"92\">\n<p id=\"tl_56\" style=\"text-align: center;\" align=\"center\">103,0 cm<\/p>\n<\/td>\n<td style=\"width: 68pt;\" width=\"91\">\n<p id=\"tl_57\" style=\"text-align: center;\" align=\"center\">37,0 cm<\/p>\n<\/td>\n<td rowspan=\"2\">\n<p id=\"tl_58\" style=\"text-align: center;\" align=\"center\">170-175cm<\/p>\n<\/td>\n<td rowspan=\"2\">\n<p id=\"tl_59\" style=\"text-align: center;\" align=\"center\">62-70kg<\/p>\n<\/td>\n<\/tr>\n<tr style=\"height: 27;\">\n<td style=\"height: 20pt;\" height=\"27\">\n<p id=\"tl_60\" style=\"text-align: center;\" align=\"center\">30,71 pulgadas<\/p>\n<\/td>\n<td>\n<p id=\"tl_61\" style=\"text-align: center;\" align=\"center\">35,43 pulgadas<\/p>\n<\/td>\n<td>\n<p id=\"tl_62\" style=\"text-align: center;\" align=\"center\">40,16 pulgadas<\/p>\n<\/td>\n<td>\n<p id=\"tl_63\" style=\"text-align: center;\" align=\"center\">40,55 pulgadas<\/p>\n<\/td>\n<td>\n<p id=\"tl_64\" style=\"text-align: center;\" align=\"center\">14,57 pulgadas<\/p>\n<\/td>\n<\/tr>\n<tr style=\"height: 27;\">\n<td style=\"height: 40pt;\" rowspan=\"2\" height=\"54\">\n<p id=\"tl_65\" style=\"text-align: center;\" align=\"center\">3XL<\/p>\n<\/td>\n<td style=\"width: 109pt;\" width=\"145\">\n<p id=\"tl_66\" style=\"text-align: center;\" align=\"center\">82,0 cm<\/p>\n<\/td>\n<td style=\"width: 113pt;\" width=\"151\">\n<p id=\"tl_67\" style=\"text-align: center;\" align=\"center\">94,0 cm<\/p>\n<\/td>\n<td style=\"width: 69pt;\" width=\"92\">\n<p id=\"tl_68\" style=\"text-align: center;\" align=\"center\">106,0 cm<\/p>\n<\/td>\n<td style=\"width: 69pt;\" width=\"92\">\n<p id=\"tl_69\" style=\"text-align: center;\" align=\"center\">106,0 cm<\/p>\n<\/td>\n<td style=\"width: 68pt;\" width=\"91\">\n<p id=\"tl_70\" style=\"text-align: center;\" align=\"center\">38,0 cm<\/p>\n<\/td>\n<td rowspan=\"2\">\n<p id=\"tl_71\" style=\"text-align: center;\" align=\"center\">175-180cm<\/p>\n<\/td>\n<td rowspan=\"2\">\n<p id=\"tl_72\" style=\"text-align: center;\" align=\"center\">70-78kg<\/p>\n<\/td>\n<\/tr>\n<tr style=\"height: 27;\">\n<td style=\"height: 20pt;\" height=\"27\">\n<p id=\"tl_73\" style=\"text-align: center;\" align=\"center\">32,28 pulgadas<\/p>\n<\/td>\n<td>\n<p id=\"tl_74\" style=\"text-align: center;\" align=\"center\">37,01 pulgadas<\/p>\n<\/td>\n<td>\n<p id=\"tl_75\" style=\"text-align: center;\" align=\"center\">41,73 pulgadas<\/p>\n<\/td>\n<td>\n<p id=\"tl_76\" style=\"text-align: center;\" align=\"center\">41,73 pulgadas<\/p>\n<\/td>\n<td>\n<p id=\"tl_77\" style=\"text-align: center;\" align=\"center\">14,96 pulgadas<\/p>\n<\/td>\n<\/tr>\n<\/tbody>\n<\/table>\n<\/div>\n<\/div>\n<div>\n<div><img decoding=\"async\" title=\"Pantalones de senderismo de verano para mujer, Pantal\u00f3n deportivo para exteriores, Camping, escalada, Trekking, secado r\u00e1pido, el\u00e1stico, transpirable, Ripstop, monta\u00f1a\" src=\"https:\/\/bodegaoutdoor.cl\/store\/wp-content\/uploads\/2023\/07\/77851-awetw8.jpg\" alt=\"Pantalones de senderismo de verano para mujer, Pantal\u00f3n deportivo para exteriores, Camping, escalada, Trekking, secado r\u00e1pido, el\u00e1stico, transpirable, Ripstop, monta\u00f1a\" \/><\/div>\n<\/div>\n<div>\n<div><img decoding=\"async\" title=\"Pantalones de senderismo de verano para mujer, Pantal\u00f3n deportivo para exteriores, Camping, escalada, Trekking, secado r\u00e1pido, el\u00e1stico, transpirable, Ripstop, monta\u00f1a\" src=\"https:\/\/bodegaoutdoor.cl\/store\/wp-content\/uploads\/2023\/07\/77851-1cgphc.jpg\" alt=\"Pantalones de senderismo de verano para mujer, Pantal\u00f3n deportivo para exteriores, Camping, escalada, Trekking, secado r\u00e1pido, el\u00e1stico, transpirable, Ripstop, monta\u00f1a\" \/><\/div>\n<\/div>\n<div>\n<div><img decoding=\"async\" title=\"Pantalones de senderismo de verano para mujer, Pantal\u00f3n deportivo para exteriores, Camping, escalada, Trekking, secado r\u00e1pido, el\u00e1stico, transpirable, Ripstop, monta\u00f1a\" src=\"https:\/\/bodegaoutdoor.cl\/store\/wp-content\/uploads\/2023\/07\/77851-bqwdd0.jpg\" alt=\"Pantalones de senderismo de verano para mujer, Pantal\u00f3n deportivo para exteriores, Camping, escalada, Trekking, secado r\u00e1pido, el\u00e1stico, transpirable, Ripstop, monta\u00f1a\" \/><br \/>\n<img decoding=\"async\" title=\"Pantalones de senderismo de verano para mujer, Pantal\u00f3n deportivo para exteriores, Camping, escalada, Trekking, secado r\u00e1pido, el\u00e1stico, transpirable, Ripstop, monta\u00f1a\" src=\"https:\/\/bodegaoutdoor.cl\/store\/wp-content\/uploads\/2023\/07\/77851-4r7np2.jpg\" alt=\"Pantalones de senderismo de verano para mujer, Pantal\u00f3n deportivo para exteriores, Camping, escalada, Trekking, secado r\u00e1pido, el\u00e1stico, transpirable, Ripstop, monta\u00f1a\" \/><\/div>\n<\/div>\n<div>\n<div><img decoding=\"async\" title=\"Pantalones de senderismo de verano para mujer, Pantal\u00f3n deportivo para exteriores, Camping, escalada, Trekking, secado r\u00e1pido, el\u00e1stico, transpirable, Ripstop, monta\u00f1a\" src=\"https:\/\/bodegaoutdoor.cl\/store\/wp-content\/uploads\/2023\/07\/77851-5bwruj.jpg\" alt=\"Pantalones de senderismo de verano para mujer, Pantal\u00f3n deportivo para exteriores, Camping, escalada, Trekking, secado r\u00e1pido, el\u00e1stico, transpirable, Ripstop, monta\u00f1a\" \/><\/div>\n<\/div>\n<div>\n<div><img decoding=\"async\" title=\"Pantalones de senderismo de verano para mujer, Pantal\u00f3n deportivo para exteriores, Camping, escalada, Trekking, secado r\u00e1pido, el\u00e1stico, transpirable, Ripstop, monta\u00f1a\" src=\"https:\/\/bodegaoutdoor.cl\/store\/wp-content\/uploads\/2023\/07\/77851-wod0lt.jpg\" alt=\"Pantalones de senderismo de verano para mujer, Pantal\u00f3n deportivo para exteriores, Camping, escalada, Trekking, secado r\u00e1pido, el\u00e1stico, transpirable, Ripstop, monta\u00f1a\" \/><\/div>\n<\/div>\n<div>\n<div><img decoding=\"async\" style=\"margin-bottom: 10px;\" title=\"Pantalones de senderismo de verano para mujer, Pantal\u00f3n deportivo para exteriores, Camping, escalada, Trekking, secado r\u00e1pido, el\u00e1stico, transpirable, Ripstop, monta\u00f1a\" src=\"https:\/\/bodegaoutdoor.cl\/store\/wp-content\/uploads\/2023\/07\/77851-iljz54.jpg\" alt=\"Pantalones de senderismo de verano para mujer, Pantal\u00f3n deportivo para exteriores, Camping, escalada, Trekking, secado r\u00e1pido, el\u00e1stico, transpirable, Ripstop, monta\u00f1a\" \/><br \/>\n<img decoding=\"async\" title=\"Pantalones de senderismo de verano para mujer, Pantal\u00f3n deportivo para exteriores, Camping, escalada, Trekking, secado r\u00e1pido, el\u00e1stico, transpirable, Ripstop, monta\u00f1a\" src=\"https:\/\/bodegaoutdoor.cl\/store\/wp-content\/uploads\/2023\/07\/77851-xztmus.jpg\" alt=\"Pantalones de senderismo de verano para mujer, Pantal\u00f3n deportivo para exteriores, Camping, escalada, Trekking, secado r\u00e1pido, el\u00e1stico, transpirable, Ripstop, monta\u00f1a\" \/><br \/>\n<img decoding=\"async\" title=\"Pantalones de senderismo de verano para mujer, Pantal\u00f3n deportivo para exteriores, Camping, escalada, Trekking, secado r\u00e1pido, el\u00e1stico, transpirable, Ripstop, monta\u00f1a\" src=\"https:\/\/bodegaoutdoor.cl\/store\/wp-content\/uploads\/2023\/07\/77851-w0wprd.jpg\" alt=\"Pantalones de senderismo de verano para mujer, Pantal\u00f3n deportivo para exteriores, Camping, escalada, Trekking, secado r\u00e1pido, el\u00e1stico, transpirable, Ripstop, monta\u00f1a\" \/><br \/>\n<img decoding=\"async\" title=\"Pantalones de senderismo de verano para mujer, Pantal\u00f3n deportivo para exteriores, Camping, escalada, Trekking, secado r\u00e1pido, el\u00e1stico, transpirable, Ripstop, monta\u00f1a\" src=\"https:\/\/bodegaoutdoor.cl\/store\/wp-content\/uploads\/2023\/07\/77851-djqlxh.jpg\" alt=\"Pantalones de senderismo de verano para mujer, Pantal\u00f3n deportivo para exteriores, Camping, escalada, Trekking, secado r\u00e1pido, el\u00e1stico, transpirable, Ripstop, monta\u00f1a\" \/><br \/>\n<img decoding=\"async\" title=\"Pantalones de senderismo de verano para mujer, Pantal\u00f3n deportivo para exteriores, Camping, escalada, Trekking, secado r\u00e1pido, el\u00e1stico, transpirable, Ripstop, monta\u00f1a\" src=\"https:\/\/bodegaoutdoor.cl\/store\/wp-content\/uploads\/2023\/07\/77851-mhyyct.jpg\" alt=\"Pantalones de senderismo de verano para mujer, Pantal\u00f3n deportivo para exteriores, Camping, escalada, Trekking, secado r\u00e1pido, el\u00e1stico, transpirable, Ripstop, monta\u00f1a\" \/><br \/>\n<img decoding=\"async\" title=\"Pantalones de senderismo de verano para mujer, Pantal\u00f3n deportivo para exteriores, Camping, escalada, Trekking, secado r\u00e1pido, el\u00e1stico, transpirable, Ripstop, monta\u00f1a\" src=\"https:\/\/bodegaoutdoor.cl\/store\/wp-content\/uploads\/2023\/07\/77851-1xioc3.jpg\" alt=\"Pantalones de senderismo de verano para mujer, Pantal\u00f3n deportivo para exteriores, Camping, escalada, Trekking, secado r\u00e1pido, el\u00e1stico, transpirable, Ripstop, monta\u00f1a\" \/><\/div>\n<\/div>\n<div>\n<p style=\"font-family: OpenSans; font-size: 20px; font-weight: 900; line-height: 28px; margin-bottom: 12px;\"><img decoding=\"async\" title=\"Pantalones de senderismo de verano para mujer, Pantal\u00f3n deportivo para exteriores, Camping, escalada, Trekking, secado r\u00e1pido, el\u00e1stico, transpirable, Ripstop, monta\u00f1a\" src=\"https:\/\/bodegaoutdoor.cl\/store\/wp-content\/uploads\/2023\/07\/77851-p0wv8j.jpg\" alt=\"Pantalones de senderismo de verano para mujer, Pantal\u00f3n deportivo para exteriores, Camping, escalada, Trekking, secado r\u00e1pido, el\u00e1stico, transpirable, Ripstop, monta\u00f1a\" \/><\/p>\n<\/div>\n<div>\n<div><img decoding=\"async\" title=\"Pantalones de senderismo de verano para mujer, Pantal\u00f3n deportivo para exteriores, Camping, escalada, Trekking, secado r\u00e1pido, el\u00e1stico, transpirable, Ripstop, monta\u00f1a\" src=\"https:\/\/bodegaoutdoor.cl\/store\/wp-content\/uploads\/2023\/07\/77851-9d0rdj.jpg\" alt=\"Pantalones de senderismo de verano para mujer, Pantal\u00f3n deportivo para exteriores, Camping, escalada, Trekking, secado r\u00e1pido, el\u00e1stico, transpirable, Ripstop, monta\u00f1a\" \/><br \/>\n<img decoding=\"async\" title=\"Pantalones de senderismo de verano para mujer, Pantal\u00f3n deportivo para exteriores, Camping, escalada, Trekking, secado r\u00e1pido, el\u00e1stico, transpirable, Ripstop, monta\u00f1a\" src=\"https:\/\/bodegaoutdoor.cl\/store\/wp-content\/uploads\/2023\/07\/77851-iknqyk.jpg\" alt=\"Pantalones de senderismo de verano para mujer, Pantal\u00f3n deportivo para exteriores, Camping, escalada, Trekking, secado r\u00e1pido, el\u00e1stico, transpirable, Ripstop, monta\u00f1a\" \/><br \/>\n<img decoding=\"async\" title=\"Pantalones de senderismo de verano para mujer, Pantal\u00f3n deportivo para exteriores, Camping, escalada, Trekking, secado r\u00e1pido, el\u00e1stico, transpirable, Ripstop, monta\u00f1a\" src=\"https:\/\/bodegaoutdoor.cl\/store\/wp-content\/uploads\/2023\/07\/77851-jgqsjp.jpg\" alt=\"Pantalones de senderismo de verano para mujer, Pantal\u00f3n deportivo para exteriores, Camping, escalada, Trekking, secado r\u00e1pido, el\u00e1stico, transpirable, Ripstop, monta\u00f1a\" \/><\/div>\n<\/div>\n<div>\n<div><img decoding=\"async\" title=\"Pantalones de senderismo de verano para mujer, Pantal\u00f3n deportivo para exteriores, Camping, escalada, Trekking, secado r\u00e1pido, el\u00e1stico, transpirable, Ripstop, monta\u00f1a\" src=\"https:\/\/bodegaoutdoor.cl\/store\/wp-content\/uploads\/2023\/07\/77851-v1odxe.jpg\" alt=\"Pantalones de senderismo de verano para mujer, Pantal\u00f3n deportivo para exteriores, Camping, escalada, Trekking, secado r\u00e1pido, el\u00e1stico, transpirable, Ripstop, monta\u00f1a\" \/><br \/>\n<img decoding=\"async\" title=\"Pantalones de senderismo de verano para mujer, Pantal\u00f3n deportivo para exteriores, Camping, escalada, Trekking, secado r\u00e1pido, el\u00e1stico, transpirable, Ripstop, monta\u00f1a\" src=\"https:\/\/bodegaoutdoor.cl\/store\/wp-content\/uploads\/2023\/07\/77851-zgwx8e.jpg\" alt=\"Pantalones de senderismo de verano para mujer, Pantal\u00f3n deportivo para exteriores, Camping, escalada, Trekking, secado r\u00e1pido, el\u00e1stico, transpirable, Ripstop, monta\u00f1a\" \/><br \/>\n<img decoding=\"async\" title=\"Pantalones de senderismo de verano para mujer, Pantal\u00f3n deportivo para exteriores, Camping, escalada, Trekking, secado r\u00e1pido, el\u00e1stico, transpirable, Ripstop, monta\u00f1a\" src=\"https:\/\/bodegaoutdoor.cl\/store\/wp-content\/uploads\/2023\/07\/77851-lovxpj.jpg\" alt=\"Pantalones de senderismo de verano para mujer, Pantal\u00f3n deportivo para exteriores, Camping, escalada, Trekking, secado r\u00e1pido, el\u00e1stico, transpirable, Ripstop, monta\u00f1a\" \/><br \/>\n<img decoding=\"async\" title=\"Pantalones de senderismo de verano para mujer, Pantal\u00f3n deportivo para exteriores, Camping, escalada, Trekking, secado r\u00e1pido, el\u00e1stico, transpirable, Ripstop, monta\u00f1a\" src=\"https:\/\/bodegaoutdoor.cl\/store\/wp-content\/uploads\/2023\/07\/77851-3skclx.jpg\" alt=\"Pantalones de senderismo de verano para mujer, Pantal\u00f3n deportivo para exteriores, Camping, escalada, Trekking, secado r\u00e1pido, el\u00e1stico, transpirable, Ripstop, monta\u00f1a\" \/><br \/>\n<img decoding=\"async\" title=\"Pantalones de senderismo de verano para mujer, Pantal\u00f3n deportivo para exteriores, Camping, escalada, Trekking, secado r\u00e1pido, el\u00e1stico, transpirable, Ripstop, monta\u00f1a\" src=\"https:\/\/bodegaoutdoor.cl\/store\/wp-content\/uploads\/2023\/07\/77851-zmojd2.jpg\" alt=\"Pantalones de senderismo de verano para mujer, Pantal\u00f3n deportivo para exteriores, Camping, escalada, Trekking, secado r\u00e1pido, el\u00e1stico, transpirable, Ripstop, monta\u00f1a\" \/><br \/>\n<img decoding=\"async\" title=\"Pantalones de senderismo de verano para mujer, Pantal\u00f3n deportivo para exteriores, Camping, escalada, Trekking, secado r\u00e1pido, el\u00e1stico, transpirable, Ripstop, monta\u00f1a\" src=\"https:\/\/bodegaoutdoor.cl\/store\/wp-content\/uploads\/2023\/07\/77851-53pjcf.jpg\" alt=\"Pantalones de senderismo de verano para mujer, Pantal\u00f3n deportivo para exteriores, Camping, escalada, Trekking, secado r\u00e1pido, el\u00e1stico, transpirable, Ripstop, monta\u00f1a\" \/><\/div>\n<\/div>\n<\/div>\n\n    <div class=\"xs_social_share_widget xs_share_url after_content \t\tmain_content  wslu-style-1 wslu-share-box-shaped wslu-fill-colored wslu-none wslu-share-horizontal wslu-theme-font-no wslu-main_content\">\n\n\t\t\n        <ul>\n\t\t\t        <\/ul>\n    <\/div> \n","protected":false},"excerpt":{"rendered":"<p>Pantalones de senderismo de verano para mujer, pantalones de senderismo para deportes al aire libre, Acampada, Escalada, secado r\u00e1pido, el\u00e1sticos, transpirables, Pantalones de monta\u00f1a Ripstop Recordatorio c\u00e1lido 1. Todas las tallas son de talla asi\u00e1tica, no de talla estadounidense\/europea, puede elegir la talla seg\u00fan la talla de su cuerpo. 2. Seg\u00fan lo medido a mano, [&hellip;]<\/p>\n","protected":false},"featured_media":77867,"comment_status":"open","ping_status":"closed","template":"","meta":{"jetpack_publicize_message":"","jetpack_publicize_feature_enabled":true,"jetpack_social_post_already_shared":true,"jetpack_social_options":{"image_generator_settings":{"template":"highway","enabled":false},"version":2}},"product_brand":[],"product_cat":[303,63],"product_tag":[],"class_list":{"0":"post-77851","1":"product","2":"type-product","3":"status-publish","4":"has-post-thumbnail","6":"product_cat-pantalon-mujer","7":"product_cat-vestuario-mujer","9":"first","10":"instock","11":"sale","12":"taxable","13":"shipping-taxable","14":"purchasable","15":"product-type-variable"},"jetpack_publicize_connections":[],"jetpack_sharing_enabled":true,"_links":{"self":[{"href":"https:\/\/bodegaoutdoor.cl\/store\/wp-json\/wp\/v2\/product\/77851","targetHints":{"allow":["GET"]}}],"collection":[{"href":"https:\/\/bodegaoutdoor.cl\/store\/wp-json\/wp\/v2\/product"}],"about":[{"href":"https:\/\/bodegaoutdoor.cl\/store\/wp-json\/wp\/v2\/types\/product"}],"replies":[{"embeddable":true,"href":"https:\/\/bodegaoutdoor.cl\/store\/wp-json\/wp\/v2\/comments?post=77851"}],"version-history":[{"count":25,"href":"https:\/\/bodegaoutdoor.cl\/store\/wp-json\/wp\/v2\/product\/77851\/revisions"}],"predecessor-version":[{"id":78087,"href":"https:\/\/bodegaoutdoor.cl\/store\/wp-json\/wp\/v2\/product\/77851\/revisions\/78087"}],"wp:featuredmedia":[{"embeddable":true,"href":"https:\/\/bodegaoutdoor.cl\/store\/wp-json\/wp\/v2\/media\/77867"}],"wp:attachment":[{"href":"https:\/\/bodegaoutdoor.cl\/store\/wp-json\/wp\/v2\/media?parent=77851"}],"wp:term":[{"taxonomy":"product_brand","embeddable":true,"href":"https:\/\/bodegaoutdoor.cl\/store\/wp-json\/wp\/v2\/product_brand?post=77851"},{"taxonomy":"product_cat","embeddable":true,"href":"https:\/\/bodegaoutdoor.cl\/store\/wp-json\/wp\/v2\/product_cat?post=77851"},{"taxonomy":"product_tag","embeddable":true,"href":"https:\/\/bodegaoutdoor.cl\/store\/wp-json\/wp\/v2\/product_tag?post=77851"}],"curies":[{"name":"wp","href":"https:\/\/api.w.org\/{rel}","templated":true}]}}