{"id":78166,"date":"2023-08-16T11:41:27","date_gmt":"2023-08-16T15:41:27","guid":{"rendered":"https:\/\/bodegaoutdoor.cl\/store\/?post_type=product&#038;p=78166"},"modified":"2023-08-16T11:44:30","modified_gmt":"2023-08-16T15:44:30","slug":"recarga-gas-balon-especial-frio-altura-ultragas-nautika","status":"publish","type":"product","link":"https:\/\/bodegaoutdoor.cl\/store\/product\/recarga-gas-balon-especial-frio-altura-ultragas-nautika\/","title":{"rendered":"Recarga gas bal\u00f3n especial fr\u00edo\/altura Ultragas Nautika"},"content":{"rendered":"<h2 class=\"vtex-store-components-3-x-productDescriptionTitle t-heading-5 mb5 mt0\">Descripci\u00f3n del producto<\/h2>\n<div class=\"vtex-store-components-3-x-productDescriptionText c-muted-1\">\n<div class=\"vtex-store-components-3-x-container relative\">\n<div class=\"vtex-store-components-3-x-content h-auto\">\n<div>\n<p>MODELO : Ultragas.<\/p>\n<h4>Tipo:<\/h4>\n<p>Gas.<br \/>\nPESO : 230 gr y\u00a0 450gr<br \/>\nMATERIAL : Isobutano\/propano.<\/p>\n<h4>Contenido:<\/h4>\n<p>: 1 recarga gas.<br \/>\nORIGEN : Importado.<br \/>\nGARANT\u00cdA : 3 meses (por falla de fabricaci\u00f3n).<br \/>\nCERTIFICACI\u00d3N: G-031-03-5437.<br \/>\nUSO: Especial fr\u00edo y altura (condiciones extremas).<\/p>\n<\/div>\n<\/div>\n<div>Enviamos bajo responsabilidad del Cliente<\/div>\n<div class=\"vtex-store-components-3-x-content h-auto\">\n<div><\/div>\n<div><img fetchpriority=\"high\" decoding=\"async\" class=\"alignnone size-medium wp-image-78168\" src=\"https:\/\/bodegaoutdoor.cl\/store\/wp-content\/uploads\/2023\/08\/1911041225_Gas_Maxx_Gas_230_grs-300x300.jpg\" alt=\"\" width=\"300\" height=\"300\" srcset=\"https:\/\/bodegaoutdoor.cl\/store\/wp-content\/uploads\/2023\/08\/1911041225_Gas_Maxx_Gas_230_grs-300x300.jpg 300w, https:\/\/bodegaoutdoor.cl\/store\/wp-content\/uploads\/2023\/08\/1911041225_Gas_Maxx_Gas_230_grs-150x150.jpg 150w, https:\/\/bodegaoutdoor.cl\/store\/wp-content\/uploads\/2023\/08\/1911041225_Gas_Maxx_Gas_230_grs-100x100.jpg 100w, https:\/\/bodegaoutdoor.cl\/store\/wp-content\/uploads\/2023\/08\/1911041225_Gas_Maxx_Gas_230_grs-50x50.jpg 50w, https:\/\/bodegaoutdoor.cl\/store\/wp-content\/uploads\/2023\/08\/1911041225_Gas_Maxx_Gas_230_grs.jpg 500w\" sizes=\"(max-width: 300px) 100vw, 300px\" \/> <img decoding=\"async\" class=\"alignnone size-medium wp-image-78169\" src=\"https:\/\/bodegaoutdoor.cl\/store\/wp-content\/uploads\/2023\/08\/1911042439_Gas_Maxx_Gas_450_grs-300x300.jpg\" alt=\"\" width=\"300\" height=\"300\" srcset=\"https:\/\/bodegaoutdoor.cl\/store\/wp-content\/uploads\/2023\/08\/1911042439_Gas_Maxx_Gas_450_grs-300x300.jpg 300w, https:\/\/bodegaoutdoor.cl\/store\/wp-content\/uploads\/2023\/08\/1911042439_Gas_Maxx_Gas_450_grs-150x150.jpg 150w, https:\/\/bodegaoutdoor.cl\/store\/wp-content\/uploads\/2023\/08\/1911042439_Gas_Maxx_Gas_450_grs-100x100.jpg 100w, https:\/\/bodegaoutdoor.cl\/store\/wp-content\/uploads\/2023\/08\/1911042439_Gas_Maxx_Gas_450_grs-50x50.jpg 50w, https:\/\/bodegaoutdoor.cl\/store\/wp-content\/uploads\/2023\/08\/1911042439_Gas_Maxx_Gas_450_grs.jpg 500w\" sizes=\"(max-width: 300px) 100vw, 300px\" \/><\/div>\n<\/div>\n<\/div>\n<\/div>\n\n    <div class=\"xs_social_share_widget xs_share_url after_content \t\tmain_content  wslu-style-1 wslu-share-box-shaped wslu-fill-colored wslu-none wslu-share-horizontal wslu-theme-font-no wslu-main_content\">\n\n\t\t\n        <ul>\n\t\t\t        <\/ul>\n    <\/div> \n","protected":false},"excerpt":{"rendered":"<p>Descripci\u00f3n del producto MODELO : Ultragas. Tipo: Gas. PESO : 230 gr y\u00a0 450gr MATERIAL : Isobutano\/propano. Contenido: : 1 recarga gas. ORIGEN : Importado. GARANT\u00cdA : 3 meses (por falla de fabricaci\u00f3n). CERTIFICACI\u00d3N: G-031-03-5437. USO: Especial fr\u00edo y altura (condiciones extremas). Enviamos bajo responsabilidad del Cliente<\/p>\n","protected":false},"featured_media":78168,"comment_status":"open","ping_status":"closed","template":"","meta":{"jetpack_publicize_message":"","jetpack_publicize_feature_enabled":true,"jetpack_social_post_already_shared":true,"jetpack_social_options":{"image_generator_settings":{"template":"highway","enabled":false},"version":2}},"product_brand":[],"product_cat":[15,2814],"product_tag":[4662],"class_list":{"0":"post-78166","1":"product","2":"type-product","3":"status-publish","4":"has-post-thumbnail","6":"product_cat-otros","7":"product_cat-camping","8":"product_tag-gas","10":"first","11":"instock","12":"sale","13":"taxable","14":"shipping-taxable","15":"purchasable","16":"product-type-variable"},"jetpack_publicize_connections":[],"jetpack_sharing_enabled":true,"_links":{"self":[{"href":"https:\/\/bodegaoutdoor.cl\/store\/wp-json\/wp\/v2\/product\/78166","targetHints":{"allow":["GET"]}}],"collection":[{"href":"https:\/\/bodegaoutdoor.cl\/store\/wp-json\/wp\/v2\/product"}],"about":[{"href":"https:\/\/bodegaoutdoor.cl\/store\/wp-json\/wp\/v2\/types\/product"}],"replies":[{"embeddable":true,"href":"https:\/\/bodegaoutdoor.cl\/store\/wp-json\/wp\/v2\/comments?post=78166"}],"version-history":[{"count":4,"href":"https:\/\/bodegaoutdoor.cl\/store\/wp-json\/wp\/v2\/product\/78166\/revisions"}],"predecessor-version":[{"id":78175,"href":"https:\/\/bodegaoutdoor.cl\/store\/wp-json\/wp\/v2\/product\/78166\/revisions\/78175"}],"wp:featuredmedia":[{"embeddable":true,"href":"https:\/\/bodegaoutdoor.cl\/store\/wp-json\/wp\/v2\/media\/78168"}],"wp:attachment":[{"href":"https:\/\/bodegaoutdoor.cl\/store\/wp-json\/wp\/v2\/media?parent=78166"}],"wp:term":[{"taxonomy":"product_brand","embeddable":true,"href":"https:\/\/bodegaoutdoor.cl\/store\/wp-json\/wp\/v2\/product_brand?post=78166"},{"taxonomy":"product_cat","embeddable":true,"href":"https:\/\/bodegaoutdoor.cl\/store\/wp-json\/wp\/v2\/product_cat?post=78166"},{"taxonomy":"product_tag","embeddable":true,"href":"https:\/\/bodegaoutdoor.cl\/store\/wp-json\/wp\/v2\/product_tag?post=78166"}],"curies":[{"name":"wp","href":"https:\/\/api.w.org\/{rel}","templated":true}]}}