{"id":78182,"date":"2023-08-24T15:24:52","date_gmt":"2023-08-24T19:24:52","guid":{"rendered":"https:\/\/bodegaoutdoor.cl\/store\/?post_type=product&#038;p=78182"},"modified":"2023-08-26T20:51:17","modified_gmt":"2023-08-27T00:51:17","slug":"linterna-frontal-led-cob-con-bateria-integrada-linterna-recargable-por-usb-5-modos-de-iluminacion-luz-de-trabajo","status":"publish","type":"product","link":"https:\/\/bodegaoutdoor.cl\/store\/product\/linterna-frontal-led-cob-con-bateria-integrada-linterna-recargable-por-usb-5-modos-de-iluminacion-luz-de-trabajo\/","title":{"rendered":"Linterna Frontal LED COB con Sensor Movimiento, linterna recargable por USB, 5 modos de iluminaci\u00f3n, luz de trabajo"},"content":{"rendered":"<div>\n<div>\n<p>LED recargable linterna de cabeza con Sensor de movimiento , ligero\u00a0 para Camping, correr, senderismo<\/p>\n<div><\/div>\n<\/div>\n<div>\n<p>Hay 2 opciones en este estilo:<\/p>\n<p>1. Luz blanca COB + luz amarilla COB<br \/>\n2. Luz blanca COB + luz amarilla COB + luz roja<\/p>\n<p>Todos los estilos vienen con modo de inducci\u00f3n<br \/>\nAjuste de luz Multi-engranaje<\/p>\n<\/div>\n<div>\n<p>Descripci\u00f3n del producto:<\/p>\n<p>Cuentas de l\u00e1mpara LED: 3W led 200lm<br \/>\nInterruptor t\u00e1ctil: luz fuerte-&gt; Luz media-&gt; pulsaci\u00f3n larga y parpadeo r\u00e1pido, interruptor del sensor<br \/>\nTipo de bater\u00eda: Bater\u00eda de pol\u00edmero de litio de 1200mah<br \/>\nVoltaje de funcionamiento: 3,0 V-4,5 V<br \/>\nResistencia al agua: IPX4 (no empapado en agua)<br \/>\nMaterial del cuerpo: de silicona<br \/>\nTiempo de carga: 3 horas<br \/>\n(Primer engranaje) resaltado COB: 350 l\u00famenes, tiempo de iluminaci\u00f3n 2,5 ~ 3H<br \/>\n(Segunda marcha) luz baja COB: 130 l\u00famenes, tiempo de iluminaci\u00f3n 3,5 ~ 4H<br \/>\n(Tercera marcha) XPE resaltado: 120 l\u00famenes, tiempo de iluminaci\u00f3n 4 ~ 4,5 H<br \/>\n(Cuatro engranajes) XPE luz baja: 50 l\u00famenes, tiempo de iluminaci\u00f3n 6*6,5 H<br \/>\nCapacidad de la bater\u00eda: 1200mAH<br \/>\nPeso del producto: 97G<br \/>\nM\u00e9todo de embalaje: Caja de color<br \/>\nAccesorios del producto: L\u00e1mpara, correa de silicona, cable de carga, caja blanca<br \/>\nCantidad al por mayor<br \/>\nCantidad de embalaje: 120 piezas\/man\u00f3metro de caja de cart\u00f3n: 38X31x23CM<br \/>\nTama\u00f1o de la caja \u00fanica: 10x6x4cm peso: 15 gramos<\/p>\n<\/div>\n<\/div>\n<div><img decoding=\"async\" title=\"Linterna de cabeza LED brillante recargable, foco con Sensor de movimiento, l\u00e1mpara de cabeza ligera para Camping, correr, senderismo\" src=\"https:\/\/bodegaoutdoor.cl\/store\/wp-content\/uploads\/2023\/08\/78196-jaondu.jpg\" alt=\"Linterna de cabeza LED brillante recargable, foco con Sensor de movimiento, l\u00e1mpara de cabeza ligera para Camping, correr, senderismo\" \/><img decoding=\"async\" title=\"Linterna de cabeza LED brillante recargable, foco con Sensor de movimiento, l\u00e1mpara de cabeza ligera para Camping, correr, senderismo\" src=\"https:\/\/bodegaoutdoor.cl\/store\/wp-content\/uploads\/2023\/08\/78196-hyodwt.jpg\" alt=\"Linterna de cabeza LED brillante recargable, foco con Sensor de movimiento, l\u00e1mpara de cabeza ligera para Camping, correr, senderismo\" \/><img decoding=\"async\" title=\"Linterna de cabeza LED brillante recargable, foco con Sensor de movimiento, l\u00e1mpara de cabeza ligera para Camping, correr, senderismo\" src=\"https:\/\/bodegaoutdoor.cl\/store\/wp-content\/uploads\/2023\/08\/78196-oqbvlv.jpg\" alt=\"Linterna de cabeza LED brillante recargable, foco con Sensor de movimiento, l\u00e1mpara de cabeza ligera para Camping, correr, senderismo\" \/><img decoding=\"async\" title=\"Linterna de cabeza LED brillante recargable, foco con Sensor de movimiento, l\u00e1mpara de cabeza ligera para Camping, correr, senderismo\" src=\"https:\/\/bodegaoutdoor.cl\/store\/wp-content\/uploads\/2023\/08\/78196-hiq2ly.jpg\" alt=\"Linterna de cabeza LED brillante recargable, foco con Sensor de movimiento, l\u00e1mpara de cabeza ligera para Camping, correr, senderismo\" \/><img decoding=\"async\" title=\"Linterna de cabeza LED brillante recargable, foco con Sensor de movimiento, l\u00e1mpara de cabeza ligera para Camping, correr, senderismo\" src=\"https:\/\/bodegaoutdoor.cl\/store\/wp-content\/uploads\/2023\/08\/78196-cxdtkr.jpg\" alt=\"Linterna de cabeza LED brillante recargable, foco con Sensor de movimiento, l\u00e1mpara de cabeza ligera para Camping, correr, senderismo\" \/><img decoding=\"async\" title=\"Linterna de cabeza LED brillante recargable, foco con Sensor de movimiento, l\u00e1mpara de cabeza ligera para Camping, correr, senderismo\" src=\"https:\/\/bodegaoutdoor.cl\/store\/wp-content\/uploads\/2023\/08\/78196-v1ilc9.jpg\" alt=\"Linterna de cabeza LED brillante recargable, foco con Sensor de movimiento, l\u00e1mpara de cabeza ligera para Camping, correr, senderismo\" \/><img decoding=\"async\" title=\"Linterna de cabeza LED brillante recargable, foco con Sensor de movimiento, l\u00e1mpara de cabeza ligera para Camping, correr, senderismo\" src=\"https:\/\/bodegaoutdoor.cl\/store\/wp-content\/uploads\/2023\/08\/78196-6vjv3w.jpg\" alt=\"Linterna de cabeza LED brillante recargable, foco con Sensor de movimiento, l\u00e1mpara de cabeza ligera para Camping, correr, senderismo\" \/><img decoding=\"async\" title=\"Linterna de cabeza LED brillante recargable, foco con Sensor de movimiento, l\u00e1mpara de cabeza ligera para Camping, correr, senderismo\" src=\"https:\/\/bodegaoutdoor.cl\/store\/wp-content\/uploads\/2023\/08\/78196-kkdx72.jpg\" alt=\"Linterna de cabeza LED brillante recargable, foco con Sensor de movimiento, l\u00e1mpara de cabeza ligera para Camping, correr, senderismo\" \/><img decoding=\"async\" title=\"Linterna de cabeza LED brillante recargable, foco con Sensor de movimiento, l\u00e1mpara de cabeza ligera para Camping, correr, senderismo\" src=\"https:\/\/bodegaoutdoor.cl\/store\/wp-content\/uploads\/2023\/08\/78196-mbievn.jpg\" alt=\"Linterna de cabeza LED brillante recargable, foco con Sensor de movimiento, l\u00e1mpara de cabeza ligera para Camping, correr, senderismo\" \/><img decoding=\"async\" title=\"Linterna de cabeza LED brillante recargable, foco con Sensor de movimiento, l\u00e1mpara de cabeza ligera para Camping, correr, senderismo\" src=\"https:\/\/bodegaoutdoor.cl\/store\/wp-content\/uploads\/2023\/08\/78196-vtjksv.jpg\" alt=\"Linterna de cabeza LED brillante recargable, foco con Sensor de movimiento, l\u00e1mpara de cabeza ligera para Camping, correr, senderismo\" \/><\/div>\n<div><img decoding=\"async\" title=\"Linterna de cabeza LED brillante recargable, foco con Sensor de movimiento, l\u00e1mpara de cabeza ligera para Camping, correr, senderismo\" src=\"https:\/\/bodegaoutdoor.cl\/store\/wp-content\/uploads\/2023\/08\/78196-gaazzz.jpg\" alt=\"Linterna de cabeza LED brillante recargable, foco con Sensor de movimiento, l\u00e1mpara de cabeza ligera para Camping, correr, senderismo\" \/><img decoding=\"async\" title=\"Linterna de cabeza LED brillante recargable, foco con Sensor de movimiento, l\u00e1mpara de cabeza ligera para Camping, correr, senderismo\" src=\"https:\/\/bodegaoutdoor.cl\/store\/wp-content\/uploads\/2023\/08\/78196-2wp55a.jpg\" alt=\"Linterna de cabeza LED brillante recargable, foco con Sensor de movimiento, l\u00e1mpara de cabeza ligera para Camping, correr, senderismo\" \/><img decoding=\"async\" title=\"Linterna de cabeza LED brillante recargable, foco con Sensor de movimiento, l\u00e1mpara de cabeza ligera para Camping, correr, senderismo\" src=\"https:\/\/bodegaoutdoor.cl\/store\/wp-content\/uploads\/2023\/08\/78196-uveqid.jpg\" alt=\"Linterna de cabeza LED brillante recargable, foco con Sensor de movimiento, l\u00e1mpara de cabeza ligera para Camping, correr, senderismo\" \/><img decoding=\"async\" title=\"Linterna de cabeza LED brillante recargable, foco con Sensor de movimiento, l\u00e1mpara de cabeza ligera para Camping, correr, senderismo\" src=\"https:\/\/bodegaoutdoor.cl\/store\/wp-content\/uploads\/2023\/08\/78196-xvujtt.jpg\" alt=\"Linterna de cabeza LED brillante recargable, foco con Sensor de movimiento, l\u00e1mpara de cabeza ligera para Camping, correr, senderismo\" \/><img decoding=\"async\" title=\"Linterna de cabeza LED brillante recargable, foco con Sensor de movimiento, l\u00e1mpara de cabeza ligera para Camping, correr, senderismo\" src=\"https:\/\/bodegaoutdoor.cl\/store\/wp-content\/uploads\/2023\/08\/78196-eiwjpd.jpg\" alt=\"Linterna de cabeza LED brillante recargable, foco con Sensor de movimiento, l\u00e1mpara de cabeza ligera para Camping, correr, senderismo\" \/><img decoding=\"async\" title=\"Linterna de cabeza LED brillante recargable, foco con Sensor de movimiento, l\u00e1mpara de cabeza ligera para Camping, correr, senderismo\" src=\"https:\/\/bodegaoutdoor.cl\/store\/wp-content\/uploads\/2023\/08\/78196-itmci7.jpg\" alt=\"Linterna de cabeza LED brillante recargable, foco con Sensor de movimiento, l\u00e1mpara de cabeza ligera para Camping, correr, senderismo\" \/><img decoding=\"async\" title=\"Linterna de cabeza LED brillante recargable, foco con Sensor de movimiento, l\u00e1mpara de cabeza ligera para Camping, correr, senderismo\" src=\"https:\/\/bodegaoutdoor.cl\/store\/wp-content\/uploads\/2023\/08\/78196-j18vdo.jpg\" alt=\"Linterna de cabeza LED brillante recargable, foco con Sensor de movimiento, l\u00e1mpara de cabeza ligera para Camping, correr, senderismo\" \/><img decoding=\"async\" title=\"Linterna de cabeza LED brillante recargable, foco con Sensor de movimiento, l\u00e1mpara de cabeza ligera para Camping, correr, senderismo\" src=\"https:\/\/bodegaoutdoor.cl\/store\/wp-content\/uploads\/2023\/08\/78196-icgnto.jpg\" alt=\"Linterna de cabeza LED brillante recargable, foco con Sensor de movimiento, l\u00e1mpara de cabeza ligera para Camping, correr, senderismo\" \/><img decoding=\"async\" title=\"Linterna de cabeza LED brillante recargable, foco con Sensor de movimiento, l\u00e1mpara de cabeza ligera para Camping, correr, senderismo\" src=\"https:\/\/bodegaoutdoor.cl\/store\/wp-content\/uploads\/2023\/08\/78196-v1xmdc.jpg\" alt=\"Linterna de cabeza LED brillante recargable, foco con Sensor de movimiento, l\u00e1mpara de cabeza ligera para Camping, correr, senderismo\" \/><\/div>\n\n    <div class=\"xs_social_share_widget xs_share_url after_content \t\tmain_content  wslu-style-1 wslu-share-box-shaped wslu-fill-colored wslu-none wslu-share-horizontal wslu-theme-font-no wslu-main_content\">\n\n\t\t\n        <ul>\n\t\t\t        <\/ul>\n    <\/div> \n","protected":false},"excerpt":{"rendered":"<p><a href=\"https:\/\/api.whatsapp.com\/send?phone=56963572236\"><strong><span style=\"color: #ff0000;\">PRECIO EMBALAJE MODELO 1 $8.500<\/span><\/strong><\/a><\/p>\n<p><a href=\"https:\/\/api.whatsapp.com\/send?phone=56963572236\"><strong><span style=\"color: #ff0000;\">PRECIO EMBALAJE MODELO 2 $9.000<\/span><\/strong><\/a><\/p>\n<p><a href=\"https:\/\/api.whatsapp.com\/send?phone=56963572236\"><strong><span style=\"color: #ff0000;\">PRECIO EMBALAJE MODELO 3 $9.500<\/span><\/strong><\/a><\/p>\n<p><a href=\"https:\/\/api.whatsapp.com\/send?phone=56963572236\"><strong><span style=\"color: #ff0000;\">PRECIO EMBALAJE MODELO 3 $10.000<\/span><\/strong><\/a><\/p>\n<p><strong>Cant. Embalaje 12 Linternas\u00a0<\/strong><\/p>\n<p>&nbsp;<\/p>\n","protected":false},"featured_media":78211,"comment_status":"open","ping_status":"closed","template":"","meta":{"jetpack_publicize_message":"","jetpack_publicize_feature_enabled":true,"jetpack_social_post_already_shared":true,"jetpack_social_options":{"image_generator_settings":{"template":"highway","enabled":false},"version":2}},"product_brand":[],"product_cat":[15,64,35],"product_tag":[3819,2588,482,909],"class_list":{"0":"post-78182","1":"product","2":"type-product","3":"status-publish","4":"has-post-thumbnail","6":"product_cat-otros","7":"product_cat-accessories","8":"product_cat-iliminacion","9":"product_tag-cob","10":"product_tag-frontal","11":"product_tag-linterna","12":"product_tag-trekking","14":"first","15":"instock","16":"taxable","17":"shipping-taxable","18":"purchasable","19":"product-type-variable"},"jetpack_publicize_connections":[],"jetpack_sharing_enabled":true,"_links":{"self":[{"href":"https:\/\/bodegaoutdoor.cl\/store\/wp-json\/wp\/v2\/product\/78182","targetHints":{"allow":["GET"]}}],"collection":[{"href":"https:\/\/bodegaoutdoor.cl\/store\/wp-json\/wp\/v2\/product"}],"about":[{"href":"https:\/\/bodegaoutdoor.cl\/store\/wp-json\/wp\/v2\/types\/product"}],"replies":[{"embeddable":true,"href":"https:\/\/bodegaoutdoor.cl\/store\/wp-json\/wp\/v2\/comments?post=78182"}],"version-history":[{"count":9,"href":"https:\/\/bodegaoutdoor.cl\/store\/wp-json\/wp\/v2\/product\/78182\/revisions"}],"predecessor-version":[{"id":78264,"href":"https:\/\/bodegaoutdoor.cl\/store\/wp-json\/wp\/v2\/product\/78182\/revisions\/78264"}],"wp:featuredmedia":[{"embeddable":true,"href":"https:\/\/bodegaoutdoor.cl\/store\/wp-json\/wp\/v2\/media\/78211"}],"wp:attachment":[{"href":"https:\/\/bodegaoutdoor.cl\/store\/wp-json\/wp\/v2\/media?parent=78182"}],"wp:term":[{"taxonomy":"product_brand","embeddable":true,"href":"https:\/\/bodegaoutdoor.cl\/store\/wp-json\/wp\/v2\/product_brand?post=78182"},{"taxonomy":"product_cat","embeddable":true,"href":"https:\/\/bodegaoutdoor.cl\/store\/wp-json\/wp\/v2\/product_cat?post=78182"},{"taxonomy":"product_tag","embeddable":true,"href":"https:\/\/bodegaoutdoor.cl\/store\/wp-json\/wp\/v2\/product_tag?post=78182"}],"curies":[{"name":"wp","href":"https:\/\/api.w.org\/{rel}","templated":true}]}}