{"id":78265,"date":"2023-08-28T11:48:31","date_gmt":"2023-08-28T15:48:31","guid":{"rendered":"https:\/\/bodegaoutdoor.cl\/store\/product\/idogear-bolsa-tactica-gp-bolsa-de-utilidad-general-molle-articulos-diversos-bolsa-de-reciclaje-airsoft-gear-3574\/"},"modified":"2024-08-08T13:51:39","modified_gmt":"2024-08-08T17:51:39","slug":"bolsa-tactica-gp-bolsa-administrativo-molle-airsoft-gear-3574","status":"publish","type":"product","link":"https:\/\/bodegaoutdoor.cl\/store\/product\/bolsa-tactica-gp-bolsa-administrativo-molle-airsoft-gear-3574\/","title":{"rendered":"Bolsa t\u00e1ctica GP, bolsa administrativo, MOLLE, Airsoft Gear 3574"},"content":{"rendered":"<div>\n<div>\n<div>\n<div>\n<div><\/div>\n<p>&nbsp;<\/p>\n<p><img decoding=\"async\" title=\"IDOGEAR-bolsa t\u00e1ctica GP, bolsa de utilidad General, MOLLE, art\u00edculos diversos, bolsa de reciclaje, Airsoft Gear 3574\" src=\"https:\/\/bodegaoutdoor.cl\/store\/wp-content\/uploads\/2023\/08\/78265-twawcc.jpg\" alt=\"IDOGEAR-bolsa t\u00e1ctica GP, bolsa de utilidad General, MOLLE, art\u00edculos diversos, bolsa de reciclaje, Airsoft Gear 3574\" width=\"400\" \/><\/p>\n<p><span style=\"font-size: 10.5pt; font-family: tahoma, sans-serif;\"><span style=\"font-size: 10.5pt; font-family: tahoma, sans-serif;\"><span style=\"font-size: 14px; font-family: tahoma, sans-serif;\"><span style=\"font-size: 18px;\">IDOGEAR-bolsa t\u00e1ctica GP, bolsa de uso General, MOLLE, art\u00edculos diversos, bolsa de reciclaje, equipo Airsoft<\/span><\/span><\/span><\/span><\/p>\n<div><\/div>\n<p style=\"margin: 0px; padding: 0px;\"><img decoding=\"async\" title=\"IDOGEAR-bolsa t\u00e1ctica GP, bolsa de utilidad General, MOLLE, art\u00edculos diversos, bolsa de reciclaje, Airsoft Gear 3574\" src=\"https:\/\/bodegaoutdoor.cl\/store\/wp-content\/uploads\/2023\/08\/78265-mobk3a.jpg\" alt=\"IDOGEAR-bolsa t\u00e1ctica GP, bolsa de utilidad General, MOLLE, art\u00edculos diversos, bolsa de reciclaje, Airsoft Gear 3574\" width=\"400\" \/><\/p>\n<p><span style=\"font-size: 10.5pt; font-family: tahoma, sans-serif;\"><span style=\"font-size: 16px;\">Material: tela de nailon de alta calidad<br \/>\nTama\u00f1o: 24x12x10,5 cm<br \/>\nPeso: 170g<br \/>\nColor: marr\u00f3n Coyote, negro, verde Ranger, MultiCam, negro MultiCam.<\/span><\/span><\/p>\n<p>&nbsp;<\/p>\n<div><\/div>\n<p><img decoding=\"async\" title=\"IDOGEAR-bolsa t\u00e1ctica GP, bolsa de utilidad General, MOLLE, art\u00edculos diversos, bolsa de reciclaje, Airsoft Gear 3574\" src=\"https:\/\/bodegaoutdoor.cl\/store\/wp-content\/uploads\/2023\/08\/78265-stx2u2.jpg\" alt=\"IDOGEAR-bolsa t\u00e1ctica GP, bolsa de utilidad General, MOLLE, art\u00edculos diversos, bolsa de reciclaje, Airsoft Gear 3574\" width=\"400\" \/><\/p>\n<p style=\"margin: 0px; padding: 0px; border: 0px;\"><span style=\"font-family: arial, helvetica, sans-serif;\"><span style=\"font-family: Tahoma;\"><span style=\"font-size: 16px;\">Sistema MOLLE de corte por l\u00e1ser con lazo en la parte delantera<br \/>\nPanel de bucle cuadrado superior<br \/>\nAccesorio MOLLE trasero<br \/>\nRetenci\u00f3n ajustable<br \/>\nAccesorio de pierna colgante opcional disponible<\/span><\/span><\/span><\/p>\n<p>&nbsp;<\/p>\n<div><\/div>\n<p><img decoding=\"async\" title=\"IDOGEAR-bolsa t\u00e1ctica GP, bolsa de utilidad General, MOLLE, art\u00edculos diversos, bolsa de reciclaje, Airsoft Gear 3574\" src=\"https:\/\/bodegaoutdoor.cl\/store\/wp-content\/uploads\/2023\/08\/78265-gns7vr.jpg\" alt=\"IDOGEAR-bolsa t\u00e1ctica GP, bolsa de utilidad General, MOLLE, art\u00edculos diversos, bolsa de reciclaje, Airsoft Gear 3574\" width=\"400\" \/><\/p>\n<p><img decoding=\"async\" style=\"width: 800px;\" title=\"IDOGEAR-bolsa t\u00e1ctica GP, bolsa de utilidad General, MOLLE, art\u00edculos diversos, bolsa de reciclaje, Airsoft Gear 3574\" src=\"https:\/\/bodegaoutdoor.cl\/store\/wp-content\/uploads\/2023\/08\/78265-6kdfht.jpg\" alt=\"IDOGEAR-bolsa t\u00e1ctica GP, bolsa de utilidad General, MOLLE, art\u00edculos diversos, bolsa de reciclaje, Airsoft Gear 3574\" width=\"800px\" \/><\/p>\n<p><img decoding=\"async\" style=\"width: 800px;\" title=\"IDOGEAR-bolsa t\u00e1ctica GP, bolsa de utilidad General, MOLLE, art\u00edculos diversos, bolsa de reciclaje, Airsoft Gear 3574\" src=\"https:\/\/bodegaoutdoor.cl\/store\/wp-content\/uploads\/2023\/08\/78265-pnnbug.jpg\" alt=\"IDOGEAR-bolsa t\u00e1ctica GP, bolsa de utilidad General, MOLLE, art\u00edculos diversos, bolsa de reciclaje, Airsoft Gear 3574\" width=\"800px\" \/><\/p>\n<p><img decoding=\"async\" style=\"width: 800px;\" title=\"IDOGEAR-bolsa t\u00e1ctica GP, bolsa de utilidad General, MOLLE, art\u00edculos diversos, bolsa de reciclaje, Airsoft Gear 3574\" src=\"https:\/\/bodegaoutdoor.cl\/store\/wp-content\/uploads\/2023\/08\/78265-louc6a.jpg\" alt=\"IDOGEAR-bolsa t\u00e1ctica GP, bolsa de utilidad General, MOLLE, art\u00edculos diversos, bolsa de reciclaje, Airsoft Gear 3574\" width=\"800px\" \/><\/p>\n<p><img decoding=\"async\" style=\"width: 800px;\" title=\"IDOGEAR-bolsa t\u00e1ctica GP, bolsa de utilidad General, MOLLE, art\u00edculos diversos, bolsa de reciclaje, Airsoft Gear 3574\" src=\"https:\/\/bodegaoutdoor.cl\/store\/wp-content\/uploads\/2023\/08\/78265-y3e4om.jpg\" alt=\"IDOGEAR-bolsa t\u00e1ctica GP, bolsa de utilidad General, MOLLE, art\u00edculos diversos, bolsa de reciclaje, Airsoft Gear 3574\" width=\"800px\" \/><\/p>\n<p><img decoding=\"async\" style=\"width: 800px;\" title=\"IDOGEAR-bolsa t\u00e1ctica GP, bolsa de utilidad General, MOLLE, art\u00edculos diversos, bolsa de reciclaje, Airsoft Gear 3574\" src=\"https:\/\/bodegaoutdoor.cl\/store\/wp-content\/uploads\/2023\/08\/78265-gghhxy.jpg\" alt=\"IDOGEAR-bolsa t\u00e1ctica GP, bolsa de utilidad General, MOLLE, art\u00edculos diversos, bolsa de reciclaje, Airsoft Gear 3574\" width=\"800px\" \/><\/p>\n<p><img decoding=\"async\" style=\"width: 800px;\" title=\"IDOGEAR-bolsa t\u00e1ctica GP, bolsa de utilidad General, MOLLE, art\u00edculos diversos, bolsa de reciclaje, Airsoft Gear 3574\" src=\"https:\/\/bodegaoutdoor.cl\/store\/wp-content\/uploads\/2023\/08\/78265-akgicm.jpg\" alt=\"IDOGEAR-bolsa t\u00e1ctica GP, bolsa de utilidad General, MOLLE, art\u00edculos diversos, bolsa de reciclaje, Airsoft Gear 3574\" width=\"800px\" \/><\/p>\n<p><img decoding=\"async\" style=\"width: 800px;\" title=\"IDOGEAR-bolsa t\u00e1ctica GP, bolsa de utilidad General, MOLLE, art\u00edculos diversos, bolsa de reciclaje, Airsoft Gear 3574\" src=\"https:\/\/bodegaoutdoor.cl\/store\/wp-content\/uploads\/2023\/08\/78265-dlgqcz.jpg\" alt=\"IDOGEAR-bolsa t\u00e1ctica GP, bolsa de utilidad General, MOLLE, art\u00edculos diversos, bolsa de reciclaje, Airsoft Gear 3574\" width=\"800px\" \/><\/p>\n<p><img decoding=\"async\" style=\"width: 800px;\" title=\"IDOGEAR-bolsa t\u00e1ctica GP, bolsa de utilidad General, MOLLE, art\u00edculos diversos, bolsa de reciclaje, Airsoft Gear 3574\" src=\"https:\/\/bodegaoutdoor.cl\/store\/wp-content\/uploads\/2023\/08\/78265-wmloyk.jpg\" alt=\"IDOGEAR-bolsa t\u00e1ctica GP, bolsa de utilidad General, MOLLE, art\u00edculos diversos, bolsa de reciclaje, Airsoft Gear 3574\" width=\"800px\" \/><\/p>\n<p><img decoding=\"async\" style=\"width: 800px;\" title=\"IDOGEAR-bolsa t\u00e1ctica GP, bolsa de utilidad General, MOLLE, art\u00edculos diversos, bolsa de reciclaje, Airsoft Gear 3574\" src=\"https:\/\/bodegaoutdoor.cl\/store\/wp-content\/uploads\/2023\/08\/78265-iejpmt.jpg\" alt=\"IDOGEAR-bolsa t\u00e1ctica GP, bolsa de utilidad General, MOLLE, art\u00edculos diversos, bolsa de reciclaje, Airsoft Gear 3574\" width=\"800px\" \/><\/p>\n<p><img decoding=\"async\" style=\"width: 800px;\" title=\"IDOGEAR-bolsa t\u00e1ctica GP, bolsa de utilidad General, MOLLE, art\u00edculos diversos, bolsa de reciclaje, Airsoft Gear 3574\" src=\"https:\/\/bodegaoutdoor.cl\/store\/wp-content\/uploads\/2023\/08\/78265-ikdkly.jpg\" alt=\"IDOGEAR-bolsa t\u00e1ctica GP, bolsa de utilidad General, MOLLE, art\u00edculos diversos, bolsa de reciclaje, Airsoft Gear 3574\" width=\"800px\" \/><\/p>\n<p><img decoding=\"async\" style=\"width: 800px;\" title=\"IDOGEAR-bolsa t\u00e1ctica GP, bolsa de utilidad General, MOLLE, art\u00edculos diversos, bolsa de reciclaje, Airsoft Gear 3574\" src=\"https:\/\/bodegaoutdoor.cl\/store\/wp-content\/uploads\/2023\/08\/78265-bttpwa.jpg\" alt=\"IDOGEAR-bolsa t\u00e1ctica GP, bolsa de utilidad General, MOLLE, art\u00edculos diversos, bolsa de reciclaje, Airsoft Gear 3574\" width=\"800px\" \/><\/p>\n<p><img decoding=\"async\" style=\"width: 800px;\" title=\"IDOGEAR-bolsa t\u00e1ctica GP, bolsa de utilidad General, MOLLE, art\u00edculos diversos, bolsa de reciclaje, Airsoft Gear 3574\" src=\"https:\/\/bodegaoutdoor.cl\/store\/wp-content\/uploads\/2023\/08\/78265-hixkd7.jpg\" alt=\"IDOGEAR-bolsa t\u00e1ctica GP, bolsa de utilidad General, MOLLE, art\u00edculos diversos, bolsa de reciclaje, Airsoft Gear 3574\" width=\"800px\" \/><\/p>\n<p><img decoding=\"async\" style=\"width: 800px;\" title=\"IDOGEAR-bolsa t\u00e1ctica GP, bolsa de utilidad General, MOLLE, art\u00edculos diversos, bolsa de reciclaje, Airsoft Gear 3574\" src=\"https:\/\/bodegaoutdoor.cl\/store\/wp-content\/uploads\/2023\/08\/78265-b5mvbs.jpg\" alt=\"IDOGEAR-bolsa t\u00e1ctica GP, bolsa de utilidad General, MOLLE, art\u00edculos diversos, bolsa de reciclaje, Airsoft Gear 3574\" width=\"800px\" \/><\/p>\n<p><img decoding=\"async\" style=\"width: 800px;\" title=\"IDOGEAR-bolsa t\u00e1ctica GP, bolsa de utilidad General, MOLLE, art\u00edculos diversos, bolsa de reciclaje, Airsoft Gear 3574\" src=\"https:\/\/bodegaoutdoor.cl\/store\/wp-content\/uploads\/2023\/08\/78265-jnbriz.jpg\" alt=\"IDOGEAR-bolsa t\u00e1ctica GP, bolsa de utilidad General, MOLLE, art\u00edculos diversos, bolsa de reciclaje, Airsoft Gear 3574\" width=\"800px\" \/><\/p>\n<p><img decoding=\"async\" style=\"width: 800px;\" title=\"IDOGEAR-bolsa t\u00e1ctica GP, bolsa de utilidad General, MOLLE, art\u00edculos diversos, bolsa de reciclaje, Airsoft Gear 3574\" src=\"https:\/\/bodegaoutdoor.cl\/store\/wp-content\/uploads\/2023\/08\/78265-xdapj5.jpg\" alt=\"IDOGEAR-bolsa t\u00e1ctica GP, bolsa de utilidad General, MOLLE, art\u00edculos diversos, bolsa de reciclaje, Airsoft Gear 3574\" width=\"800px\" \/><\/p>\n<p><img decoding=\"async\" style=\"width: 800px;\" title=\"IDOGEAR-bolsa t\u00e1ctica GP, bolsa de utilidad General, MOLLE, art\u00edculos diversos, bolsa de reciclaje, Airsoft Gear 3574\" src=\"https:\/\/bodegaoutdoor.cl\/store\/wp-content\/uploads\/2023\/08\/78265-nhrhq8.jpg\" alt=\"IDOGEAR-bolsa t\u00e1ctica GP, bolsa de utilidad General, MOLLE, art\u00edculos diversos, bolsa de reciclaje, Airsoft Gear 3574\" width=\"800px\" \/><\/p>\n<p><img decoding=\"async\" style=\"width: 800px;\" title=\"IDOGEAR-bolsa t\u00e1ctica GP, bolsa de utilidad General, MOLLE, art\u00edculos diversos, bolsa de reciclaje, Airsoft Gear 3574\" src=\"https:\/\/bodegaoutdoor.cl\/store\/wp-content\/uploads\/2023\/08\/78265-7qerxw.jpg\" alt=\"IDOGEAR-bolsa t\u00e1ctica GP, bolsa de utilidad General, MOLLE, art\u00edculos diversos, bolsa de reciclaje, Airsoft Gear 3574\" width=\"800px\" \/><\/p>\n<p><img decoding=\"async\" style=\"width: 800px;\" title=\"IDOGEAR-bolsa t\u00e1ctica GP, bolsa de utilidad General, MOLLE, art\u00edculos diversos, bolsa de reciclaje, Airsoft Gear 3574\" src=\"https:\/\/bodegaoutdoor.cl\/store\/wp-content\/uploads\/2023\/08\/78265-swywcs.jpg\" alt=\"IDOGEAR-bolsa t\u00e1ctica GP, bolsa de utilidad General, MOLLE, art\u00edculos diversos, bolsa de reciclaje, Airsoft Gear 3574\" width=\"800px\" \/><\/p>\n<p><img decoding=\"async\" style=\"width: 800px;\" title=\"IDOGEAR-bolsa t\u00e1ctica GP, bolsa de utilidad General, MOLLE, art\u00edculos diversos, bolsa de reciclaje, Airsoft Gear 3574\" src=\"https:\/\/bodegaoutdoor.cl\/store\/wp-content\/uploads\/2023\/08\/78265-1sxg8a.jpg\" alt=\"IDOGEAR-bolsa t\u00e1ctica GP, bolsa de utilidad General, MOLLE, art\u00edculos diversos, bolsa de reciclaje, Airsoft Gear 3574\" width=\"800px\" \/><\/p>\n<p><img decoding=\"async\" style=\"width: 800px;\" title=\"IDOGEAR-bolsa t\u00e1ctica GP, bolsa de utilidad General, MOLLE, art\u00edculos diversos, bolsa de reciclaje, Airsoft Gear 3574\" src=\"https:\/\/bodegaoutdoor.cl\/store\/wp-content\/uploads\/2023\/08\/78265-mdiy24.jpg\" alt=\"IDOGEAR-bolsa t\u00e1ctica GP, bolsa de utilidad General, MOLLE, art\u00edculos diversos, bolsa de reciclaje, Airsoft Gear 3574\" width=\"800px\" \/><\/p>\n<p><img decoding=\"async\" style=\"width: 800px;\" title=\"IDOGEAR-bolsa t\u00e1ctica GP, bolsa de utilidad General, MOLLE, art\u00edculos diversos, bolsa de reciclaje, Airsoft Gear 3574\" src=\"https:\/\/bodegaoutdoor.cl\/store\/wp-content\/uploads\/2023\/08\/78265-f9r1mu.jpg\" alt=\"IDOGEAR-bolsa t\u00e1ctica GP, bolsa de utilidad General, MOLLE, art\u00edculos diversos, bolsa de reciclaje, Airsoft Gear 3574\" width=\"800px\" \/><\/p>\n<p><img decoding=\"async\" style=\"width: 800px;\" title=\"IDOGEAR-bolsa t\u00e1ctica GP, bolsa de utilidad General, MOLLE, art\u00edculos diversos, bolsa de reciclaje, Airsoft Gear 3574\" src=\"https:\/\/bodegaoutdoor.cl\/store\/wp-content\/uploads\/2023\/08\/78265-mv6jzw.jpg\" alt=\"IDOGEAR-bolsa t\u00e1ctica GP, bolsa de utilidad General, MOLLE, art\u00edculos diversos, bolsa de reciclaje, Airsoft Gear 3574\" width=\"800px\" \/><\/p>\n<p><img decoding=\"async\" style=\"width: 800px;\" title=\"IDOGEAR-bolsa t\u00e1ctica GP, bolsa de utilidad General, MOLLE, art\u00edculos diversos, bolsa de reciclaje, Airsoft Gear 3574\" src=\"https:\/\/bodegaoutdoor.cl\/store\/wp-content\/uploads\/2023\/08\/78265-344wib.jpg\" alt=\"IDOGEAR-bolsa t\u00e1ctica GP, bolsa de utilidad General, MOLLE, art\u00edculos diversos, bolsa de reciclaje, Airsoft Gear 3574\" width=\"800px\" \/><\/p>\n<p><img decoding=\"async\" style=\"width: 800px;\" title=\"IDOGEAR-bolsa t\u00e1ctica GP, bolsa de utilidad General, MOLLE, art\u00edculos diversos, bolsa de reciclaje, Airsoft Gear 3574\" src=\"https:\/\/bodegaoutdoor.cl\/store\/wp-content\/uploads\/2023\/08\/78265-9nbibj.jpg\" alt=\"IDOGEAR-bolsa t\u00e1ctica GP, bolsa de utilidad General, MOLLE, art\u00edculos diversos, bolsa de reciclaje, Airsoft Gear 3574\" width=\"800px\" \/><\/p>\n<p><img decoding=\"async\" style=\"width: 800px;\" title=\"IDOGEAR-bolsa t\u00e1ctica GP, bolsa de utilidad General, MOLLE, art\u00edculos diversos, bolsa de reciclaje, Airsoft Gear 3574\" src=\"https:\/\/bodegaoutdoor.cl\/store\/wp-content\/uploads\/2023\/08\/78265-y6d3ic.jpg\" alt=\"IDOGEAR-bolsa t\u00e1ctica GP, bolsa de utilidad General, MOLLE, art\u00edculos diversos, bolsa de reciclaje, Airsoft Gear 3574\" width=\"800px\" \/><\/p>\n<p>&nbsp;<\/p>\n<div><\/div>\n<p>&nbsp;<\/p>\n<\/div>\n<\/div>\n<p>&nbsp;<\/p>\n<\/div>\n<\/div>\n\n    <div class=\"xs_social_share_widget xs_share_url after_content \t\tmain_content  wslu-style-1 wslu-share-box-shaped wslu-fill-colored wslu-none wslu-share-horizontal wslu-theme-font-no wslu-main_content\">\n\n\t\t\n        <ul>\n\t\t\t        <\/ul>\n    <\/div> \n","protected":false},"excerpt":{"rendered":"<p>&nbsp; IDOGEAR-bolsa t\u00e1ctica GP, bolsa de uso General, MOLLE, art\u00edculos diversos, bolsa de reciclaje, equipo Airsoft Material: tela de nailon de alta calidad Tama\u00f1o: 24x12x10,5 cm Peso: 170g Color: marr\u00f3n Coyote, negro, verde Ranger, MultiCam, negro MultiCam. &nbsp; Sistema MOLLE de corte por l\u00e1ser con lazo en la parte delantera Panel de bucle cuadrado superior [&hellip;]<\/p>\n","protected":false},"featured_media":78286,"comment_status":"open","ping_status":"closed","template":"","meta":{"jetpack_publicize_message":"","jetpack_publicize_feature_enabled":true,"jetpack_social_post_already_shared":true,"jetpack_social_options":{"image_generator_settings":{"template":"highway","enabled":false},"version":2}},"product_brand":[],"product_cat":[487,274],"product_tag":[],"class_list":{"0":"post-78265","1":"product","2":"type-product","3":"status-publish","4":"has-post-thumbnail","6":"product_cat-airsoft","7":"product_cat-bananos-otros","9":"first","10":"instock","11":"taxable","12":"shipping-taxable","13":"purchasable","14":"product-type-variable"},"jetpack_publicize_connections":[],"jetpack_sharing_enabled":true,"_links":{"self":[{"href":"https:\/\/bodegaoutdoor.cl\/store\/wp-json\/wp\/v2\/product\/78265","targetHints":{"allow":["GET"]}}],"collection":[{"href":"https:\/\/bodegaoutdoor.cl\/store\/wp-json\/wp\/v2\/product"}],"about":[{"href":"https:\/\/bodegaoutdoor.cl\/store\/wp-json\/wp\/v2\/types\/product"}],"replies":[{"embeddable":true,"href":"https:\/\/bodegaoutdoor.cl\/store\/wp-json\/wp\/v2\/comments?post=78265"}],"version-history":[{"count":33,"href":"https:\/\/bodegaoutdoor.cl\/store\/wp-json\/wp\/v2\/product\/78265\/revisions"}],"predecessor-version":[{"id":85439,"href":"https:\/\/bodegaoutdoor.cl\/store\/wp-json\/wp\/v2\/product\/78265\/revisions\/85439"}],"wp:featuredmedia":[{"embeddable":true,"href":"https:\/\/bodegaoutdoor.cl\/store\/wp-json\/wp\/v2\/media\/78286"}],"wp:attachment":[{"href":"https:\/\/bodegaoutdoor.cl\/store\/wp-json\/wp\/v2\/media?parent=78265"}],"wp:term":[{"taxonomy":"product_brand","embeddable":true,"href":"https:\/\/bodegaoutdoor.cl\/store\/wp-json\/wp\/v2\/product_brand?post=78265"},{"taxonomy":"product_cat","embeddable":true,"href":"https:\/\/bodegaoutdoor.cl\/store\/wp-json\/wp\/v2\/product_cat?post=78265"},{"taxonomy":"product_tag","embeddable":true,"href":"https:\/\/bodegaoutdoor.cl\/store\/wp-json\/wp\/v2\/product_tag?post=78265"}],"curies":[{"name":"wp","href":"https:\/\/api.w.org\/{rel}","templated":true}]}}