{"id":79375,"date":"2023-09-26T20:35:43","date_gmt":"2023-09-26T23:35:43","guid":{"rendered":"https:\/\/bodegaoutdoor.cl\/store\/product\/cinturon-de-soporte-lumbar-para-espalda-tirantes-extraibles-cinturon-de-soporte-inferior-para-elevacion-pesada-y-trabajo\/"},"modified":"2023-09-26T20:53:13","modified_gmt":"2023-09-26T23:53:13","slug":"cinturon-de-soporte-lumbar-para-espalda-tirantes-extraibles-cinturon-de-soporte-inferior-para-elevacion-pesada-y-trabajo","status":"publish","type":"product","link":"https:\/\/bodegaoutdoor.cl\/store\/product\/cinturon-de-soporte-lumbar-para-espalda-tirantes-extraibles-cinturon-de-soporte-inferior-para-elevacion-pesada-y-trabajo\/","title":{"rendered":"Cintur\u00f3n de soporte Lumbar para espalda, tirantes extra\u00edbles, cintur\u00f3n de soporte inferior para elevaci\u00f3n pesada y trabajo"},"content":{"rendered":"<p style=\"text-align: left; margin: 0;\"><span style=\"font-family: Times New Roman,Times,serif;\"><span style=\"font-size: 22px;\"><strong>Tabla de tallas: consulte las instrucciones en la imagen 6 para medir.<\/strong><\/span><span style=\"font-size: 20px;\"><br \/>\nTalla S: se adapta a la cintura 65-80 cm\/25,6-31,5 pulgadas<br \/>\nTalla M: se adapta a la cintura 75-90 cm\/29,5-35,4 pulgadas<br \/>\nTalla L: se adapta a la cintura 85-100 cm\/33,5-39,3 pulgadas<br \/>\nTalla XL: se adapta a la cintura de 95-110 cm\/37,4-43,3 pulgadas<br \/>\nTalla XXL: se adapta a la cintura 105-120 cm\/41,3-47,2 pulgadas<\/span><\/span><\/p>\n<p><strong><span style=\"font-size: 22px;\">Acerca de este producto:<\/span><\/strong><span style=\"font-size: 20px;\"><br \/>\n<\/span><span style=\"font-size: 22px;\"><strong>Especificaci\u00f3n:<\/strong><\/span><span style=\"font-size: 20px;\"><br \/>\n1. Marca: Bracefull<br \/>\n2. Producto: 1 ud. Soporte de espalda baja<br \/>\n3. Talla: S \/ M \/ L \/ XL \/ XXL<br \/>\n4. Material: nailon<br \/>\n5. Color: negro<br \/>\n6. Aplicaci\u00f3n: alejar el estr\u00e9s de la columna vertebral, para aliviar el dolor de espalda<br \/>\n<img decoding=\"async\" title=\"Cintur\u00f3n de soporte Lumbar para espalda, tirantes extra\u00edbles, cintur\u00f3n de soporte inferior para elevaci\u00f3n pesada y trabajo\" src=\"https:\/\/bodegaoutdoor.cl\/store\/wp-content\/uploads\/2023\/09\/79375-iwrol2.jpg\" alt=\"Cintur\u00f3n de soporte Lumbar para espalda, tirantes extra\u00edbles, cintur\u00f3n de soporte inferior para elevaci\u00f3n pesada y trabajo\" \/><img decoding=\"async\" title=\"Cintur\u00f3n de soporte Lumbar para espalda, tirantes extra\u00edbles, cintur\u00f3n de soporte inferior para elevaci\u00f3n pesada y trabajo\" src=\"https:\/\/bodegaoutdoor.cl\/store\/wp-content\/uploads\/2023\/09\/79375-y4xptw.jpg\" alt=\"Cintur\u00f3n de soporte Lumbar para espalda, tirantes extra\u00edbles, cintur\u00f3n de soporte inferior para elevaci\u00f3n pesada y trabajo\" \/><img decoding=\"async\" title=\"Cintur\u00f3n de soporte Lumbar para espalda, tirantes extra\u00edbles, cintur\u00f3n de soporte inferior para elevaci\u00f3n pesada y trabajo\" src=\"https:\/\/bodegaoutdoor.cl\/store\/wp-content\/uploads\/2023\/09\/79375-mdbssz.jpg\" alt=\"Cintur\u00f3n de soporte Lumbar para espalda, tirantes extra\u00edbles, cintur\u00f3n de soporte inferior para elevaci\u00f3n pesada y trabajo\" \/><img decoding=\"async\" title=\"Cintur\u00f3n de soporte Lumbar para espalda, tirantes extra\u00edbles, cintur\u00f3n de soporte inferior para elevaci\u00f3n pesada y trabajo\" src=\"https:\/\/bodegaoutdoor.cl\/store\/wp-content\/uploads\/2023\/09\/79375-gjtuaq.jpg\" alt=\"Cintur\u00f3n de soporte Lumbar para espalda, tirantes extra\u00edbles, cintur\u00f3n de soporte inferior para elevaci\u00f3n pesada y trabajo\" \/><img decoding=\"async\" title=\"Cintur\u00f3n de soporte Lumbar para espalda, tirantes extra\u00edbles, cintur\u00f3n de soporte inferior para elevaci\u00f3n pesada y trabajo\" src=\"https:\/\/bodegaoutdoor.cl\/store\/wp-content\/uploads\/2023\/09\/79375-utiwfg.jpg\" alt=\"Cintur\u00f3n de soporte Lumbar para espalda, tirantes extra\u00edbles, cintur\u00f3n de soporte inferior para elevaci\u00f3n pesada y trabajo\" \/><img decoding=\"async\" title=\"Cintur\u00f3n de soporte Lumbar para espalda, tirantes extra\u00edbles, cintur\u00f3n de soporte inferior para elevaci\u00f3n pesada y trabajo\" src=\"https:\/\/bodegaoutdoor.cl\/store\/wp-content\/uploads\/2023\/09\/79375-holklg.jpg\" alt=\"Cintur\u00f3n de soporte Lumbar para espalda, tirantes extra\u00edbles, cintur\u00f3n de soporte inferior para elevaci\u00f3n pesada y trabajo\" \/><img decoding=\"async\" title=\"Cintur\u00f3n de soporte Lumbar para espalda, tirantes extra\u00edbles, cintur\u00f3n de soporte inferior para elevaci\u00f3n pesada y trabajo\" src=\"https:\/\/bodegaoutdoor.cl\/store\/wp-content\/uploads\/2023\/09\/79375-s0ucxh.jpg\" alt=\"Cintur\u00f3n de soporte Lumbar para espalda, tirantes extra\u00edbles, cintur\u00f3n de soporte inferior para elevaci\u00f3n pesada y trabajo\" \/><img decoding=\"async\" title=\"Cintur\u00f3n de soporte Lumbar para espalda, tirantes extra\u00edbles, cintur\u00f3n de soporte inferior para elevaci\u00f3n pesada y trabajo\" src=\"https:\/\/bodegaoutdoor.cl\/store\/wp-content\/uploads\/2023\/09\/79375-knzurr.jpg\" alt=\"Cintur\u00f3n de soporte Lumbar para espalda, tirantes extra\u00edbles, cintur\u00f3n de soporte inferior para elevaci\u00f3n pesada y trabajo\" \/><img decoding=\"async\" title=\"Cintur\u00f3n de soporte Lumbar para espalda, tirantes extra\u00edbles, cintur\u00f3n de soporte inferior para elevaci\u00f3n pesada y trabajo\" src=\"https:\/\/bodegaoutdoor.cl\/store\/wp-content\/uploads\/2023\/09\/79375-galcqh.jpg\" alt=\"Cintur\u00f3n de soporte Lumbar para espalda, tirantes extra\u00edbles, cintur\u00f3n de soporte inferior para elevaci\u00f3n pesada y trabajo\" \/><img decoding=\"async\" title=\"Cintur\u00f3n de soporte Lumbar para espalda, tirantes extra\u00edbles, cintur\u00f3n de soporte inferior para elevaci\u00f3n pesada y trabajo\" src=\"https:\/\/bodegaoutdoor.cl\/store\/wp-content\/uploads\/2023\/09\/79375-nz7c1p.jpg\" alt=\"Cintur\u00f3n de soporte Lumbar para espalda, tirantes extra\u00edbles, cintur\u00f3n de soporte inferior para elevaci\u00f3n pesada y trabajo\" \/><\/span><\/p>\n\n    <div class=\"xs_social_share_widget xs_share_url after_content \t\tmain_content  wslu-style-1 wslu-share-box-shaped wslu-fill-colored wslu-none wslu-share-horizontal wslu-theme-font-no wslu-main_content\">\n\n\t\t\n        <ul>\n\t\t\t        <\/ul>\n    <\/div> \n","protected":false},"excerpt":{"rendered":"<p>Tabla de tallas: consulte las instrucciones en la imagen 6 para medir. Talla S: se adapta a la cintura 65-80 cm\/25,6-31,5 pulgadas Talla M: se adapta a la cintura 75-90 cm\/29,5-35,4 pulgadas Talla L: se adapta a la cintura 85-100 cm\/33,5-39,3 pulgadas Talla XL: se adapta a la cintura de 95-110 cm\/37,4-43,3 pulgadas Talla XXL: [&hellip;]<\/p>\n","protected":false},"featured_media":79381,"comment_status":"open","ping_status":"closed","template":"","meta":{"jetpack_publicize_message":"","jetpack_publicize_feature_enabled":true,"jetpack_social_post_already_shared":true,"jetpack_social_options":{"image_generator_settings":{"template":"highway","enabled":false},"version":2}},"product_brand":[],"product_cat":[15],"product_tag":[],"class_list":{"0":"post-79375","1":"product","2":"type-product","3":"status-publish","4":"has-post-thumbnail","6":"product_cat-otros","8":"first","9":"instock","10":"sale","11":"taxable","12":"shipping-taxable","13":"purchasable","14":"product-type-variable"},"jetpack_publicize_connections":[],"jetpack_sharing_enabled":true,"_links":{"self":[{"href":"https:\/\/bodegaoutdoor.cl\/store\/wp-json\/wp\/v2\/product\/79375","targetHints":{"allow":["GET"]}}],"collection":[{"href":"https:\/\/bodegaoutdoor.cl\/store\/wp-json\/wp\/v2\/product"}],"about":[{"href":"https:\/\/bodegaoutdoor.cl\/store\/wp-json\/wp\/v2\/types\/product"}],"replies":[{"embeddable":true,"href":"https:\/\/bodegaoutdoor.cl\/store\/wp-json\/wp\/v2\/comments?post=79375"}],"version-history":[{"count":13,"href":"https:\/\/bodegaoutdoor.cl\/store\/wp-json\/wp\/v2\/product\/79375\/revisions"}],"predecessor-version":[{"id":79411,"href":"https:\/\/bodegaoutdoor.cl\/store\/wp-json\/wp\/v2\/product\/79375\/revisions\/79411"}],"wp:featuredmedia":[{"embeddable":true,"href":"https:\/\/bodegaoutdoor.cl\/store\/wp-json\/wp\/v2\/media\/79381"}],"wp:attachment":[{"href":"https:\/\/bodegaoutdoor.cl\/store\/wp-json\/wp\/v2\/media?parent=79375"}],"wp:term":[{"taxonomy":"product_brand","embeddable":true,"href":"https:\/\/bodegaoutdoor.cl\/store\/wp-json\/wp\/v2\/product_brand?post=79375"},{"taxonomy":"product_cat","embeddable":true,"href":"https:\/\/bodegaoutdoor.cl\/store\/wp-json\/wp\/v2\/product_cat?post=79375"},{"taxonomy":"product_tag","embeddable":true,"href":"https:\/\/bodegaoutdoor.cl\/store\/wp-json\/wp\/v2\/product_tag?post=79375"}],"curies":[{"name":"wp","href":"https:\/\/api.w.org\/{rel}","templated":true}]}}