{"id":79544,"date":"2023-09-27T18:46:30","date_gmt":"2023-09-27T21:46:30","guid":{"rendered":"https:\/\/bodegaoutdoor.cl\/store\/product\/potente-linterna-led-de-mano-con-manivela-equipo-de-supervivencia-al-aire-libre-recargable-carga-solar-para-pesca-canoa-y-senderismo\/"},"modified":"2023-09-27T19:18:23","modified_gmt":"2023-09-27T22:18:23","slug":"linterna-led-de-mano-con-manivela-recargable-carga-solar-senderismo","status":"publish","type":"product","link":"https:\/\/bodegaoutdoor.cl\/store\/product\/linterna-led-de-mano-con-manivela-recargable-carga-solar-senderismo\/","title":{"rendered":"Linterna LED de mano con manivela, recargable, carga Solar, senderismo"},"content":{"rendered":"<p style=\"text-align: center;\"><video style=\"max-width: 100%;\" src=\"\/\/video.aliexpress-media.com\/play\/u\/ae_sg_item\/3000000434036\/p\/1\/e\/6\/t\/10301\/1100176312794.mp4\" poster=\"https:\/\/ae01.alicdn.com\/kf\/S80c21aebaed3473fb0dab595db97983fW\/Potente-linterna-LED-de-mano-con-manivela-equipo-de-supervivencia-al-aire-libre-recargable-carga-Solar.jpg\" preload=\"auto\" controls=\"controls\" width=\"100%\" height=\"100%\"><\/video><\/p>\n<div>\n<div>\n<p><strong><span id=\"tl_1\" style=\"font-size: 26px;\">Potente linterna LED manivela de mano carga con energ\u00eda Solar recargable al aire libre equipo de supervivencia antorcha para pesca canotaje senderismo<\/span><\/strong><\/p>\n<p>&nbsp;<\/p>\n<p align=\"start\"><strong><span id=\"tl_2\" style=\"font-size: 26px;\">Caracter\u00edsticas:<\/span><\/strong><\/p>\n<div align=\"start\"><\/div>\n<p align=\"start\"><span id=\"tl_3\" style=\"font-size: 22px;\">1. Solar: una linterna con carga solar y manivela. Con la bater\u00eda incorporada, puede ahorrar energ\u00eda durante mucho tiempo sin una bater\u00eda externa. Utilizando c\u00e9lulas solares de silicio cristalino, el material es un panel de c\u00e9lulas solares laminado con vidrio templado.<\/span><\/p>\n<div align=\"start\"><\/div>\n<p align=\"start\"><span id=\"tl_4\" style=\"font-size: 22px;\">2. Dise\u00f1o: el mango de la manivela se puede poner y retraer, y el mango de la manivela se puede poner en la ranura, lo cual es muy conveniente para el almacenamiento. Dise\u00f1o cl\u00e1sico, duradero, equipo de supervivencia al aire libre, el mejor regalo para actividades al aire libre.<\/span><\/p>\n<div align=\"start\"><\/div>\n<p align=\"start\"><span id=\"tl_5\" style=\"font-size: 22px;\">3. Ahorro de energ\u00eda: alta eficiencia de conversi\u00f3n, 6 minutos para arrancar durante una hora, suficiente luz para la linterna, f\u00e1cil de usar en la oscuridad. Ahorro de espacio, ahorro de energ\u00eda y protecci\u00f3n del medio ambiente, la mecha de alto brillo nunca se apagar\u00e1.<\/span><\/p>\n<div align=\"start\"><\/div>\n<p align=\"start\"><span id=\"tl_6\" style=\"font-size: 22px;\">4. Port\u00e1til: dise\u00f1o ergon\u00f3mico, compacto, c\u00f3modo y f\u00e1cil de transportar, ahorrando espacio para las mochilas. Es un buen ayudante para sus viajes al aire libre y monta\u00f1ismo.<\/span><\/p>\n<div align=\"start\"><\/div>\n<p align=\"start\"><span id=\"tl_7\" style=\"font-size: 22px;\">5. Tres luces LED: generaci\u00f3n de energ\u00eda manual de emergencia, durante un minuto manivela manual (2 rpm), puede proporcionar tres luces LED durante m\u00e1s de 8 minutos. Los tres cabezales de l\u00e1mpara LED se iluminan al mismo tiempo, haciendo que las cosas frente a usted sean claramente visibles.<\/span><\/p>\n<div align=\"start\"><span style=\"font-size: 22px;\">\u00a0<\/span><\/div>\n<p align=\"start\"><span id=\"tl_8\" style=\"font-size: 22px;\">Descripci\u00f3n:<\/span><\/p>\n<div align=\"start\"><\/div>\n<p align=\"start\"><span id=\"tl_9\" style=\"font-size: 22px;\">La linterna de manivela solar funciona en cualquier lugar donde haya luz solar, f\u00e1cil de usar y transportar, lo que es un buen ayudante para sus viajes al aire libre y monta\u00f1ismo.<\/span><\/p>\n<div align=\"start\"><span style=\"font-size: 22px;\">\u00a0<\/span><\/div>\n<p align=\"start\"><span id=\"tl_10\" style=\"font-size: 22px;\">Especificaciones:<\/span><\/p>\n<div align=\"start\"><\/div>\n<p align=\"start\"><span id=\"tl_11\" style=\"font-size: 22px;\">Material: pl\u00e1stico ABS<\/span><\/p>\n<div align=\"start\"><\/div>\n<p align=\"start\"><span id=\"tl_12\" style=\"font-size: 22px;\">Luces LED: 3 piezas<\/span><\/p>\n<div align=\"start\"><\/div>\n<p align=\"start\"><span id=\"tl_13\" style=\"font-size: 22px;\">Bater\u00eda incorporada: bater\u00eda recargable de 3,6 V\/40mAh<\/span><\/p>\n<div align=\"start\"><span style=\"font-size: 22px;\">\u00a0<\/span><\/div>\n<p align=\"start\"><span id=\"tl_14\" style=\"font-size: 22px;\">Paquete incluido:<\/span><\/p>\n<div align=\"start\"><\/div>\n<p align=\"start\"><span id=\"tl_15\" style=\"font-size: 22px;\">1 unidad * linterna de manivela solar<\/span><\/p>\n<p>&nbsp;<\/p>\n<p align=\"start\"><img decoding=\"async\" title=\"Potente linterna LED de mano con manivela, equipo de supervivencia al aire libre, recargable, carga Solar, para pesca, canoa y senderismo\" src=\"https:\/\/bodegaoutdoor.cl\/store\/wp-content\/uploads\/2023\/09\/79544-dkjtno.jpg\" alt=\"Potente linterna LED de mano con manivela, equipo de supervivencia al aire libre, recargable, carga Solar, para pesca, canoa y senderismo\" \/><img decoding=\"async\" title=\"Potente linterna LED de mano con manivela, equipo de supervivencia al aire libre, recargable, carga Solar, para pesca, canoa y senderismo\" src=\"https:\/\/bodegaoutdoor.cl\/store\/wp-content\/uploads\/2023\/09\/79544-qqx9kd.jpg\" alt=\"Potente linterna LED de mano con manivela, equipo de supervivencia al aire libre, recargable, carga Solar, para pesca, canoa y senderismo\" \/><img decoding=\"async\" title=\"Potente linterna LED de mano con manivela, equipo de supervivencia al aire libre, recargable, carga Solar, para pesca, canoa y senderismo\" src=\"https:\/\/bodegaoutdoor.cl\/store\/wp-content\/uploads\/2023\/09\/79544-baf3y9.jpg\" alt=\"Potente linterna LED de mano con manivela, equipo de supervivencia al aire libre, recargable, carga Solar, para pesca, canoa y senderismo\" \/><img decoding=\"async\" title=\"Potente linterna LED de mano con manivela, equipo de supervivencia al aire libre, recargable, carga Solar, para pesca, canoa y senderismo\" src=\"https:\/\/bodegaoutdoor.cl\/store\/wp-content\/uploads\/2023\/09\/79544-ixfxmg.jpg\" alt=\"Potente linterna LED de mano con manivela, equipo de supervivencia al aire libre, recargable, carga Solar, para pesca, canoa y senderismo\" \/><img decoding=\"async\" title=\"Potente linterna LED de mano con manivela, equipo de supervivencia al aire libre, recargable, carga Solar, para pesca, canoa y senderismo\" src=\"https:\/\/bodegaoutdoor.cl\/store\/wp-content\/uploads\/2023\/09\/79544-9wsekb.jpg\" alt=\"Potente linterna LED de mano con manivela, equipo de supervivencia al aire libre, recargable, carga Solar, para pesca, canoa y senderismo\" \/><img decoding=\"async\" title=\"Potente linterna LED de mano con manivela, equipo de supervivencia al aire libre, recargable, carga Solar, para pesca, canoa y senderismo\" src=\"https:\/\/bodegaoutdoor.cl\/store\/wp-content\/uploads\/2023\/09\/79544-6fjt1w.jpg\" alt=\"Potente linterna LED de mano con manivela, equipo de supervivencia al aire libre, recargable, carga Solar, para pesca, canoa y senderismo\" \/><img decoding=\"async\" title=\"Potente linterna LED de mano con manivela, equipo de supervivencia al aire libre, recargable, carga Solar, para pesca, canoa y senderismo\" src=\"https:\/\/bodegaoutdoor.cl\/store\/wp-content\/uploads\/2023\/09\/79544-evjcsn.jpg\" alt=\"Potente linterna LED de mano con manivela, equipo de supervivencia al aire libre, recargable, carga Solar, para pesca, canoa y senderismo\" \/><\/p>\n<\/div>\n<\/div>\n\n    <div class=\"xs_social_share_widget xs_share_url after_content \t\tmain_content  wslu-style-1 wslu-share-box-shaped wslu-fill-colored wslu-none wslu-share-horizontal wslu-theme-font-no wslu-main_content\">\n\n\t\t\n        <ul>\n\t\t\t        <\/ul>\n    <\/div> \n","protected":false},"excerpt":{"rendered":"<p>Potente linterna LED manivela de mano carga con energ\u00eda Solar recargable al aire libre equipo de supervivencia antorcha para pesca canotaje senderismo &nbsp; Caracter\u00edsticas: 1. Solar: una linterna con carga solar y manivela. Con la bater\u00eda incorporada, puede ahorrar energ\u00eda durante mucho tiempo sin una bater\u00eda externa. Utilizando c\u00e9lulas solares de silicio cristalino, el material [&hellip;]<\/p>\n","protected":false},"featured_media":79548,"comment_status":"open","ping_status":"closed","template":"","meta":{"jetpack_publicize_message":"","jetpack_publicize_feature_enabled":true,"jetpack_social_post_already_shared":true,"jetpack_social_options":{"image_generator_settings":{"template":"highway","enabled":false},"version":2}},"product_brand":[],"product_cat":[15,35],"product_tag":[483,482],"class_list":{"0":"post-79544","1":"product","2":"type-product","3":"status-publish","4":"has-post-thumbnail","6":"product_cat-otros","7":"product_cat-iliminacion","8":"product_tag-camping","9":"product_tag-linterna","11":"first","12":"instock","13":"sale","14":"taxable","15":"shipping-taxable","16":"purchasable","17":"product-type-variable"},"jetpack_publicize_connections":[],"jetpack_sharing_enabled":true,"_links":{"self":[{"href":"https:\/\/bodegaoutdoor.cl\/store\/wp-json\/wp\/v2\/product\/79544","targetHints":{"allow":["GET"]}}],"collection":[{"href":"https:\/\/bodegaoutdoor.cl\/store\/wp-json\/wp\/v2\/product"}],"about":[{"href":"https:\/\/bodegaoutdoor.cl\/store\/wp-json\/wp\/v2\/types\/product"}],"replies":[{"embeddable":true,"href":"https:\/\/bodegaoutdoor.cl\/store\/wp-json\/wp\/v2\/comments?post=79544"}],"version-history":[{"count":10,"href":"https:\/\/bodegaoutdoor.cl\/store\/wp-json\/wp\/v2\/product\/79544\/revisions"}],"predecessor-version":[{"id":79635,"href":"https:\/\/bodegaoutdoor.cl\/store\/wp-json\/wp\/v2\/product\/79544\/revisions\/79635"}],"wp:featuredmedia":[{"embeddable":true,"href":"https:\/\/bodegaoutdoor.cl\/store\/wp-json\/wp\/v2\/media\/79548"}],"wp:attachment":[{"href":"https:\/\/bodegaoutdoor.cl\/store\/wp-json\/wp\/v2\/media?parent=79544"}],"wp:term":[{"taxonomy":"product_brand","embeddable":true,"href":"https:\/\/bodegaoutdoor.cl\/store\/wp-json\/wp\/v2\/product_brand?post=79544"},{"taxonomy":"product_cat","embeddable":true,"href":"https:\/\/bodegaoutdoor.cl\/store\/wp-json\/wp\/v2\/product_cat?post=79544"},{"taxonomy":"product_tag","embeddable":true,"href":"https:\/\/bodegaoutdoor.cl\/store\/wp-json\/wp\/v2\/product_tag?post=79544"}],"curies":[{"name":"wp","href":"https:\/\/api.w.org\/{rel}","templated":true}]}}