{"id":80040,"date":"2023-10-05T18:39:21","date_gmt":"2023-10-05T21:39:21","guid":{"rendered":"https:\/\/bodegaoutdoor.cl\/store\/product\/camiseta-de-camuflaje-de-caza-al-aire-libre-para-hombre-camisa-de-combate-tactico-del-ejercito-transpirable-camisetas-militares-de-secado-rapido-para-deportes-senderismo-y-camping\/"},"modified":"2023-10-11T16:29:20","modified_gmt":"2023-10-11T19:29:20","slug":"polera-transpirable-camisetas-militares-de-secado-rapido-para-deportes-senderismo-deportes","status":"publish","type":"product","link":"https:\/\/bodegaoutdoor.cl\/store\/product\/polera-transpirable-camisetas-militares-de-secado-rapido-para-deportes-senderismo-deportes\/","title":{"rendered":"Polera transpirable, camisetas militares de secado r\u00e1pido para deportes, senderismo Deportes"},"content":{"rendered":"<div>\n<div>\n<p><strong><span style=\"font-size: 22px;\">Camiseta de camuflaje de caza al aire libre para hombre, camiseta de combate t\u00e1ctico del ej\u00e9rcito transpirable, camiseta militar de secado r\u00e1pido, camisetas deportivas de camuflaje para senderismo y Camping<\/span><\/strong><img decoding=\"async\" style=\"font-family: arial, helvetica, sans-serif; font-size: 0px; font-weight: inherit; line-height: inherit; text-align: center; color: transparent; border: 0px; margin: 0px; padding: 0px; max-width: 100%;\" src=\"https:\/\/bodegaoutdoor.cl\/store\/wp-content\/uploads\/2023\/10\/80040-vt8aj4.jpg\" \/><\/p>\n<p style=\"font-family: arial, helvetica, sans-serif; font-size: 13px; line-height: inherit; border: 0px; margin: 0px; padding: 0px;\"><span style=\"font-size: 26px;\"><span style=\"font-size: inherit;\">Atenci\u00f3n:<\/span><\/span><span style=\"font-size: inherit;\"><br \/>\n<\/span><span style=\"font-size: inherit;\"><span style=\"font-size: 22px;\">1. Esta camiseta es de tama\u00f1o asi\u00e1tico, elija 1-2 tallas m\u00e1s grandes que su uso normal.<\/span><\/span><span style=\"font-size: inherit;\"><br \/>\n<\/span><span style=\"font-size: inherit;\"><span style=\"font-size: 22px;\">2. El tama\u00f1o asi\u00e1tico es m\u00e1s peque\u00f1o que el tama\u00f1o de EE. UU.\/Reino Unido\/RU\/UE.<\/span><\/span><span style=\"font-size: inherit;\"><br \/>\n<\/span><span style=\"font-size: inherit;\"><span style=\"font-size: 22px;\">3. Permita una diferencia de color razonable debido al monitor individual del ordenador.<\/span><\/span><\/p>\n<p style=\"font-family: arial, helvetica, sans-serif; font-size: 13px; line-height: inherit; border: 0px; margin: 0px; padding: 0px;\"><span style=\"font-size: inherit;\"><span style=\"font-size: 22px;\">4.<\/span><\/span><span style=\"font-size: 24px;\">Si no sabe c\u00f3mo elegir la talla.<\/span><span style=\"font-size: 24px;\">Por favor, d\u00edgame su altura y peso.<\/span><\/p>\n<p style=\"font-family: arial, helvetica, sans-serif; font-size: 13px; line-height: inherit; border: 0px; margin: 0px; padding: 0px;\"><span style=\"font-size: 24px;\">5. Permita un error de datos de 1-3 cm debido a la medici\u00f3n manual.<\/span><\/p>\n<p style=\"font-family: arial, helvetica, sans-serif; font-size: 13px; line-height: inherit; border: 0px; margin: 0px; padding: 0px;\"><span style=\"font-size: 24px;\">6.<\/span><span style=\"font-size: 20px;\"><span style=\"font-size: inherit;\">Mostrar como en las im\u00e1genes:<\/span><\/span><span style=\"font-size: inherit;\"><span style=\"font-size: 20px;\"><span style=\"font-size: inherit;\">1 pulgada = 2,54 cm<\/span><\/span><\/span><\/p>\n<table border=\"1\" width=\"100%\">\n<tbody>\n<tr>\n<td colspan=\"9\">&nbsp;<\/p>\n<p style=\"font-size: 16px; line-height: inherit; text-align: center; margin: 0px;\" align=\"center\"><span style=\"font-family: tahoma, geneva, sans-serif;\"><span style=\"font-size: 28px;\"><span style=\"font-size: 24px;\">Tabla tama\u00f1o<\/span><\/span><\/span><\/p>\n<p style=\"font-size: 16px; line-height: inherit; text-align: center; margin: 0px;\" align=\"center\"><span style=\"font-size: 14px;\">Este producto es de talla asi\u00e1tica, generalmente 1-2 tallas m\u00e1s peque\u00f1o que el tama\u00f1o de la UE\/EE. UU., as\u00ed que compruebe la tabla de tallas antes de la compra.<\/span><\/p>\n<p style=\"line-height: inherit; text-align: center; margin: 0px;\" align=\"center\">Si no sabe c\u00f3mo elegir la talla, cont\u00e1ctenos, d\u00edganos su altura y peso y el tama\u00f1o del cuerpo y el pecho.<\/p>\n<\/td>\n<\/tr>\n<tr>\n<td style=\"text-align: center;\" rowspan=\"2\" align=\"center\">Tama\u00f1o asi\u00e1tico<\/td>\n<td style=\"text-align: center;\" colspan=\"2\" align=\"center\">HOMBRO<\/td>\n<td style=\"text-align: center;\" colspan=\"2\" align=\"center\">PECHO<\/td>\n<td style=\"text-align: center;\" colspan=\"2\" align=\"center\">LONGITUD<\/td>\n<td style=\"text-align: center;\" colspan=\"2\" align=\"center\">MANGA<\/td>\n<\/tr>\n<tr>\n<td style=\"text-align: center;\" align=\"center\">Cm<\/td>\n<td style=\"text-align: center;\" align=\"center\">Pulgadas<\/td>\n<td style=\"text-align: center;\" align=\"center\">Cm<\/td>\n<td style=\"text-align: center;\" align=\"center\">Pulgadas<\/td>\n<td style=\"text-align: center;\" align=\"center\">Cm<\/td>\n<td style=\"text-align: center;\" align=\"center\">Pulgadas<\/td>\n<td style=\"text-align: center;\" align=\"center\">Cm<\/td>\n<td style=\"text-align: center;\" align=\"center\">Pulgadas<\/td>\n<\/tr>\n<tr>\n<td style=\"text-align: center;\" align=\"center\">M<\/td>\n<td style=\"text-align: center;\" align=\"center\">40<\/td>\n<td style=\"text-align: center;\" align=\"center\">15,7<\/td>\n<td style=\"text-align: center;\" align=\"center\">88<\/td>\n<td style=\"text-align: center;\" align=\"center\">34,6<\/td>\n<td style=\"text-align: center;\" align=\"center\">62<\/td>\n<td style=\"text-align: center;\" align=\"center\">24,4<\/td>\n<td style=\"text-align: center;\" align=\"center\"><\/td>\n<td style=\"text-align: center;\" align=\"center\"><\/td>\n<\/tr>\n<tr>\n<td style=\"text-align: center;\" align=\"center\">L<\/td>\n<td style=\"text-align: center;\" align=\"center\">42<\/td>\n<td style=\"text-align: center;\" align=\"center\">16,5<\/td>\n<td style=\"text-align: center;\" align=\"center\">92<\/td>\n<td style=\"text-align: center;\" align=\"center\">36,2<\/td>\n<td style=\"text-align: center;\" align=\"center\">64<\/td>\n<td style=\"text-align: center;\" align=\"center\">25,2<\/td>\n<td style=\"text-align: center;\" align=\"center\"><\/td>\n<td style=\"text-align: center;\" align=\"center\"><\/td>\n<\/tr>\n<tr>\n<td style=\"text-align: center;\" align=\"center\">XL<\/td>\n<td style=\"text-align: center;\" align=\"center\">43<\/td>\n<td style=\"text-align: center;\" align=\"center\">16,9<\/td>\n<td style=\"text-align: center;\" align=\"center\">96<\/td>\n<td style=\"text-align: center;\" align=\"center\">37,8<\/td>\n<td style=\"text-align: center;\" align=\"center\">66<\/td>\n<td style=\"text-align: center;\" align=\"center\">26,0<\/td>\n<td style=\"text-align: center;\" align=\"center\"><\/td>\n<td style=\"text-align: center;\" align=\"center\"><\/td>\n<\/tr>\n<tr>\n<td style=\"text-align: center;\" align=\"center\">XXL<\/td>\n<td style=\"text-align: center;\" align=\"center\">45<\/td>\n<td style=\"text-align: center;\" align=\"center\">17,7<\/td>\n<td style=\"text-align: center;\" align=\"center\">100<\/td>\n<td style=\"text-align: center;\" align=\"center\">39,4<\/td>\n<td style=\"text-align: center;\" align=\"center\">68<\/td>\n<td style=\"text-align: center;\" align=\"center\">26,8<\/td>\n<td style=\"text-align: center;\" align=\"center\"><\/td>\n<td style=\"text-align: center;\" align=\"center\"><\/td>\n<\/tr>\n<tr>\n<td style=\"text-align: center; height: 25px;\" colspan=\"9\" align=\"center\">\n<p style=\"line-height: inherit; margin: 0px;\">Debido a que la medici\u00f3n manual tiene un error de aproximadamente 1-3 cm, por favor comprenda.<\/p>\n<\/td>\n<\/tr>\n<\/tbody>\n<\/table>\n<p style=\"font-family: arial, helvetica, sans-serif; font-size: 13px; line-height: inherit; border: 0px; margin: 0px; padding: 0px;\"><img decoding=\"async\" style=\"font-size: 0px; font-weight: inherit; line-height: inherit; color: transparent; border: 0px; margin: 0px; padding: 0px; max-width: 100%;\" src=\"https:\/\/bodegaoutdoor.cl\/store\/wp-content\/uploads\/2023\/10\/80040-yazpqw.jpg\" \/><\/p>\n<p style=\"font-family: arial, helvetica, sans-serif; font-size: 13px; line-height: inherit; text-align: center; border: 0px; margin: 0px; padding: 0px;\" align=\"center\"><img decoding=\"async\" src=\"https:\/\/bodegaoutdoor.cl\/store\/wp-content\/uploads\/2023\/10\/80040-c6k2df.jpg\" \/><\/p>\n<p style=\"font-family: arial, helvetica, sans-serif; font-size: 13px; line-height: inherit; text-align: center; border: 0px; margin: 0px; padding: 0px;\" align=\"center\"><img decoding=\"async\" src=\"\/\/ae01.alicdn.com\/kf\/H80ae4b0ac1b845e99ec81c5e15740ffdK.jpg\" \/><img decoding=\"async\" src=\"\/\/ae01.alicdn.com\/kf\/Hbeaa9661231e4fb1933d11531a4fc6das.jpg\" \/><img decoding=\"async\" src=\"\/\/ae01.alicdn.com\/kf\/H20167e4c682a40c1ad2c5454bfb61d155.jpg\" \/><img decoding=\"async\" src=\"\/\/ae01.alicdn.com\/kf\/Hd228bfca1204473c8915462202ef4c43s.jpg\" \/><img decoding=\"async\" src=\"\/\/ae01.alicdn.com\/kf\/H3d8366ea5bb74ea5ada4640a411f2db4w.jpg\" \/><\/p>\n<div style=\"font-family: arial; font-size: 13px; line-height: inherit; border: 0px; margin: 0px; padding: 0px;\"><\/div>\n<p>&nbsp;<\/p>\n<\/div>\n<\/div>\n\n    <div class=\"xs_social_share_widget xs_share_url after_content \t\tmain_content  wslu-style-1 wslu-share-box-shaped wslu-fill-colored wslu-none wslu-share-horizontal wslu-theme-font-no wslu-main_content\">\n\n\t\t\n        <ul>\n\t\t\t        <\/ul>\n    <\/div> \n","protected":false},"excerpt":{"rendered":"<p><a href=\"https:\/\/api.whatsapp.com\/send?phone=+56963572236&amp;text=Me+gustaria+comprar+Por+Mayor+%F0%9F%91%8B\"><span style=\"color: #ff0000;\"><strong>VALOR # MAYORISTA X10 $60.000<\/strong><\/span><\/a><\/p>\n","protected":false},"featured_media":80065,"comment_status":"open","ping_status":"closed","template":"","meta":{"jetpack_publicize_message":"","jetpack_publicize_feature_enabled":true,"jetpack_social_post_already_shared":true,"jetpack_social_options":{"image_generator_settings":{"template":"highway","enabled":false},"version":2}},"product_brand":[],"product_cat":[1436],"product_tag":[],"class_list":{"0":"post-80040","1":"product","2":"type-product","3":"status-publish","4":"has-post-thumbnail","6":"product_cat-poleras-camisas","8":"first","9":"instock","10":"sale","11":"taxable","12":"shipping-taxable","13":"purchasable","14":"product-type-variable"},"jetpack_publicize_connections":[],"jetpack_sharing_enabled":true,"_links":{"self":[{"href":"https:\/\/bodegaoutdoor.cl\/store\/wp-json\/wp\/v2\/product\/80040","targetHints":{"allow":["GET"]}}],"collection":[{"href":"https:\/\/bodegaoutdoor.cl\/store\/wp-json\/wp\/v2\/product"}],"about":[{"href":"https:\/\/bodegaoutdoor.cl\/store\/wp-json\/wp\/v2\/types\/product"}],"replies":[{"embeddable":true,"href":"https:\/\/bodegaoutdoor.cl\/store\/wp-json\/wp\/v2\/comments?post=80040"}],"version-history":[{"count":23,"href":"https:\/\/bodegaoutdoor.cl\/store\/wp-json\/wp\/v2\/product\/80040\/revisions"}],"predecessor-version":[{"id":80121,"href":"https:\/\/bodegaoutdoor.cl\/store\/wp-json\/wp\/v2\/product\/80040\/revisions\/80121"}],"wp:featuredmedia":[{"embeddable":true,"href":"https:\/\/bodegaoutdoor.cl\/store\/wp-json\/wp\/v2\/media\/80065"}],"wp:attachment":[{"href":"https:\/\/bodegaoutdoor.cl\/store\/wp-json\/wp\/v2\/media?parent=80040"}],"wp:term":[{"taxonomy":"product_brand","embeddable":true,"href":"https:\/\/bodegaoutdoor.cl\/store\/wp-json\/wp\/v2\/product_brand?post=80040"},{"taxonomy":"product_cat","embeddable":true,"href":"https:\/\/bodegaoutdoor.cl\/store\/wp-json\/wp\/v2\/product_cat?post=80040"},{"taxonomy":"product_tag","embeddable":true,"href":"https:\/\/bodegaoutdoor.cl\/store\/wp-json\/wp\/v2\/product_tag?post=80040"}],"curies":[{"name":"wp","href":"https:\/\/api.w.org\/{rel}","templated":true}]}}