{"id":80262,"date":"2023-10-16T11:59:11","date_gmt":"2023-10-16T14:59:11","guid":{"rendered":"https:\/\/bodegaoutdoor.cl\/store\/?post_type=product&#038;p=80262"},"modified":"2023-10-16T12:00:07","modified_gmt":"2023-10-16T15:00:07","slug":"colchoneta-autoinflable-nautika-ruby-azteq-camping-trekking","status":"publish","type":"product","link":"https:\/\/bodegaoutdoor.cl\/store\/product\/colchoneta-autoinflable-nautika-ruby-azteq-camping-trekking\/","title":{"rendered":"Colchoneta Autoinflable Nautika Ruby Azteq Camping Trekking"},"content":{"rendered":"<h2 class=\"ui-pdp-description__title\">Descripci\u00f3n<\/h2>\n<p class=\"ui-pdp-description__content\">Azteq ha desarrollado para usted el Ruby, un peque\u00f1o colch\u00f3n auto inflable que le servir\u00e1 como un \u00f3ptimo aislante t\u00e9rmico para noches fr\u00edas de camping. Por el hecho de que el colch\u00f3n es inflable, el fr\u00edo del suelo queda m\u00e1s aislado, proporcionando un calor adecuado para bajas temperaturas.<\/p>\n<p>Los aislantes t\u00e9rmicos son muy importantes, principalmente para aquellos que les gusta viajar con mochilas en la espalda y duermen en lugares fr\u00edos. Las bolsas de dormir por m\u00e1s caros y fuertes que sean, no a\u00edslan totalmente la temperatura del suelo.<\/p>\n<p>Ruby es un modelo de tipo de auto-inflado debido a que la espuma de poliuretano con el que est\u00e1 fabricado memoriza el estado &#8220;aire &#8211; lleno&#8221; de modo que, cuando se enrolla, se vuelve a llenar ( memoryfoam ).<\/p>\n<p>Se recomienda que se guarde el aislante abierto (inflado) antes de salir al viaje, dejando para doblarlo solamente el d\u00eda del viaje. De esta forma el aislante inflar\u00e1 m\u00e1s r\u00e1pido.<\/p>\n<p>Adem\u00e1s, el colch\u00f3n Ruby tiene un pico que se puede utilizar para completar el relleno y dejarlo m\u00e1s c\u00f3modo. F\u00e1cil de transportar y muy ligero, el colch\u00f3n Ruby es un aislante \u00f3ptimo para sus viajes de camping!<\/p>\n<p>Detalles del Modelo:<br \/>\n&#8211; Fabricado en poli\u00e9ster tafeta ripstop 190 T;<br \/>\n&#8211; Con espuma de poliuretano en su interior;<br \/>\n&#8211; Tiene el formato rectangular y es auto-inflable;<br \/>\n&#8211; Cerrado es compacto y extremadamente ligero;<br \/>\n&#8211; La espuma de poliuretano memoriza el estado &#8220;lleno de aire&#8221;, por lo que cuando se desenrolla vuelve a llenarse;<br \/>\n&#8211; Se recomienda que se guarde el aislante abierto (inflado) antes de salir para el viaje, dejando para doblarlo solamente el d\u00eda del viaje;<br \/>\n&#8211; De esta forma el aislante llenar\u00e1 m\u00e1s r\u00e1pido;<br \/>\n&#8211; Tiene un pico que se puede utilizar para completar el relleno y dejarlo m\u00e1s c\u00f3modo;<br \/>\n&#8211; Longitud: 1,88 m;<br \/>\n&#8211; Ancho: 55 cm;<br \/>\n&#8211; Altura: 3 cm;<br \/>\n&#8211; Peso Kg: 1,236;<\/p>\n<p>&nbsp;<\/p>\n<p><img fetchpriority=\"high\" decoding=\"async\" class=\"alignnone wp-image-80258 size-full\" src=\"https:\/\/bodegaoutdoor.cl\/store\/wp-content\/uploads\/2023\/10\/WhatsApp-Image-2023-10-16-at-11.52.45.jpeg\" alt=\"\" width=\"1169\" height=\"1152\" srcset=\"https:\/\/bodegaoutdoor.cl\/store\/wp-content\/uploads\/2023\/10\/WhatsApp-Image-2023-10-16-at-11.52.45.jpeg 1169w, https:\/\/bodegaoutdoor.cl\/store\/wp-content\/uploads\/2023\/10\/WhatsApp-Image-2023-10-16-at-11.52.45-300x296.jpeg 300w, https:\/\/bodegaoutdoor.cl\/store\/wp-content\/uploads\/2023\/10\/WhatsApp-Image-2023-10-16-at-11.52.45-1024x1009.jpeg 1024w, https:\/\/bodegaoutdoor.cl\/store\/wp-content\/uploads\/2023\/10\/WhatsApp-Image-2023-10-16-at-11.52.45-768x757.jpeg 768w, https:\/\/bodegaoutdoor.cl\/store\/wp-content\/uploads\/2023\/10\/WhatsApp-Image-2023-10-16-at-11.52.45-600x591.jpeg 600w, https:\/\/bodegaoutdoor.cl\/store\/wp-content\/uploads\/2023\/10\/WhatsApp-Image-2023-10-16-at-11.52.45-100x100.jpeg 100w, https:\/\/bodegaoutdoor.cl\/store\/wp-content\/uploads\/2023\/10\/WhatsApp-Image-2023-10-16-at-11.52.45-50x50.jpeg 50w\" sizes=\"(max-width: 1169px) 100vw, 1169px\" \/> <img decoding=\"async\" class=\"alignnone size-medium wp-image-80265\" src=\"https:\/\/bodegaoutdoor.cl\/store\/wp-content\/uploads\/2023\/10\/fa590cc1-c604-4b50-825b-f6a0fe3256ab-300x234.jpg\" alt=\"\" width=\"300\" height=\"234\" srcset=\"https:\/\/bodegaoutdoor.cl\/store\/wp-content\/uploads\/2023\/10\/fa590cc1-c604-4b50-825b-f6a0fe3256ab-300x234.jpg 300w, https:\/\/bodegaoutdoor.cl\/store\/wp-content\/uploads\/2023\/10\/fa590cc1-c604-4b50-825b-f6a0fe3256ab-1024x799.jpg 1024w, https:\/\/bodegaoutdoor.cl\/store\/wp-content\/uploads\/2023\/10\/fa590cc1-c604-4b50-825b-f6a0fe3256ab-768x599.jpg 768w, https:\/\/bodegaoutdoor.cl\/store\/wp-content\/uploads\/2023\/10\/fa590cc1-c604-4b50-825b-f6a0fe3256ab-600x468.jpg 600w, https:\/\/bodegaoutdoor.cl\/store\/wp-content\/uploads\/2023\/10\/fa590cc1-c604-4b50-825b-f6a0fe3256ab.jpg 1128w\" sizes=\"(max-width: 300px) 100vw, 300px\" \/> <img decoding=\"async\" class=\"alignnone size-medium wp-image-80264\" src=\"https:\/\/bodegaoutdoor.cl\/store\/wp-content\/uploads\/2023\/10\/26985b56-06c6-4653-8140-fc834dd17522-249x300.jpg\" alt=\"\" width=\"249\" height=\"300\" srcset=\"https:\/\/bodegaoutdoor.cl\/store\/wp-content\/uploads\/2023\/10\/26985b56-06c6-4653-8140-fc834dd17522-249x300.jpg 249w, https:\/\/bodegaoutdoor.cl\/store\/wp-content\/uploads\/2023\/10\/26985b56-06c6-4653-8140-fc834dd17522-850x1024.jpg 850w, https:\/\/bodegaoutdoor.cl\/store\/wp-content\/uploads\/2023\/10\/26985b56-06c6-4653-8140-fc834dd17522-768x926.jpg 768w, https:\/\/bodegaoutdoor.cl\/store\/wp-content\/uploads\/2023\/10\/26985b56-06c6-4653-8140-fc834dd17522-600x723.jpg 600w, https:\/\/bodegaoutdoor.cl\/store\/wp-content\/uploads\/2023\/10\/26985b56-06c6-4653-8140-fc834dd17522.jpg 930w\" sizes=\"(max-width: 249px) 100vw, 249px\" \/> <img loading=\"lazy\" decoding=\"async\" class=\"alignnone size-medium wp-image-80263\" src=\"https:\/\/bodegaoutdoor.cl\/store\/wp-content\/uploads\/2023\/10\/634fba20-16cf-49ad-af83-2c71a87457eb-300x274.jpg\" alt=\"\" width=\"300\" height=\"274\" srcset=\"https:\/\/bodegaoutdoor.cl\/store\/wp-content\/uploads\/2023\/10\/634fba20-16cf-49ad-af83-2c71a87457eb-300x274.jpg 300w, https:\/\/bodegaoutdoor.cl\/store\/wp-content\/uploads\/2023\/10\/634fba20-16cf-49ad-af83-2c71a87457eb-1024x934.jpg 1024w, https:\/\/bodegaoutdoor.cl\/store\/wp-content\/uploads\/2023\/10\/634fba20-16cf-49ad-af83-2c71a87457eb-768x701.jpg 768w, https:\/\/bodegaoutdoor.cl\/store\/wp-content\/uploads\/2023\/10\/634fba20-16cf-49ad-af83-2c71a87457eb-600x547.jpg 600w, https:\/\/bodegaoutdoor.cl\/store\/wp-content\/uploads\/2023\/10\/634fba20-16cf-49ad-af83-2c71a87457eb.jpg 1118w\" sizes=\"(max-width: 300px) 100vw, 300px\" \/><\/p>\n\n    <div class=\"xs_social_share_widget xs_share_url after_content \t\tmain_content  wslu-style-1 wslu-share-box-shaped wslu-fill-colored wslu-none wslu-share-horizontal wslu-theme-font-no wslu-main_content\">\n\n\t\t\n        <ul>\n\t\t\t        <\/ul>\n    <\/div> \n","protected":false},"excerpt":{"rendered":"<p>Descripci\u00f3n Azteq ha desarrollado para usted el Ruby, un peque\u00f1o colch\u00f3n auto inflable que le servir\u00e1 como un \u00f3ptimo aislante t\u00e9rmico para noches fr\u00edas de camping. Por el hecho de que el colch\u00f3n es inflable, el fr\u00edo del suelo queda m\u00e1s aislado, proporcionando un calor adecuado para bajas temperaturas. Los aislantes t\u00e9rmicos son muy importantes, [&hellip;]<\/p>\n","protected":false},"featured_media":80258,"comment_status":"open","ping_status":"closed","template":"","meta":{"jetpack_publicize_message":"","jetpack_publicize_feature_enabled":true,"jetpack_social_post_already_shared":true,"jetpack_social_options":{"image_generator_settings":{"template":"highway","enabled":false},"version":2}},"product_brand":[],"product_cat":[2814,710],"product_tag":[4769,2166],"class_list":{"0":"post-80262","1":"product","2":"type-product","3":"status-publish","4":"has-post-thumbnail","6":"product_cat-camping","7":"product_cat-colchonetas-camping","8":"product_tag-cochoneta-inflable","9":"product_tag-ntk","11":"first","12":"instock","13":"sale","14":"taxable","15":"shipping-taxable","16":"purchasable","17":"product-type-simple"},"jetpack_publicize_connections":[],"jetpack_sharing_enabled":true,"_links":{"self":[{"href":"https:\/\/bodegaoutdoor.cl\/store\/wp-json\/wp\/v2\/product\/80262","targetHints":{"allow":["GET"]}}],"collection":[{"href":"https:\/\/bodegaoutdoor.cl\/store\/wp-json\/wp\/v2\/product"}],"about":[{"href":"https:\/\/bodegaoutdoor.cl\/store\/wp-json\/wp\/v2\/types\/product"}],"replies":[{"embeddable":true,"href":"https:\/\/bodegaoutdoor.cl\/store\/wp-json\/wp\/v2\/comments?post=80262"}],"version-history":[{"count":2,"href":"https:\/\/bodegaoutdoor.cl\/store\/wp-json\/wp\/v2\/product\/80262\/revisions"}],"predecessor-version":[{"id":80268,"href":"https:\/\/bodegaoutdoor.cl\/store\/wp-json\/wp\/v2\/product\/80262\/revisions\/80268"}],"wp:featuredmedia":[{"embeddable":true,"href":"https:\/\/bodegaoutdoor.cl\/store\/wp-json\/wp\/v2\/media\/80258"}],"wp:attachment":[{"href":"https:\/\/bodegaoutdoor.cl\/store\/wp-json\/wp\/v2\/media?parent=80262"}],"wp:term":[{"taxonomy":"product_brand","embeddable":true,"href":"https:\/\/bodegaoutdoor.cl\/store\/wp-json\/wp\/v2\/product_brand?post=80262"},{"taxonomy":"product_cat","embeddable":true,"href":"https:\/\/bodegaoutdoor.cl\/store\/wp-json\/wp\/v2\/product_cat?post=80262"},{"taxonomy":"product_tag","embeddable":true,"href":"https:\/\/bodegaoutdoor.cl\/store\/wp-json\/wp\/v2\/product_tag?post=80262"}],"curies":[{"name":"wp","href":"https:\/\/api.w.org\/{rel}","templated":true}]}}