{"id":80328,"date":"2023-11-01T12:44:33","date_gmt":"2023-11-01T15:44:33","guid":{"rendered":"https:\/\/bodegaoutdoor.cl\/store\/product\/saludas-zapatos-de-trekking-para-hombre-zapatillas-deportivas-informales-comodas-impermeables-y-antideslizantes-para-correr-al-aire-libre\/"},"modified":"2023-11-01T13:03:30","modified_gmt":"2023-11-01T16:03:30","slug":"saludas-zapatos-de-trekking-para-hombre-zapatillas-deportivas-informales-comodas-impermeables-y-antideslizantes-para-correr-al-aire-libre","status":"publish","type":"product","link":"https:\/\/bodegaoutdoor.cl\/store\/product\/saludas-zapatos-de-trekking-para-hombre-zapatillas-deportivas-informales-comodas-impermeables-y-antideslizantes-para-correr-al-aire-libre\/","title":{"rendered":"Zapatillas deportivas Outdoor impermeables y antideslizantes"},"content":{"rendered":"<div>\n<div>\n<p id=\"tl_1\">Preste atenci\u00f3n:<br \/>\n2. Consulte nuestra tabla de tallas para ver qu\u00e9 talla coincide con la longitud de sus pies.<br \/>\n3. Si uno de sus pies es m\u00e1s grande o m\u00e1s largo que otro, debe elegir el tama\u00f1o que se ajuste a su pie m\u00e1s grande.<br \/>\n4. Si su empeine o pie es m\u00e1s grande de lo habitual, se le aconseja comprar un tama\u00f1o m\u00e1s grande.<br \/>\n5. Tenga en cuenta que puede haber una discrepancia si utiliza el m\u00e9todo de medici\u00f3n incorrecto.<br \/>\n6. La caja del paquete original no est\u00e1 incluida para disminuir el costo de env\u00edo, si necesita la caja de regalo, h\u00e1ganoslo saber, necesita un costo adicional de 3USD.<br \/>\n7. Si tiene alguna pregunta, p\u00f3ngase en contacto con nosotros. Si tiene cualquier problema con nuestro producto, le prometemos que le daremos una buena soluci\u00f3n.<\/p>\n<p><img decoding=\"async\" src=\"\/\/ae01.alicdn.com\/kf\/S5bf3d309710b4508be7ce12d12b55fc8i.jpg\" width=\"800px\" height=\"444px\" border=\"0\" \/><\/p>\n<p><img decoding=\"async\" src=\"\/\/ae01.alicdn.com\/kf\/Sa75757f205f344eb97fe469e40a79410b.jpg\" \/><\/p>\n<p><img decoding=\"async\" src=\"\/\/ae01.alicdn.com\/kf\/Sf9faf5e6772b435b906af2eb1158bf45J.jpg\" \/><\/p>\n<p><img decoding=\"async\" src=\"\/\/ae01.alicdn.com\/kf\/Sc9fe242fb387429f9adb358da7a4eeb0Y.jpg\" \/><\/p>\n<p><img decoding=\"async\" src=\"\/\/ae01.alicdn.com\/kf\/Sf92ec5d22d884f14a1650d734339f9e0R.jpg\" \/><\/p>\n<p><img decoding=\"async\" src=\"\/\/ae01.alicdn.com\/kf\/Sde2e77e08d594a76956abf9332bedcd6j.jpg\" \/><\/p>\n<p><img decoding=\"async\" src=\"\/\/ae01.alicdn.com\/kf\/Sf1ed914b3256465d97a4d5861658404ez.jpg\" \/><\/p>\n<p><img decoding=\"async\" src=\"\/\/ae01.alicdn.com\/kf\/S6a7ff310c9324780bde0a0b324b547a1H.jpg\" \/><\/p>\n<p><img decoding=\"async\" src=\"\/\/ae01.alicdn.com\/kf\/Sad67bd68e3294ac493107e50649083c9j.jpg\" \/><\/p>\n<p><img decoding=\"async\" src=\"\/\/ae01.alicdn.com\/kf\/S3f857bf8e5bb4da6898c08c90cbba0abA.jpg\" \/><\/p>\n<p><img decoding=\"async\" src=\"\/\/ae01.alicdn.com\/kf\/S204168acf5374cfea74983a980700898X.jpg\" \/><\/p>\n<p><img decoding=\"async\" src=\"\/\/ae01.alicdn.com\/kf\/Sbb84223781f54f22bcb22c0016e4af50i.jpg\" \/><\/p>\n<p><img decoding=\"async\" src=\"\/\/ae01.alicdn.com\/kf\/S83de455206d5419da447e7fed7cb88ddv.jpg\" \/><\/p>\n<p><img decoding=\"async\" src=\"\/\/ae01.alicdn.com\/kf\/Sb87d149da3254715b0e9c240fa0d7cb7k.jpg\" \/><\/p>\n<p><img decoding=\"async\" src=\"\/\/ae01.alicdn.com\/kf\/S9f15fbc6e4844b6eab85fa26cd212fa4V.jpg\" \/><\/p>\n<p><img decoding=\"async\" src=\"\/\/ae01.alicdn.com\/kf\/Sc8331826c8f64c61a5a5601ea8487344d.jpg\" \/><\/p>\n<p><img decoding=\"async\" src=\"\/\/ae01.alicdn.com\/kf\/Sf03408f6baa6470384e4c97b46c42882e.jpg\" \/><\/p>\n<p>&nbsp;<\/p>\n<\/div>\n<\/div>\n\n    <div class=\"xs_social_share_widget xs_share_url after_content \t\tmain_content  wslu-style-1 wslu-share-box-shaped wslu-fill-colored wslu-none wslu-share-horizontal wslu-theme-font-no wslu-main_content\">\n\n\t\t\n        <ul>\n\t\t\t        <\/ul>\n    <\/div> \n","protected":false},"excerpt":{"rendered":"<p><a href=\"https:\/\/api.whatsapp.com\/send?phone=56963572236\"><strong><span style=\"color: #ff0000;\">PRECIO x3 colores $65.000 el par<\/span><\/strong><\/a><\/p>\n<p><strong>Cant. Por mayor 3 Pares\u00a0<\/strong><\/p>\n","protected":false},"featured_media":80371,"comment_status":"open","ping_status":"closed","template":"","meta":{"jetpack_publicize_message":"","jetpack_publicize_feature_enabled":true,"jetpack_social_post_already_shared":true,"jetpack_social_options":{"image_generator_settings":{"template":"highway","enabled":false},"version":2}},"product_brand":[],"product_cat":[41],"product_tag":[],"class_list":{"0":"post-80328","1":"product","2":"type-product","3":"status-publish","4":"has-post-thumbnail","6":"product_cat-calzado","8":"first","9":"instock","10":"sale","11":"taxable","12":"shipping-taxable","13":"purchasable","14":"product-type-variable"},"jetpack_publicize_connections":[],"jetpack_sharing_enabled":true,"_links":{"self":[{"href":"https:\/\/bodegaoutdoor.cl\/store\/wp-json\/wp\/v2\/product\/80328","targetHints":{"allow":["GET"]}}],"collection":[{"href":"https:\/\/bodegaoutdoor.cl\/store\/wp-json\/wp\/v2\/product"}],"about":[{"href":"https:\/\/bodegaoutdoor.cl\/store\/wp-json\/wp\/v2\/types\/product"}],"replies":[{"embeddable":true,"href":"https:\/\/bodegaoutdoor.cl\/store\/wp-json\/wp\/v2\/comments?post=80328"}],"version-history":[{"count":22,"href":"https:\/\/bodegaoutdoor.cl\/store\/wp-json\/wp\/v2\/product\/80328\/revisions"}],"predecessor-version":[{"id":80416,"href":"https:\/\/bodegaoutdoor.cl\/store\/wp-json\/wp\/v2\/product\/80328\/revisions\/80416"}],"wp:featuredmedia":[{"embeddable":true,"href":"https:\/\/bodegaoutdoor.cl\/store\/wp-json\/wp\/v2\/media\/80371"}],"wp:attachment":[{"href":"https:\/\/bodegaoutdoor.cl\/store\/wp-json\/wp\/v2\/media?parent=80328"}],"wp:term":[{"taxonomy":"product_brand","embeddable":true,"href":"https:\/\/bodegaoutdoor.cl\/store\/wp-json\/wp\/v2\/product_brand?post=80328"},{"taxonomy":"product_cat","embeddable":true,"href":"https:\/\/bodegaoutdoor.cl\/store\/wp-json\/wp\/v2\/product_cat?post=80328"},{"taxonomy":"product_tag","embeddable":true,"href":"https:\/\/bodegaoutdoor.cl\/store\/wp-json\/wp\/v2\/product_tag?post=80328"}],"curies":[{"name":"wp","href":"https:\/\/api.w.org\/{rel}","templated":true}]}}