{"id":80428,"date":"2023-11-07T15:01:48","date_gmt":"2023-11-07T18:01:48","guid":{"rendered":"https:\/\/bodegaoutdoor.cl\/store\/?post_type=product&#038;p=80428"},"modified":"2023-11-07T17:23:16","modified_gmt":"2023-11-07T20:23:16","slug":"cocinilla-portatil-para-picnic-camping-senderismo","status":"publish","type":"product","link":"https:\/\/bodegaoutdoor.cl\/store\/product\/cocinilla-portatil-para-picnic-camping-senderismo\/","title":{"rendered":"Cocinilla port\u00e1til para Picnic, camping, senderismo"},"content":{"rendered":"<p id=\"tl_1\">Caracter\u00edsticas<\/p>\n<p id=\"tl_2\">1. Estructura del marco estable: material del marco de acero inoxidable, buen soporte de carga; Marco de soporte triangular, estructura estable, puede adaptarse al suelo exterior; La superficie de soporte es grande despu\u00e9s de desplegar el soporte, que es adecuado para la mayor\u00eda de las macetas de camping.<\/p>\n<p id=\"tl_3\">2. Se puede plegar El marco de soporte: los marcos de soporte superior e inferior se pueden plegar y el volumen de almacenamiento es peque\u00f1o y f\u00e1cil de transportar.<\/p>\n<p id=\"tl_4\">3. Alta potencia, combusti\u00f3n completa: potencia 3500W, llama grande azul, combusti\u00f3n completa, velocidad de cocci\u00f3n r\u00e1pida, hervir 500ml de agua en un ambiente de temperatura ambiente solo tarda 1 minuto y 45 segundos.<\/p>\n<p id=\"tl_5\">4. Actualizaci\u00f3n del material: el material del encendedor electr\u00f3nico se actualiza a pl\u00e1stico de alto punto de fusi\u00f3n m\u00e1s tubo de cer\u00e1mica, que es m\u00e1s resistente a altas temperaturas y tiene una vida \u00fatil m\u00e1s larga.<\/p>\n<p id=\"tl_6\">5. Las piezas se pueden reemplazar: la placa de fuego, el encendedor electr\u00f3nico, la boquilla y otras piezas son f\u00e1ciles de usar, puede comprar accesorios originales por separado, desmontar y reemplazar, y extender la vida \u00fatil general del horno de gas.<\/p>\n<p id=\"tl_7\">6. Adecuado para varios escenarios: camping, picnic, senderismo, autoconducci\u00f3n, ciclismo, pesca, formaci\u00f3n de equipos al aire libre.<\/p>\n<p id=\"tl_8\">Especificaciones<\/p>\n<p id=\"tl_9\">1. Nombre: Estufa de camping al aire libre dividida Widesea<\/p>\n<p id=\"tl_10\">2. Color: met\u00e1lico<\/p>\n<p id=\"tl_11\">3. Material: aleaci\u00f3n de aluminio, acero inoxidable, todo cobre, tuber\u00eda de PVC, tubo de cer\u00e1mica, pl\u00e1stico de alto punto de fusi\u00f3n<\/p>\n<p id=\"tl_12\">4. Tama\u00f1o desplegado: \u03c6 155mm * 72mm<\/p>\n<p id=\"tl_13\">Tama\u00f1o de almacenamiento: \u03c6 76mm * 62mm<\/p>\n<p id=\"tl_14\">5. Peso: aproximadamente 235G<\/p>\n<p id=\"tl_15\">Aviso:<\/p>\n<p id=\"tl_16\">1. Cuando se conecta el tanque, firstmakesurethattheswitchontheconnectingvalveisclosedtoavoidairleakageduringinstallation;<\/p>\n<p id=\"tl_17\">2. Al seleccionar el tanque, youcanchooseagastankwithbrandpurityandnoimpuritiestoavoidblockageoftheairnozzle;<\/p>\n<p id=\"tl_18\">3. Despu\u00e9s de usar, primero apagar la conexi\u00f3n con el interruptor de v\u00e1lvulas, esperar segundos, andthenunscrewtheconnectionvalvefromthegastank.<\/p>\n<p id=\"tl_19\">4. Limpieza y mantenimiento no normales, wipewithasoftwettoweltoavoidscratchingthefurnacebody;<\/p>\n<p id=\"tl_20\">5. Placa ign\u00edfuga, boquilla de aire, andventpipehavebeenusedfortoolongorareblocked.Pleasecontactforrepairorpurchasereplacementpartsintimetoimprovethelifeofthestove.<\/p>\n<p style=\"text-align: left; margin-bottom: 0px; margin-top: 0px; margin-left: 0px;\" align=\"left\"><img decoding=\"async\" title=\"Widesea-quemador de Gas de gran potencia para acampada, horno port\u00e1til para Picnic, barbacoa, suministros de Turismo, recreaci\u00f3n al aire libre\" src=\"https:\/\/bodegaoutdoor.cl\/store\/wp-content\/uploads\/2023\/11\/80428-qhnvvm.jpg\" alt=\"Widesea-quemador de Gas de gran potencia para acampada, horno port\u00e1til para Picnic, barbacoa, suministros de Turismo, recreaci\u00f3n al aire libre\" \/><img decoding=\"async\" title=\"Widesea-quemador de Gas de gran potencia para acampada, horno port\u00e1til para Picnic, barbacoa, suministros de Turismo, recreaci\u00f3n al aire libre\" src=\"https:\/\/bodegaoutdoor.cl\/store\/wp-content\/uploads\/2023\/11\/80428-sckuhl.jpg\" alt=\"Widesea-quemador de Gas de gran potencia para acampada, horno port\u00e1til para Picnic, barbacoa, suministros de Turismo, recreaci\u00f3n al aire libre\" \/><img decoding=\"async\" title=\"Widesea-quemador de Gas de gran potencia para acampada, horno port\u00e1til para Picnic, barbacoa, suministros de Turismo, recreaci\u00f3n al aire libre\" src=\"https:\/\/bodegaoutdoor.cl\/store\/wp-content\/uploads\/2023\/11\/80428-t7ywfs.jpg\" alt=\"Widesea-quemador de Gas de gran potencia para acampada, horno port\u00e1til para Picnic, barbacoa, suministros de Turismo, recreaci\u00f3n al aire libre\" \/><img decoding=\"async\" title=\"Widesea-quemador de Gas de gran potencia para acampada, horno port\u00e1til para Picnic, barbacoa, suministros de Turismo, recreaci\u00f3n al aire libre\" src=\"https:\/\/bodegaoutdoor.cl\/store\/wp-content\/uploads\/2023\/11\/80428-awu3wa.jpg\" alt=\"Widesea-quemador de Gas de gran potencia para acampada, horno port\u00e1til para Picnic, barbacoa, suministros de Turismo, recreaci\u00f3n al aire libre\" \/><img decoding=\"async\" title=\"Widesea-quemador de Gas de gran potencia para acampada, horno port\u00e1til para Picnic, barbacoa, suministros de Turismo, recreaci\u00f3n al aire libre\" src=\"https:\/\/bodegaoutdoor.cl\/store\/wp-content\/uploads\/2023\/11\/80428-zoytya.jpg\" alt=\"Widesea-quemador de Gas de gran potencia para acampada, horno port\u00e1til para Picnic, barbacoa, suministros de Turismo, recreaci\u00f3n al aire libre\" \/><img decoding=\"async\" title=\"Widesea-quemador de Gas de gran potencia para acampada, horno port\u00e1til para Picnic, barbacoa, suministros de Turismo, recreaci\u00f3n al aire libre\" src=\"https:\/\/bodegaoutdoor.cl\/store\/wp-content\/uploads\/2023\/11\/80428-ri0puq.jpg\" alt=\"Widesea-quemador de Gas de gran potencia para acampada, horno port\u00e1til para Picnic, barbacoa, suministros de Turismo, recreaci\u00f3n al aire libre\" \/><\/p>\n\n    <div class=\"xs_social_share_widget xs_share_url after_content \t\tmain_content  wslu-style-1 wslu-share-box-shaped wslu-fill-colored wslu-none wslu-share-horizontal wslu-theme-font-no wslu-main_content\">\n\n\t\t\n        <ul>\n\t\t\t        <\/ul>\n    <\/div> \n","protected":false},"excerpt":{"rendered":"<p>Caracter\u00edsticas 1. Estructura del marco estable: material del marco de acero inoxidable, buen soporte de carga; Marco de soporte triangular, estructura estable, puede adaptarse al suelo exterior; La superficie de soporte es grande despu\u00e9s de desplegar el soporte, que es adecuado para la mayor\u00eda de las macetas de camping. 2. Se puede plegar El marco [&hellip;]<\/p>\n","protected":false},"featured_media":80432,"comment_status":"open","ping_status":"closed","template":"","meta":{"jetpack_publicize_message":"","jetpack_publicize_feature_enabled":true,"jetpack_social_post_already_shared":true,"jetpack_social_options":{"image_generator_settings":{"template":"highway","enabled":false},"version":2}},"product_brand":[],"product_cat":[1150],"product_tag":[],"class_list":{"0":"post-80428","1":"product","2":"type-product","3":"status-publish","4":"has-post-thumbnail","6":"product_cat-cocinillas","8":"first","9":"instock","10":"sale","11":"taxable","12":"shipping-taxable","13":"purchasable","14":"product-type-variable"},"jetpack_publicize_connections":[],"jetpack_sharing_enabled":true,"_links":{"self":[{"href":"https:\/\/bodegaoutdoor.cl\/store\/wp-json\/wp\/v2\/product\/80428","targetHints":{"allow":["GET"]}}],"collection":[{"href":"https:\/\/bodegaoutdoor.cl\/store\/wp-json\/wp\/v2\/product"}],"about":[{"href":"https:\/\/bodegaoutdoor.cl\/store\/wp-json\/wp\/v2\/types\/product"}],"replies":[{"embeddable":true,"href":"https:\/\/bodegaoutdoor.cl\/store\/wp-json\/wp\/v2\/comments?post=80428"}],"version-history":[{"count":9,"href":"https:\/\/bodegaoutdoor.cl\/store\/wp-json\/wp\/v2\/product\/80428\/revisions"}],"predecessor-version":[{"id":80455,"href":"https:\/\/bodegaoutdoor.cl\/store\/wp-json\/wp\/v2\/product\/80428\/revisions\/80455"}],"wp:featuredmedia":[{"embeddable":true,"href":"https:\/\/bodegaoutdoor.cl\/store\/wp-json\/wp\/v2\/media\/80432"}],"wp:attachment":[{"href":"https:\/\/bodegaoutdoor.cl\/store\/wp-json\/wp\/v2\/media?parent=80428"}],"wp:term":[{"taxonomy":"product_brand","embeddable":true,"href":"https:\/\/bodegaoutdoor.cl\/store\/wp-json\/wp\/v2\/product_brand?post=80428"},{"taxonomy":"product_cat","embeddable":true,"href":"https:\/\/bodegaoutdoor.cl\/store\/wp-json\/wp\/v2\/product_cat?post=80428"},{"taxonomy":"product_tag","embeddable":true,"href":"https:\/\/bodegaoutdoor.cl\/store\/wp-json\/wp\/v2\/product_tag?post=80428"}],"curies":[{"name":"wp","href":"https:\/\/api.w.org\/{rel}","templated":true}]}}