{"id":80639,"date":"2023-11-24T13:57:44","date_gmt":"2023-11-24T16:57:44","guid":{"rendered":"https:\/\/bodegaoutdoor.cl\/store\/?post_type=product&#038;p=80639"},"modified":"2023-11-24T15:19:52","modified_gmt":"2023-11-24T18:19:52","slug":"calcetines-deportes-tobilleros","status":"publish","type":"product","link":"https:\/\/bodegaoutdoor.cl\/store\/product\/calcetines-deportes-tobilleros\/","title":{"rendered":"Calcetines Deportes Tobilleros"},"content":{"rendered":"<p>Descripci\u00f3n:<\/p>\n<p>El precio de esta publicaci\u00f3n corresponde a un (1) par de calcetines.<br \/>\nConfeccionados para adaptarse a los pies de la talla 36 hasta 43.<br \/>\nAlta capacidad el\u00e1stica<br \/>\nCosturas reforzadas<br \/>\nRespirable<br \/>\nAmortiguadores<br \/>\nComposici\u00f3n: 80% Algod\u00f3n 20% Spandex<\/p>\n<p><img fetchpriority=\"high\" decoding=\"async\" class=\"alignnone size-medium wp-image-80643\" src=\"https:\/\/bodegaoutdoor.cl\/store\/wp-content\/uploads\/2023\/11\/MEDIACORTA01-PACK2-RO-1-768x768-1-300x300.jpg\" alt=\"\" width=\"300\" height=\"300\" srcset=\"https:\/\/bodegaoutdoor.cl\/store\/wp-content\/uploads\/2023\/11\/MEDIACORTA01-PACK2-RO-1-768x768-1-300x300.jpg 300w, https:\/\/bodegaoutdoor.cl\/store\/wp-content\/uploads\/2023\/11\/MEDIACORTA01-PACK2-RO-1-768x768-1-150x150.jpg 150w, https:\/\/bodegaoutdoor.cl\/store\/wp-content\/uploads\/2023\/11\/MEDIACORTA01-PACK2-RO-1-768x768-1-600x600.jpg 600w, https:\/\/bodegaoutdoor.cl\/store\/wp-content\/uploads\/2023\/11\/MEDIACORTA01-PACK2-RO-1-768x768-1-100x100.jpg 100w, https:\/\/bodegaoutdoor.cl\/store\/wp-content\/uploads\/2023\/11\/MEDIACORTA01-PACK2-RO-1-768x768-1-50x50.jpg 50w, https:\/\/bodegaoutdoor.cl\/store\/wp-content\/uploads\/2023\/11\/MEDIACORTA01-PACK2-RO-1-768x768-1.jpg 768w\" sizes=\"(max-width: 300px) 100vw, 300px\" \/> <img decoding=\"async\" class=\"alignnone size-medium wp-image-80642\" src=\"https:\/\/bodegaoutdoor.cl\/store\/wp-content\/uploads\/2023\/11\/MEDIACORTA01-PACK2-LI-1.jpg-300x300.jpg\" alt=\"\" width=\"300\" height=\"300\" srcset=\"https:\/\/bodegaoutdoor.cl\/store\/wp-content\/uploads\/2023\/11\/MEDIACORTA01-PACK2-LI-1.jpg-300x300.jpg 300w, https:\/\/bodegaoutdoor.cl\/store\/wp-content\/uploads\/2023\/11\/MEDIACORTA01-PACK2-LI-1.jpg-1024x1024.jpg 1024w, https:\/\/bodegaoutdoor.cl\/store\/wp-content\/uploads\/2023\/11\/MEDIACORTA01-PACK2-LI-1.jpg-150x150.jpg 150w, https:\/\/bodegaoutdoor.cl\/store\/wp-content\/uploads\/2023\/11\/MEDIACORTA01-PACK2-LI-1.jpg-768x768.jpg 768w, https:\/\/bodegaoutdoor.cl\/store\/wp-content\/uploads\/2023\/11\/MEDIACORTA01-PACK2-LI-1.jpg-600x600.jpg 600w, https:\/\/bodegaoutdoor.cl\/store\/wp-content\/uploads\/2023\/11\/MEDIACORTA01-PACK2-LI-1.jpg-100x100.jpg 100w, https:\/\/bodegaoutdoor.cl\/store\/wp-content\/uploads\/2023\/11\/MEDIACORTA01-PACK2-LI-1.jpg-50x50.jpg 50w, https:\/\/bodegaoutdoor.cl\/store\/wp-content\/uploads\/2023\/11\/MEDIACORTA01-PACK2-LI-1.jpg.jpg 1500w\" sizes=\"(max-width: 300px) 100vw, 300px\" \/> <img decoding=\"async\" class=\"alignnone size-medium wp-image-80641\" src=\"https:\/\/bodegaoutdoor.cl\/store\/wp-content\/uploads\/2023\/11\/MEDIA_Corta_VI-1-768x768-1-300x300.jpg\" alt=\"\" width=\"300\" height=\"300\" srcset=\"https:\/\/bodegaoutdoor.cl\/store\/wp-content\/uploads\/2023\/11\/MEDIA_Corta_VI-1-768x768-1-300x300.jpg 300w, https:\/\/bodegaoutdoor.cl\/store\/wp-content\/uploads\/2023\/11\/MEDIA_Corta_VI-1-768x768-1-150x150.jpg 150w, https:\/\/bodegaoutdoor.cl\/store\/wp-content\/uploads\/2023\/11\/MEDIA_Corta_VI-1-768x768-1-600x600.jpg 600w, https:\/\/bodegaoutdoor.cl\/store\/wp-content\/uploads\/2023\/11\/MEDIA_Corta_VI-1-768x768-1-100x100.jpg 100w, https:\/\/bodegaoutdoor.cl\/store\/wp-content\/uploads\/2023\/11\/MEDIA_Corta_VI-1-768x768-1-50x50.jpg 50w, https:\/\/bodegaoutdoor.cl\/store\/wp-content\/uploads\/2023\/11\/MEDIA_Corta_VI-1-768x768-1.jpg 768w\" sizes=\"(max-width: 300px) 100vw, 300px\" \/><\/p>\n\n    <div class=\"xs_social_share_widget xs_share_url after_content \t\tmain_content  wslu-style-1 wslu-share-box-shaped wslu-fill-colored wslu-none wslu-share-horizontal wslu-theme-font-no wslu-main_content\">\n\n\t\t\n        <ul>\n\t\t\t        <\/ul>\n    <\/div> \n","protected":false},"excerpt":{"rendered":"<p>Descripci\u00f3n: El precio de esta publicaci\u00f3n corresponde a un (1) par de calcetines. Confeccionados para adaptarse a los pies de la talla 36 hasta 43. Alta capacidad el\u00e1stica Costuras reforzadas Respirable Amortiguadores Composici\u00f3n: 80% Algod\u00f3n 20% Spandex<\/p>\n","protected":false},"featured_media":80643,"comment_status":"open","ping_status":"closed","template":"","meta":{"jetpack_publicize_message":"","jetpack_publicize_feature_enabled":true,"jetpack_social_post_already_shared":true,"jetpack_social_options":{"image_generator_settings":{"template":"highway","enabled":false},"version":2}},"product_brand":[],"product_cat":[897],"product_tag":[],"class_list":{"0":"post-80639","1":"product","2":"type-product","3":"status-publish","4":"has-post-thumbnail","6":"product_cat-calcetines","8":"first","9":"instock","10":"sale","11":"taxable","12":"shipping-taxable","13":"purchasable","14":"product-type-variable"},"jetpack_publicize_connections":[],"jetpack_sharing_enabled":true,"_links":{"self":[{"href":"https:\/\/bodegaoutdoor.cl\/store\/wp-json\/wp\/v2\/product\/80639","targetHints":{"allow":["GET"]}}],"collection":[{"href":"https:\/\/bodegaoutdoor.cl\/store\/wp-json\/wp\/v2\/product"}],"about":[{"href":"https:\/\/bodegaoutdoor.cl\/store\/wp-json\/wp\/v2\/types\/product"}],"replies":[{"embeddable":true,"href":"https:\/\/bodegaoutdoor.cl\/store\/wp-json\/wp\/v2\/comments?post=80639"}],"version-history":[{"count":3,"href":"https:\/\/bodegaoutdoor.cl\/store\/wp-json\/wp\/v2\/product\/80639\/revisions"}],"predecessor-version":[{"id":80647,"href":"https:\/\/bodegaoutdoor.cl\/store\/wp-json\/wp\/v2\/product\/80639\/revisions\/80647"}],"wp:featuredmedia":[{"embeddable":true,"href":"https:\/\/bodegaoutdoor.cl\/store\/wp-json\/wp\/v2\/media\/80643"}],"wp:attachment":[{"href":"https:\/\/bodegaoutdoor.cl\/store\/wp-json\/wp\/v2\/media?parent=80639"}],"wp:term":[{"taxonomy":"product_brand","embeddable":true,"href":"https:\/\/bodegaoutdoor.cl\/store\/wp-json\/wp\/v2\/product_brand?post=80639"},{"taxonomy":"product_cat","embeddable":true,"href":"https:\/\/bodegaoutdoor.cl\/store\/wp-json\/wp\/v2\/product_cat?post=80639"},{"taxonomy":"product_tag","embeddable":true,"href":"https:\/\/bodegaoutdoor.cl\/store\/wp-json\/wp\/v2\/product_tag?post=80639"}],"curies":[{"name":"wp","href":"https:\/\/api.w.org\/{rel}","templated":true}]}}