{"id":8065,"date":"2020-07-25T14:39:04","date_gmt":"2020-07-25T14:39:04","guid":{"rendered":"https:\/\/bodegaoutdoor.cl\/store\/?post_type=product&#038;p=8065"},"modified":"2023-05-04T19:19:34","modified_gmt":"2023-05-04T23:19:34","slug":"camisa-trekking-manga-larga-hombre","status":"publish","type":"product","link":"https:\/\/bodegaoutdoor.cl\/store\/product\/camisa-trekking-manga-larga-hombre\/","title":{"rendered":"Camisa Trekking Manga Larga Hombre"},"content":{"rendered":"<div>\n<div>\n<div style=\"margin: 0.0px; padding: 0.0px; border: 0.0px; font-size: 13.0px; line-height: inherit; font-family: arial , helvetica , sans-serif; vertical-align: baseline; color: #000000;\">\n<div style=\"margin: 0.0px; padding: 0.0px; border: 0.0px; font-style: inherit; font-weight: inherit; font-size: inherit; line-height: inherit; font-family: arial; vertical-align: baseline; text-align: center;\"><span style=\"margin: 0.0px; padding: 0.0px; border: 0.0px; font-style: inherit; font-weight: inherit; font-size: inherit; line-height: 18.0px; vertical-align: baseline; color: #ff0000;\"><span style=\"margin: 0.0px; padding: 0.0px; border: 0.0px; font-style: inherit; font-weight: inherit; font-size: 18.0px; line-height: 27.0px; vertical-align: baseline;\"><span style=\"margin: 0.0px; padding: 0.0px; border: 0.0px; font-style: inherit; font-weight: inherit; font-size: inherit; line-height: 27.0px; font-family: georgia , serif; vertical-align: baseline;\"><img decoding=\"async\" title=\"TACVASEN, camisa t\u00e1ctica de secado r\u00e1pido para hombres, ropa de senderismo de manga larga, camisa de pesca con bolsillo, camiseta de c\u00e1mping, camisa de caza al aire libre\" src=\"https:\/\/bodegaoutdoor.cl\/store\/wp-content\/uploads\/2020\/07\/7936-vu4rwo.jpg\" alt=\"TACVASEN, camisa t\u00e1ctica de secado r\u00e1pido para hombres, ropa de senderismo de manga larga, camisa de pesca con bolsillo, camiseta de c\u00e1mping, camisa de caza al aire libre\" \/><\/span><\/span><\/span><\/div>\n<div style=\"margin: 0.0px; padding: 0.0px; border: 0.0px; font-style: inherit; font-weight: inherit; font-size: inherit; line-height: inherit; font-family: arial; vertical-align: baseline; text-align: center;\"><img fetchpriority=\"high\" decoding=\"async\" class=\"alignnone size-medium wp-image-8121\" src=\"https:\/\/bodegaoutdoor.cl\/store\/wp-content\/uploads\/2020\/07\/atributos.jpg\" alt=\"\" width=\"829\" height=\"383\" srcset=\"https:\/\/bodegaoutdoor.cl\/store\/wp-content\/uploads\/2020\/07\/atributos.jpg 829w, https:\/\/bodegaoutdoor.cl\/store\/wp-content\/uploads\/2020\/07\/atributos-600x277.jpg 600w, https:\/\/bodegaoutdoor.cl\/store\/wp-content\/uploads\/2020\/07\/atributos-768x355.jpg 768w\" sizes=\"(max-width: 829px) 100vw, 829px\" \/><\/div>\n<div style=\"margin: 0.0px; padding: 0.0px; border: 0.0px; font-style: inherit; font-weight: inherit; font-size: inherit; line-height: inherit; font-family: arial; vertical-align: baseline; text-align: center;\"><\/div>\n<div style=\"margin: 0.0px; padding: 0.0px; border: 0.0px; font-style: inherit; font-weight: inherit; font-size: inherit; line-height: inherit; font-family: arial; vertical-align: baseline; text-align: center;\"><\/div>\n<div style=\"margin: 0.0px; padding: 0.0px; border: 0.0px; font-style: inherit; font-weight: inherit; font-size: inherit; line-height: inherit; font-family: arial; vertical-align: baseline; text-align: center;\"><\/div>\n<div style=\"margin: 0.0px; padding: 0.0px; border: 0.0px; font-style: inherit; font-weight: inherit; font-size: inherit; line-height: inherit; font-family: arial; vertical-align: baseline; text-align: center;\"><span style=\"margin: 0.0px; padding: 0.0px; border: 0.0px; font-style: inherit; font-weight: inherit; font-size: inherit; line-height: 18.0px; vertical-align: baseline; color: #ff0000;\"><span style=\"margin: 0.0px; padding: 0.0px; border: 0.0px; font-style: inherit; font-weight: inherit; font-size: 18.0px; line-height: 27.0px; vertical-align: baseline;\"><span style=\"margin: 0.0px; padding: 0.0px; border: 0.0px; font-style: inherit; font-weight: inherit; font-size: inherit; line-height: 27.0px; font-family: georgia , serif; vertical-align: baseline;\"><img decoding=\"async\" class=\"alignnone size-full wp-image-8119\" src=\"https:\/\/bodegaoutdoor.cl\/store\/wp-content\/uploads\/2020\/07\/1camisa-trekking-beige-Copy.jpg\" alt=\"\" width=\"480\" height=\"480\" srcset=\"https:\/\/bodegaoutdoor.cl\/store\/wp-content\/uploads\/2020\/07\/1camisa-trekking-beige-Copy.jpg 480w, https:\/\/bodegaoutdoor.cl\/store\/wp-content\/uploads\/2020\/07\/1camisa-trekking-beige-Copy-300x300.jpg 300w, https:\/\/bodegaoutdoor.cl\/store\/wp-content\/uploads\/2020\/07\/1camisa-trekking-beige-Copy-100x100.jpg 100w, https:\/\/bodegaoutdoor.cl\/store\/wp-content\/uploads\/2020\/07\/1camisa-trekking-beige-Copy-150x150.jpg 150w\" sizes=\"(max-width: 480px) 100vw, 480px\" \/> <img decoding=\"async\" class=\"alignnone size-medium wp-image-8120\" src=\"https:\/\/bodegaoutdoor.cl\/store\/wp-content\/uploads\/2020\/07\/1camisa-trekking-verde-Copy-1.jpg\" alt=\"\" width=\"480\" height=\"480\" srcset=\"https:\/\/bodegaoutdoor.cl\/store\/wp-content\/uploads\/2020\/07\/1camisa-trekking-verde-Copy-1.jpg 480w, https:\/\/bodegaoutdoor.cl\/store\/wp-content\/uploads\/2020\/07\/1camisa-trekking-verde-Copy-1-300x300.jpg 300w, https:\/\/bodegaoutdoor.cl\/store\/wp-content\/uploads\/2020\/07\/1camisa-trekking-verde-Copy-1-100x100.jpg 100w, https:\/\/bodegaoutdoor.cl\/store\/wp-content\/uploads\/2020\/07\/1camisa-trekking-verde-Copy-1-150x150.jpg 150w\" sizes=\"(max-width: 480px) 100vw, 480px\" \/>\u00a0 <img loading=\"lazy\" decoding=\"async\" class=\"alignnone size-medium wp-image-8122\" src=\"https:\/\/bodegaoutdoor.cl\/store\/wp-content\/uploads\/2020\/07\/AZULM-1-510x510-1.jpg\" alt=\"\" width=\"510\" height=\"510\" srcset=\"https:\/\/bodegaoutdoor.cl\/store\/wp-content\/uploads\/2020\/07\/AZULM-1-510x510-1.jpg 510w, https:\/\/bodegaoutdoor.cl\/store\/wp-content\/uploads\/2020\/07\/AZULM-1-510x510-1-300x300.jpg 300w, https:\/\/bodegaoutdoor.cl\/store\/wp-content\/uploads\/2020\/07\/AZULM-1-510x510-1-100x100.jpg 100w, https:\/\/bodegaoutdoor.cl\/store\/wp-content\/uploads\/2020\/07\/AZULM-1-510x510-1-150x150.jpg 150w\" sizes=\"(max-width: 510px) 100vw, 510px\" \/> <img loading=\"lazy\" decoding=\"async\" class=\"alignnone size-medium wp-image-8123\" src=\"https:\/\/bodegaoutdoor.cl\/store\/wp-content\/uploads\/2020\/07\/AZUL-MARINO-1-510x510-1.jpg\" alt=\"\" width=\"510\" height=\"510\" srcset=\"https:\/\/bodegaoutdoor.cl\/store\/wp-content\/uploads\/2020\/07\/AZUL-MARINO-1-510x510-1.jpg 510w, https:\/\/bodegaoutdoor.cl\/store\/wp-content\/uploads\/2020\/07\/AZUL-MARINO-1-510x510-1-300x300.jpg 300w, https:\/\/bodegaoutdoor.cl\/store\/wp-content\/uploads\/2020\/07\/AZUL-MARINO-1-510x510-1-100x100.jpg 100w, https:\/\/bodegaoutdoor.cl\/store\/wp-content\/uploads\/2020\/07\/AZUL-MARINO-1-510x510-1-150x150.jpg 150w\" sizes=\"(max-width: 510px) 100vw, 510px\" \/> <img loading=\"lazy\" decoding=\"async\" class=\"alignnone size-medium wp-image-8124\" src=\"https:\/\/bodegaoutdoor.cl\/store\/wp-content\/uploads\/2020\/07\/AZUL-MARINO-3-510x510-1.jpg\" alt=\"\" width=\"510\" height=\"510\" srcset=\"https:\/\/bodegaoutdoor.cl\/store\/wp-content\/uploads\/2020\/07\/AZUL-MARINO-3-510x510-1.jpg 510w, https:\/\/bodegaoutdoor.cl\/store\/wp-content\/uploads\/2020\/07\/AZUL-MARINO-3-510x510-1-300x300.jpg 300w, https:\/\/bodegaoutdoor.cl\/store\/wp-content\/uploads\/2020\/07\/AZUL-MARINO-3-510x510-1-100x100.jpg 100w, https:\/\/bodegaoutdoor.cl\/store\/wp-content\/uploads\/2020\/07\/AZUL-MARINO-3-510x510-1-150x150.jpg 150w\" sizes=\"(max-width: 510px) 100vw, 510px\" \/> <img loading=\"lazy\" decoding=\"async\" class=\"alignnone size-medium wp-image-8125\" src=\"https:\/\/bodegaoutdoor.cl\/store\/wp-content\/uploads\/2020\/07\/Hombre-CAMISA-Trekking-ML-510x510-1.jpg\" alt=\"\" width=\"510\" height=\"510\" srcset=\"https:\/\/bodegaoutdoor.cl\/store\/wp-content\/uploads\/2020\/07\/Hombre-CAMISA-Trekking-ML-510x510-1.jpg 510w, https:\/\/bodegaoutdoor.cl\/store\/wp-content\/uploads\/2020\/07\/Hombre-CAMISA-Trekking-ML-510x510-1-300x300.jpg 300w, https:\/\/bodegaoutdoor.cl\/store\/wp-content\/uploads\/2020\/07\/Hombre-CAMISA-Trekking-ML-510x510-1-100x100.jpg 100w, https:\/\/bodegaoutdoor.cl\/store\/wp-content\/uploads\/2020\/07\/Hombre-CAMISA-Trekking-ML-510x510-1-150x150.jpg 150w\" sizes=\"(max-width: 510px) 100vw, 510px\" \/><\/span><\/span><\/span><\/div>\n<div style=\"margin: 0.0px; padding: 0.0px; border: 0.0px; font-style: inherit; font-weight: inherit; font-size: inherit; line-height: inherit; font-family: arial; vertical-align: baseline; text-align: center;\"><\/div>\n<div style=\"margin: 0.0px; padding: 0.0px; border: 0.0px; font-style: inherit; font-weight: inherit; font-size: inherit; line-height: inherit; font-family: arial; vertical-align: baseline; text-align: center;\"><\/div>\n<\/div>\n<\/div>\n<\/div>\n\n    <div class=\"xs_social_share_widget xs_share_url after_content \t\tmain_content  wslu-style-1 wslu-share-box-shaped wslu-fill-colored wslu-none wslu-share-horizontal wslu-theme-font-no wslu-main_content\">\n\n\t\t\n        <ul>\n\t\t\t        <\/ul>\n    <\/div> \n","protected":false},"excerpt":{"rendered":"<p>\u00a0<\/p>\n","protected":false},"featured_media":8057,"comment_status":"open","ping_status":"closed","template":"","meta":{"jetpack_publicize_message":"","jetpack_publicize_feature_enabled":true,"jetpack_social_post_already_shared":true,"jetpack_social_options":{"image_generator_settings":{"template":"highway","enabled":false},"version":2}},"product_brand":[],"product_cat":[575,71,62],"product_tag":[],"class_list":{"0":"post-8065","1":"product","2":"type-product","3":"status-publish","4":"has-post-thumbnail","6":"product_cat-camisas-hombre","7":"product_cat-hombre-primera","8":"product_cat-vestuario-hombre","10":"first","11":"instock","12":"sale","13":"taxable","14":"shipping-taxable","15":"purchasable","16":"product-type-variable"},"jetpack_publicize_connections":[],"jetpack_sharing_enabled":true,"_links":{"self":[{"href":"https:\/\/bodegaoutdoor.cl\/store\/wp-json\/wp\/v2\/product\/8065","targetHints":{"allow":["GET"]}}],"collection":[{"href":"https:\/\/bodegaoutdoor.cl\/store\/wp-json\/wp\/v2\/product"}],"about":[{"href":"https:\/\/bodegaoutdoor.cl\/store\/wp-json\/wp\/v2\/types\/product"}],"replies":[{"embeddable":true,"href":"https:\/\/bodegaoutdoor.cl\/store\/wp-json\/wp\/v2\/comments?post=8065"}],"version-history":[{"count":1,"href":"https:\/\/bodegaoutdoor.cl\/store\/wp-json\/wp\/v2\/product\/8065\/revisions"}],"predecessor-version":[{"id":71321,"href":"https:\/\/bodegaoutdoor.cl\/store\/wp-json\/wp\/v2\/product\/8065\/revisions\/71321"}],"wp:featuredmedia":[{"embeddable":true,"href":"https:\/\/bodegaoutdoor.cl\/store\/wp-json\/wp\/v2\/media\/8057"}],"wp:attachment":[{"href":"https:\/\/bodegaoutdoor.cl\/store\/wp-json\/wp\/v2\/media?parent=8065"}],"wp:term":[{"taxonomy":"product_brand","embeddable":true,"href":"https:\/\/bodegaoutdoor.cl\/store\/wp-json\/wp\/v2\/product_brand?post=8065"},{"taxonomy":"product_cat","embeddable":true,"href":"https:\/\/bodegaoutdoor.cl\/store\/wp-json\/wp\/v2\/product_cat?post=8065"},{"taxonomy":"product_tag","embeddable":true,"href":"https:\/\/bodegaoutdoor.cl\/store\/wp-json\/wp\/v2\/product_tag?post=8065"}],"curies":[{"name":"wp","href":"https:\/\/api.w.org\/{rel}","templated":true}]}}