{"id":80724,"date":"2023-12-20T16:22:31","date_gmt":"2023-12-20T19:22:31","guid":{"rendered":"https:\/\/bodegaoutdoor.cl\/store\/product\/telemetro-laser-de-golf-promocional-recargable-por-usb-con-compensacion-de-pendiente-para-lasser-golfista-telemetro-monocular-de-caza\/"},"modified":"2024-01-31T16:54:54","modified_gmt":"2024-01-31T19:54:54","slug":"telemetro-laser-de-golf-promocional-recargable-por-usb-con-compensacion-de-pendiente-para-lasser-golfista-telemetro-monocular-de-caza","status":"publish","type":"product","link":"https:\/\/bodegaoutdoor.cl\/store\/product\/telemetro-laser-de-golf-promocional-recargable-por-usb-con-compensacion-de-pendiente-para-lasser-golfista-telemetro-monocular-de-caza\/","title":{"rendered":"TELEMETRO LASER 1000 M MEDIDOR DISTANCIA VELOCIDAD GOLF CAZA"},"content":{"rendered":"<p style=\"text-align: center;\"><video style=\"max-width: 100%;\" src=\"\/\/video.aliexpress-media.com\/play\/u\/ae_sg_item\/4048696359\/p\/1\/e\/6\/t\/10301\/1100186098841.mp4\" poster=\"https:\/\/ae01.alicdn.com\/kf\/Sfe6cdc2199ee40469d51e572b03b6904V\/Tel-metro-l-ser-de-Golf-promocional-recargable-por-USB-con-compensaci-n-de-pendiente-para.jpg\" preload=\"auto\" controls=\"controls\" width=\"100%\" height=\"100%\"><\/video><\/p>\n<div>\n<div>\n<p id=\"tl_1\">Tel\u00e9metro de Golf l\u00e1ser promocional recargable por USB con compensaci\u00f3n de pendiente para tel\u00e9metro de golfista l\u00e1ser Monocular de caza<\/p>\n<div>\n<div>\n<p style=\"text-align: left;\" align=\"left\"><span id=\"tl_2\">Este es un nuevo enlace. Contiene solo Golf, modo de funci\u00f3n completa, uso de caza, observaci\u00f3n de edificios. Por favor, h\u00e1game saber si tiene alguna sugerencia. Esperamos su pedido y elogios.<\/span><\/p>\n<\/div>\n<\/div>\n<p id=\"tl_3\" style=\"text-align: left;\" align=\"left\">Fuente de alimentaci\u00f3n: bater\u00eda de litio recargable incorporada USB<\/p>\n<p align=\"start\"><span style=\"font-size: 22px; font-family: arial, helvetica, sans-serif;\"><strong id=\"tl_4\">Unidades de medida: M\/Yard-conmutable manualmente (<\/strong><\/span><span id=\"tl_5\" style=\"font-size: 22px; font-family: arial, helvetica, sans-serif;\">Mantenga presionado el bot\u00f3n de medici\u00f3n<\/span> <span id=\"tl_6\">Y el bot\u00f3n M al mismo tiempo durante 2-3 segundos para cambiar a trav\u00e9s del ocular<\/span><strong>\uff09<\/strong><\/p>\n<p align=\"start\"><span id=\"tl_7\">Muchas gracias por su pedido. El per\u00edodo de garant\u00eda del producto es de un a\u00f1o, env\u00edeme un mensaje si tiene alguna pregunta. Le proporcionar\u00e9 servicio postventa.<\/span><\/p>\n<p align=\"start\"><span id=\"tl_8\">P\u00f3ngase en contacto con nosotros para cualquier pregunta antes de dejar un comentario negativo, resolveremos todos los problemas, lo que definitivamente le satisfar\u00e1, gracias.<\/span><\/p>\n<p>&nbsp;<\/p>\n<p style=\"text-align: left;\" align=\"left\"><strong id=\"tl_9\">Golf-NKG:<\/strong><\/p>\n<div>\n<div>\n<div>\n<div>\n<div>\n<div>\n<div>\n<div>\n<p id=\"tl_10\" style=\"text-align: left;\" align=\"left\"><strong>Fuente de alimentaci\u00f3n: USB<\/strong>Bater\u00eda de litio recargable incorporada<\/p>\n<p id=\"tl_11\" style=\"text-align: left;\" align=\"left\"><strong>Tama\u00f1o del producto<\/strong>96x34x6 7MM\/3,78&#215;1,34&#215;2.64in<\/p>\n<\/div>\n<\/div>\n<\/div>\n<p id=\"tl_12\" style=\"text-align: left;\" align=\"left\">1. Modo de medici\u00f3n de distancia en l\u00ednea recta<\/p>\n<p id=\"tl_13\" style=\"text-align: left;\" align=\"left\">2. Modo de golf (con bloqueo de bandera, compensaci\u00f3n de pendiente)<\/p>\n<p id=\"tl_14\" style=\"text-align: left;\" align=\"left\">\u2460 Bloqueo de asta y vibraci\u00f3n (disponible en ambos modos)<\/p>\n<p id=\"tl_15\" style=\"text-align: left;\" align=\"left\">\u2461 Funci\u00f3n de modo memoria<\/p>\n<p id=\"tl_16\" style=\"text-align: left;\" align=\"left\">\u2462 Interruptor angular<\/p>\n<p style=\"text-align: left;\" align=\"left\"><img fetchpriority=\"high\" decoding=\"async\" title=\"Tel\u00e9metro l\u00e1ser de Golf promocional recargable por USB con compensaci\u00f3n de pendiente para Lasser golfista, tel\u00e9metro Monocular de caza\" src=\"https:\/\/bodegaoutdoor.cl\/store\/wp-content\/uploads\/2023\/12\/80724-6wtf4d.jpg\" alt=\"Tel\u00e9metro l\u00e1ser de Golf promocional recargable por USB con compensaci\u00f3n de pendiente para Lasser golfista, tel\u00e9metro Monocular de caza\" width=\"944\" height=\"944\" \/><img decoding=\"async\" title=\"Tel\u00e9metro l\u00e1ser de Golf promocional recargable por USB con compensaci\u00f3n de pendiente para Lasser golfista, tel\u00e9metro Monocular de caza\" src=\"https:\/\/bodegaoutdoor.cl\/store\/wp-content\/uploads\/2023\/12\/80724-p5onac.jpg\" alt=\"Tel\u00e9metro l\u00e1ser de Golf promocional recargable por USB con compensaci\u00f3n de pendiente para Lasser golfista, tel\u00e9metro Monocular de caza\" width=\"944\" height=\"944\" \/><\/p>\n<div>\n<div>\n<div>\n<div>\n<div>\n<p id=\"tl_17\" style=\"text-align: left;\" align=\"left\"><strong>Multifunci\u00f3n 600\/1000M-NK:<\/strong>Rentable, multifuncional, sin vibraci\u00f3n. (Si necesita vibrar, por favor, h\u00e1gamelo saber)<\/p>\n<div>\n<div>\n<div>\n<p id=\"tl_18\" style=\"text-align: left;\" align=\"left\"><strong>Suministro el\u00e9ctrico<\/strong>Bater\u00eda de litio recargable incorporada<\/p>\n<p id=\"tl_19\" style=\"text-align: left;\" align=\"left\"><strong>Tama\u00f1o del producto<\/strong>96x34x6 7MM\/3,78&#215;1,34&#215;2.64in<\/p>\n<\/div>\n<\/div>\n<\/div>\n<p id=\"tl_20\" style=\"text-align: left;\" align=\"left\">\u2460 Modo de medici\u00f3n de distancia<\/p>\n<p id=\"tl_21\" style=\"text-align: left;\" align=\"left\">\u2461 Modo de m\u00e1quina todo en uno (\u00e1ngulo\/altura\/distancia horizontal)<\/p>\n<p id=\"tl_22\" style=\"text-align: left;\" align=\"left\">\u2462 Modo de escaneo<\/p>\n<p id=\"tl_23\" style=\"text-align: left;\" align=\"left\">\u2463 Modo de medici\u00f3n de altura de dos puntos<\/p>\n<p id=\"tl_24\" style=\"text-align: left;\" align=\"left\">\u2464 Modo de medici\u00f3n de velocidad<\/p>\n<p id=\"tl_25\" style=\"text-align: left;\" align=\"left\">\u2465 Modo de compensaci\u00f3n de trayectoria de golf (con compensaci\u00f3n de pendiente)<\/p>\n<p id=\"tl_26\" style=\"text-align: left;\" align=\"left\">\u2466 Funci\u00f3n de almacenamiento de datos <img decoding=\"async\" title=\"Tel\u00e9metro l\u00e1ser de Golf promocional recargable por USB con compensaci\u00f3n de pendiente para Lasser golfista, tel\u00e9metro Monocular de caza\" src=\"https:\/\/bodegaoutdoor.cl\/store\/wp-content\/uploads\/2023\/12\/80724-0my5zl.jpg\" alt=\"Tel\u00e9metro l\u00e1ser de Golf promocional recargable por USB con compensaci\u00f3n de pendiente para Lasser golfista, tel\u00e9metro Monocular de caza\" width=\"944\" height=\"1492\" \/><\/p>\n<p style=\"text-align: left;\" align=\"left\"><img loading=\"lazy\" decoding=\"async\" title=\"Tel\u00e9metro l\u00e1ser de Golf promocional recargable por USB con compensaci\u00f3n de pendiente para Lasser golfista, tel\u00e9metro Monocular de caza\" src=\"https:\/\/bodegaoutdoor.cl\/store\/wp-content\/uploads\/2023\/12\/80724-d8vj4b.jpg\" alt=\"Tel\u00e9metro l\u00e1ser de Golf promocional recargable por USB con compensaci\u00f3n de pendiente para Lasser golfista, tel\u00e9metro Monocular de caza\" width=\"944\" height=\"1777\" \/><img loading=\"lazy\" decoding=\"async\" title=\"Tel\u00e9metro l\u00e1ser de Golf promocional recargable por USB con compensaci\u00f3n de pendiente para Lasser golfista, tel\u00e9metro Monocular de caza\" src=\"https:\/\/bodegaoutdoor.cl\/store\/wp-content\/uploads\/2023\/12\/80724-kfhmyx.jpg\" alt=\"Tel\u00e9metro l\u00e1ser de Golf promocional recargable por USB con compensaci\u00f3n de pendiente para Lasser golfista, tel\u00e9metro Monocular de caza\" width=\"944\" height=\"845\" \/><\/p>\n<div>\n<div>\n<div>\n<div>\n<div>\n<p id=\"tl_27\" style=\"text-align: left;\" align=\"left\"><strong>Caza 1000M-NKM:<\/strong>Adecuado para la caza deportes al aire libre camping. Apariencia de camuflaje, tel\u00e9metro de caza de alto rendimiento.<\/p>\n<p id=\"tl_28\" style=\"text-align: left;\" align=\"left\"><strong>Suministro el\u00e9ctrico<\/strong>Bater\u00eda de litio recargable incorporada<\/p>\n<p id=\"tl_29\" style=\"text-align: left;\" align=\"left\"><strong>Tama\u00f1o del producto<\/strong>96x34x6 7MM\/3,78&#215;1,34&#215;2.64in<\/p>\n<p id=\"tl_30\" style=\"text-align: left;\" align=\"left\">\u2460 Modo de medici\u00f3n de distancia<\/p>\n<p id=\"tl_31\" style=\"text-align: left;\" align=\"left\">\u2461 Modo de m\u00e1quina todo en uno (\u00e1ngulo\/altura\/distancia horizontal)<\/p>\n<p id=\"tl_32\" style=\"text-align: left;\" align=\"left\">\u2462 Modo de escaneo<\/p>\n<p id=\"tl_33\" style=\"text-align: left;\" align=\"left\">\u2463 Modo de medici\u00f3n de altura de dos puntos<\/p>\n<p id=\"tl_34\" style=\"text-align: left;\" align=\"left\">\u2464 Modo de medici\u00f3n de velocidad<\/p>\n<p id=\"tl_35\" style=\"text-align: left;\" align=\"left\">\u2465 Modo de compensaci\u00f3n de pendiente de golf (con compensaci\u00f3n de pendiente)<\/p>\n<p id=\"tl_36\" style=\"text-align: left;\" align=\"left\">\u2466 Funci\u00f3n de almacenamiento de datos<\/p>\n<p style=\"text-align: left;\" align=\"left\"><img decoding=\"async\" title=\"Tel\u00e9metro l\u00e1ser de Golf promocional recargable por USB con compensaci\u00f3n de pendiente para Lasser golfista, tel\u00e9metro Monocular de caza\" src=\"https:\/\/bodegaoutdoor.cl\/store\/wp-content\/uploads\/2023\/12\/80724-cksp65.jpg\" alt=\"Tel\u00e9metro l\u00e1ser de Golf promocional recargable por USB con compensaci\u00f3n de pendiente para Lasser golfista, tel\u00e9metro Monocular de caza\" \/><img loading=\"lazy\" decoding=\"async\" title=\"Tel\u00e9metro l\u00e1ser de Golf promocional recargable por USB con compensaci\u00f3n de pendiente para Lasser golfista, tel\u00e9metro Monocular de caza\" src=\"https:\/\/bodegaoutdoor.cl\/store\/wp-content\/uploads\/2023\/12\/80724-bq4man.jpg\" alt=\"Tel\u00e9metro l\u00e1ser de Golf promocional recargable por USB con compensaci\u00f3n de pendiente para Lasser golfista, tel\u00e9metro Monocular de caza\" width=\"944\" height=\"944\" \/><\/p>\n<p>&nbsp;<\/p>\n<p id=\"tl_37\" style=\"text-align: left;\" align=\"left\"><strong>HD-R-Golf:<\/strong>La pantalla LCD de alta transparencia proviene del mismo proveedor que el a\u00f1o pasado. Tiene una pantalla LCD de alta definici\u00f3n, un ocular grande de 17,5mm y una transmisi\u00f3n de lente de 90%. El campo de visi\u00f3n es brillante y claro. En comparaci\u00f3n con otros productos, el sistema \u00f3ptico de alta calidad es comparable al JP- NK, tiene una apariencia \u00fanica y tiene un modo de entrenamiento de golf.<\/p>\n<div>\n<div>\n<div>\n<div>\n<div>\n<div>\n<div>\n<div>\n<p id=\"tl_38\" style=\"text-align: left;\" align=\"left\"><strong>Suministro el\u00e9ctrico<\/strong>Bater\u00eda externa reemplazable de 3V,<\/p>\n<p id=\"tl_39\" style=\"text-align: left;\" align=\"left\"><strong>Tama\u00f1o del producto<\/strong>9868 * x8MM\/3,86&#215;2,68&#215;1.50in<\/p>\n<\/div>\n<\/div>\n<\/div>\n<p id=\"tl_40\" style=\"text-align: left;\" align=\"left\">1. Modo de entrenamiento Y<\/p>\n<p id=\"tl_41\" style=\"text-align: left;\" align=\"left\">2. Modo entrenamiento M<\/p>\n<p id=\"tl_42\">3. Modo de carrera Y<\/p>\n<p id=\"tl_43\">4. Modo de competici\u00f3n M<\/p>\n<p id=\"tl_44\">\u2460 Bloqueo de asta de bandera y vibraci\u00f3n (en los cuatro modos)<\/p>\n<p id=\"tl_45\">\u2461 Funci\u00f3n de modo memoria<\/p>\n<p id=\"tl_46\">5. Con compensaci\u00f3n de pendiente<\/p>\n<p id=\"tl_47\">6. Bloqueo de asta<\/p>\n<p id=\"tl_48\">7. Recordatorio de vibraci\u00f3n<\/p>\n<p id=\"tl_49\">8. Unidad: cambia entre metros, yardas y pies.<\/p>\n<p id=\"tl_50\">9. Im\u00e1n N52 incorporado<\/p>\n<p id=\"tl_51\">10. Bandera de bloqueo 300 yardas<\/p>\n<p><img loading=\"lazy\" decoding=\"async\" title=\"Tel\u00e9metro l\u00e1ser de Golf promocional recargable por USB con compensaci\u00f3n de pendiente para Lasser golfista, tel\u00e9metro Monocular de caza\" src=\"https:\/\/bodegaoutdoor.cl\/store\/wp-content\/uploads\/2023\/12\/80724-bgnsd2.jpg\" alt=\"Tel\u00e9metro l\u00e1ser de Golf promocional recargable por USB con compensaci\u00f3n de pendiente para Lasser golfista, tel\u00e9metro Monocular de caza\" width=\"944\" height=\"944\" \/><img loading=\"lazy\" decoding=\"async\" title=\"Tel\u00e9metro l\u00e1ser de Golf promocional recargable por USB con compensaci\u00f3n de pendiente para Lasser golfista, tel\u00e9metro Monocular de caza\" src=\"https:\/\/bodegaoutdoor.cl\/store\/wp-content\/uploads\/2023\/12\/80724-bjpaaz.jpg\" alt=\"Tel\u00e9metro l\u00e1ser de Golf promocional recargable por USB con compensaci\u00f3n de pendiente para Lasser golfista, tel\u00e9metro Monocular de caza\" width=\"944\" height=\"1034\" \/><img loading=\"lazy\" decoding=\"async\" title=\"Tel\u00e9metro l\u00e1ser de Golf promocional recargable por USB con compensaci\u00f3n de pendiente para Lasser golfista, tel\u00e9metro Monocular de caza\" src=\"https:\/\/bodegaoutdoor.cl\/store\/wp-content\/uploads\/2023\/12\/80724-nimwfp.jpg\" alt=\"Tel\u00e9metro l\u00e1ser de Golf promocional recargable por USB con compensaci\u00f3n de pendiente para Lasser golfista, tel\u00e9metro Monocular de caza\" width=\"944\" height=\"1631\" \/><img loading=\"lazy\" decoding=\"async\" title=\"Tel\u00e9metro l\u00e1ser de Golf promocional recargable por USB con compensaci\u00f3n de pendiente para Lasser golfista, tel\u00e9metro Monocular de caza\" src=\"https:\/\/bodegaoutdoor.cl\/store\/wp-content\/uploads\/2023\/12\/80724-qcom9n.jpg\" alt=\"Tel\u00e9metro l\u00e1ser de Golf promocional recargable por USB con compensaci\u00f3n de pendiente para Lasser golfista, tel\u00e9metro Monocular de caza\" width=\"944\" height=\"1018\" \/><img loading=\"lazy\" decoding=\"async\" title=\"Tel\u00e9metro l\u00e1ser de Golf promocional recargable por USB con compensaci\u00f3n de pendiente para Lasser golfista, tel\u00e9metro Monocular de caza\" src=\"https:\/\/bodegaoutdoor.cl\/store\/wp-content\/uploads\/2023\/12\/80724-pvxgdc.jpg\" alt=\"Tel\u00e9metro l\u00e1ser de Golf promocional recargable por USB con compensaci\u00f3n de pendiente para Lasser golfista, tel\u00e9metro Monocular de caza\" width=\"944\" height=\"1380\" \/><img loading=\"lazy\" decoding=\"async\" title=\"Tel\u00e9metro l\u00e1ser de Golf promocional recargable por USB con compensaci\u00f3n de pendiente para Lasser golfista, tel\u00e9metro Monocular de caza\" src=\"https:\/\/bodegaoutdoor.cl\/store\/wp-content\/uploads\/2023\/12\/80724-nehrdl.jpg\" alt=\"Tel\u00e9metro l\u00e1ser de Golf promocional recargable por USB con compensaci\u00f3n de pendiente para Lasser golfista, tel\u00e9metro Monocular de caza\" width=\"944\" height=\"746\" \/><\/p>\n<\/div>\n<\/div>\n<\/div>\n<\/div>\n<\/div>\n<\/div>\n<\/div>\n<\/div>\n<\/div>\n<\/div>\n<div><\/div>\n<\/div>\n<\/div>\n<\/div>\n<\/div>\n<\/div>\n<\/div>\n<\/div>\n<\/div>\n<\/div>\n<\/div>\n<p>&nbsp;<\/p>\n<\/div>\n<\/div>\n\n    <div class=\"xs_social_share_widget xs_share_url after_content \t\tmain_content  wslu-style-1 wslu-share-box-shaped wslu-fill-colored wslu-none wslu-share-horizontal wslu-theme-font-no wslu-main_content\">\n\n\t\t\n        <ul>\n\t\t\t        <\/ul>\n    <\/div> \n","protected":false},"excerpt":{"rendered":"<p>Tel\u00e9metro de Golf l\u00e1ser promocional recargable por USB con compensaci\u00f3n de pendiente para tel\u00e9metro de golfista l\u00e1ser Monocular de caza Este es un nuevo enlace. Contiene solo Golf, modo de funci\u00f3n completa, uso de caza, observaci\u00f3n de edificios. Por favor, h\u00e1game saber si tiene alguna sugerencia. Esperamos su pedido y elogios. Fuente de alimentaci\u00f3n: bater\u00eda [&hellip;]<\/p>\n","protected":false},"featured_media":80735,"comment_status":"open","ping_status":"closed","template":"","meta":{"jetpack_publicize_message":"","jetpack_publicize_feature_enabled":true,"jetpack_social_post_already_shared":true,"jetpack_social_options":{"image_generator_settings":{"template":"highway","enabled":false},"version":2}},"product_brand":[],"product_cat":[487],"product_tag":[],"class_list":{"0":"post-80724","1":"product","2":"type-product","3":"status-publish","4":"has-post-thumbnail","6":"product_cat-airsoft","8":"first","9":"instock","10":"sale","11":"taxable","12":"shipping-taxable","13":"purchasable","14":"product-type-variable"},"jetpack_publicize_connections":[],"jetpack_sharing_enabled":true,"_links":{"self":[{"href":"https:\/\/bodegaoutdoor.cl\/store\/wp-json\/wp\/v2\/product\/80724","targetHints":{"allow":["GET"]}}],"collection":[{"href":"https:\/\/bodegaoutdoor.cl\/store\/wp-json\/wp\/v2\/product"}],"about":[{"href":"https:\/\/bodegaoutdoor.cl\/store\/wp-json\/wp\/v2\/types\/product"}],"replies":[{"embeddable":true,"href":"https:\/\/bodegaoutdoor.cl\/store\/wp-json\/wp\/v2\/comments?post=80724"}],"version-history":[{"count":30,"href":"https:\/\/bodegaoutdoor.cl\/store\/wp-json\/wp\/v2\/product\/80724\/revisions"}],"predecessor-version":[{"id":80808,"href":"https:\/\/bodegaoutdoor.cl\/store\/wp-json\/wp\/v2\/product\/80724\/revisions\/80808"}],"wp:featuredmedia":[{"embeddable":true,"href":"https:\/\/bodegaoutdoor.cl\/store\/wp-json\/wp\/v2\/media\/80735"}],"wp:attachment":[{"href":"https:\/\/bodegaoutdoor.cl\/store\/wp-json\/wp\/v2\/media?parent=80724"}],"wp:term":[{"taxonomy":"product_brand","embeddable":true,"href":"https:\/\/bodegaoutdoor.cl\/store\/wp-json\/wp\/v2\/product_brand?post=80724"},{"taxonomy":"product_cat","embeddable":true,"href":"https:\/\/bodegaoutdoor.cl\/store\/wp-json\/wp\/v2\/product_cat?post=80724"},{"taxonomy":"product_tag","embeddable":true,"href":"https:\/\/bodegaoutdoor.cl\/store\/wp-json\/wp\/v2\/product_tag?post=80724"}],"curies":[{"name":"wp","href":"https:\/\/api.w.org\/{rel}","templated":true}]}}