{"id":81073,"date":"2023-12-27T20:49:49","date_gmt":"2023-12-27T23:49:49","guid":{"rendered":"https:\/\/bodegaoutdoor.cl\/store\/product\/cunas-de-camping-plegables-al-aire-libre-para-adultos-cama-ligera-y-duradera-para-dormir-portatil-y-resistente-con-bolsa-de-transporte\/"},"modified":"2023-12-27T21:38:27","modified_gmt":"2023-12-28T00:38:27","slug":"cunas-de-camping-plegables-al-aire-libre-para-adultos-cama-ligera-y-duradera-para-dormir-portatil-y-resistente-con-bolsa-de-transporte","status":"publish","type":"product","link":"https:\/\/bodegaoutdoor.cl\/store\/product\/cunas-de-camping-plegables-al-aire-libre-para-adultos-cama-ligera-y-duradera-para-dormir-portatil-y-resistente-con-bolsa-de-transporte\/","title":{"rendered":"cama de Camping plegable ligera y duradera para dormir, port\u00e1til"},"content":{"rendered":"<div id=\"detail_decorate_root\" data-magic-global=\"%7B%22bizId%22%3A2206461571293%2C%22pageId%22%3A20140330371%2C%22siteId%22%3A5005617353%7D\">\n<p>&nbsp;<\/p>\n<div>\n<div id=\"tl_1\" data-section=\"AliMagic-ls0job\">Descripci\u00f3n del producto<\/div>\n<\/div>\n<div>\n<div>\n<table>\n<tbody>\n<tr>\n<td colspan=\"2\" rowspan=\"1\"><\/td>\n<td rowspan=\"0\"><\/td>\n<\/tr>\n<tr>\n<td colspan=\"1\" rowspan=\"1\"><\/td>\n<td colspan=\"1\" rowspan=\"1\"><\/td>\n<\/tr>\n<tr>\n<td colspan=\"1\" rowspan=\"1\"><\/td>\n<td colspan=\"1\" rowspan=\"1\"><\/td>\n<\/tr>\n<tr>\n<td colspan=\"1\" rowspan=\"1\"><\/td>\n<td colspan=\"1\" rowspan=\"1\">\n<div id=\"tl_8\">Cama de playa al aire libre<\/div>\n<\/td>\n<\/tr>\n<tr>\n<td colspan=\"1\" rowspan=\"1\">\n<div><b id=\"tl_9\">* Rendimiento<\/b><\/div>\n<\/td>\n<td colspan=\"1\" rowspan=\"1\">\n<div id=\"tl_10\">Recreaci\u00f3n al aire libre, senderismo, parques, playas, camping, Playa<\/div>\n<\/td>\n<\/tr>\n<tr>\n<td colspan=\"1\" rowspan=\"1\">\n<div><b id=\"tl_11\" data-spm-anchor-id=\"0.0.0.i27.2c4c4f05ouwTuP\">* Ampliar tama\u00f1o<\/b><\/div>\n<\/td>\n<td colspan=\"1\" rowspan=\"1\">\n<div id=\"tl_12\">190*62*42cm<\/div>\n<\/td>\n<\/tr>\n<tr>\n<td colspan=\"1\" rowspan=\"1\">\n<div><b id=\"tl_13\" data-spm-anchor-id=\"0.0.0.i0.2c4c4f05onQDXO\">* Bolsa de almacenamiento<\/b><\/div>\n<\/td>\n<td colspan=\"1\" rowspan=\"1\">\n<div id=\"tl_14\">Bolso Oxford Clotg<\/div>\n<\/td>\n<\/tr>\n<tr>\n<td colspan=\"1\" rowspan=\"1\">\n<div><b id=\"tl_15\" data-spm-anchor-id=\"0.0.0.i30.2c4c4f05onQDXO\">* Modelo<\/b><\/div>\n<\/td>\n<td colspan=\"1\" rowspan=\"1\">\n<div id=\"tl_16\">YFU-190B<\/div>\n<\/td>\n<\/tr>\n<tr>\n<td colspan=\"1\" rowspan=\"1\">\n<div><b id=\"tl_17\">* Material<\/b><\/div>\n<\/td>\n<td colspan=\"1\" rowspan=\"1\">\n<div>\n<div data-spm-anchor-id=\"0.0.0.i40.2c4c4f05onQDXO\">\n<div id=\"tl_18\" data-spm-anchor-id=\"0.0.0.i41.2c4c4f05onQDXO\">Tubo de acero de 25*25*0,8mm, tela Oxford de Protecci\u00f3n Ambiental 600D m\u00e1s revestimiento de PE impermeable<\/div>\n<\/div>\n<\/div>\n<\/td>\n<\/tr>\n<tr>\n<td colspan=\"1\" rowspan=\"1\">\n<div><b id=\"tl_19\" data-spm-anchor-id=\"0.0.0.i28.2c4c4f05ouwTuP\">* Si el plegado<\/b><\/div>\n<\/td>\n<td colspan=\"1\" rowspan=\"1\">\n<div id=\"tl_20\">Plegable<\/div>\n<\/td>\n<\/tr>\n<tr>\n<td colspan=\"1\" rowspan=\"1\">\n<div><b id=\"tl_21\" data-spm-anchor-id=\"0.0.0.i11.2c4c4f05g07Yu3\">* Colores<\/b><\/div>\n<\/td>\n<td colspan=\"1\" rowspan=\"1\">\n<div id=\"tl_22\">Azul oscuro, azul claro, rojo, verde oscuro<\/div>\n<\/td>\n<\/tr>\n<tr>\n<td colspan=\"1\" rowspan=\"1\">\n<div><b id=\"tl_23\" data-spm-anchor-id=\"0.0.0.i17.2c4c4f05g07Yu3\">* Peso<\/b><\/div>\n<\/td>\n<td colspan=\"1\" rowspan=\"1\">\n<div id=\"tl_24\">5,8 kg<\/div>\n<\/td>\n<\/tr>\n<\/tbody>\n<\/table>\n<\/div>\n<\/div>\n<div>\n<div>\n<div><img decoding=\"async\" title=\"Cunas de Camping plegables al aire libre para adultos, cama ligera y duradera para dormir, port\u00e1til y resistente, con bolsa de transporte\" src=\"https:\/\/bodegaoutdoor.cl\/store\/wp-content\/uploads\/2023\/12\/81073-py2rdk.jpg\" alt=\"Cunas de Camping plegables al aire libre para adultos, cama ligera y duradera para dormir, port\u00e1til y resistente, con bolsa de transporte\" \/><\/div>\n<div><img decoding=\"async\" title=\"Cunas de Camping plegables al aire libre para adultos, cama ligera y duradera para dormir, port\u00e1til y resistente, con bolsa de transporte\" src=\"https:\/\/bodegaoutdoor.cl\/store\/wp-content\/uploads\/2023\/12\/81073-xtmnlx.jpg\" alt=\"Cunas de Camping plegables al aire libre para adultos, cama ligera y duradera para dormir, port\u00e1til y resistente, con bolsa de transporte\" \/><\/div>\n<div><img decoding=\"async\" title=\"Cunas de Camping plegables al aire libre para adultos, cama ligera y duradera para dormir, port\u00e1til y resistente, con bolsa de transporte\" src=\"https:\/\/bodegaoutdoor.cl\/store\/wp-content\/uploads\/2023\/12\/81073-zo0jlr.jpg\" alt=\"Cunas de Camping plegables al aire libre para adultos, cama ligera y duradera para dormir, port\u00e1til y resistente, con bolsa de transporte\" \/><\/div>\n<div><img decoding=\"async\" title=\"Cunas de Camping plegables al aire libre para adultos, cama ligera y duradera para dormir, port\u00e1til y resistente, con bolsa de transporte\" src=\"https:\/\/bodegaoutdoor.cl\/store\/wp-content\/uploads\/2023\/12\/81073-hrekme.jpg\" alt=\"Cunas de Camping plegables al aire libre para adultos, cama ligera y duradera para dormir, port\u00e1til y resistente, con bolsa de transporte\" \/><\/div>\n<div><img decoding=\"async\" title=\"Cunas de Camping plegables al aire libre para adultos, cama ligera y duradera para dormir, port\u00e1til y resistente, con bolsa de transporte\" src=\"https:\/\/bodegaoutdoor.cl\/store\/wp-content\/uploads\/2023\/12\/81073-eacprt.jpg\" alt=\"Cunas de Camping plegables al aire libre para adultos, cama ligera y duradera para dormir, port\u00e1til y resistente, con bolsa de transporte\" \/><\/div>\n<div><img decoding=\"async\" title=\"Cunas de Camping plegables al aire libre para adultos, cama ligera y duradera para dormir, port\u00e1til y resistente, con bolsa de transporte\" src=\"https:\/\/bodegaoutdoor.cl\/store\/wp-content\/uploads\/2023\/12\/81073-d2qi3d.jpg\" alt=\"Cunas de Camping plegables al aire libre para adultos, cama ligera y duradera para dormir, port\u00e1til y resistente, con bolsa de transporte\" \/><\/div>\n<div><img decoding=\"async\" title=\"Cunas de Camping plegables al aire libre para adultos, cama ligera y duradera para dormir, port\u00e1til y resistente, con bolsa de transporte\" src=\"https:\/\/bodegaoutdoor.cl\/store\/wp-content\/uploads\/2023\/12\/81073-dts9zx.jpg\" alt=\"Cunas de Camping plegables al aire libre para adultos, cama ligera y duradera para dormir, port\u00e1til y resistente, con bolsa de transporte\" \/><\/div>\n<\/div>\n<\/div>\n<div>\n<div>\n<div>\n<div>\n<div>\n<div>\n<p><b id=\"tl_25\">Azul naranja<\/b><\/p>\n<\/div>\n<\/div>\n<\/div>\n<\/div>\n<\/div>\n<\/div>\n<div>\n<div id=\"tl_26\" data-section=\"AliMagic-gznao4\">Im\u00e1genes detalladas<\/div>\n<\/div>\n<div>\n<div>\n<div>\n<div>\n<div>\n<div><img decoding=\"async\" title=\"Cunas de Camping plegables al aire libre para adultos, cama ligera y duradera para dormir, port\u00e1til y resistente, con bolsa de transporte\" src=\"https:\/\/bodegaoutdoor.cl\/store\/wp-content\/uploads\/2023\/12\/81073-dunuru.jpg\" alt=\"Cunas de Camping plegables al aire libre para adultos, cama ligera y duradera para dormir, port\u00e1til y resistente, con bolsa de transporte\" \/><\/div>\n<\/div>\n<\/div>\n<\/div>\n<\/div>\n<\/div>\n<div><\/div>\n<div id=\"24394862199\"><\/div>\n<\/div>\n\n    <div class=\"xs_social_share_widget xs_share_url after_content \t\tmain_content  wslu-style-1 wslu-share-box-shaped wslu-fill-colored wslu-none wslu-share-horizontal wslu-theme-font-no wslu-main_content\">\n\n\t\t\n        <ul>\n\t\t\t        <\/ul>\n    <\/div> \n","protected":false},"excerpt":{"rendered":"<p>&nbsp; Descripci\u00f3n del producto Cama de playa al aire libre * Rendimiento Recreaci\u00f3n al aire libre, senderismo, parques, playas, camping, Playa * Ampliar tama\u00f1o 190*62*42cm * Bolsa de almacenamiento Bolso Oxford Clotg * Modelo YFU-190B * Material Tubo de acero de 25*25*0,8mm, tela Oxford de Protecci\u00f3n Ambiental 600D m\u00e1s revestimiento de PE impermeable * Si [&hellip;]<\/p>\n","protected":false},"featured_media":81074,"comment_status":"open","ping_status":"closed","template":"","meta":{"jetpack_publicize_message":"","jetpack_publicize_feature_enabled":true,"jetpack_social_post_already_shared":true,"jetpack_social_options":{"image_generator_settings":{"template":"highway","enabled":false},"version":2}},"product_brand":[],"product_cat":[2814],"product_tag":[],"class_list":{"0":"post-81073","1":"product","2":"type-product","3":"status-publish","4":"has-post-thumbnail","6":"product_cat-camping","8":"first","9":"instock","10":"sale","11":"taxable","12":"shipping-taxable","13":"purchasable","14":"product-type-simple"},"jetpack_publicize_connections":[],"jetpack_sharing_enabled":true,"_links":{"self":[{"href":"https:\/\/bodegaoutdoor.cl\/store\/wp-json\/wp\/v2\/product\/81073","targetHints":{"allow":["GET"]}}],"collection":[{"href":"https:\/\/bodegaoutdoor.cl\/store\/wp-json\/wp\/v2\/product"}],"about":[{"href":"https:\/\/bodegaoutdoor.cl\/store\/wp-json\/wp\/v2\/types\/product"}],"replies":[{"embeddable":true,"href":"https:\/\/bodegaoutdoor.cl\/store\/wp-json\/wp\/v2\/comments?post=81073"}],"version-history":[{"count":14,"href":"https:\/\/bodegaoutdoor.cl\/store\/wp-json\/wp\/v2\/product\/81073\/revisions"}],"predecessor-version":[{"id":81106,"href":"https:\/\/bodegaoutdoor.cl\/store\/wp-json\/wp\/v2\/product\/81073\/revisions\/81106"}],"wp:featuredmedia":[{"embeddable":true,"href":"https:\/\/bodegaoutdoor.cl\/store\/wp-json\/wp\/v2\/media\/81074"}],"wp:attachment":[{"href":"https:\/\/bodegaoutdoor.cl\/store\/wp-json\/wp\/v2\/media?parent=81073"}],"wp:term":[{"taxonomy":"product_brand","embeddable":true,"href":"https:\/\/bodegaoutdoor.cl\/store\/wp-json\/wp\/v2\/product_brand?post=81073"},{"taxonomy":"product_cat","embeddable":true,"href":"https:\/\/bodegaoutdoor.cl\/store\/wp-json\/wp\/v2\/product_cat?post=81073"},{"taxonomy":"product_tag","embeddable":true,"href":"https:\/\/bodegaoutdoor.cl\/store\/wp-json\/wp\/v2\/product_tag?post=81073"}],"curies":[{"name":"wp","href":"https:\/\/api.w.org\/{rel}","templated":true}]}}