{"id":81163,"date":"2024-01-01T11:02:51","date_gmt":"2024-01-01T14:02:51","guid":{"rendered":"https:\/\/bodegaoutdoor.cl\/store\/product\/conjunto-de-cinturon-de-batalla-tactico-desmontable-faja-molle-de-entrenamiento-de-tiro-militar-caza-paintball-cintura-acolchada-combate-estilo-militar-co\/"},"modified":"2024-01-03T14:33:29","modified_gmt":"2024-01-03T17:33:29","slug":"kit-traje-cinturon-sistema-molle-bolso-pouch-y-accesorios-5-productos","status":"publish","type":"product","link":"https:\/\/bodegaoutdoor.cl\/store\/product\/kit-traje-cinturon-sistema-molle-bolso-pouch-y-accesorios-5-productos\/","title":{"rendered":"Kit traje cintur\u00f3n sistema Molle bolso pouch y accesorios \/ 5 Productos"},"content":{"rendered":"<p>&nbsp;<\/p>\n<div>\n<div>\n<p style=\"font-family: 'Open Sans', sans-serif; font-size: 14px; font-weight: 400; letter-spacing: normal; line-height: inherit; text-align: start; margin: 0px; padding: 0px;\" align=\"start\"><strong>\u2022 Dise\u00f1o desmontable :<\/strong>El dise\u00f1o desmontable le permite personalizar el conjunto de la correa para adaptarse a sus necesidades, por lo que es perfecto para la caza, paintball, y otras actividades al aire libre.<\/p>\n<p>&nbsp;<\/p>\n<p style=\"font-family: 'Open Sans', sans-serif; font-size: 14px; font-weight: 400; letter-spacing: normal; line-height: inherit; text-align: start; margin: 0px; padding: 0px;\" align=\"start\"><strong>\u2022 Durabilidad de grado militar :<\/strong>Hecho con material de lona de alta calidad, este conjunto de cintur\u00f3n est\u00e1 construido para soportar duras condiciones al aire libre y durar mucho tiempo.<\/p>\n<p>&nbsp;<\/p>\n<p style=\"font-family: 'Open Sans', sans-serif; font-size: 14px; font-weight: 400; letter-spacing: normal; line-height: inherit; text-align: start; margin: 0px; padding: 0px;\" align=\"start\"><strong>\u2022 Cintura acolchada para mayor comodidad :<\/strong>La cintura acolchada proporciona una comodidad adicional durante largas horas de uso, por lo que es ideal para el entrenamiento y otras actividades al aire libre.<\/p>\n<p>&nbsp;<\/p>\n<p style=\"font-family: 'Open Sans', sans-serif; font-size: 14px; font-weight: 400; letter-spacing: normal; line-height: inherit; text-align: start; margin: 0px; padding: 0px;\" align=\"start\"><strong>\u2022 Sistema MOLLE para mayor versatilidad :<\/strong>El sistema MOLLE le permite conectar equipo y accesorios adicionales al conjunto de cinturones, lo que lo hace perfecto para disparos t\u00e1cticos y otras actividades de estilo militar.<\/p>\n<p>&nbsp;<\/p>\n<\/div>\n<\/div>\n<p align=\"start\"><span style=\"font-size: 14px;\"><strong><br \/>\nCaracter\u00edsticas del cintur\u00f3n:<\/strong><\/span><\/p>\n<p align=\"start\"><span style=\"font-size: 14px;\">\u25cf Cintur\u00f3n de batalla t\u00e1ctico Hecho de nylon de alta calidad, alta resistencia y duradero, dise\u00f1o con hebilla de aleaci\u00f3n de zinc de liberaci\u00f3n r\u00e1pida.<\/span><\/p>\n<p align=\"start\"><span style=\"font-size: 14px;\">\u25cf Longitud ajustable. Es ajustable y desmontable, el cintur\u00f3n interior se puede usar solo.<\/span><\/p>\n<p align=\"start\"><span style=\"font-size: 14px;\">\u25cf Sistema Molle. Dise\u00f1o de columnas molle para conectar f\u00e1cilmente con otra bolsa o accesorios de Molle.<\/span><\/p>\n<p align=\"start\"><span style=\"font-size: 14px; font-family: Calibri;\"><span style=\"font-size: 14px;\">\u25cf Cintur\u00f3n de batalla multifunci\u00f3n. En cualquier situaci\u00f3n t\u00e1ctica, como escalada en roca al aire libre, caza, carpinter\u00eda, militar, tiro, senderismo, proporcionar una excelente flexibilidad y seguridad.<\/span><\/span><\/p>\n<p align=\"start\"><span style=\"font-size: 14px;\"><strong>Especificaci\u00f3n:<\/strong><\/span><\/p>\n<p align=\"start\"><span style=\"font-size: 14px; font-family: arial, helvetica, sans-serif;\"><span style=\"font-size: 14px; font-family: arial, helvetica, sans-serif;\">\u25cf Nombre: cintur\u00f3n t\u00e1ctico<\/span><\/span><\/p>\n<p align=\"start\"><span style=\"font-size: 14px; font-family: arial, helvetica, sans-serif;\"><span style=\"font-size: 14px; font-family: arial, helvetica, sans-serif;\">\u25cf Material de la correa: nylon de alta calidad<\/span><\/span><\/p>\n<p align=\"start\"><span style=\"font-size: 14px; font-family: arial, helvetica, sans-serif;\"><span style=\"font-size: 14px; font-family: arial, helvetica, sans-serif;\">\u25cf Material de la hebilla: Aleaci\u00f3n de zinc<\/span><\/span><\/p>\n<p align=\"start\"><span style=\"font-size: 14px; font-family: arial, helvetica, sans-serif;\"><span style=\"font-size: 14px; font-family: arial, helvetica, sans-serif;\">\u25cf Tama\u00f1o de la correa: longitud 125cm, ancho 3,8 cm<\/span><\/span><\/p>\n<p align=\"start\"><span style=\"font-size: 14px; font-family: arial, helvetica, sans-serif;\"><span style=\"font-size: 14px; font-family: arial, helvetica, sans-serif;\">\u25cf Tama\u00f1o de la faja: longitud 77cm, ancho 8cm<\/span><\/span><\/p>\n<p align=\"start\"><span style=\"font-size: 14px; font-family: arial, helvetica, sans-serif;\"><span style=\"font-size: 14px; font-family: arial, helvetica, sans-serif;\">\u25cfColors: Negro, Camo del desierto, de la selva Camo, verde del Ej\u00e9rcito, de color caqui<\/span><\/span><\/p>\n<p>&nbsp;<\/p>\n<p>&nbsp;<\/p>\n<p>&nbsp;<\/p>\n<p align=\"start\"><span style=\"font-size: 14pt;\"><br \/>\n<\/span><img decoding=\"async\" style=\"border: 0px; margin: 0px; padding: 0px; max-width: 100%; width: 800px;\" title=\"Conjunto de cintur\u00f3n de batalla t\u00e1ctico desmontable, faja Molle de entrenamiento de Tiro Militar, caza, Paintball, cintura acolchada, combate, estilo militar Co\" src=\"https:\/\/bodegaoutdoor.cl\/store\/wp-content\/uploads\/2024\/01\/81163-qci9ao.jpg\" alt=\"Conjunto de cintur\u00f3n de batalla t\u00e1ctico desmontable, faja Molle de entrenamiento de Tiro Militar, caza, Paintball, cintura acolchada, combate, estilo militar Co\" width=\"800px\" \/><img decoding=\"async\" title=\"Conjunto de cintur\u00f3n de batalla t\u00e1ctico desmontable, faja Molle de entrenamiento de Tiro Militar, caza, Paintball, cintura acolchada, combate, estilo militar Co\" src=\"https:\/\/bodegaoutdoor.cl\/store\/wp-content\/uploads\/2024\/01\/81163-wnn5ma.jpg\" alt=\"Conjunto de cintur\u00f3n de batalla t\u00e1ctico desmontable, faja Molle de entrenamiento de Tiro Militar, caza, Paintball, cintura acolchada, combate, estilo militar Co\" \/><img fetchpriority=\"high\" decoding=\"async\" title=\"Conjunto de cintur\u00f3n de batalla t\u00e1ctico desmontable, faja Molle de entrenamiento de Tiro Militar, caza, Paintball, cintura acolchada, combate, estilo militar Co\" src=\"https:\/\/bodegaoutdoor.cl\/store\/wp-content\/uploads\/2024\/01\/81163-kqqgf8.jpg\" alt=\"Conjunto de cintur\u00f3n de batalla t\u00e1ctico desmontable, faja Molle de entrenamiento de Tiro Militar, caza, Paintball, cintura acolchada, combate, estilo militar Co\" width=\"750\" height=\"981\" \/><\/p>\n<p align=\"start\"><img decoding=\"async\" title=\"Conjunto de cintur\u00f3n de batalla t\u00e1ctico desmontable, faja Molle de entrenamiento de Tiro Militar, caza, Paintball, cintura acolchada, combate, estilo militar Co\" src=\"https:\/\/bodegaoutdoor.cl\/store\/wp-content\/uploads\/2024\/01\/81163-ochl8x.jpg\" alt=\"Conjunto de cintur\u00f3n de batalla t\u00e1ctico desmontable, faja Molle de entrenamiento de Tiro Militar, caza, Paintball, cintura acolchada, combate, estilo militar Co\" \/><img decoding=\"async\" title=\"Conjunto de cintur\u00f3n de batalla t\u00e1ctico desmontable, faja Molle de entrenamiento de Tiro Militar, caza, Paintball, cintura acolchada, combate, estilo militar Co\" src=\"https:\/\/bodegaoutdoor.cl\/store\/wp-content\/uploads\/2024\/01\/81163-241a1w.jpg\" alt=\"Conjunto de cintur\u00f3n de batalla t\u00e1ctico desmontable, faja Molle de entrenamiento de Tiro Militar, caza, Paintball, cintura acolchada, combate, estilo militar Co\" \/><img decoding=\"async\" title=\"Conjunto de cintur\u00f3n de batalla t\u00e1ctico desmontable, faja Molle de entrenamiento de Tiro Militar, caza, Paintball, cintura acolchada, combate, estilo militar Co\" src=\"https:\/\/bodegaoutdoor.cl\/store\/wp-content\/uploads\/2024\/01\/81163-auz3zm.jpg\" alt=\"Conjunto de cintur\u00f3n de batalla t\u00e1ctico desmontable, faja Molle de entrenamiento de Tiro Militar, caza, Paintball, cintura acolchada, combate, estilo militar Co\" \/><img decoding=\"async\" title=\"Conjunto de cintur\u00f3n de batalla t\u00e1ctico desmontable, faja Molle de entrenamiento de Tiro Militar, caza, Paintball, cintura acolchada, combate, estilo militar Co\" src=\"https:\/\/bodegaoutdoor.cl\/store\/wp-content\/uploads\/2024\/01\/81163-jx7ybz.jpg\" alt=\"Conjunto de cintur\u00f3n de batalla t\u00e1ctico desmontable, faja Molle de entrenamiento de Tiro Militar, caza, Paintball, cintura acolchada, combate, estilo militar Co\" \/><img decoding=\"async\" title=\"Conjunto de cintur\u00f3n de batalla t\u00e1ctico desmontable, faja Molle de entrenamiento de Tiro Militar, caza, Paintball, cintura acolchada, combate, estilo militar Co\" src=\"https:\/\/bodegaoutdoor.cl\/store\/wp-content\/uploads\/2024\/01\/81163-n39pdd.jpg\" alt=\"Conjunto de cintur\u00f3n de batalla t\u00e1ctico desmontable, faja Molle de entrenamiento de Tiro Militar, caza, Paintball, cintura acolchada, combate, estilo militar Co\" \/><img decoding=\"async\" title=\"Conjunto de cintur\u00f3n de batalla t\u00e1ctico desmontable, faja Molle de entrenamiento de Tiro Militar, caza, Paintball, cintura acolchada, combate, estilo militar Co\" src=\"https:\/\/bodegaoutdoor.cl\/store\/wp-content\/uploads\/2024\/01\/81163-svhr5q.jpg\" alt=\"Conjunto de cintur\u00f3n de batalla t\u00e1ctico desmontable, faja Molle de entrenamiento de Tiro Militar, caza, Paintball, cintura acolchada, combate, estilo militar Co\" \/><img decoding=\"async\" title=\"Conjunto de cintur\u00f3n de batalla t\u00e1ctico desmontable, faja Molle de entrenamiento de Tiro Militar, caza, Paintball, cintura acolchada, combate, estilo militar Co\" src=\"https:\/\/bodegaoutdoor.cl\/store\/wp-content\/uploads\/2024\/01\/81163-ryd2ai.jpg\" alt=\"Conjunto de cintur\u00f3n de batalla t\u00e1ctico desmontable, faja Molle de entrenamiento de Tiro Militar, caza, Paintball, cintura acolchada, combate, estilo militar Co\" \/><\/p>\n\n    <div class=\"xs_social_share_widget xs_share_url after_content \t\tmain_content  wslu-style-1 wslu-share-box-shaped wslu-fill-colored wslu-none wslu-share-horizontal wslu-theme-font-no wslu-main_content\">\n\n\t\t\n        <ul>\n\t\t\t        <\/ul>\n    <\/div> \n","protected":false},"excerpt":{"rendered":"<p>&nbsp; \u2022 Dise\u00f1o desmontable :El dise\u00f1o desmontable le permite personalizar el conjunto de la correa para adaptarse a sus necesidades, por lo que es perfecto para la caza, paintball, y otras actividades al aire libre. &nbsp; \u2022 Durabilidad de grado militar :Hecho con material de lona de alta calidad, este conjunto de cintur\u00f3n est\u00e1 construido [&hellip;]<\/p>\n","protected":false},"featured_media":81169,"comment_status":"open","ping_status":"closed","template":"","meta":{"jetpack_publicize_message":"","jetpack_publicize_feature_enabled":true,"jetpack_social_post_already_shared":true,"jetpack_social_options":{"image_generator_settings":{"template":"highway","enabled":false},"version":2}},"product_brand":[],"product_cat":[3859],"product_tag":[],"class_list":{"0":"post-81163","1":"product","2":"type-product","3":"status-publish","4":"has-post-thumbnail","6":"product_cat-kit-oferta","8":"first","9":"instock","10":"sale","11":"taxable","12":"shipping-taxable","13":"purchasable","14":"product-type-variable"},"jetpack_publicize_connections":[],"jetpack_sharing_enabled":true,"_links":{"self":[{"href":"https:\/\/bodegaoutdoor.cl\/store\/wp-json\/wp\/v2\/product\/81163","targetHints":{"allow":["GET"]}}],"collection":[{"href":"https:\/\/bodegaoutdoor.cl\/store\/wp-json\/wp\/v2\/product"}],"about":[{"href":"https:\/\/bodegaoutdoor.cl\/store\/wp-json\/wp\/v2\/types\/product"}],"replies":[{"embeddable":true,"href":"https:\/\/bodegaoutdoor.cl\/store\/wp-json\/wp\/v2\/comments?post=81163"}],"version-history":[{"count":14,"href":"https:\/\/bodegaoutdoor.cl\/store\/wp-json\/wp\/v2\/product\/81163\/revisions"}],"predecessor-version":[{"id":81802,"href":"https:\/\/bodegaoutdoor.cl\/store\/wp-json\/wp\/v2\/product\/81163\/revisions\/81802"}],"wp:featuredmedia":[{"embeddable":true,"href":"https:\/\/bodegaoutdoor.cl\/store\/wp-json\/wp\/v2\/media\/81169"}],"wp:attachment":[{"href":"https:\/\/bodegaoutdoor.cl\/store\/wp-json\/wp\/v2\/media?parent=81163"}],"wp:term":[{"taxonomy":"product_brand","embeddable":true,"href":"https:\/\/bodegaoutdoor.cl\/store\/wp-json\/wp\/v2\/product_brand?post=81163"},{"taxonomy":"product_cat","embeddable":true,"href":"https:\/\/bodegaoutdoor.cl\/store\/wp-json\/wp\/v2\/product_cat?post=81163"},{"taxonomy":"product_tag","embeddable":true,"href":"https:\/\/bodegaoutdoor.cl\/store\/wp-json\/wp\/v2\/product_tag?post=81163"}],"curies":[{"name":"wp","href":"https:\/\/api.w.org\/{rel}","templated":true}]}}