{"id":81201,"date":"2024-01-01T11:11:50","date_gmt":"2024-01-01T14:11:50","guid":{"rendered":"https:\/\/bodegaoutdoor.cl\/store\/product\/bolsa-de-bano-portatil-para-acampar-al-aire-libre-ducha-de-bano-plegable-con-autoconduccion-almacenamiento-de-agua-caliente-y-energia-solar\/"},"modified":"2024-01-03T14:36:20","modified_gmt":"2024-01-03T17:36:20","slug":"ducha-portatil-para-acampar-camping-trekking-outdoor","status":"publish","type":"product","link":"https:\/\/bodegaoutdoor.cl\/store\/product\/ducha-portatil-para-acampar-camping-trekking-outdoor\/","title":{"rendered":"Ducha port\u00e1til para acampar camping trekking outdoor"},"content":{"rendered":"<div>\n<div>\n<p style=\"font-family: 'Open Sans', sans-serif; font-size: 14px; font-weight: 400; letter-spacing: normal; line-height: inherit; text-align: start; margin: 0px; padding: 0px;\" align=\"start\"><strong id=\"tl_1\">\u2022 Port\u00e1til y plegable:<\/strong><span id=\"tl_2\">Esta bolsa de ba\u00f1o est\u00e1 dise\u00f1ada para ser port\u00e1til y plegable, lo que facilita su transporte mientras acampa o camina.<\/span><\/p>\n<p>&nbsp;<\/p>\n<p style=\"font-family: 'Open Sans', sans-serif; font-size: 14px; font-weight: 400; letter-spacing: normal; line-height: inherit; text-align: start; margin: 0px; padding: 0px;\" align=\"start\"><strong id=\"tl_3\">\u2022 Autoconducci\u00f3n:<\/strong><span id=\"tl_4\">La bolsa de ba\u00f1o est\u00e1 equipada con una funci\u00f3n de autoconducci\u00f3n que le permite calentar autom\u00e1ticamente el agua y proporcionar un ba\u00f1o caliente sin necesidad de esfuerzo manual.<\/span><\/p>\n<p>&nbsp;<\/p>\n<p style=\"font-family: 'Open Sans', sans-serif; font-size: 14px; font-weight: 400; letter-spacing: normal; line-height: inherit; text-align: start; margin: 0px; padding: 0px;\" align=\"start\"><strong id=\"tl_5\">\u2022 Bolsa de agua caliente de energ\u00eda solar:<\/strong><span id=\"tl_6\">La bolsa de ba\u00f1o utiliza energ\u00eda solar para calentar el agua, por lo que es una opci\u00f3n ecol\u00f3gica y sostenible para actividades al aire libre.<\/span><\/p>\n<p>&nbsp;<\/p>\n<p style=\"font-family: 'Open Sans', sans-serif; font-size: 14px; font-weight: 400; letter-spacing: normal; line-height: inherit; text-align: start; margin: 0px; padding: 0px;\" align=\"start\"><strong id=\"tl_7\">\u2022 Almacenamiento de agua dulce:<\/strong><span id=\"tl_8\">La bolsa de ba\u00f1o tiene una funci\u00f3n de almacenamiento de agua dulce que le permite almacenar agua limpia para su ba\u00f1o o ducha sin tener que llevar contenedores pesados.<\/span><\/p>\n<p>&nbsp;<\/p>\n<\/div>\n<\/div>\n<div><img decoding=\"async\" title=\"Bolsa de ba\u00f1o port\u00e1til para acampar al aire libre, ducha de ba\u00f1o plegable con autoconducci\u00f3n, almacenamiento de agua caliente y energ\u00eda solar\" src=\"https:\/\/bodegaoutdoor.cl\/store\/wp-content\/uploads\/2024\/01\/81201-mvbd4q.png\" alt=\"Bolsa de ba\u00f1o port\u00e1til para acampar al aire libre, ducha de ba\u00f1o plegable con autoconducci\u00f3n, almacenamiento de agua caliente y energ\u00eda solar\" \/><br \/>\n<img decoding=\"async\" title=\"Bolsa de ba\u00f1o port\u00e1til para acampar al aire libre, ducha de ba\u00f1o plegable con autoconducci\u00f3n, almacenamiento de agua caliente y energ\u00eda solar\" src=\"https:\/\/bodegaoutdoor.cl\/store\/wp-content\/uploads\/2024\/01\/81201-zglb0i.png\" alt=\"Bolsa de ba\u00f1o port\u00e1til para acampar al aire libre, ducha de ba\u00f1o plegable con autoconducci\u00f3n, almacenamiento de agua caliente y energ\u00eda solar\" \/><br \/>\n<img decoding=\"async\" title=\"Bolsa de ba\u00f1o port\u00e1til para acampar al aire libre, ducha de ba\u00f1o plegable con autoconducci\u00f3n, almacenamiento de agua caliente y energ\u00eda solar\" src=\"https:\/\/bodegaoutdoor.cl\/store\/wp-content\/uploads\/2024\/01\/81201-rhdadi.png\" alt=\"Bolsa de ba\u00f1o port\u00e1til para acampar al aire libre, ducha de ba\u00f1o plegable con autoconducci\u00f3n, almacenamiento de agua caliente y energ\u00eda solar\" \/><br \/>\n<img decoding=\"async\" title=\"Bolsa de ba\u00f1o port\u00e1til para acampar al aire libre, ducha de ba\u00f1o plegable con autoconducci\u00f3n, almacenamiento de agua caliente y energ\u00eda solar\" src=\"https:\/\/bodegaoutdoor.cl\/store\/wp-content\/uploads\/2024\/01\/81201-5xcfuk.png\" alt=\"Bolsa de ba\u00f1o port\u00e1til para acampar al aire libre, ducha de ba\u00f1o plegable con autoconducci\u00f3n, almacenamiento de agua caliente y energ\u00eda solar\" \/><br \/>\n<img decoding=\"async\" title=\"Bolsa de ba\u00f1o port\u00e1til para acampar al aire libre, ducha de ba\u00f1o plegable con autoconducci\u00f3n, almacenamiento de agua caliente y energ\u00eda solar\" src=\"https:\/\/bodegaoutdoor.cl\/store\/wp-content\/uploads\/2024\/01\/81201-sdmyxd.png\" alt=\"Bolsa de ba\u00f1o port\u00e1til para acampar al aire libre, ducha de ba\u00f1o plegable con autoconducci\u00f3n, almacenamiento de agua caliente y energ\u00eda solar\" \/><br \/>\n<img decoding=\"async\" title=\"Bolsa de ba\u00f1o port\u00e1til para acampar al aire libre, ducha de ba\u00f1o plegable con autoconducci\u00f3n, almacenamiento de agua caliente y energ\u00eda solar\" src=\"https:\/\/bodegaoutdoor.cl\/store\/wp-content\/uploads\/2024\/01\/81201-e6wovu.png\" alt=\"Bolsa de ba\u00f1o port\u00e1til para acampar al aire libre, ducha de ba\u00f1o plegable con autoconducci\u00f3n, almacenamiento de agua caliente y energ\u00eda solar\" \/><br \/>\n<img decoding=\"async\" title=\"Bolsa de ba\u00f1o port\u00e1til para acampar al aire libre, ducha de ba\u00f1o plegable con autoconducci\u00f3n, almacenamiento de agua caliente y energ\u00eda solar\" src=\"https:\/\/bodegaoutdoor.cl\/store\/wp-content\/uploads\/2024\/01\/81201-2inkrh.png\" alt=\"Bolsa de ba\u00f1o port\u00e1til para acampar al aire libre, ducha de ba\u00f1o plegable con autoconducci\u00f3n, almacenamiento de agua caliente y energ\u00eda solar\" \/><br \/>\n<img decoding=\"async\" title=\"Bolsa de ba\u00f1o port\u00e1til para acampar al aire libre, ducha de ba\u00f1o plegable con autoconducci\u00f3n, almacenamiento de agua caliente y energ\u00eda solar\" src=\"https:\/\/bodegaoutdoor.cl\/store\/wp-content\/uploads\/2024\/01\/81201-1mxtto.png\" alt=\"Bolsa de ba\u00f1o port\u00e1til para acampar al aire libre, ducha de ba\u00f1o plegable con autoconducci\u00f3n, almacenamiento de agua caliente y energ\u00eda solar\" \/><br \/>\n<img decoding=\"async\" title=\"Bolsa de ba\u00f1o port\u00e1til para acampar al aire libre, ducha de ba\u00f1o plegable con autoconducci\u00f3n, almacenamiento de agua caliente y energ\u00eda solar\" src=\"https:\/\/bodegaoutdoor.cl\/store\/wp-content\/uploads\/2024\/01\/81201-hk8pdi.png\" alt=\"Bolsa de ba\u00f1o port\u00e1til para acampar al aire libre, ducha de ba\u00f1o plegable con autoconducci\u00f3n, almacenamiento de agua caliente y energ\u00eda solar\" \/><br \/>\n<img decoding=\"async\" title=\"Bolsa de ba\u00f1o port\u00e1til para acampar al aire libre, ducha de ba\u00f1o plegable con autoconducci\u00f3n, almacenamiento de agua caliente y energ\u00eda solar\" src=\"https:\/\/bodegaoutdoor.cl\/store\/wp-content\/uploads\/2024\/01\/81201-fmhmvw.png\" alt=\"Bolsa de ba\u00f1o port\u00e1til para acampar al aire libre, ducha de ba\u00f1o plegable con autoconducci\u00f3n, almacenamiento de agua caliente y energ\u00eda solar\" \/><br \/>\n<img decoding=\"async\" title=\"Bolsa de ba\u00f1o port\u00e1til para acampar al aire libre, ducha de ba\u00f1o plegable con autoconducci\u00f3n, almacenamiento de agua caliente y energ\u00eda solar\" src=\"https:\/\/bodegaoutdoor.cl\/store\/wp-content\/uploads\/2024\/01\/81201-dzmzve.png\" alt=\"Bolsa de ba\u00f1o port\u00e1til para acampar al aire libre, ducha de ba\u00f1o plegable con autoconducci\u00f3n, almacenamiento de agua caliente y energ\u00eda solar\" \/><br \/>\n<img decoding=\"async\" title=\"Bolsa de ba\u00f1o port\u00e1til para acampar al aire libre, ducha de ba\u00f1o plegable con autoconducci\u00f3n, almacenamiento de agua caliente y energ\u00eda solar\" src=\"https:\/\/bodegaoutdoor.cl\/store\/wp-content\/uploads\/2024\/01\/81201-6kypax.png\" alt=\"Bolsa de ba\u00f1o port\u00e1til para acampar al aire libre, ducha de ba\u00f1o plegable con autoconducci\u00f3n, almacenamiento de agua caliente y energ\u00eda solar\" \/><\/div>\n\n    <div class=\"xs_social_share_widget xs_share_url after_content \t\tmain_content  wslu-style-1 wslu-share-box-shaped wslu-fill-colored wslu-none wslu-share-horizontal wslu-theme-font-no wslu-main_content\">\n\n\t\t\n        <ul>\n\t\t\t        <\/ul>\n    <\/div> \n","protected":false},"excerpt":{"rendered":"<p>\u2022 Port\u00e1til y plegable:Esta bolsa de ba\u00f1o est\u00e1 dise\u00f1ada para ser port\u00e1til y plegable, lo que facilita su transporte mientras acampa o camina. &nbsp; \u2022 Autoconducci\u00f3n:La bolsa de ba\u00f1o est\u00e1 equipada con una funci\u00f3n de autoconducci\u00f3n que le permite calentar autom\u00e1ticamente el agua y proporcionar un ba\u00f1o caliente sin necesidad de esfuerzo manual. &nbsp; \u2022 [&hellip;]<\/p>\n","protected":false},"featured_media":81204,"comment_status":"open","ping_status":"closed","template":"","meta":{"jetpack_publicize_message":"","jetpack_publicize_feature_enabled":true,"jetpack_social_post_already_shared":true,"jetpack_social_options":{"image_generator_settings":{"template":"highway","enabled":false},"version":2}},"product_brand":[],"product_cat":[2814],"product_tag":[],"class_list":{"0":"post-81201","1":"product","2":"type-product","3":"status-publish","4":"has-post-thumbnail","6":"product_cat-camping","8":"first","9":"instock","10":"sale","11":"taxable","12":"shipping-taxable","13":"purchasable","14":"product-type-variable"},"jetpack_publicize_connections":[],"jetpack_sharing_enabled":true,"_links":{"self":[{"href":"https:\/\/bodegaoutdoor.cl\/store\/wp-json\/wp\/v2\/product\/81201","targetHints":{"allow":["GET"]}}],"collection":[{"href":"https:\/\/bodegaoutdoor.cl\/store\/wp-json\/wp\/v2\/product"}],"about":[{"href":"https:\/\/bodegaoutdoor.cl\/store\/wp-json\/wp\/v2\/types\/product"}],"replies":[{"embeddable":true,"href":"https:\/\/bodegaoutdoor.cl\/store\/wp-json\/wp\/v2\/comments?post=81201"}],"version-history":[{"count":15,"href":"https:\/\/bodegaoutdoor.cl\/store\/wp-json\/wp\/v2\/product\/81201\/revisions"}],"predecessor-version":[{"id":81804,"href":"https:\/\/bodegaoutdoor.cl\/store\/wp-json\/wp\/v2\/product\/81201\/revisions\/81804"}],"wp:featuredmedia":[{"embeddable":true,"href":"https:\/\/bodegaoutdoor.cl\/store\/wp-json\/wp\/v2\/media\/81204"}],"wp:attachment":[{"href":"https:\/\/bodegaoutdoor.cl\/store\/wp-json\/wp\/v2\/media?parent=81201"}],"wp:term":[{"taxonomy":"product_brand","embeddable":true,"href":"https:\/\/bodegaoutdoor.cl\/store\/wp-json\/wp\/v2\/product_brand?post=81201"},{"taxonomy":"product_cat","embeddable":true,"href":"https:\/\/bodegaoutdoor.cl\/store\/wp-json\/wp\/v2\/product_cat?post=81201"},{"taxonomy":"product_tag","embeddable":true,"href":"https:\/\/bodegaoutdoor.cl\/store\/wp-json\/wp\/v2\/product_tag?post=81201"}],"curies":[{"name":"wp","href":"https:\/\/api.w.org\/{rel}","templated":true}]}}