{"id":82124,"date":"2024-01-09T11:19:10","date_gmt":"2024-01-09T14:19:10","guid":{"rendered":"https:\/\/bodegaoutdoor.cl\/store\/product\/linterna-frontal-cob-xpg-para-montar-en-la-cabeza-linterna-led-de-carga-usb-type-c-lampara-de-trabajo-magnetica-luz-roja-y-azul-intermitente-para-montar-en-la-noche\/"},"modified":"2024-01-09T11:25:17","modified_gmt":"2024-01-09T14:25:17","slug":"linterna-frontal-cob-xpg-para-usb-type-c-magnetica-luz-roja-y-azul","status":"publish","type":"product","link":"https:\/\/bodegaoutdoor.cl\/store\/product\/linterna-frontal-cob-xpg-para-usb-type-c-magnetica-luz-roja-y-azul\/","title":{"rendered":"Linterna frontal COB + XPG para USB TYPE-C, magn\u00e9tica, luz roja y azul"},"content":{"rendered":"<p style=\"text-align: center;\"><video style=\"max-width: 100%;\" src=\"\/\/video.aliexpress-media.com\/play\/u\/ae_sg_item\/2212901837691\/p\/1\/e\/6\/t\/10301\/1100097278015.mp4\" poster=\"https:\/\/ae01.alicdn.com\/kf\/Sf7ea7b7b025742e9b7147b4d60e1c12eJ\/Linterna-frontal-COB-XPG-para-montar-en-la-cabeza-linterna-LED-de-carga-USB-TYPE-C.jpg\" preload=\"auto\" controls=\"controls\" width=\"100%\" height=\"100%\"><\/video><\/p>\n<div>\n<div>\n<div><\/div>\n<\/div>\n<\/div>\n<div><\/div>\n<div>\n<div>\n<div><\/div>\n<\/div>\n<\/div>\n<div><\/div>\n<div>\n<div><\/div>\n<p>&nbsp;<\/p>\n<table style=\"border-collapse: collapse; width: 100%;\" border=\"0\" width=\"100%\" cellspacing=\"0\" cellpadding=\"0\">\n<tbody>\n<tr>\n<td>\n<div>\n<p>&nbsp;<\/p>\n<\/div>\n<div><\/div>\n<div style=\"padding: 15px;\">\n<div><span id=\"tl_1\" style=\"color: black; font-size: 12px; font-family: inherit;\">L\u00e1mpara de cabeza COB con USB, luces multifuncionales para correr de noche, parpadeos magn\u00e9ticos rojos y azules, alto brillo para actividades al aire libre<br \/>\n<\/span><br \/>\n<span style=\"color: black; font-size: 12px; font-family: inherit;\"><strong id=\"tl_2\">Caracter\u00edstica:<\/strong><\/span><br \/>\n<span style=\"color: black; font-size: 12px; font-family: inherit;\"><br \/>\n<\/span><br \/>\n<span style=\"color: black; font-size: 12px; font-family: inherit;\"><strong id=\"tl_3\">1. Alto brillo y luz fuerte:<\/strong><\/span><br \/>\n<span id=\"tl_4\" style=\"color: black; font-size: 12px; font-family: inherit;\">Ampl\u00ede el campo de visi\u00f3n de iluminaci\u00f3n, la iluminaci\u00f3n de alta concentraci\u00f3n y largo alcance es excelente y el \u00e1rea de irradiaci\u00f3n es grande, que se puede adaptar a correr de noche y actividades al aire libre con luces de monta\u00f1ismo.<br \/>\n<\/span><br \/>\n<span style=\"color: black; font-size: 12px; font-family: inherit;\"><strong id=\"tl_5\">2. Dise\u00f1o magn\u00e9tico:<\/strong><\/span><br \/>\n<span id=\"tl_6\" style=\"color: black; font-size: 12px; font-family: inherit;\">Fuerte im\u00e1n en la parte posterior, se puede adsorber a voluntad y se puede utilizar como una l\u00e1mpara de mantenimiento.<br \/>\n<\/span><br \/>\n<span style=\"color: black; font-size: 12px; font-family: inherit;\"><strong id=\"tl_7\">3. Destellos rojos y azules de calentamiento, ayuda de emergencia:<\/strong><\/span><br \/>\n<span id=\"tl_8\" style=\"color: black; font-size: 12px; font-family: inherit;\">Luz roja intermitente de se\u00f1al de socorro, conveniente para el rescate al aire libre\/advertencia para garantizar la seguridad de los viajes al aire libre.<br \/>\n<\/span><br \/>\n<span style=\"color: black; font-size: 12px; font-family: inherit;\"><strong id=\"tl_9\">4. Ligero y c\u00f3modo:<\/strong><\/span><br \/>\n<span id=\"tl_10\" style=\"color: black; font-size: 12px; font-family: inherit;\">79g de peso, puede correr o trabajar durante mucho tiempo por la noche o acampar al aire libre y realizar reparaciones de autom\u00f3viles y tareas dom\u00e9sticas sin sentirlo en la cabeza.<br \/>\n<\/span><br \/>\n<span style=\"color: black; font-size: 12px; font-family: inherit;\"><strong id=\"tl_11\">5. USB recargable:<\/strong><\/span><br \/>\n<span id=\"tl_12\" style=\"color: black; font-size: 12px; font-family: inherit;\">Esta linterna LED tiene una bater\u00eda de litio de gran capacidad incorporada, que se puede cargar a trav\u00e9s de USB. Esto le brinda un tiempo de iluminaci\u00f3n m\u00e1s largo y una experiencia de carga m\u00e1s f\u00e1cil.<\/span><br \/>\n<span style=\"color: black; font-size: 12px; font-family: inherit;\"><strong id=\"tl_13\">Especificaci\u00f3n:<\/strong><\/span><\/p>\n<p><span id=\"tl_14\" style=\"color: black; font-size: 12px; font-family: inherit;\">Tipo de art\u00edculo: faros<\/span><\/p>\n<p><span id=\"tl_15\" style=\"color: black; font-size: 12px; font-family: inherit;\">Fuente de luz: LED<\/span><\/p>\n<p><span id=\"tl_16\" style=\"color: black; font-size: 12px; font-family: inherit;\">Impermeable: S\u00ed<\/span><\/p>\n<p><span id=\"tl_17\" style=\"color: black; font-size: 12px; font-family: inherit;\">N\u00famero de modelo: faros<\/span><\/p>\n<p><span id=\"tl_18\" style=\"color: black; font-size: 12px; font-family: inherit;\">Prop\u00f3sito: iluminaci\u00f3n<br \/>\nNombre: llavero faro<br \/>\nMaterial: ABS de alta resistencia<br \/>\nColor: negro<br \/>\nTama\u00f1o del producto: aproximadamente 70x45x30mm\/2,76&#215;1,77&#215;1,2 pulgadas<br \/>\nPeso neto: 79G<br \/>\nMecha: COB + XPG + LED rojo y azul<br \/>\nBater\u00eda: bater\u00eda de litio de gran capacidad<br \/>\nSistema de carga: Interfaz de carga<br \/>\nEquipo de iluminaci\u00f3n: Fuerte-d\u00e9bil-flash-Haz alto-rojo y azul<br \/>\nGrado impermeable: impermeable al aire libre<\/span>\n<\/div>\n<p style=\"font-family: inherit; font-size: 12px; color: black;\"><strong id=\"tl_19\">Nota:<\/strong><span id=\"tl_20\"><br \/>\nDebido a los diferentes monitores y efectos de luz, el color real del art\u00edculo puede ser ligeramente diferente del color que se muestra en las im\u00e1genes. \u00a1Gracias!<br \/>\nPermita una desviaci\u00f3n de medici\u00f3n de 1-2cm debido a la medici\u00f3n manual.<\/span><\/p>\n<div>\n<p>&nbsp;<\/p>\n<\/div>\n<\/div>\n<div><\/div>\n<div style=\"padding: 15px;\">1 x llavero faro<br \/>\n1 x cable de carga USB<br \/>\n1 diadema<\/div>\n<div style=\"text-align: center;\" align=\"center\">\n<p>&nbsp;<\/p>\n<p><img decoding=\"async\" src=\"https:\/\/bodegaoutdoor.cl\/store\/wp-content\/uploads\/2024\/01\/82124-0zgxtd.jpg\" width=\"1000px\" \/><img decoding=\"async\" src=\"https:\/\/bodegaoutdoor.cl\/store\/wp-content\/uploads\/2024\/01\/82124-lrq2hd.jpg\" width=\"1000px\" \/><img decoding=\"async\" src=\"https:\/\/bodegaoutdoor.cl\/store\/wp-content\/uploads\/2024\/01\/82124-mcv1kd.jpg\" width=\"1000px\" \/><img decoding=\"async\" src=\"https:\/\/bodegaoutdoor.cl\/store\/wp-content\/uploads\/2024\/01\/82124-tqsyxk.jpg\" width=\"1000px\" \/><img decoding=\"async\" src=\"https:\/\/bodegaoutdoor.cl\/store\/wp-content\/uploads\/2024\/01\/82124-u31ol9.jpg\" width=\"1000px\" \/><img decoding=\"async\" src=\"\/\/ae01.alicdn.com\/kf\/Safbca1c4d1474a5fab848a7a4ef5a79fi.jpg\" width=\"1000px\" \/><img decoding=\"async\" src=\"\/\/ae01.alicdn.com\/kf\/S8405074187c84b519887061c71f393deT.jpg\" width=\"1000px\" \/><img decoding=\"async\" src=\"\/\/ae01.alicdn.com\/kf\/S3d45e12a28eb438aaf399618c76c0b8a9.jpg\" width=\"1000px\" \/><img decoding=\"async\" src=\"\/\/ae01.alicdn.com\/kf\/S20ded58b139741f998d6dc61f392d9cet.jpg\" width=\"1000px\" \/><img decoding=\"async\" src=\"\/\/ae01.alicdn.com\/kf\/S7fa4c68ee95d4072923da487891d5a63f.jpg\" width=\"1000px\" \/><img decoding=\"async\" src=\"\/\/ae01.alicdn.com\/kf\/S9d4c92a2b608407c9270044a882f41c5k.jpg\" width=\"1000px\" \/><img decoding=\"async\" src=\"\/\/ae01.alicdn.com\/kf\/S007bcae082164bdaa5a154a21a982560D.jpg\" width=\"1000px\" \/><img decoding=\"async\" src=\"\/\/ae01.alicdn.com\/kf\/S86c1efe2b6fa4bd4ae412f0d11160669Q.jpg\" width=\"1000px\" \/><img decoding=\"async\" src=\"\/\/ae01.alicdn.com\/kf\/Se0c29b2ca9a64b2a8d5b21152bc1873bN.jpg\" width=\"1000px\" \/><img decoding=\"async\" src=\"\/\/ae01.alicdn.com\/kf\/S0f7ca9ae9aa0498e9a44c883efb5613cD.jpg\" width=\"1000px\" \/><img decoding=\"async\" src=\"\/\/ae01.alicdn.com\/kf\/Sf7ea7b7b025742e9b7147b4d60e1c12eJ.jpg\" width=\"1000px\" \/><\/p>\n<\/div>\n<p>&nbsp;<\/p>\n<p style=\"text-align: center;\" align=\"center\">\n<p style=\"text-align: center;\" align=\"center\">\n<p>&nbsp;<\/td>\n<\/tr>\n<\/tbody>\n<\/table>\n<p>&nbsp;<\/p>\n<\/div>\n\n    <div class=\"xs_social_share_widget xs_share_url after_content \t\tmain_content  wslu-style-1 wslu-share-box-shaped wslu-fill-colored wslu-none wslu-share-horizontal wslu-theme-font-no wslu-main_content\">\n\n\t\t\n        <ul>\n\t\t\t        <\/ul>\n    <\/div> \n","protected":false},"excerpt":{"rendered":"<p>&nbsp; &nbsp; L\u00e1mpara de cabeza COB con USB, luces multifuncionales para correr de noche, parpadeos magn\u00e9ticos rojos y azules, alto brillo para actividades al aire libre Caracter\u00edstica: 1. Alto brillo y luz fuerte: Ampl\u00ede el campo de visi\u00f3n de iluminaci\u00f3n, la iluminaci\u00f3n de alta concentraci\u00f3n y largo alcance es excelente y el \u00e1rea de irradiaci\u00f3n [&hellip;]<\/p>\n","protected":false},"featured_media":82128,"comment_status":"open","ping_status":"closed","template":"","meta":{"jetpack_publicize_message":"","jetpack_publicize_feature_enabled":true,"jetpack_social_post_already_shared":true,"jetpack_social_options":{"image_generator_settings":{"template":"highway","enabled":false},"version":2}},"product_brand":[],"product_cat":[4750],"product_tag":[],"class_list":{"0":"post-82124","1":"product","2":"type-product","3":"status-publish","4":"has-post-thumbnail","6":"product_cat-linterna-led","8":"first","9":"instock","10":"sale","11":"taxable","12":"shipping-taxable","13":"purchasable","14":"product-type-variable"},"jetpack_publicize_connections":[],"jetpack_sharing_enabled":true,"_links":{"self":[{"href":"https:\/\/bodegaoutdoor.cl\/store\/wp-json\/wp\/v2\/product\/82124","targetHints":{"allow":["GET"]}}],"collection":[{"href":"https:\/\/bodegaoutdoor.cl\/store\/wp-json\/wp\/v2\/product"}],"about":[{"href":"https:\/\/bodegaoutdoor.cl\/store\/wp-json\/wp\/v2\/types\/product"}],"replies":[{"embeddable":true,"href":"https:\/\/bodegaoutdoor.cl\/store\/wp-json\/wp\/v2\/comments?post=82124"}],"version-history":[{"count":30,"href":"https:\/\/bodegaoutdoor.cl\/store\/wp-json\/wp\/v2\/product\/82124\/revisions"}],"predecessor-version":[{"id":82192,"href":"https:\/\/bodegaoutdoor.cl\/store\/wp-json\/wp\/v2\/product\/82124\/revisions\/82192"}],"wp:featuredmedia":[{"embeddable":true,"href":"https:\/\/bodegaoutdoor.cl\/store\/wp-json\/wp\/v2\/media\/82128"}],"wp:attachment":[{"href":"https:\/\/bodegaoutdoor.cl\/store\/wp-json\/wp\/v2\/media?parent=82124"}],"wp:term":[{"taxonomy":"product_brand","embeddable":true,"href":"https:\/\/bodegaoutdoor.cl\/store\/wp-json\/wp\/v2\/product_brand?post=82124"},{"taxonomy":"product_cat","embeddable":true,"href":"https:\/\/bodegaoutdoor.cl\/store\/wp-json\/wp\/v2\/product_cat?post=82124"},{"taxonomy":"product_tag","embeddable":true,"href":"https:\/\/bodegaoutdoor.cl\/store\/wp-json\/wp\/v2\/product_tag?post=82124"}],"curies":[{"name":"wp","href":"https:\/\/api.w.org\/{rel}","templated":true}]}}