{"id":82274,"date":"2024-01-31T16:54:12","date_gmt":"2024-01-31T19:54:12","guid":{"rendered":"https:\/\/bodegaoutdoor.cl\/store\/product\/smiling-shark-617b-mini-linterna-luz-fuerte-portatil-de-bolsillo-pequeno-para-uso-diario-senderismo-al-aire-libre\/"},"modified":"2024-01-31T17:21:25","modified_gmt":"2024-01-31T20:21:25","slug":"smiling-shark-617b-mini-linterna-luz-fuerte-portatil-de-bolsillo-pequeno-para-uso-diario-senderismo-al-aire-libre","status":"publish","type":"product","link":"https:\/\/bodegaoutdoor.cl\/store\/product\/smiling-shark-617b-mini-linterna-luz-fuerte-portatil-de-bolsillo-pequeno-para-uso-diario-senderismo-al-aire-libre\/","title":{"rendered":"Smiling Shark 617B Mini linterna, luz port\u00e1til de bolsillo peque\u00f1o, camping, senderismo"},"content":{"rendered":"<div>\n<div>\n<div><img decoding=\"async\" title=\"Smiling Shark 617B Mini linterna, luz fuerte port\u00e1til de bolsillo peque\u00f1o, para uso diario, senderismo al aire libre\" src=\"https:\/\/bodegaoutdoor.cl\/store\/wp-content\/uploads\/2024\/01\/82274-btgyla.jpg\" alt=\"Smiling Shark 617B Mini linterna, luz fuerte port\u00e1til de bolsillo peque\u00f1o, para uso diario, senderismo al aire libre\" \/><\/div>\n<div>\n<p id=\"tl_1\" style=\"font-family: OpenSans; font-size: 20px; font-weight: 900; line-height: 28px; margin-bottom: 12px;\">Tienda oficial de tecnolog\u00eda de iluminaci\u00f3n profesional Smiling Shark<\/p>\n<p id=\"tl_2\" style=\"font-family: OpenSans; font-size: 14px; font-weight: 300; line-height: 20px; margin-bottom: 12px;\">Estimado cliente, Bienvenido a nuestra tienda, todos los productos vendidos en esta tienda est\u00e1n en stock.<\/p>\n<p>Todos los productos provienen de nuestra propia f\u00e1brica, almac\u00e9n autoconstruido, inventario estable, puede comprar con confianza ~<\/p>\n<p>Si necesita otros productos, cont\u00e1ctenos ~ Gracias.<\/p>\n<\/div>\n<div>\n<p id=\"tl_3\" style=\"font-family: OpenSans; font-size: 20px; font-weight: 900; line-height: 28px; margin-bottom: 12px;\">Especificaci\u00f3n:<\/p>\n<p id=\"tl_4\" style=\"font-family: OpenSans; font-size: 14px; font-weight: 300; line-height: 20px; margin-bottom: 12px;\">\u3010Modelo\u3011: 617B<br \/>\n\u3010Material\u3011:ABS<br \/>\n\u3010Impermeable\u3011: IPX65<br \/>\n\u3010Bater\u00eda\u3011: Bater\u00eda incorporada<br \/>\n\u3010Peso\u3011: 72,7 (bater\u00eda incluida)<br \/>\n\u3010Diferentes\u3011:<br \/>\n617A: con funci\u00f3n de Banco de energ\u00eda<br \/>\n617B: Sin funci\u00f3n de Banco de energ\u00eda<\/p>\n<p>** Retire la l\u00e1mina aislante antes de usarla. **<\/p>\n<\/div>\n<div>\n<p id=\"tl_5\" style=\"font-family: OpenSans; font-size: 20px; font-weight: 900; line-height: 28px; margin-bottom: 12px;\">Caracter\u00edsticas:<\/p>\n<p id=\"tl_6\" style=\"font-family: OpenSans; font-size: 14px; font-weight: 300; line-height: 20px; margin-bottom: 12px;\">\u3010Superbrillo\u3011:<br \/>\nEl chip LED de alta intensidad G3 actualizado proporciona una iluminaci\u00f3n potente y de larga distancia, asegurando la visibilidad en entornos al aire libre con niebla, lluvia y bosques densos.<\/p>\n<p>\u3010Amplia cobertura \u3011:<br \/>\nLa linterna emite un amplio haz de luz, iluminando eficazmente un \u00e1rea grande y extendiendo su campo de visi\u00f3n.<br \/>\nRendimiento de larga duraci\u00f3n: equipado con una bater\u00eda 18650 incorporada de alta capacidad, ofrece una duraci\u00f3n de bater\u00eda excepcional para un uso prolongado.<br \/>\n\u3010Rendimiento duradero\u3011:<br \/>\nEquipado con una bater\u00eda 18650 incorporada de alta capacidad, ofrece una duraci\u00f3n de bater\u00eda excepcional para un uso prolongado.<\/p>\n<p>\u3010Carga r\u00e1pida USB\u3011:<br \/>\nDisfrute de la comodidad de la carga r\u00e1pida a trav\u00e9s de USB, e incluso \u00faselo como un banco de energ\u00eda para cargar sus dispositivos m\u00f3viles.<\/p>\n<p>\u3010Compacto y port\u00e1til\u3011:<br \/>\nDise\u00f1ado para ser ligero y f\u00e1cil de llevar, esta mini linterna es perfecta para acampar, senderismo, emergencias y uso diario.<\/p>\n<\/div>\n<div>\n<p id=\"tl_7\" style=\"font-family: OpenSans; font-size: 20px; font-weight: 900; line-height: 28px; margin-bottom: 12px;\">Aviso:<\/p>\n<p id=\"tl_8\" style=\"font-family: OpenSans; font-size: 14px; font-weight: 300; line-height: 20px; margin-bottom: 12px;\">1. Antes de su uso, Retire la l\u00e1mina aislante para garantizar un funcionamiento adecuado.<\/p>\n<p>2. Aseg\u00farese de que la bater\u00eda o la linterna est\u00e9n completamente cargadas antes de su uso. Evite agotar completamente la bater\u00eda. Por lo general, cuando se completa la carga, la luz indicadora mostrar\u00e1 un color azul o verde.<\/p>\n<\/div>\n<div>\n<p id=\"tl_9\" style=\"font-family: OpenSans; font-size: 20px; font-weight: 900; line-height: 28px; margin-bottom: 12px;\">Lista de embalaje<\/p>\n<p id=\"tl_10\" style=\"font-family: OpenSans; font-size: 14px; font-weight: 300; line-height: 20px; margin-bottom: 12px;\">1 * linterna<br \/>\n1 * Cable de carga USB<\/p>\n<\/div>\n<div><img decoding=\"async\" title=\"Smiling Shark 617B Mini linterna, luz fuerte port\u00e1til de bolsillo peque\u00f1o, para uso diario, senderismo al aire libre\" src=\"https:\/\/bodegaoutdoor.cl\/store\/wp-content\/uploads\/2024\/01\/82274-ro2pc7.jpg\" alt=\"Smiling Shark 617B Mini linterna, luz fuerte port\u00e1til de bolsillo peque\u00f1o, para uso diario, senderismo al aire libre\" \/><br \/>\n<img decoding=\"async\" title=\"Smiling Shark 617B Mini linterna, luz fuerte port\u00e1til de bolsillo peque\u00f1o, para uso diario, senderismo al aire libre\" src=\"https:\/\/bodegaoutdoor.cl\/store\/wp-content\/uploads\/2024\/01\/82274-zfugdi.jpg\" alt=\"Smiling Shark 617B Mini linterna, luz fuerte port\u00e1til de bolsillo peque\u00f1o, para uso diario, senderismo al aire libre\" \/><br \/>\n<img decoding=\"async\" title=\"Smiling Shark 617B Mini linterna, luz fuerte port\u00e1til de bolsillo peque\u00f1o, para uso diario, senderismo al aire libre\" src=\"https:\/\/bodegaoutdoor.cl\/store\/wp-content\/uploads\/2024\/01\/82274-4r4o0h.jpg\" alt=\"Smiling Shark 617B Mini linterna, luz fuerte port\u00e1til de bolsillo peque\u00f1o, para uso diario, senderismo al aire libre\" \/><br \/>\n<img decoding=\"async\" title=\"Smiling Shark 617B Mini linterna, luz fuerte port\u00e1til de bolsillo peque\u00f1o, para uso diario, senderismo al aire libre\" src=\"https:\/\/bodegaoutdoor.cl\/store\/wp-content\/uploads\/2024\/01\/82274-r9chcv.jpg\" alt=\"Smiling Shark 617B Mini linterna, luz fuerte port\u00e1til de bolsillo peque\u00f1o, para uso diario, senderismo al aire libre\" \/><br \/>\n<img decoding=\"async\" title=\"Smiling Shark 617B Mini linterna, luz fuerte port\u00e1til de bolsillo peque\u00f1o, para uso diario, senderismo al aire libre\" src=\"https:\/\/bodegaoutdoor.cl\/store\/wp-content\/uploads\/2024\/01\/82274-pzm3fd.jpg\" alt=\"Smiling Shark 617B Mini linterna, luz fuerte port\u00e1til de bolsillo peque\u00f1o, para uso diario, senderismo al aire libre\" \/><br \/>\n<img decoding=\"async\" title=\"Smiling Shark 617B Mini linterna, luz fuerte port\u00e1til de bolsillo peque\u00f1o, para uso diario, senderismo al aire libre\" src=\"https:\/\/bodegaoutdoor.cl\/store\/wp-content\/uploads\/2024\/01\/82274-xtapro.jpeg\" alt=\"Smiling Shark 617B Mini linterna, luz fuerte port\u00e1til de bolsillo peque\u00f1o, para uso diario, senderismo al aire libre\" \/><br \/>\n<img decoding=\"async\" title=\"Smiling Shark 617B Mini linterna, luz fuerte port\u00e1til de bolsillo peque\u00f1o, para uso diario, senderismo al aire libre\" src=\"https:\/\/bodegaoutdoor.cl\/store\/wp-content\/uploads\/2024\/01\/82274-7mnu0k.jpg\" alt=\"Smiling Shark 617B Mini linterna, luz fuerte port\u00e1til de bolsillo peque\u00f1o, para uso diario, senderismo al aire libre\" \/><\/div>\n<p>&nbsp;<\/p>\n<\/div>\n<\/div>\n\n    <div class=\"xs_social_share_widget xs_share_url after_content \t\tmain_content  wslu-style-1 wslu-share-box-shaped wslu-fill-colored wslu-none wslu-share-horizontal wslu-theme-font-no wslu-main_content\">\n\n\t\t\n        <ul>\n\t\t\t        <\/ul>\n    <\/div> \n","protected":false},"excerpt":{"rendered":"<p>Tienda oficial de tecnolog\u00eda de iluminaci\u00f3n profesional Smiling Shark Estimado cliente, Bienvenido a nuestra tienda, todos los productos vendidos en esta tienda est\u00e1n en stock. Todos los productos provienen de nuestra propia f\u00e1brica, almac\u00e9n autoconstruido, inventario estable, puede comprar con confianza ~ Si necesita otros productos, cont\u00e1ctenos ~ Gracias. Especificaci\u00f3n: \u3010Modelo\u3011: 617B \u3010Material\u3011:ABS \u3010Impermeable\u3011: IPX65 [&hellip;]<\/p>\n","protected":false},"featured_media":82277,"comment_status":"open","ping_status":"closed","template":"","meta":{"jetpack_publicize_message":"","jetpack_publicize_feature_enabled":true,"jetpack_social_post_already_shared":true,"jetpack_social_options":{"image_generator_settings":{"template":"highway","enabled":false},"version":2}},"product_brand":[],"product_cat":[4750],"product_tag":[],"class_list":{"0":"post-82274","1":"product","2":"type-product","3":"status-publish","4":"has-post-thumbnail","6":"product_cat-linterna-led","8":"first","9":"instock","10":"sale","11":"taxable","12":"shipping-taxable","13":"purchasable","14":"product-type-variable"},"jetpack_publicize_connections":[],"jetpack_sharing_enabled":true,"_links":{"self":[{"href":"https:\/\/bodegaoutdoor.cl\/store\/wp-json\/wp\/v2\/product\/82274","targetHints":{"allow":["GET"]}}],"collection":[{"href":"https:\/\/bodegaoutdoor.cl\/store\/wp-json\/wp\/v2\/product"}],"about":[{"href":"https:\/\/bodegaoutdoor.cl\/store\/wp-json\/wp\/v2\/types\/product"}],"replies":[{"embeddable":true,"href":"https:\/\/bodegaoutdoor.cl\/store\/wp-json\/wp\/v2\/comments?post=82274"}],"version-history":[{"count":12,"href":"https:\/\/bodegaoutdoor.cl\/store\/wp-json\/wp\/v2\/product\/82274\/revisions"}],"predecessor-version":[{"id":82305,"href":"https:\/\/bodegaoutdoor.cl\/store\/wp-json\/wp\/v2\/product\/82274\/revisions\/82305"}],"wp:featuredmedia":[{"embeddable":true,"href":"https:\/\/bodegaoutdoor.cl\/store\/wp-json\/wp\/v2\/media\/82277"}],"wp:attachment":[{"href":"https:\/\/bodegaoutdoor.cl\/store\/wp-json\/wp\/v2\/media?parent=82274"}],"wp:term":[{"taxonomy":"product_brand","embeddable":true,"href":"https:\/\/bodegaoutdoor.cl\/store\/wp-json\/wp\/v2\/product_brand?post=82274"},{"taxonomy":"product_cat","embeddable":true,"href":"https:\/\/bodegaoutdoor.cl\/store\/wp-json\/wp\/v2\/product_cat?post=82274"},{"taxonomy":"product_tag","embeddable":true,"href":"https:\/\/bodegaoutdoor.cl\/store\/wp-json\/wp\/v2\/product_tag?post=82274"}],"curies":[{"name":"wp","href":"https:\/\/api.w.org\/{rel}","templated":true}]}}