{"id":82381,"date":"2024-02-17T11:49:18","date_gmt":"2024-02-17T14:49:18","guid":{"rendered":"https:\/\/bodegaoutdoor.cl\/store\/?post_type=product&#038;p=82381"},"modified":"2024-02-17T19:22:20","modified_gmt":"2024-02-17T22:22:20","slug":"saco-de-dormir-camping-extremo-15-10-campsor","status":"publish","type":"product","link":"https:\/\/bodegaoutdoor.cl\/store\/product\/saco-de-dormir-camping-extremo-15-10-campsor\/","title":{"rendered":"Saco De Dormir Camping Extremo -15\u00b0 +10\u00b0 Campsor"},"content":{"rendered":"<p>Caracter\u00edsticas :<\/p>\n<p>SACO DE DORMIR ULTRA LIGERO CON BOLSA DE COMPRESION PARA TRANSPORTARLO DE FORMA COMODA RESISTENTE ASTA &#8211; 15 GRADOS CELSIUS IDEAL PARA ACTIVIDADES AL AIRE LIBRE ] &#8211; Este saco de dormir esta fabricado siguiendo la norma europea EN 13537 STANDAD que especifica los requisitos y m\u00e9todos de ensayo, as\u00ed como las disposiciones para el etiquetado de sacos de dormir de tama\u00f1o adulto para su uso en actividades deportivas y de tiempo libre.<\/p>\n<p>[ EN CUANTO AL TAMA\u00d1O ] &#8211; Mide 220 Cm de largo y 70 Cm de ancho (2.20 m x 0.70 m).<\/p>\n<p>[ EN CUANTO A SU PESO ] &#8211; Pesa 1700.<\/p>\n<p>[ EN CUANTO A SU RESISTENCIA ] &#8211; Resiste hasta &#8211; 15 Grados Celsius, Comfort + 10 Grados Celsius.<\/p>\n<p>[ IDEAL PARA SER USADO ] &#8211; Ideal para ser usado en cualquier actividad al aire libre sirve tanto como para hombre como para mujer.<\/p>\n<p>[ EN CUANTO A LA MARCA ] &#8211; Le pertenece a la marca CAMPSOR.<\/p>\n<p>Contar con un buen saco de dormir es un imprescindible en todo hogar, porque puede ser una soluci\u00f3n pr\u00e1ctica a la hora de recibir visitas, te acompa\u00f1ar\u00e1 en tus aventuras de camping, o puede ser un buen compa\u00f1ero si duermes fuera de casa.<\/p>\n<p>Saco de dormir para camping, uso en tiendas de camping y carpas<\/p>\n<p>Material: Poliester<br \/>\nMedida: 1.90 metros aprox.<br \/>\nCremallera en el extremo del saco<\/p>\n<p>&nbsp;<\/p>\n<p><img fetchpriority=\"high\" decoding=\"async\" class=\"alignnone size-medium wp-image-82382\" src=\"https:\/\/bodegaoutdoor.cl\/store\/wp-content\/uploads\/2024\/02\/0e00bbad-a569-46ca-8584-25a81b9a64fe-296x300.jpg\" alt=\"\" width=\"296\" height=\"300\" srcset=\"https:\/\/bodegaoutdoor.cl\/store\/wp-content\/uploads\/2024\/02\/0e00bbad-a569-46ca-8584-25a81b9a64fe-296x300.jpg 296w, https:\/\/bodegaoutdoor.cl\/store\/wp-content\/uploads\/2024\/02\/0e00bbad-a569-46ca-8584-25a81b9a64fe-1012x1024.jpg 1012w, https:\/\/bodegaoutdoor.cl\/store\/wp-content\/uploads\/2024\/02\/0e00bbad-a569-46ca-8584-25a81b9a64fe-768x777.jpg 768w, https:\/\/bodegaoutdoor.cl\/store\/wp-content\/uploads\/2024\/02\/0e00bbad-a569-46ca-8584-25a81b9a64fe-600x607.jpg 600w, https:\/\/bodegaoutdoor.cl\/store\/wp-content\/uploads\/2024\/02\/0e00bbad-a569-46ca-8584-25a81b9a64fe-100x100.jpg 100w, https:\/\/bodegaoutdoor.cl\/store\/wp-content\/uploads\/2024\/02\/0e00bbad-a569-46ca-8584-25a81b9a64fe-50x50.jpg 50w, https:\/\/bodegaoutdoor.cl\/store\/wp-content\/uploads\/2024\/02\/0e00bbad-a569-46ca-8584-25a81b9a64fe.jpg 1180w\" sizes=\"(max-width: 296px) 100vw, 296px\" \/> <img decoding=\"async\" class=\"alignnone size-medium wp-image-82383\" src=\"https:\/\/bodegaoutdoor.cl\/store\/wp-content\/uploads\/2024\/02\/8fc1107f-4953-401d-a49f-ee3e450fe647-236x300.jpg\" alt=\"\" width=\"236\" height=\"300\" srcset=\"https:\/\/bodegaoutdoor.cl\/store\/wp-content\/uploads\/2024\/02\/8fc1107f-4953-401d-a49f-ee3e450fe647-236x300.jpg 236w, https:\/\/bodegaoutdoor.cl\/store\/wp-content\/uploads\/2024\/02\/8fc1107f-4953-401d-a49f-ee3e450fe647-804x1024.jpg 804w, https:\/\/bodegaoutdoor.cl\/store\/wp-content\/uploads\/2024\/02\/8fc1107f-4953-401d-a49f-ee3e450fe647-768x978.jpg 768w, https:\/\/bodegaoutdoor.cl\/store\/wp-content\/uploads\/2024\/02\/8fc1107f-4953-401d-a49f-ee3e450fe647-600x764.jpg 600w, https:\/\/bodegaoutdoor.cl\/store\/wp-content\/uploads\/2024\/02\/8fc1107f-4953-401d-a49f-ee3e450fe647.jpg 939w\" sizes=\"(max-width: 236px) 100vw, 236px\" \/> <img decoding=\"async\" class=\"alignnone size-medium wp-image-82384\" src=\"https:\/\/bodegaoutdoor.cl\/store\/wp-content\/uploads\/2024\/02\/gsc_121363861_3004889_5-300x300.webp\" alt=\"\" width=\"300\" height=\"300\" srcset=\"https:\/\/bodegaoutdoor.cl\/store\/wp-content\/uploads\/2024\/02\/gsc_121363861_3004889_5-300x300.webp 300w, https:\/\/bodegaoutdoor.cl\/store\/wp-content\/uploads\/2024\/02\/gsc_121363861_3004889_5-150x150.webp 150w, https:\/\/bodegaoutdoor.cl\/store\/wp-content\/uploads\/2024\/02\/gsc_121363861_3004889_5-768x768.webp 768w, https:\/\/bodegaoutdoor.cl\/store\/wp-content\/uploads\/2024\/02\/gsc_121363861_3004889_5-600x600.webp 600w, https:\/\/bodegaoutdoor.cl\/store\/wp-content\/uploads\/2024\/02\/gsc_121363861_3004889_5-100x100.webp 100w, https:\/\/bodegaoutdoor.cl\/store\/wp-content\/uploads\/2024\/02\/gsc_121363861_3004889_5-50x50.webp 50w, https:\/\/bodegaoutdoor.cl\/store\/wp-content\/uploads\/2024\/02\/gsc_121363861_3004889_5.webp 800w\" sizes=\"(max-width: 300px) 100vw, 300px\" \/><\/p>\n\n    <div class=\"xs_social_share_widget xs_share_url after_content \t\tmain_content  wslu-style-1 wslu-share-box-shaped wslu-fill-colored wslu-none wslu-share-horizontal wslu-theme-font-no wslu-main_content\">\n\n\t\t\n        <ul>\n\t\t\t        <\/ul>\n    <\/div> \n","protected":false},"excerpt":{"rendered":"<p>Caracter\u00edsticas : SACO DE DORMIR ULTRA LIGERO CON BOLSA DE COMPRESION PARA TRANSPORTARLO DE FORMA COMODA RESISTENTE ASTA &#8211; 15 GRADOS CELSIUS IDEAL PARA ACTIVIDADES AL AIRE LIBRE ] &#8211; Este saco de dormir esta fabricado siguiendo la norma europea EN 13537 STANDAD que especifica los requisitos y m\u00e9todos de ensayo, as\u00ed como las disposiciones [&hellip;]<\/p>\n","protected":false},"featured_media":82382,"comment_status":"open","ping_status":"closed","template":"","meta":{"jetpack_publicize_message":"","jetpack_publicize_feature_enabled":true,"jetpack_social_post_already_shared":true,"jetpack_social_options":{"image_generator_settings":{"template":"highway","enabled":false},"version":2}},"product_brand":[],"product_cat":[331,533],"product_tag":[2976],"class_list":{"0":"post-82381","1":"product","2":"type-product","3":"status-publish","4":"has-post-thumbnail","6":"product_cat-lotes-x-mayor","7":"product_cat-saco-de-dormir","8":"product_tag-saco-dormir","10":"first","11":"instock","12":"sale","13":"taxable","14":"shipping-taxable","15":"purchasable","16":"product-type-variable"},"jetpack_publicize_connections":[],"jetpack_sharing_enabled":true,"_links":{"self":[{"href":"https:\/\/bodegaoutdoor.cl\/store\/wp-json\/wp\/v2\/product\/82381","targetHints":{"allow":["GET"]}}],"collection":[{"href":"https:\/\/bodegaoutdoor.cl\/store\/wp-json\/wp\/v2\/product"}],"about":[{"href":"https:\/\/bodegaoutdoor.cl\/store\/wp-json\/wp\/v2\/types\/product"}],"replies":[{"embeddable":true,"href":"https:\/\/bodegaoutdoor.cl\/store\/wp-json\/wp\/v2\/comments?post=82381"}],"version-history":[{"count":1,"href":"https:\/\/bodegaoutdoor.cl\/store\/wp-json\/wp\/v2\/product\/82381\/revisions"}],"predecessor-version":[{"id":82385,"href":"https:\/\/bodegaoutdoor.cl\/store\/wp-json\/wp\/v2\/product\/82381\/revisions\/82385"}],"wp:featuredmedia":[{"embeddable":true,"href":"https:\/\/bodegaoutdoor.cl\/store\/wp-json\/wp\/v2\/media\/82382"}],"wp:attachment":[{"href":"https:\/\/bodegaoutdoor.cl\/store\/wp-json\/wp\/v2\/media?parent=82381"}],"wp:term":[{"taxonomy":"product_brand","embeddable":true,"href":"https:\/\/bodegaoutdoor.cl\/store\/wp-json\/wp\/v2\/product_brand?post=82381"},{"taxonomy":"product_cat","embeddable":true,"href":"https:\/\/bodegaoutdoor.cl\/store\/wp-json\/wp\/v2\/product_cat?post=82381"},{"taxonomy":"product_tag","embeddable":true,"href":"https:\/\/bodegaoutdoor.cl\/store\/wp-json\/wp\/v2\/product_tag?post=82381"}],"curies":[{"name":"wp","href":"https:\/\/api.w.org\/{rel}","templated":true}]}}