{"id":82461,"date":"2024-03-08T18:37:58","date_gmt":"2024-03-08T21:37:58","guid":{"rendered":"https:\/\/bodegaoutdoor.cl\/store\/?post_type=product&#038;p=82461"},"modified":"2024-03-08T18:37:58","modified_gmt":"2024-03-08T21:37:58","slug":"silla-plegable-de-camping-grande","status":"publish","type":"product","link":"https:\/\/bodegaoutdoor.cl\/store\/product\/silla-plegable-de-camping-grande\/","title":{"rendered":"Silla Plegable De Camping Grande"},"content":{"rendered":"<p>Silla fabricada con un resistente material de acero cubierto con tela Oxford.<\/p>\n<p>Largo de 39 cm, ancho de 38 cm y altura de 65 cm, esta silla es compacta y f\u00e1cil de transportar, siendo perfecta para tus excursiones, acampadas o picnics.<\/p>\n<p>Adem\u00e1s de ser c\u00f3moda y resistente, esta silla plegable para camping tambi\u00e9n destaca por su elegante dise\u00f1o. Su estructura de acero le proporciona estabilidad y seguridad, mientras que el asiento de tela Oxford le brinda confort y transpirabilidad, evitando la acumulaci\u00f3n de calor, incluso en los d\u00edas m\u00e1s calurosos.<\/p>\n\n    <div class=\"xs_social_share_widget xs_share_url after_content \t\tmain_content  wslu-style-1 wslu-share-box-shaped wslu-fill-colored wslu-none wslu-share-horizontal wslu-theme-font-no wslu-main_content\">\n\n\t\t\n        <ul>\n\t\t\t        <\/ul>\n    <\/div> \n","protected":false},"excerpt":{"rendered":"<p>Silla fabricada con un resistente material de acero cubierto con tela Oxford. Largo de 39 cm, ancho de 38 cm y altura de 65 cm, esta silla es compacta y f\u00e1cil de transportar, siendo perfecta para tus excursiones, acampadas o picnics. Adem\u00e1s de ser c\u00f3moda y resistente, esta silla plegable para camping tambi\u00e9n destaca por [&hellip;]<\/p>\n","protected":false},"featured_media":82463,"comment_status":"open","ping_status":"closed","template":"","meta":{"jetpack_publicize_message":"","jetpack_publicize_feature_enabled":true,"jetpack_social_post_already_shared":true,"jetpack_social_options":{"image_generator_settings":{"template":"highway","enabled":false},"version":2}},"product_brand":[],"product_cat":[15,2814],"product_tag":[],"class_list":{"0":"post-82461","1":"product","2":"type-product","3":"status-publish","4":"has-post-thumbnail","6":"product_cat-otros","7":"product_cat-camping","9":"first","10":"instock","11":"sale","12":"taxable","13":"shipping-taxable","14":"purchasable","15":"product-type-simple"},"jetpack_publicize_connections":[],"jetpack_sharing_enabled":true,"_links":{"self":[{"href":"https:\/\/bodegaoutdoor.cl\/store\/wp-json\/wp\/v2\/product\/82461","targetHints":{"allow":["GET"]}}],"collection":[{"href":"https:\/\/bodegaoutdoor.cl\/store\/wp-json\/wp\/v2\/product"}],"about":[{"href":"https:\/\/bodegaoutdoor.cl\/store\/wp-json\/wp\/v2\/types\/product"}],"replies":[{"embeddable":true,"href":"https:\/\/bodegaoutdoor.cl\/store\/wp-json\/wp\/v2\/comments?post=82461"}],"version-history":[{"count":1,"href":"https:\/\/bodegaoutdoor.cl\/store\/wp-json\/wp\/v2\/product\/82461\/revisions"}],"predecessor-version":[{"id":82464,"href":"https:\/\/bodegaoutdoor.cl\/store\/wp-json\/wp\/v2\/product\/82461\/revisions\/82464"}],"wp:featuredmedia":[{"embeddable":true,"href":"https:\/\/bodegaoutdoor.cl\/store\/wp-json\/wp\/v2\/media\/82463"}],"wp:attachment":[{"href":"https:\/\/bodegaoutdoor.cl\/store\/wp-json\/wp\/v2\/media?parent=82461"}],"wp:term":[{"taxonomy":"product_brand","embeddable":true,"href":"https:\/\/bodegaoutdoor.cl\/store\/wp-json\/wp\/v2\/product_brand?post=82461"},{"taxonomy":"product_cat","embeddable":true,"href":"https:\/\/bodegaoutdoor.cl\/store\/wp-json\/wp\/v2\/product_cat?post=82461"},{"taxonomy":"product_tag","embeddable":true,"href":"https:\/\/bodegaoutdoor.cl\/store\/wp-json\/wp\/v2\/product_tag?post=82461"}],"curies":[{"name":"wp","href":"https:\/\/api.w.org\/{rel}","templated":true}]}}