{"id":82710,"date":"2024-05-28T15:13:42","date_gmt":"2024-05-28T19:13:42","guid":{"rendered":"https:\/\/bodegaoutdoor.cl\/store\/product\/bolsa-tactica-para-botella-de-agua-de-05-l-25-l-molle-oxford-funda-ajustable-para-viaje-al-aire-libre-camping-hervidor\/"},"modified":"2024-05-28T15:25:27","modified_gmt":"2024-05-28T19:25:27","slug":"bolsa-tactica-para-botella-de-agua-de-05-l-25-l-molle-oxford-funda-ajustable-para-viaje-al-aire-libre-camping-hervidor","status":"publish","type":"product","link":"https:\/\/bodegaoutdoor.cl\/store\/product\/bolsa-tactica-para-botella-de-agua-de-05-l-25-l-molle-oxford-funda-ajustable-para-viaje-al-aire-libre-camping-hervidor\/","title":{"rendered":"Bolsa t\u00e1ctica para botella de agua de 0,5 l-2,5 L, Molle Oxford, funda ajustable para viaje al aire libre, Camping, hervidor"},"content":{"rendered":"<div>\n<div>\n<p><strong>Caracter\u00edsticas:<\/strong><\/p>\n<p>1 Hecho de tela Oxford de alta calidad que es duradera, impermeable y resistente al desgaste. Es una herramienta necesaria para actividades al aire libre.<\/p>\n<p>3 Este tipo de bolsa para botellas de agua se ha engrosado para proteger el dise\u00f1o, puede prevenir eficazmente golpes y ca\u00eddas, puede evitar colisiones y da\u00f1os que juegan un muy buen papel en la protecci\u00f3n de la botella de agua.<\/p>\n<p>4 Podr\u00eda incluir varios tipos de botellas de agua de 0,5 L a 2,5 L de capacidad (la correa se puede ajustar).<\/p>\n<p>5 Este tipo de bolsa para botellas de agua tiene una exquisita artesan\u00eda de fabricaci\u00f3n, la l\u00ednea de costura es duradera, aumentando la vida \u00fatil de la bolsa.<\/p>\n<p>6 Esta bolsa para botellas de agua tiene dos hebillas tipo D de alta resistencia que se pueden usar para colgar linternas peque\u00f1as y otros dispositivos para exteriores<\/p>\n<p>7 Esta bolsa de botella de agua est\u00e1 equipada con un cintur\u00f3n conector del sistema Molle, se puede colgar f\u00e1cilmente en bolsas grandes, tambi\u00e9n se puede colgar en el cintur\u00f3n para usar, para que la bolsa sea m\u00e1s personalizada y pr\u00e1ctica.<\/p>\n<p><strong>Especificaciones:<\/strong><\/p>\n<p>Material: tela Oxford<\/p>\n<p>Color: se muestra como en la imagen<\/p>\n<p>Tama\u00f1o: altura 21cm, ancho 7-15cm (el\u00e1stico ajustable)<\/p>\n<p>Tema: Deportes<\/p>\n<p>Caracter\u00edsticas: duradero, resistente al desgaste, port\u00e1til, impermeable<\/p>\n<p>Tejido: tela Oxford encriptada impermeable<\/p>\n<p>Tipo de deportes: caza, camping, senderismo, escalada, Monta\u00f1ismo<\/p>\n<p>Uso para: Kits de viaje para botellas de agua<\/p>\n<p><strong>Paquete incluido:<\/strong><\/p>\n<p>1x bolsa para botella de agua (bolsa OPP)<\/p>\n<p><img decoding=\"async\" src=\"\/\/ae01.alicdn.com\/kf\/Sd0cd6a4aba2146d2bdaae1be022ff5a7w.jpg\" \/><br \/>\n<img decoding=\"async\" src=\"\/\/ae01.alicdn.com\/kf\/Sb812d4404d15413fbd3983e8187fbc37Z.jpg\" \/><br \/>\n<img decoding=\"async\" src=\"\/\/ae01.alicdn.com\/kf\/Sbf81f7b1b12c44bfac323778e3cc6b8dq.jpg\" \/><br \/>\n<img decoding=\"async\" src=\"\/\/ae01.alicdn.com\/kf\/S870df94e101b43a584a21d3be5c70ad2D.jpg\" \/><br \/>\n<img decoding=\"async\" src=\"\/\/ae01.alicdn.com\/kf\/S72fd8c916d204ac6b9c10ddf67c6f4f65.jpg\" \/>\n<\/div>\n<\/div>\n\n    <div class=\"xs_social_share_widget xs_share_url after_content \t\tmain_content  wslu-style-1 wslu-share-box-shaped wslu-fill-colored wslu-none wslu-share-horizontal wslu-theme-font-no wslu-main_content\">\n\n\t\t\n        <ul>\n\t\t\t        <\/ul>\n    <\/div> \n","protected":false},"excerpt":{"rendered":"<p>Caracter\u00edsticas: 1 Hecho de tela Oxford de alta calidad que es duradera, impermeable y resistente al desgaste. Es una herramienta necesaria para actividades al aire libre. 3 Este tipo de bolsa para botellas de agua se ha engrosado para proteger el dise\u00f1o, puede prevenir eficazmente golpes y ca\u00eddas, puede evitar colisiones y da\u00f1os que juegan [&hellip;]<\/p>\n","protected":false},"featured_media":82716,"comment_status":"open","ping_status":"closed","template":"","meta":{"jetpack_publicize_message":"","jetpack_publicize_feature_enabled":true,"jetpack_social_post_already_shared":true,"jetpack_social_options":{"image_generator_settings":{"template":"highway","enabled":false},"version":2}},"product_brand":[],"product_cat":[15],"product_tag":[],"class_list":{"0":"post-82710","1":"product","2":"type-product","3":"status-publish","4":"has-post-thumbnail","6":"product_cat-otros","8":"first","9":"instock","10":"sale","11":"taxable","12":"shipping-taxable","13":"purchasable","14":"product-type-variable"},"jetpack_publicize_connections":[],"jetpack_sharing_enabled":true,"_links":{"self":[{"href":"https:\/\/bodegaoutdoor.cl\/store\/wp-json\/wp\/v2\/product\/82710","targetHints":{"allow":["GET"]}}],"collection":[{"href":"https:\/\/bodegaoutdoor.cl\/store\/wp-json\/wp\/v2\/product"}],"about":[{"href":"https:\/\/bodegaoutdoor.cl\/store\/wp-json\/wp\/v2\/types\/product"}],"replies":[{"embeddable":true,"href":"https:\/\/bodegaoutdoor.cl\/store\/wp-json\/wp\/v2\/comments?post=82710"}],"version-history":[{"count":8,"href":"https:\/\/bodegaoutdoor.cl\/store\/wp-json\/wp\/v2\/product\/82710\/revisions"}],"predecessor-version":[{"id":82736,"href":"https:\/\/bodegaoutdoor.cl\/store\/wp-json\/wp\/v2\/product\/82710\/revisions\/82736"}],"wp:featuredmedia":[{"embeddable":true,"href":"https:\/\/bodegaoutdoor.cl\/store\/wp-json\/wp\/v2\/media\/82716"}],"wp:attachment":[{"href":"https:\/\/bodegaoutdoor.cl\/store\/wp-json\/wp\/v2\/media?parent=82710"}],"wp:term":[{"taxonomy":"product_brand","embeddable":true,"href":"https:\/\/bodegaoutdoor.cl\/store\/wp-json\/wp\/v2\/product_brand?post=82710"},{"taxonomy":"product_cat","embeddable":true,"href":"https:\/\/bodegaoutdoor.cl\/store\/wp-json\/wp\/v2\/product_cat?post=82710"},{"taxonomy":"product_tag","embeddable":true,"href":"https:\/\/bodegaoutdoor.cl\/store\/wp-json\/wp\/v2\/product_tag?post=82710"}],"curies":[{"name":"wp","href":"https:\/\/api.w.org\/{rel}","templated":true}]}}