{"id":83093,"date":"2024-05-30T17:29:12","date_gmt":"2024-05-30T21:29:12","guid":{"rendered":"https:\/\/bodegaoutdoor.cl\/store\/product\/chaqueta-de-nieve-impermeable-para-mujer-abrigo-termico-a-prueba-de-viento-senderismo-camping-ciclismo-chaqueta-de-esqui-de-invierno-dropshipping-nueva-marca\/"},"modified":"2024-05-30T17:36:09","modified_gmt":"2024-05-30T21:36:09","slug":"chaqueta-de-nieve-impermeable-para-mujer-abrigo-termico-a-prueba-de-viento-senderismo-camping-ciclismo-chaqueta-de-esqui-de-invierno-dropshipping-nueva-marca","status":"publish","type":"product","link":"https:\/\/bodegaoutdoor.cl\/store\/product\/chaqueta-de-nieve-impermeable-para-mujer-abrigo-termico-a-prueba-de-viento-senderismo-camping-ciclismo-chaqueta-de-esqui-de-invierno-dropshipping-nueva-marca\/","title":{"rendered":"Chaqueta de nieve impermeable chaqueta Outdoor Mujer"},"content":{"rendered":"<p><img decoding=\"async\" title=\"Chaqueta de nieve impermeable para mujer, abrigo t\u00e9rmico a prueba de viento, senderismo, camping, ciclismo, chaqueta de esqu\u00ed de invierno, Dropshipping, nueva marca\" src=\"https:\/\/bodegaoutdoor.cl\/store\/wp-content\/uploads\/2024\/05\/83093-f0ohet.jpg\" alt=\"Chaqueta de nieve impermeable para mujer, abrigo t\u00e9rmico a prueba de viento, senderismo, camping, ciclismo, chaqueta de esqu\u00ed de invierno, Dropshipping, nueva marca\" \/><img decoding=\"async\" title=\"Chaqueta de nieve impermeable para mujer, abrigo t\u00e9rmico a prueba de viento, senderismo, camping, ciclismo, chaqueta de esqu\u00ed de invierno, Dropshipping, nueva marca\" src=\"https:\/\/bodegaoutdoor.cl\/store\/wp-content\/uploads\/2024\/05\/83093-vlax0r.jpg\" alt=\"Chaqueta de nieve impermeable para mujer, abrigo t\u00e9rmico a prueba de viento, senderismo, camping, ciclismo, chaqueta de esqu\u00ed de invierno, Dropshipping, nueva marca\" \/><\/p>\n<p><span style=\"font-size: 20.0px;\">Notas: El tama\u00f1o anterior para la medici\u00f3n manual de azulejos, debido a la t\u00e9cnica de medici\u00f3n personal es diferente, puede haber un error f\u00edsico de 1-3 cm.<img decoding=\"async\" title=\"Chaqueta de nieve impermeable para mujer, abrigo t\u00e9rmico a prueba de viento, senderismo, camping, ciclismo, chaqueta de esqu\u00ed de invierno, Dropshipping, nueva marca\" src=\"https:\/\/bodegaoutdoor.cl\/store\/wp-content\/uploads\/2024\/05\/83093-z2cuvn.jpg\" alt=\"Chaqueta de nieve impermeable para mujer, abrigo t\u00e9rmico a prueba de viento, senderismo, camping, ciclismo, chaqueta de esqu\u00ed de invierno, Dropshipping, nueva marca\" \/><img decoding=\"async\" title=\"Chaqueta de nieve impermeable para mujer, abrigo t\u00e9rmico a prueba de viento, senderismo, camping, ciclismo, chaqueta de esqu\u00ed de invierno, Dropshipping, nueva marca\" src=\"https:\/\/bodegaoutdoor.cl\/store\/wp-content\/uploads\/2024\/05\/83093-zvcztv.jpg\" alt=\"Chaqueta de nieve impermeable para mujer, abrigo t\u00e9rmico a prueba de viento, senderismo, camping, ciclismo, chaqueta de esqu\u00ed de invierno, Dropshipping, nueva marca\" \/><img decoding=\"async\" title=\"Chaqueta de nieve impermeable para mujer, abrigo t\u00e9rmico a prueba de viento, senderismo, camping, ciclismo, chaqueta de esqu\u00ed de invierno, Dropshipping, nueva marca\" src=\"https:\/\/bodegaoutdoor.cl\/store\/wp-content\/uploads\/2024\/05\/83093-rtumgg.jpg\" alt=\"Chaqueta de nieve impermeable para mujer, abrigo t\u00e9rmico a prueba de viento, senderismo, camping, ciclismo, chaqueta de esqu\u00ed de invierno, Dropshipping, nueva marca\" \/><img decoding=\"async\" title=\"Chaqueta de nieve impermeable para mujer, abrigo t\u00e9rmico a prueba de viento, senderismo, camping, ciclismo, chaqueta de esqu\u00ed de invierno, Dropshipping, nueva marca\" src=\"https:\/\/bodegaoutdoor.cl\/store\/wp-content\/uploads\/2024\/05\/83093-qshkkk.jpg\" alt=\"Chaqueta de nieve impermeable para mujer, abrigo t\u00e9rmico a prueba de viento, senderismo, camping, ciclismo, chaqueta de esqu\u00ed de invierno, Dropshipping, nueva marca\" \/><img decoding=\"async\" title=\"Chaqueta de nieve impermeable para mujer, abrigo t\u00e9rmico a prueba de viento, senderismo, camping, ciclismo, chaqueta de esqu\u00ed de invierno, Dropshipping, nueva marca\" src=\"https:\/\/bodegaoutdoor.cl\/store\/wp-content\/uploads\/2024\/05\/83093-r0bp6z.jpg\" alt=\"Chaqueta de nieve impermeable para mujer, abrigo t\u00e9rmico a prueba de viento, senderismo, camping, ciclismo, chaqueta de esqu\u00ed de invierno, Dropshipping, nueva marca\" \/><img decoding=\"async\" title=\"Chaqueta de nieve impermeable para mujer, abrigo t\u00e9rmico a prueba de viento, senderismo, camping, ciclismo, chaqueta de esqu\u00ed de invierno, Dropshipping, nueva marca\" src=\"https:\/\/bodegaoutdoor.cl\/store\/wp-content\/uploads\/2024\/05\/83093-5pxpzi.jpg\" alt=\"Chaqueta de nieve impermeable para mujer, abrigo t\u00e9rmico a prueba de viento, senderismo, camping, ciclismo, chaqueta de esqu\u00ed de invierno, Dropshipping, nueva marca\" \/><img decoding=\"async\" title=\"Chaqueta de nieve impermeable para mujer, abrigo t\u00e9rmico a prueba de viento, senderismo, camping, ciclismo, chaqueta de esqu\u00ed de invierno, Dropshipping, nueva marca\" src=\"https:\/\/bodegaoutdoor.cl\/store\/wp-content\/uploads\/2024\/05\/83093-rtkqqe.jpg\" alt=\"Chaqueta de nieve impermeable para mujer, abrigo t\u00e9rmico a prueba de viento, senderismo, camping, ciclismo, chaqueta de esqu\u00ed de invierno, Dropshipping, nueva marca\" \/><img decoding=\"async\" title=\"Chaqueta de nieve impermeable para mujer, abrigo t\u00e9rmico a prueba de viento, senderismo, camping, ciclismo, chaqueta de esqu\u00ed de invierno, Dropshipping, nueva marca\" src=\"https:\/\/bodegaoutdoor.cl\/store\/wp-content\/uploads\/2024\/05\/83093-4jqhpb.jpg\" alt=\"Chaqueta de nieve impermeable para mujer, abrigo t\u00e9rmico a prueba de viento, senderismo, camping, ciclismo, chaqueta de esqu\u00ed de invierno, Dropshipping, nueva marca\" \/><img decoding=\"async\" title=\"Chaqueta de nieve impermeable para mujer, abrigo t\u00e9rmico a prueba de viento, senderismo, camping, ciclismo, chaqueta de esqu\u00ed de invierno, Dropshipping, nueva marca\" src=\"https:\/\/bodegaoutdoor.cl\/store\/wp-content\/uploads\/2024\/05\/83093-tyiocc.jpg\" alt=\"Chaqueta de nieve impermeable para mujer, abrigo t\u00e9rmico a prueba de viento, senderismo, camping, ciclismo, chaqueta de esqu\u00ed de invierno, Dropshipping, nueva marca\" \/><img decoding=\"async\" title=\"Chaqueta de nieve impermeable para mujer, abrigo t\u00e9rmico a prueba de viento, senderismo, camping, ciclismo, chaqueta de esqu\u00ed de invierno, Dropshipping, nueva marca\" src=\"https:\/\/bodegaoutdoor.cl\/store\/wp-content\/uploads\/2024\/05\/83093-dpqysc.jpg\" alt=\"Chaqueta de nieve impermeable para mujer, abrigo t\u00e9rmico a prueba de viento, senderismo, camping, ciclismo, chaqueta de esqu\u00ed de invierno, Dropshipping, nueva marca\" \/><img decoding=\"async\" title=\"Chaqueta de nieve impermeable para mujer, abrigo t\u00e9rmico a prueba de viento, senderismo, camping, ciclismo, chaqueta de esqu\u00ed de invierno, Dropshipping, nueva marca\" src=\"https:\/\/bodegaoutdoor.cl\/store\/wp-content\/uploads\/2024\/05\/83093-wjeiis.jpg\" alt=\"Chaqueta de nieve impermeable para mujer, abrigo t\u00e9rmico a prueba de viento, senderismo, camping, ciclismo, chaqueta de esqu\u00ed de invierno, Dropshipping, nueva marca\" \/><img decoding=\"async\" title=\"Chaqueta de nieve impermeable para mujer, abrigo t\u00e9rmico a prueba de viento, senderismo, camping, ciclismo, chaqueta de esqu\u00ed de invierno, Dropshipping, nueva marca\" src=\"https:\/\/bodegaoutdoor.cl\/store\/wp-content\/uploads\/2024\/05\/83093-icfsqg.jpg\" alt=\"Chaqueta de nieve impermeable para mujer, abrigo t\u00e9rmico a prueba de viento, senderismo, camping, ciclismo, chaqueta de esqu\u00ed de invierno, Dropshipping, nueva marca\" \/><img decoding=\"async\" title=\"Chaqueta de nieve impermeable para mujer, abrigo t\u00e9rmico a prueba de viento, senderismo, camping, ciclismo, chaqueta de esqu\u00ed de invierno, Dropshipping, nueva marca\" src=\"https:\/\/bodegaoutdoor.cl\/store\/wp-content\/uploads\/2024\/05\/83093-cu8tsr.jpg\" alt=\"Chaqueta de nieve impermeable para mujer, abrigo t\u00e9rmico a prueba de viento, senderismo, camping, ciclismo, chaqueta de esqu\u00ed de invierno, Dropshipping, nueva marca\" \/><img decoding=\"async\" title=\"Chaqueta de nieve impermeable para mujer, abrigo t\u00e9rmico a prueba de viento, senderismo, camping, ciclismo, chaqueta de esqu\u00ed de invierno, Dropshipping, nueva marca\" src=\"https:\/\/bodegaoutdoor.cl\/store\/wp-content\/uploads\/2024\/05\/83093-cqhkux.jpg\" alt=\"Chaqueta de nieve impermeable para mujer, abrigo t\u00e9rmico a prueba de viento, senderismo, camping, ciclismo, chaqueta de esqu\u00ed de invierno, Dropshipping, nueva marca\" \/><img decoding=\"async\" title=\"Chaqueta de nieve impermeable para mujer, abrigo t\u00e9rmico a prueba de viento, senderismo, camping, ciclismo, chaqueta de esqu\u00ed de invierno, Dropshipping, nueva marca\" src=\"https:\/\/bodegaoutdoor.cl\/store\/wp-content\/uploads\/2024\/05\/83093-jxxsly.jpg\" alt=\"Chaqueta de nieve impermeable para mujer, abrigo t\u00e9rmico a prueba de viento, senderismo, camping, ciclismo, chaqueta de esqu\u00ed de invierno, Dropshipping, nueva marca\" \/><\/span><\/p>\n<p><span style=\"font-size: 20.0px;\"><\/p>\n<p><\/span><\/p>\n\n    <div class=\"xs_social_share_widget xs_share_url after_content \t\tmain_content  wslu-style-1 wslu-share-box-shaped wslu-fill-colored wslu-none wslu-share-horizontal wslu-theme-font-no wslu-main_content\">\n\n\t\t\n        <ul>\n\t\t\t        <\/ul>\n    <\/div> \n","protected":false},"excerpt":{"rendered":"<p>Notas: El tama\u00f1o anterior para la medici\u00f3n manual de azulejos, debido a la t\u00e9cnica de medici\u00f3n personal es diferente, puede haber un error f\u00edsico de 1-3 cm.<\/p>\n","protected":false},"featured_media":83110,"comment_status":"open","ping_status":"closed","template":"","meta":{"jetpack_publicize_message":"","jetpack_publicize_feature_enabled":true,"jetpack_social_post_already_shared":true,"jetpack_social_options":{"image_generator_settings":{"template":"highway","enabled":false},"version":2}},"product_brand":[],"product_cat":[70,63],"product_tag":[],"class_list":{"0":"post-83093","1":"product","2":"type-product","3":"status-publish","4":"has-post-thumbnail","6":"product_cat-mujer-tercera","7":"product_cat-vestuario-mujer","9":"first","10":"instock","11":"sale","12":"taxable","13":"shipping-taxable","14":"purchasable","15":"product-type-variable"},"jetpack_publicize_connections":[],"jetpack_sharing_enabled":true,"_links":{"self":[{"href":"https:\/\/bodegaoutdoor.cl\/store\/wp-json\/wp\/v2\/product\/83093","targetHints":{"allow":["GET"]}}],"collection":[{"href":"https:\/\/bodegaoutdoor.cl\/store\/wp-json\/wp\/v2\/product"}],"about":[{"href":"https:\/\/bodegaoutdoor.cl\/store\/wp-json\/wp\/v2\/types\/product"}],"replies":[{"embeddable":true,"href":"https:\/\/bodegaoutdoor.cl\/store\/wp-json\/wp\/v2\/comments?post=83093"}],"version-history":[{"count":21,"href":"https:\/\/bodegaoutdoor.cl\/store\/wp-json\/wp\/v2\/product\/83093\/revisions"}],"predecessor-version":[{"id":83158,"href":"https:\/\/bodegaoutdoor.cl\/store\/wp-json\/wp\/v2\/product\/83093\/revisions\/83158"}],"wp:featuredmedia":[{"embeddable":true,"href":"https:\/\/bodegaoutdoor.cl\/store\/wp-json\/wp\/v2\/media\/83110"}],"wp:attachment":[{"href":"https:\/\/bodegaoutdoor.cl\/store\/wp-json\/wp\/v2\/media?parent=83093"}],"wp:term":[{"taxonomy":"product_brand","embeddable":true,"href":"https:\/\/bodegaoutdoor.cl\/store\/wp-json\/wp\/v2\/product_brand?post=83093"},{"taxonomy":"product_cat","embeddable":true,"href":"https:\/\/bodegaoutdoor.cl\/store\/wp-json\/wp\/v2\/product_cat?post=83093"},{"taxonomy":"product_tag","embeddable":true,"href":"https:\/\/bodegaoutdoor.cl\/store\/wp-json\/wp\/v2\/product_tag?post=83093"}],"curies":[{"name":"wp","href":"https:\/\/api.w.org\/{rel}","templated":true}]}}