{"id":83159,"date":"2024-05-30T17:43:46","date_gmt":"2024-05-30T21:43:46","guid":{"rendered":"https:\/\/bodegaoutdoor.cl\/store\/product\/abrigo-con-capucha-para-hombre-y-mujer-chaqueta-de-gran-tamano-cortavientos-impermeable-para-exteriores\/"},"modified":"2024-05-30T17:50:04","modified_gmt":"2024-05-30T21:50:04","slug":"chaqueta-cortavientos-impermeable-outdoor-mujer","status":"publish","type":"product","link":"https:\/\/bodegaoutdoor.cl\/store\/product\/chaqueta-cortavientos-impermeable-outdoor-mujer\/","title":{"rendered":"chaqueta  cortavientos impermeable Outdoor Mujer"},"content":{"rendered":"<div>\n<div>\n<div>\n<div>\n<div>\n<div>\n<div>\n<div>\n<div style=\"margin: 10px auto 0px auto; max-width: 100%;\">\n<div><\/div>\n<p>&nbsp;<\/p>\n<p>&nbsp;<\/p>\n<div><strong>Ropa de moda abrigo chaquetas de los hombres con capucha chaqueta Costa impermeable rompevientos hombre al aire libre hombres y mujeres par de chaquetas<\/strong><\/div>\n<div><\/div>\n<p style=\"text-align: justify; margin: 5pt 0pt 5pt 0pt;\" align=\"justify\"><strong><span style=\"font-size: 10.5pt; font-family: \u5fae\u8f6f\u96c5\u9ed1;\">Consejos para elegir el tama\u00f1o:<\/span><\/strong><\/p>\n<p style=\"text-align: justify; margin: 5pt 0pt 5pt 0pt;\" align=\"justify\"><strong><span style=\"font-size: 10.5pt; font-family: \u5fae\u8f6f\u96c5\u9ed1;\">\u00bf1 Por favor permita 2-3cm de tolerancia debido a la medida manual?<\/span><\/strong><\/p>\n<p style=\"text-align: justify; margin: 5pt 0pt 5pt 0pt;\" align=\"justify\"><strong><span style=\"font-size: 10.5pt; font-family: \u5fae\u8f6f\u96c5\u9ed1;\">\u00a12 Color puede variar ligeramente de la imagen debido a diferentes pantalla de ordenador y luz a!<\/span><\/strong><\/p>\n<p style=\"text-align: justify; margin: 5pt 0pt 5pt 0pt;\" align=\"justify\"><strong><span style=\"font-size: 10.5pt; font-family: \u5fae\u8f6f\u96c5\u9ed1;\">3 si no est\u00e1 seguro sobre el tama\u00f1o que nos puede decir de su peso y altura busto cintura informaci\u00f3n, etc. Vamos a elegir el tama\u00f1o correcto para que nuestro producto tama\u00f1o es el chino tama\u00f1o el tama\u00f1o m\u00e1s peque\u00f1o que Euro\/nosotros \u00a1No seleccione directamente seg\u00fan su h\u00e1bitos le sugerimos que elija 2-3 tama\u00f1o m\u00e1s grande! Por ejemplo por lo general desgaste S tama\u00f1o puede comprar L o XL tama\u00f1o<\/span><\/strong><\/p>\n<p style=\"text-align: justify; margin: 5pt 0pt 5pt 0pt;\" align=\"justify\"><img decoding=\"async\" src=\"\/\/ae01.alicdn.com\/kf\/S531456f33d824114b1bd4894a1229b7de.jpg\" \/><img decoding=\"async\" src=\"\/\/ae01.alicdn.com\/kf\/S8af88fe27add4119a988359e842ef14bM.jpg\" \/><img decoding=\"async\" src=\"\/\/ae01.alicdn.com\/kf\/S80c3c46047fd43769542047f61190f79Q.jpg\" \/><img decoding=\"async\" src=\"\/\/ae01.alicdn.com\/kf\/S304a8a49405e465eb89b04746bb83a3e7.jpg\" \/><img decoding=\"async\" src=\"\/\/ae01.alicdn.com\/kf\/S12a3276e52af409a8eb9ef75dc27aeb5P.jpg\" \/><img decoding=\"async\" src=\"\/\/ae01.alicdn.com\/kf\/Sbd25682390254963b07944b8c88d66abz.jpg\" \/><img decoding=\"async\" src=\"\/\/ae01.alicdn.com\/kf\/S5665029099f1498ab3b3b9783006eb56W.jpg\" \/><img decoding=\"async\" src=\"\/\/ae01.alicdn.com\/kf\/S0312094fc3a64b8c85440ca7a7344671F.jpg\" \/><img decoding=\"async\" src=\"\/\/ae01.alicdn.com\/kf\/S6899ab39b9ef44b49c01f35e0cc271edb.jpg\" \/><img decoding=\"async\" src=\"\/\/ae01.alicdn.com\/kf\/S04b96de6715b45889eb2becb43288aeed.jpg\" \/><img decoding=\"async\" src=\"\/\/ae01.alicdn.com\/kf\/S9996707ae8db44bdb75e01d4882c3c1dm.jpg\" \/><img decoding=\"async\" src=\"\/\/ae01.alicdn.com\/kf\/S277fd1118973475f937de2a7f5956eb9o.jpg\" \/><img decoding=\"async\" src=\"\/\/ae01.alicdn.com\/kf\/Sa0c15a7ebfd84ad39eb3b8314b6ac4a1e.jpg\" \/><img decoding=\"async\" src=\"\/\/ae01.alicdn.com\/kf\/Scd9fc4852eb7468983d46eba661d53c1s.jpg\" \/><img decoding=\"async\" src=\"\/\/ae01.alicdn.com\/kf\/Sd27a1d324723475e93ba678c6bcf15cd8.jpg\" \/><img decoding=\"async\" src=\"\/\/ae01.alicdn.com\/kf\/Sd857719253bf435997ae2f4e4355d4f3u.jpg\" \/><img decoding=\"async\" src=\"\/\/ae01.alicdn.com\/kf\/S4a5c578427a9452c9e58a67c95bca8b30.jpg\" \/><\/p>\n<\/div>\n<\/div>\n<div><\/div>\n<\/div>\n<\/div>\n<\/div>\n<div><\/div>\n<\/div>\n<\/div>\n<p>&nbsp;<\/p>\n<\/div>\n<\/div>\n\n    <div class=\"xs_social_share_widget xs_share_url after_content \t\tmain_content  wslu-style-1 wslu-share-box-shaped wslu-fill-colored wslu-none wslu-share-horizontal wslu-theme-font-no wslu-main_content\">\n\n\t\t\n        <ul>\n\t\t\t        <\/ul>\n    <\/div> \n","protected":false},"excerpt":{"rendered":"<p>&nbsp; &nbsp; Ropa de moda abrigo chaquetas de los hombres con capucha chaqueta Costa impermeable rompevientos hombre al aire libre hombres y mujeres par de chaquetas Consejos para elegir el tama\u00f1o: \u00bf1 Por favor permita 2-3cm de tolerancia debido a la medida manual? \u00a12 Color puede variar ligeramente de la imagen debido a diferentes pantalla [&hellip;]<\/p>\n","protected":false},"featured_media":83195,"comment_status":"open","ping_status":"closed","template":"","meta":{"jetpack_publicize_message":"","jetpack_publicize_feature_enabled":true,"jetpack_social_post_already_shared":true,"jetpack_social_options":{"image_generator_settings":{"template":"highway","enabled":false},"version":2}},"product_brand":[],"product_cat":[70,63],"product_tag":[],"class_list":{"0":"post-83159","1":"product","2":"type-product","3":"status-publish","4":"has-post-thumbnail","6":"product_cat-mujer-tercera","7":"product_cat-vestuario-mujer","9":"first","10":"instock","11":"sale","12":"taxable","13":"shipping-taxable","14":"purchasable","15":"product-type-variable"},"jetpack_publicize_connections":[],"jetpack_sharing_enabled":true,"_links":{"self":[{"href":"https:\/\/bodegaoutdoor.cl\/store\/wp-json\/wp\/v2\/product\/83159","targetHints":{"allow":["GET"]}}],"collection":[{"href":"https:\/\/bodegaoutdoor.cl\/store\/wp-json\/wp\/v2\/product"}],"about":[{"href":"https:\/\/bodegaoutdoor.cl\/store\/wp-json\/wp\/v2\/types\/product"}],"replies":[{"embeddable":true,"href":"https:\/\/bodegaoutdoor.cl\/store\/wp-json\/wp\/v2\/comments?post=83159"}],"version-history":[{"count":20,"href":"https:\/\/bodegaoutdoor.cl\/store\/wp-json\/wp\/v2\/product\/83159\/revisions"}],"predecessor-version":[{"id":83242,"href":"https:\/\/bodegaoutdoor.cl\/store\/wp-json\/wp\/v2\/product\/83159\/revisions\/83242"}],"wp:featuredmedia":[{"embeddable":true,"href":"https:\/\/bodegaoutdoor.cl\/store\/wp-json\/wp\/v2\/media\/83195"}],"wp:attachment":[{"href":"https:\/\/bodegaoutdoor.cl\/store\/wp-json\/wp\/v2\/media?parent=83159"}],"wp:term":[{"taxonomy":"product_brand","embeddable":true,"href":"https:\/\/bodegaoutdoor.cl\/store\/wp-json\/wp\/v2\/product_brand?post=83159"},{"taxonomy":"product_cat","embeddable":true,"href":"https:\/\/bodegaoutdoor.cl\/store\/wp-json\/wp\/v2\/product_cat?post=83159"},{"taxonomy":"product_tag","embeddable":true,"href":"https:\/\/bodegaoutdoor.cl\/store\/wp-json\/wp\/v2\/product_tag?post=83159"}],"curies":[{"name":"wp","href":"https:\/\/api.w.org\/{rel}","templated":true}]}}