{"id":83419,"date":"2024-05-31T13:06:42","date_gmt":"2024-05-31T17:06:42","guid":{"rendered":"https:\/\/bodegaoutdoor.cl\/store\/?post_type=product&#038;p=83419"},"modified":"2024-06-01T16:14:03","modified_gmt":"2024-06-01T20:14:03","slug":"cocinilla-camping-de-acero-inoxidable-quemadores-de-gas-plegable-con-caja-de-almacenamiento","status":"publish","type":"product","link":"https:\/\/bodegaoutdoor.cl\/store\/product\/cocinilla-camping-de-acero-inoxidable-quemadores-de-gas-plegable-con-caja-de-almacenamiento\/","title":{"rendered":"Cocinilla camping  de acero inoxidable quemadores de Gas, plegable con caja de almacenamiento"},"content":{"rendered":"<div>\n<div>\n<p><span style=\"font-size: 18px; font-family: Arial, Helvetica, sans-serif;\"><strong>Caracter\u00edsticas:<\/strong><\/span><span style=\"font-size: 18px; font-family: Arial, Helvetica, sans-serif;\"><br \/>\nFabricado en acero inoxidable, resistente y resistente a altas temperaturas.<br \/>\n3 quemadores ofrecen una fuerte potencia de fuego de 5800W, hervir 1l de agua en solo 3 minutos.<br \/>\nCon el bot\u00f3n de encendido piezoel\u00e9ctrico para encender f\u00e1cilmente.<br \/>\nLa perilla ajustable ayuda a controlar la intensidad de la llama y a ahorrar combustibles.<br \/>\nLos brazos y patas plegables proporcionan un fuerte apoyo para sus utensilios de cocina. Carga m\u00e1xima: 30kg.<br \/>\nViene con una caja de pl\u00e1stico para un f\u00e1cil almacenamiento y transporte.<br \/>\nLigero y compacto, adecuado para camping, senderismo, mochilero, picnic y otras actividades al aire libre.<\/span><\/p>\n<p><span style=\"font-size: 18px; font-family: Arial, Helvetica, sans-serif;\"><strong>Especificaciones:<\/strong><\/span><span style=\"font-size: 18px; font-family: Arial, Helvetica, sans-serif;\"><br \/>\nMaterial: acero inoxidable + cobre<br \/>\nDimensiones: 15&#215;8,7 cm\/5,9 x pulgadas<br \/>\nTama\u00f1o de almacenamiento: 9x9x10cm\/3,5&#215;3,5 x pulgadas<br \/>\nPeso: aprox. 333g\/11,7 oz<\/span><\/p>\n<p><span style=\"font-size: 18px; font-family: Arial, Helvetica, sans-serif;\"><strong>Lista del paquete:<\/strong><\/span><span style=\"font-size: 18px; font-family: Arial, Helvetica, sans-serif;\"><br \/>\n1 x estufa de camping<br \/>\n1 x caja de almacenamiento<\/span><\/p>\n<p><img decoding=\"async\" src=\"https:\/\/bodegaoutdoor.cl\/store\/wp-content\/uploads\/2024\/05\/83419-f9r6jz.jpg\" \/><img decoding=\"async\" src=\"https:\/\/bodegaoutdoor.cl\/store\/wp-content\/uploads\/2024\/05\/83419-kv47cg.jpg\" \/><img decoding=\"async\" src=\"https:\/\/bodegaoutdoor.cl\/store\/wp-content\/uploads\/2024\/05\/83419-pth6ts.jpg\" \/><img decoding=\"async\" src=\"https:\/\/bodegaoutdoor.cl\/store\/wp-content\/uploads\/2024\/05\/83419-lermth.jpg\" \/><img decoding=\"async\" src=\"https:\/\/bodegaoutdoor.cl\/store\/wp-content\/uploads\/2024\/05\/83419-ihfjmz.jpg\" \/><img decoding=\"async\" src=\"\/\/ae01.alicdn.com\/kf\/S8eb29f185b654c5c8bcac6db7319e96cg.jpg?width=790&amp;height=1008&amp;hash=1798\" \/><img decoding=\"async\" src=\"\/\/ae01.alicdn.com\/kf\/S654dbe36c34340bea5f9143bb8cd124bO.jpg?width=790&amp;height=937&amp;hash=1727\" \/><img decoding=\"async\" src=\"\/\/ae01.alicdn.com\/kf\/S37da4d9b557c4a06b04d8c3994318376h.jpg?width=790&amp;height=1452&amp;hash=2242\" \/><img decoding=\"async\" src=\"\/\/ae01.alicdn.com\/kf\/S8f095c68e7a14f8c8e27aad4963a20d2A.jpg?width=790&amp;height=1020&amp;hash=1810\" \/><img decoding=\"async\" src=\"\/\/ae01.alicdn.com\/kf\/S8cda804995d5456ab6eb937179ea53c30.jpg?width=800&amp;height=800&amp;hash=1600\" \/><img decoding=\"async\" src=\"\/\/ae01.alicdn.com\/kf\/S854290e0d06344abb3a8ab29d0785349R.jpg?width=1500&amp;height=1500&amp;hash=3000\" \/><\/p>\n<\/div>\n<\/div>\n\n    <div class=\"xs_social_share_widget xs_share_url after_content \t\tmain_content  wslu-style-1 wslu-share-box-shaped wslu-fill-colored wslu-none wslu-share-horizontal wslu-theme-font-no wslu-main_content\">\n\n\t\t\n        <ul>\n\t\t\t        <\/ul>\n    <\/div> \n","protected":false},"excerpt":{"rendered":"<p>Caracter\u00edsticas: Fabricado en acero inoxidable, resistente y resistente a altas temperaturas. 3 quemadores ofrecen una fuerte potencia de fuego de 5800W, hervir 1l de agua en solo 3 minutos. Con el bot\u00f3n de encendido piezoel\u00e9ctrico para encender f\u00e1cilmente. La perilla ajustable ayuda a controlar la intensidad de la llama y a ahorrar combustibles. Los brazos [&hellip;]<\/p>\n","protected":false},"featured_media":83421,"comment_status":"open","ping_status":"closed","template":"","meta":{"jetpack_publicize_message":"","jetpack_publicize_feature_enabled":true,"jetpack_social_post_already_shared":true,"jetpack_social_options":{"image_generator_settings":{"template":"highway","enabled":false},"version":2}},"product_brand":[],"product_cat":[1150],"product_tag":[],"class_list":{"0":"post-83419","1":"product","2":"type-product","3":"status-publish","4":"has-post-thumbnail","6":"product_cat-cocinillas","8":"first","9":"instock","10":"sale","11":"taxable","12":"shipping-taxable","13":"purchasable","14":"product-type-variable"},"jetpack_publicize_connections":[],"jetpack_sharing_enabled":true,"_links":{"self":[{"href":"https:\/\/bodegaoutdoor.cl\/store\/wp-json\/wp\/v2\/product\/83419","targetHints":{"allow":["GET"]}}],"collection":[{"href":"https:\/\/bodegaoutdoor.cl\/store\/wp-json\/wp\/v2\/product"}],"about":[{"href":"https:\/\/bodegaoutdoor.cl\/store\/wp-json\/wp\/v2\/types\/product"}],"replies":[{"embeddable":true,"href":"https:\/\/bodegaoutdoor.cl\/store\/wp-json\/wp\/v2\/comments?post=83419"}],"version-history":[{"count":18,"href":"https:\/\/bodegaoutdoor.cl\/store\/wp-json\/wp\/v2\/product\/83419\/revisions"}],"predecessor-version":[{"id":83460,"href":"https:\/\/bodegaoutdoor.cl\/store\/wp-json\/wp\/v2\/product\/83419\/revisions\/83460"}],"wp:featuredmedia":[{"embeddable":true,"href":"https:\/\/bodegaoutdoor.cl\/store\/wp-json\/wp\/v2\/media\/83421"}],"wp:attachment":[{"href":"https:\/\/bodegaoutdoor.cl\/store\/wp-json\/wp\/v2\/media?parent=83419"}],"wp:term":[{"taxonomy":"product_brand","embeddable":true,"href":"https:\/\/bodegaoutdoor.cl\/store\/wp-json\/wp\/v2\/product_brand?post=83419"},{"taxonomy":"product_cat","embeddable":true,"href":"https:\/\/bodegaoutdoor.cl\/store\/wp-json\/wp\/v2\/product_cat?post=83419"},{"taxonomy":"product_tag","embeddable":true,"href":"https:\/\/bodegaoutdoor.cl\/store\/wp-json\/wp\/v2\/product_tag?post=83419"}],"curies":[{"name":"wp","href":"https:\/\/api.w.org\/{rel}","templated":true}]}}