{"id":83461,"date":"2024-06-01T15:54:28","date_gmt":"2024-06-01T19:54:28","guid":{"rendered":"https:\/\/bodegaoutdoor.cl\/store\/product\/baofeng-soporte-de-nailon-para-walkie-talkie-bolsa-de-cintura-de-bolsillo-para-radio-cb-portatil-universal-para-exteriores-para-caza\/"},"modified":"2024-06-01T15:59:21","modified_gmt":"2024-06-01T19:59:21","slug":"bolso-para-walkie-talkie-bolsillo-radio-cb-portatil-universal-baofeng-walkie-talkie","status":"publish","type":"product","link":"https:\/\/bodegaoutdoor.cl\/store\/product\/bolso-para-walkie-talkie-bolsillo-radio-cb-portatil-universal-baofeng-walkie-talkie\/","title":{"rendered":"Bolso para Walkie Talkie\u00a0 bolsillo, Radio CB, port\u00e1til, Universal, Baofeng, Walkie-Talkie"},"content":{"rendered":"<div>\n<p>&nbsp;<\/p>\n<p style=\"text-align: center;\" align=\"center\"><span style=\"font-size: 24px;\"><span style=\"font-family: arial, helvetica, sans-serif;\"><span id=\"tl_1\" style=\"font-family: Arial, Helvetica, sans-serif;\">Bolso para Walkie Talkie\u00a0 bolsillo, Radio CB, port\u00e1til, Universal, Baofeng, Walkie-Talkie<\/span><\/span><\/span><\/p>\n<p>Caracter\u00edsticas:<\/p>\n<p><span id=\"tl_3\" style=\"font-size: 18px; font-family: arial, helvetica, sans-serif;\">1. Material de nailon denso, dise\u00f1o el\u00e1stico ajustable.<\/span><\/p>\n<p><span id=\"tl_4\" style=\"font-size: 18px; font-family: arial, helvetica, sans-serif;\">2. Aplicaci\u00f3n multisitio: Exploraci\u00f3n\/monta\u00f1ismo\/entrenamiento, etc.<\/span><\/p>\n<p><span id=\"tl_5\" style=\"font-size: 18px; font-family: arial, helvetica, sans-serif;\">3. Aplicable a cualquier modelo de soporte de tama\u00f1o de interfono\/capacidad interna: ancho\/8cm de espesor\/3,5 cm.<\/span><\/p>\n<p>&nbsp;<\/p>\n<p><span id=\"tl_6\" style=\"font-size: 18px; font-family: arial, helvetica, sans-serif;\">Especificaciones:<\/span><\/p>\n<p><span id=\"tl_7\" style=\"font-size: 18px; font-family: arial, helvetica, sans-serif;\">1. Tejido: Tejido de nailon denso<\/span><\/p>\n<p><span id=\"tl_8\" style=\"font-size: 18px; font-family: arial, helvetica, sans-serif;\">2. Color: negro\/caqui\/verde militar<\/span><\/p>\n<p>&nbsp;<\/p>\n<p><span id=\"tl_9\" style=\"font-size: 18px; font-family: arial, helvetica, sans-serif;\">Lista del paquete: 1 * bolsa de protecci\u00f3n de interfono<\/span><\/p>\n<p>&nbsp;<\/p>\n<p><img decoding=\"async\" src=\"\/\/ae01.alicdn.com\/kf\/S160b48166162436092262e1eae92b2a2i.jpg?width=1000&amp;height=1000&amp;hash=2000\" \/><img decoding=\"async\" src=\"\/\/ae01.alicdn.com\/kf\/S1e4817eae10342b5a4358bd71904bb61m.jpg?width=1000&amp;height=1000&amp;hash=2000\" \/><img decoding=\"async\" src=\"\/\/ae01.alicdn.com\/kf\/Se817ec0126c849e0a1dfde511b58ffc7Q.jpg?width=1000&amp;height=1000&amp;hash=2000\" \/><img decoding=\"async\" src=\"\/\/ae01.alicdn.com\/kf\/S29d491dc441e4df1a848bcb0f3bf5c87R.jpg?width=1000&amp;height=1000&amp;hash=2000\" \/><img decoding=\"async\" src=\"\/\/ae01.alicdn.com\/kf\/S8341c1195ff84a0baf089d5a7cda8ac3Z.jpg?width=1000&amp;height=1000&amp;hash=2000\" \/><img decoding=\"async\" src=\"\/\/ae01.alicdn.com\/kf\/S1366e2fb6acb4c5cb5783dd8fb472a1cq.jpg?width=1000&amp;height=1000&amp;hash=2000\" \/><img decoding=\"async\" src=\"\/\/ae01.alicdn.com\/kf\/Scaa907f2d97f4ca0bd4fe72505b840feB.jpg?width=1000&amp;height=1000&amp;hash=2000\" \/><img decoding=\"async\" src=\"\/\/ae01.alicdn.com\/kf\/S3f9681645f1046edb9b8aa0b1e08275bo.jpg?width=1000&amp;height=1000&amp;hash=2000\" \/><img decoding=\"async\" src=\"\/\/ae01.alicdn.com\/kf\/S2c57b86cf4064cf99d33e7354cdac188q.jpg?width=1000&amp;height=1000&amp;hash=2000\" \/><img decoding=\"async\" src=\"\/\/ae01.alicdn.com\/kf\/S82b2fe61f300428286177bddc203c9bcw.jpg?width=1000&amp;height=1000&amp;hash=2000\" \/><\/p>\n<\/div>\n\n    <div class=\"xs_social_share_widget xs_share_url after_content \t\tmain_content  wslu-style-1 wslu-share-box-shaped wslu-fill-colored wslu-none wslu-share-horizontal wslu-theme-font-no wslu-main_content\">\n\n\t\t\n        <ul>\n\t\t\t        <\/ul>\n    <\/div> \n","protected":false},"excerpt":{"rendered":"<p>&nbsp; Bolso para Walkie Talkie\u00a0 bolsillo, Radio CB, port\u00e1til, Universal, Baofeng, Walkie-Talkie Caracter\u00edsticas: 1. Material de nailon denso, dise\u00f1o el\u00e1stico ajustable. 2. Aplicaci\u00f3n multisitio: Exploraci\u00f3n\/monta\u00f1ismo\/entrenamiento, etc. 3. Aplicable a cualquier modelo de soporte de tama\u00f1o de interfono\/capacidad interna: ancho\/8cm de espesor\/3,5 cm. &nbsp; Especificaciones: 1. Tejido: Tejido de nailon denso 2. Color: negro\/caqui\/verde militar &nbsp; [&hellip;]<\/p>\n","protected":false},"featured_media":83465,"comment_status":"open","ping_status":"closed","template":"","meta":{"jetpack_publicize_message":"","jetpack_publicize_feature_enabled":true,"jetpack_social_post_already_shared":true,"jetpack_social_options":{"image_generator_settings":{"template":"highway","enabled":false},"version":2}},"product_brand":[],"product_cat":[15],"product_tag":[],"class_list":{"0":"post-83461","1":"product","2":"type-product","3":"status-publish","4":"has-post-thumbnail","6":"product_cat-otros","8":"first","9":"instock","10":"sale","11":"taxable","12":"shipping-taxable","13":"purchasable","14":"product-type-variable"},"jetpack_publicize_connections":[],"jetpack_sharing_enabled":true,"_links":{"self":[{"href":"https:\/\/bodegaoutdoor.cl\/store\/wp-json\/wp\/v2\/product\/83461","targetHints":{"allow":["GET"]}}],"collection":[{"href":"https:\/\/bodegaoutdoor.cl\/store\/wp-json\/wp\/v2\/product"}],"about":[{"href":"https:\/\/bodegaoutdoor.cl\/store\/wp-json\/wp\/v2\/types\/product"}],"replies":[{"embeddable":true,"href":"https:\/\/bodegaoutdoor.cl\/store\/wp-json\/wp\/v2\/comments?post=83461"}],"version-history":[{"count":15,"href":"https:\/\/bodegaoutdoor.cl\/store\/wp-json\/wp\/v2\/product\/83461\/revisions"}],"predecessor-version":[{"id":83499,"href":"https:\/\/bodegaoutdoor.cl\/store\/wp-json\/wp\/v2\/product\/83461\/revisions\/83499"}],"wp:featuredmedia":[{"embeddable":true,"href":"https:\/\/bodegaoutdoor.cl\/store\/wp-json\/wp\/v2\/media\/83465"}],"wp:attachment":[{"href":"https:\/\/bodegaoutdoor.cl\/store\/wp-json\/wp\/v2\/media?parent=83461"}],"wp:term":[{"taxonomy":"product_brand","embeddable":true,"href":"https:\/\/bodegaoutdoor.cl\/store\/wp-json\/wp\/v2\/product_brand?post=83461"},{"taxonomy":"product_cat","embeddable":true,"href":"https:\/\/bodegaoutdoor.cl\/store\/wp-json\/wp\/v2\/product_cat?post=83461"},{"taxonomy":"product_tag","embeddable":true,"href":"https:\/\/bodegaoutdoor.cl\/store\/wp-json\/wp\/v2\/product_tag?post=83461"}],"curies":[{"name":"wp","href":"https:\/\/api.w.org\/{rel}","templated":true}]}}