{"id":83587,"date":"2024-06-01T16:13:04","date_gmt":"2024-06-01T20:13:04","guid":{"rendered":"https:\/\/bodegaoutdoor.cl\/store\/product\/orejeras-de-seguridad-para-tiro-proteccion-auditiva-reduccion-de-ruido-tirador-delgado-orejeras-electronicas-protector-auditivo-para-caza-nrr23db\/"},"modified":"2024-06-01T16:19:43","modified_gmt":"2024-06-01T20:19:43","slug":"audifonos-para-tiro-proteccion-auditiva-reduccion-de-ruido-protector-auditivo-nrr23db","status":"publish","type":"product","link":"https:\/\/bodegaoutdoor.cl\/store\/product\/audifonos-para-tiro-proteccion-auditiva-reduccion-de-ruido-protector-auditivo-nrr23db\/","title":{"rendered":"Audifonos para tiro, protecci\u00f3n auditiva, reducci\u00f3n de ruido, Protector auditivo  NRR23dB"},"content":{"rendered":"<div>\n<div>\n<div><\/div>\n<h5 align=\"left\"><span style=\"font-family: Arial, Helvetica, sans-serif;\"><span style=\"font-size: 28px;\"><span id=\"tl_1\">Caracter\u00edsticas:<\/span><\/span><\/span><\/h5>\n<ul>\n<li>\n<p id=\"tl_2\">Proteja su audici\u00f3n en el rango con el manguito de protecci\u00f3n<\/p>\n<\/li>\n<li>\n<p id=\"tl_3\">Incluye conector de entrada de audio y perillas de control de volumen empotradas<\/p>\n<\/li>\n<li>\n<p id=\"tl_4\">Cuenta con una c\u00f3moda Diadema con marco de alambre de metal que se pliega para un f\u00e1cil almacenamiento<\/p>\n<\/li>\n<li>\n<p id=\"tl_5\">Funciona con 2 pilas AAA No incluido<\/p>\n<\/li>\n<li>\n<p id=\"tl_6\">La carcasa compuesta le brinda una amortiguaci\u00f3n de sonido m\u00e1s efectiva<\/p>\n<\/li>\n<li>\n<p id=\"tl_7\">Los controles de volumen independientes le brindan un mayor control sobre el sonido<\/p>\n<\/li>\n<li>\n<p id=\"tl_8\">Cuenta con altavoces HD de rango din\u00e1mico completo para un sonido claro y equilibrado con una reacci\u00f3n de compresi\u00f3n activada por sonido de 0,02 segundos<\/p>\n<\/li>\n<li>\n<p id=\"tl_9\">Cuenta con una clasificaci\u00f3n de reducci\u00f3n de ruido de 23 dB con 2 micr\u00f3fonos omnidireccionales<\/p>\n<\/li>\n<li>\n<p id=\"tl_10\">Bajo nivel de ruido\/frecuencia sintonizado para una claridad de sonido natural<\/p>\n<\/li>\n<li>\n<p id=\"tl_11\">Color: negro<\/p>\n<\/li>\n<li>\n<p id=\"tl_12\">Dimensiones (largo x ancho x Alto): 8,1&#215;4,6X10,6 pulgadas<\/p>\n<\/li>\n<li>\n<p id=\"tl_13\">Peso: 0,98 libras<\/p>\n<\/li>\n<li><span id=\"tl_14\">Tenga en cuenta: Es normal que el producto tenga aberraci\u00f3n crom\u00e1tica debido a problemas de iluminaci\u00f3n.<\/span><\/li>\n<\/ul>\n<div><\/div>\n<h4 align=\"start\"><strong><span style=\"font-size: 28px;\"><span id=\"tl_15\" style=\"font-family: Arial, Helvetica, sans-serif;\">Especificaciones:<\/span><\/span><\/strong><\/h4>\n<ul>\n<li style=\"margin: 0px; padding: 0px;\"><span style=\"font-size: 16px;\"><span id=\"tl_16\">Orejeras de perfil ultra bajo<\/span><\/span><\/li>\n<li style=\"margin: 0px; padding: 0px;\"><span style=\"font-size: 16px;\"><span id=\"tl_17\">Clasificaci\u00f3n 23NRR<\/span><\/span><\/li>\n<li style=\"margin: 0px; padding: 0px;\"><span style=\"font-size: 16px;\"><span id=\"tl_18\">Dos micr\u00f3fonos omnidireccionales<\/span><\/span><\/li>\n<li style=\"margin: 0px; padding: 0px;\"><span style=\"font-size: 16px;\"><span id=\"tl_19\">Altavoces HD de rango din\u00e1mico completo para un sonido equilibrado claro<\/span><\/span><\/li>\n<li style=\"margin: 0px; padding: 0px;\"><span style=\"font-size: 16px;\"><span id=\"tl_20\">Bajo nivel de ruido\/frecuencia sintonizado para una claridad de sonido natural<\/span><\/span><\/li>\n<li style=\"margin: 0px; padding: 0px;\"><span style=\"font-size: 16px;\"><span id=\"tl_21\">Control de volumen de una sola perilla<\/span><\/span><\/li>\n<li style=\"margin: 0px; padding: 0px;\"><span style=\"font-size: 16px;\"><span id=\"tl_22\">Circuito de compresi\u00f3n activado por sonido (SAC)<\/span><\/span><\/li>\n<\/ul>\n<div align=\"start\">\n<p><strong><span style=\"font-size: 28px;\"><span id=\"tl_23\" style=\"font-family: Arial, Helvetica, sans-serif;\">Paquete incluido:<\/span><\/span><\/strong><\/p>\n<p><span id=\"tl_24\" style=\"font-size: 16px;\">Seg\u00fan su elecci\u00f3n (seleccione el \u00faltimo y luego solo la funda)<\/span><\/p>\n<p><span style=\"font-size: 16px;\"><span id=\"tl_25\" style=\"font-size: 18px;\">1 x auriculares<br \/>\n1 Cable de auriculares<\/span><\/span><\/p>\n<\/div>\n<div align=\"start\"><\/div>\n<div>\n<h5 align=\"left\"><img decoding=\"async\" src=\"\/\/ae01.alicdn.com\/kf\/Sfb23a6fe68f64316a73ac3deec652d7cK.jpg?width=800&amp;height=800&amp;hash=1600\" \/> <img decoding=\"async\" src=\"\/\/ae01.alicdn.com\/kf\/S8754c1d2a6c842ba922dec101753b01aj.jpg?width=800&amp;height=800&amp;hash=1600\" \/> <img decoding=\"async\" src=\"\/\/ae01.alicdn.com\/kf\/S180ef74b77a04f038fdd8ed765570360R.jpg?width=800&amp;height=800&amp;hash=1600\" \/> <img decoding=\"async\" src=\"\/\/ae01.alicdn.com\/kf\/S410867fc97c144549441037b6b5918cdB.jpg?width=800&amp;height=800&amp;hash=1600\" \/> <img decoding=\"async\" src=\"\/\/ae01.alicdn.com\/kf\/Saed427d0150c4319b887de314d227f13B.jpg?width=800&amp;height=800&amp;hash=1600\" \/> <img decoding=\"async\" src=\"\/\/ae01.alicdn.com\/kf\/Sd5efc2fdec944f1a92c113fae430cb5a3.jpg?width=800&amp;height=800&amp;hash=1600\" \/> <img decoding=\"async\" src=\"\/\/ae01.alicdn.com\/kf\/S6870317105544f36ab70577c821f4ffbc.jpg?width=1000&amp;height=1000&amp;hash=2000\" \/> <img decoding=\"async\" src=\"\/\/ae01.alicdn.com\/kf\/S0ea783f1726448b0a4e48a35017d80d3O.jpg?width=1000&amp;height=1000&amp;hash=2000\" \/> <img decoding=\"async\" src=\"\/\/ae01.alicdn.com\/kf\/Sf0188fa767a14659ba63ef5b38ad6df4d.jpg?width=1000&amp;height=1000&amp;hash=2000\" \/> <img decoding=\"async\" src=\"\/\/ae01.alicdn.com\/kf\/Sa35fa6e258c44d54ab02e7fbd392d2904.jpg?width=1000&amp;height=1000&amp;hash=2000\" \/> <img decoding=\"async\" src=\"\/\/ae01.alicdn.com\/kf\/Se1f1aa74112040aea75631b01553bf6aU.jpg?width=1000&amp;height=1000&amp;hash=2000\" \/> <img decoding=\"async\" src=\"\/\/ae01.alicdn.com\/kf\/Sd1e8b79c6d984d5fa6ae3c56759149bdn.jpg?width=1000&amp;height=1000&amp;hash=2000\" \/> <img decoding=\"async\" src=\"\/\/ae01.alicdn.com\/kf\/S23d2a5363ade4604817780e2b8519b23f.jpg?width=800&amp;height=800&amp;hash=1600\" \/> <img decoding=\"async\" src=\"\/\/ae01.alicdn.com\/kf\/Sa8f5429349a94b88a865fdc43c151a25T.jpg?width=1000&amp;height=1000&amp;hash=2000\" \/> <img decoding=\"async\" src=\"\/\/ae01.alicdn.com\/kf\/S78e5f484855547949fa08b347676329ad.jpg?width=800&amp;height=800&amp;hash=1600\" \/> <img decoding=\"async\" src=\"\/\/ae01.alicdn.com\/kf\/S6e358df6608640f5bb1b34fea7d40f03d.jpg?width=1000&amp;height=1000&amp;hash=2000\" \/> <img decoding=\"async\" src=\"\/\/ae01.alicdn.com\/kf\/Sf6694656f75f4856b45b021691008dc9Y.jpg?width=1000&amp;height=1000&amp;hash=2000\" \/> <img decoding=\"async\" src=\"\/\/ae01.alicdn.com\/kf\/Sa158df44eda4449d8eed6ab99a4d328aZ.jpg?width=1000&amp;height=1000&amp;hash=2000\" \/> <img decoding=\"async\" src=\"\/\/ae01.alicdn.com\/kf\/S387ea0d4f491417fa20386388ec42c6c2.jpg?width=1000&amp;height=1000&amp;hash=2000\" \/> <img decoding=\"async\" src=\"\/\/ae01.alicdn.com\/kf\/Sc46d824fc1a54c20b589ce922d244154K.jpg?width=1000&amp;height=1000&amp;hash=2000\" \/> <img decoding=\"async\" src=\"\/\/ae01.alicdn.com\/kf\/S9ee10ba706bc429eaca7849861f895426.jpg?width=1000&amp;height=1000&amp;hash=2000\" \/><\/h5>\n<\/div>\n<div><\/div>\n<div><\/div>\n<\/div>\n<\/div>\n\n    <div class=\"xs_social_share_widget xs_share_url after_content \t\tmain_content  wslu-style-1 wslu-share-box-shaped wslu-fill-colored wslu-none wslu-share-horizontal wslu-theme-font-no wslu-main_content\">\n\n\t\t\n        <ul>\n\t\t\t        <\/ul>\n    <\/div> \n","protected":false},"excerpt":{"rendered":"<p>Caracter\u00edsticas: Proteja su audici\u00f3n en el rango con el manguito de protecci\u00f3n Incluye conector de entrada de audio y perillas de control de volumen empotradas Cuenta con una c\u00f3moda Diadema con marco de alambre de metal que se pliega para un f\u00e1cil almacenamiento Funciona con 2 pilas AAA No incluido La carcasa compuesta le brinda [&hellip;]<\/p>\n","protected":false},"featured_media":83600,"comment_status":"open","ping_status":"closed","template":"","meta":{"jetpack_publicize_message":"","jetpack_publicize_feature_enabled":true,"jetpack_social_post_already_shared":true,"jetpack_social_options":{"image_generator_settings":{"template":"highway","enabled":false},"version":2}},"product_brand":[],"product_cat":[31],"product_tag":[],"class_list":{"0":"post-83587","1":"product","2":"type-product","3":"status-publish","4":"has-post-thumbnail","6":"product_cat-audifonos","8":"first","9":"instock","10":"sale","11":"taxable","12":"shipping-taxable","13":"purchasable","14":"product-type-variable"},"jetpack_publicize_connections":[],"jetpack_sharing_enabled":true,"_links":{"self":[{"href":"https:\/\/bodegaoutdoor.cl\/store\/wp-json\/wp\/v2\/product\/83587","targetHints":{"allow":["GET"]}}],"collection":[{"href":"https:\/\/bodegaoutdoor.cl\/store\/wp-json\/wp\/v2\/product"}],"about":[{"href":"https:\/\/bodegaoutdoor.cl\/store\/wp-json\/wp\/v2\/types\/product"}],"replies":[{"embeddable":true,"href":"https:\/\/bodegaoutdoor.cl\/store\/wp-json\/wp\/v2\/comments?post=83587"}],"version-history":[{"count":25,"href":"https:\/\/bodegaoutdoor.cl\/store\/wp-json\/wp\/v2\/product\/83587\/revisions"}],"predecessor-version":[{"id":83657,"href":"https:\/\/bodegaoutdoor.cl\/store\/wp-json\/wp\/v2\/product\/83587\/revisions\/83657"}],"wp:featuredmedia":[{"embeddable":true,"href":"https:\/\/bodegaoutdoor.cl\/store\/wp-json\/wp\/v2\/media\/83600"}],"wp:attachment":[{"href":"https:\/\/bodegaoutdoor.cl\/store\/wp-json\/wp\/v2\/media?parent=83587"}],"wp:term":[{"taxonomy":"product_brand","embeddable":true,"href":"https:\/\/bodegaoutdoor.cl\/store\/wp-json\/wp\/v2\/product_brand?post=83587"},{"taxonomy":"product_cat","embeddable":true,"href":"https:\/\/bodegaoutdoor.cl\/store\/wp-json\/wp\/v2\/product_cat?post=83587"},{"taxonomy":"product_tag","embeddable":true,"href":"https:\/\/bodegaoutdoor.cl\/store\/wp-json\/wp\/v2\/product_tag?post=83587"}],"curies":[{"name":"wp","href":"https:\/\/api.w.org\/{rel}","templated":true}]}}