{"id":84134,"date":"2024-06-01T19:18:38","date_gmt":"2024-06-01T23:18:38","guid":{"rendered":"https:\/\/bodegaoutdoor.cl\/store\/product\/rinonera-oxford-de-alta-calidad-para-hombre-bolso-cruzado-informal-de-viaje-para-ir-de-compras-almacenamiento-bolsillo-novedad-de-2023\/"},"modified":"2024-06-01T19:20:25","modified_gmt":"2024-06-01T23:20:25","slug":"rinonera-oxford-de-alta-calidad-para-hombre-bolso-cruzado-informal-de-viaje-para-ir-de-compras-almacenamiento-bolsillo-novedad-de-2023","status":"publish","type":"product","link":"https:\/\/bodegaoutdoor.cl\/store\/product\/rinonera-oxford-de-alta-calidad-para-hombre-bolso-cruzado-informal-de-viaje-para-ir-de-compras-almacenamiento-bolsillo-novedad-de-2023\/","title":{"rendered":"Ri\u00f1onera Oxford de alta calidad para hombre, bolso cruzado informal de viaje, para ir de compras, almacenamiento, bolsillo, novedad de 2023"},"content":{"rendered":"<div>\n<div>\n<div>\n<p style=\"font-family: OpenSans; font-size: 20px; font-weight: 900; line-height: 28px; margin-bottom: 12px;\">Tama\u00f1o:<\/p>\n<p style=\"font-family: OpenSans; font-size: 14px; font-weight: 300; line-height: 20px; margin-bottom: 12px;\">(Ancho) 33cm * (alto) 16cm * (grosor) 9cm<\/p>\n<p>Para la medici\u00f3n manual, puede haber un error de 1-2cm.<\/p>\n<p>Nota: 1 pulgada = 2,54 CM; 1 CM = 0,39 pulgadas, debido a diferentes lotes, el forro de la bolsa puede ser diferente. Dise\u00f1ador de moda y buen precio, puede estar seguro de la compra. (Todas las im\u00e1genes son fotos reales. Pero debido a la diferente configuraci\u00f3n de luz y monitor, puede haber una peque\u00f1a diferencia de color. Gracias por tu comprensi\u00f3n).<\/p>\n<\/div>\n<div><img decoding=\"async\" style=\"margin-bottom: 10px;\" src=\"https:\/\/bodegaoutdoor.cl\/store\/wp-content\/uploads\/2024\/06\/84134-nu9vwx.jpg\" \/><img decoding=\"async\" style=\"margin-bottom: 10px;\" src=\"https:\/\/bodegaoutdoor.cl\/store\/wp-content\/uploads\/2024\/06\/84134-yzbixf.jpg\" \/><img decoding=\"async\" style=\"margin-bottom: 10px;\" src=\"https:\/\/bodegaoutdoor.cl\/store\/wp-content\/uploads\/2024\/06\/84134-oqeksh.jpg\" \/><img decoding=\"async\" style=\"margin-bottom: 10px;\" src=\"https:\/\/bodegaoutdoor.cl\/store\/wp-content\/uploads\/2024\/06\/84134-fn1tlr.jpg\" \/><img decoding=\"async\" style=\"margin-bottom: 10px;\" src=\"https:\/\/bodegaoutdoor.cl\/store\/wp-content\/uploads\/2024\/06\/84134-kjpktc.jpg\" \/><img decoding=\"async\" style=\"margin-bottom: 10px;\" src=\"https:\/\/bodegaoutdoor.cl\/store\/wp-content\/uploads\/2024\/06\/84134-x0duvs.jpg\" \/><img decoding=\"async\" style=\"margin-bottom: 10px;\" src=\"https:\/\/bodegaoutdoor.cl\/store\/wp-content\/uploads\/2024\/06\/84134-ovhyhv.jpg\" \/><img decoding=\"async\" style=\"margin-bottom: 10px;\" src=\"\/\/ae01.alicdn.com\/kf\/S35bfbb53ef6c40b6aa7920fc071620e8Q.jpg\" \/><img decoding=\"async\" style=\"margin-bottom: 10px;\" src=\"\/\/ae01.alicdn.com\/kf\/Sedc599ef277b4d339baa0e8ccd8ab694V.jpg\" \/><img decoding=\"async\" style=\"margin-bottom: 10px;\" src=\"\/\/ae01.alicdn.com\/kf\/S85b429a187f748eab71249fde1ade16cJ.jpg\" \/><\/div>\n<div><img decoding=\"async\" style=\"margin-bottom: 10px;\" src=\"\/\/ae01.alicdn.com\/kf\/Se47f996a1a294c9fa17f74d10ea1b0dc2.jpg\" \/><img decoding=\"async\" style=\"margin-bottom: 10px;\" src=\"\/\/ae01.alicdn.com\/kf\/S9eff8c774b654cc094a911ae339e1106W.jpg\" \/><img decoding=\"async\" style=\"margin-bottom: 10px;\" src=\"\/\/ae01.alicdn.com\/kf\/S5e24a02e303a4c05bee903e7737fcb39h.jpg\" \/><img decoding=\"async\" style=\"margin-bottom: 10px;\" src=\"\/\/ae01.alicdn.com\/kf\/Sd035eed0be1c4b689bf3ab091c4233057.jpg\" \/><\/div>\n<p>&nbsp;<\/p>\n<\/div>\n<\/div>\n\n    <div class=\"xs_social_share_widget xs_share_url after_content \t\tmain_content  wslu-style-1 wslu-share-box-shaped wslu-fill-colored wslu-none wslu-share-horizontal wslu-theme-font-no wslu-main_content\">\n\n\t\t\n        <ul>\n\t\t\t        <\/ul>\n    <\/div> \n","protected":false},"excerpt":{"rendered":"<p>Tama\u00f1o: (Ancho) 33cm * (alto) 16cm * (grosor) 9cm Para la medici\u00f3n manual, puede haber un error de 1-2cm. Nota: 1 pulgada = 2,54 CM; 1 CM = 0,39 pulgadas, debido a diferentes lotes, el forro de la bolsa puede ser diferente. Dise\u00f1ador de moda y buen precio, puede estar seguro de la compra. (Todas [&hellip;]<\/p>\n","protected":false},"featured_media":84136,"comment_status":"open","ping_status":"closed","template":"","meta":{"jetpack_publicize_message":"","jetpack_publicize_feature_enabled":true,"jetpack_social_post_already_shared":true,"jetpack_social_options":{"image_generator_settings":{"template":"highway","enabled":false},"version":2}},"product_brand":[],"product_cat":[274,195],"product_tag":[],"class_list":{"0":"post-84134","1":"product","2":"type-product","3":"status-publish","4":"has-post-thumbnail","6":"product_cat-bananos-otros","7":"product_cat-mochilas","9":"first","10":"instock","11":"sale","12":"taxable","13":"shipping-taxable","14":"purchasable","15":"product-type-variable"},"jetpack_publicize_connections":[],"jetpack_sharing_enabled":true,"_links":{"self":[{"href":"https:\/\/bodegaoutdoor.cl\/store\/wp-json\/wp\/v2\/product\/84134","targetHints":{"allow":["GET"]}}],"collection":[{"href":"https:\/\/bodegaoutdoor.cl\/store\/wp-json\/wp\/v2\/product"}],"about":[{"href":"https:\/\/bodegaoutdoor.cl\/store\/wp-json\/wp\/v2\/types\/product"}],"replies":[{"embeddable":true,"href":"https:\/\/bodegaoutdoor.cl\/store\/wp-json\/wp\/v2\/comments?post=84134"}],"version-history":[{"count":17,"href":"https:\/\/bodegaoutdoor.cl\/store\/wp-json\/wp\/v2\/product\/84134\/revisions"}],"predecessor-version":[{"id":84174,"href":"https:\/\/bodegaoutdoor.cl\/store\/wp-json\/wp\/v2\/product\/84134\/revisions\/84174"}],"wp:featuredmedia":[{"embeddable":true,"href":"https:\/\/bodegaoutdoor.cl\/store\/wp-json\/wp\/v2\/media\/84136"}],"wp:attachment":[{"href":"https:\/\/bodegaoutdoor.cl\/store\/wp-json\/wp\/v2\/media?parent=84134"}],"wp:term":[{"taxonomy":"product_brand","embeddable":true,"href":"https:\/\/bodegaoutdoor.cl\/store\/wp-json\/wp\/v2\/product_brand?post=84134"},{"taxonomy":"product_cat","embeddable":true,"href":"https:\/\/bodegaoutdoor.cl\/store\/wp-json\/wp\/v2\/product_cat?post=84134"},{"taxonomy":"product_tag","embeddable":true,"href":"https:\/\/bodegaoutdoor.cl\/store\/wp-json\/wp\/v2\/product_tag?post=84134"}],"curies":[{"name":"wp","href":"https:\/\/api.w.org\/{rel}","templated":true}]}}