{"id":84175,"date":"2024-06-02T09:50:09","date_gmt":"2024-06-02T13:50:09","guid":{"rendered":"https:\/\/bodegaoutdoor.cl\/store\/product\/pala-militar-plegable-multifuncion-kit-de-supervivencia-al-aire-libre-herramientas-de-jardin-camping-63cm\/"},"modified":"2024-06-02T09:55:19","modified_gmt":"2024-06-02T13:55:19","slug":"pala-plegable-multifuncion-kit-de-supervivencia-camping-outdoor","status":"publish","type":"product","link":"https:\/\/bodegaoutdoor.cl\/store\/product\/pala-plegable-multifuncion-kit-de-supervivencia-camping-outdoor\/","title":{"rendered":"Pala plegable multifunci\u00f3n, Kit de supervivencia Camping, Outdoor"},"content":{"rendered":"<div>\n<div>\n<p style=\"font-family: Helvetica, Arial, sans-serif; font-size: 2em; font-weight: 400; letter-spacing: normal; text-align: left; margin: 0px; padding: 0px;\" align=\"left\"><strong><span id=\"tl_1\" style=\"font-size: 16px; font-family: tahoma, geneva, sans-serif;\">Caracter\u00edstica:<\/span><\/strong><\/p>\n<p style=\"font-family: Helvetica, Arial, sans-serif; font-size: 1.5em; font-weight: 400; letter-spacing: normal; text-align: left; margin: 0px; padding: 0px;\" align=\"left\"><span id=\"tl_2\" style=\"font-size: 16px; font-family: tahoma, geneva, sans-serif;\">1. Esta pala plegable multifuncional est\u00e1 hecha de materiales de alta calidad, con alta dureza, alta resistencia, excelente mano de obra y durabilidad.<\/span><\/p>\n<p style=\"font-family: Helvetica, Arial, sans-serif; font-size: 1.5em; font-weight: 400; letter-spacing: normal; text-align: left; margin: 0px; padding: 0px;\" align=\"left\"><span id=\"tl_3\" style=\"font-size: 16px; font-family: tahoma, geneva, sans-serif;\">2. Con mango a cuadros, no es f\u00e1cil de deslizar, ahorra tiempo y esfuerzo al usarlo.<\/span><\/p>\n<p style=\"font-family: Helvetica, Arial, sans-serif; font-size: 1.5em; font-weight: 400; letter-spacing: normal; text-align: left; margin: 0px; padding: 0px;\" align=\"left\"><span id=\"tl_4\" style=\"font-size: 16px; font-family: tahoma, geneva, sans-serif;\">3. Esta pala integra las funciones de cortar\/aserrar\/enganchar\/palear\/cavar\/empujar, lo cual es muy conveniente y pr\u00e1ctico.<\/span><\/p>\n<p style=\"font-family: Helvetica, Arial, sans-serif; font-size: 1.5em; font-weight: 400; letter-spacing: normal; text-align: left; margin: 0px; padding: 0px;\" align=\"left\"><span id=\"tl_5\" style=\"font-size: 16px; font-family: tahoma, geneva, sans-serif;\">4. Plegable, con una bolsa de almacenamiento, f\u00e1cil de llevar.<\/span><\/p>\n<p style=\"font-family: Helvetica, Arial, sans-serif; font-size: 1.5em; font-weight: 400; letter-spacing: normal; text-align: left; margin: 0px; padding: 0px;\" align=\"left\"><span id=\"tl_6\" style=\"font-size: 16px; font-family: tahoma, geneva, sans-serif;\">5. Equipado con un silbato de picapi\u00e9s, un cuchillo peque\u00f1o y un rompehielos, con m\u00faltiples funciones, es muy adecuado para acampar salvaje\/aventura al aire libre\/pesca, etc.<\/span><\/p>\n<p style=\"font-family: Helvetica, Arial, sans-serif; font-size: 1.5em; font-weight: 400; letter-spacing: normal; text-align: left; margin: 0px; padding: 0px;\" align=\"left\"><span style=\"font-size: 16px; font-family: tahoma, geneva, sans-serif;\">\u00a0<\/span><\/p>\n<p style=\"font-family: Helvetica, Arial, sans-serif; font-size: 2em; font-weight: 400; letter-spacing: normal; text-align: left; margin: 0px; padding: 0px;\" align=\"left\"><strong><span id=\"tl_7\" style=\"font-size: 16px; font-family: tahoma, geneva, sans-serif;\">Especificaci\u00f3n:<\/span><\/strong><\/p>\n<p style=\"font-family: Helvetica, Arial, sans-serif; font-size: 1.5em; font-weight: 400; letter-spacing: normal; text-align: left; margin: 0px; padding: 0px;\" align=\"left\"><span id=\"tl_8\" style=\"font-size: 16px; font-family: tahoma, geneva, sans-serif;\">Material: acero al carbono<\/span><\/p>\n<p style=\"font-family: Helvetica, Arial, sans-serif; font-size: 1.5em; font-weight: 400; letter-spacing: normal; text-align: left; margin: 0px; padding: 0px;\" align=\"left\"><span id=\"tl_9\" style=\"font-size: 16px; font-family: tahoma, geneva, sans-serif;\">Color: como se muestra<\/span><\/p>\n<p style=\"font-family: Helvetica, Arial, sans-serif; font-size: 1.5em; font-weight: 400; letter-spacing: normal; text-align: left; margin: 0px; padding: 0px;\" align=\"left\"><span id=\"tl_10\" style=\"font-size: 16px; font-family: tahoma, geneva, sans-serif;\">Tama\u00f1o: como se muestra<\/span><\/p>\n<p style=\"font-family: Helvetica, Arial, sans-serif; font-size: 13px; font-weight: 400; letter-spacing: normal; text-align: left; margin: 0px; padding: 0px;\" align=\"left\">\n<p style=\"font-family: Helvetica, Arial, sans-serif; font-size: 13px; font-weight: 400; letter-spacing: normal; text-align: left; margin: 0px; padding: 0px;\" align=\"left\"><img decoding=\"async\" style=\"border: none; max-width: 100%;\" title=\"Pala militar plegable multifunci\u00f3n, Kit de supervivencia al aire libre, herramientas de jard\u00edn, Camping, 63cm\" src=\"https:\/\/bodegaoutdoor.cl\/store\/wp-content\/uploads\/2024\/06\/84175-ythzyg.png\" alt=\"Pala militar plegable multifunci\u00f3n, Kit de supervivencia al aire libre, herramientas de jard\u00edn, Camping, 63cm\" \/><\/p>\n<p style=\"font-family: Helvetica, Arial, sans-serif; font-size: 13px; font-weight: 400; letter-spacing: normal; text-align: left; margin: 0px; padding: 0px;\" align=\"left\"><img decoding=\"async\" style=\"border: none; max-width: 100%;\" title=\"Pala militar plegable multifunci\u00f3n, Kit de supervivencia al aire libre, herramientas de jard\u00edn, Camping, 63cm\" src=\"https:\/\/bodegaoutdoor.cl\/store\/wp-content\/uploads\/2024\/06\/84175-uj3fo5.jpg\" alt=\"Pala militar plegable multifunci\u00f3n, Kit de supervivencia al aire libre, herramientas de jard\u00edn, Camping, 63cm\" \/><\/p>\n<p style=\"font-family: Helvetica, Arial, sans-serif; font-size: 13px; font-weight: 400; letter-spacing: normal; text-align: left; margin: 0px; padding: 0px;\" align=\"left\"><img decoding=\"async\" style=\"border: none; max-width: 100%;\" title=\"Pala militar plegable multifunci\u00f3n, Kit de supervivencia al aire libre, herramientas de jard\u00edn, Camping, 63cm\" src=\"https:\/\/bodegaoutdoor.cl\/store\/wp-content\/uploads\/2024\/06\/84175-ydotvi.jpg\" alt=\"Pala militar plegable multifunci\u00f3n, Kit de supervivencia al aire libre, herramientas de jard\u00edn, Camping, 63cm\" \/><\/p>\n<p style=\"font-family: Helvetica, Arial, sans-serif; font-size: 13px; font-weight: 400; letter-spacing: normal; text-align: left; margin: 0px; padding: 0px;\" align=\"left\"><img decoding=\"async\" style=\"border: none; max-width: 100%;\" title=\"Pala militar plegable multifunci\u00f3n, Kit de supervivencia al aire libre, herramientas de jard\u00edn, Camping, 63cm\" src=\"https:\/\/bodegaoutdoor.cl\/store\/wp-content\/uploads\/2024\/06\/84175-ocrzog.jpg\" alt=\"Pala militar plegable multifunci\u00f3n, Kit de supervivencia al aire libre, herramientas de jard\u00edn, Camping, 63cm\" \/><\/p>\n<p style=\"font-family: Helvetica, Arial, sans-serif; font-size: 13px; font-weight: 400; letter-spacing: normal; text-align: left; margin: 0px; padding: 0px;\" align=\"left\"><img decoding=\"async\" style=\"border: none; max-width: 100%;\" title=\"Pala militar plegable multifunci\u00f3n, Kit de supervivencia al aire libre, herramientas de jard\u00edn, Camping, 63cm\" src=\"https:\/\/bodegaoutdoor.cl\/store\/wp-content\/uploads\/2024\/06\/84175-xkspv8.jpg\" alt=\"Pala militar plegable multifunci\u00f3n, Kit de supervivencia al aire libre, herramientas de jard\u00edn, Camping, 63cm\" \/><\/p>\n<p style=\"font-family: Helvetica, Arial, sans-serif; font-size: 13px; font-weight: 400; letter-spacing: normal; text-align: left; margin: 0px; padding: 0px;\" align=\"left\"><img decoding=\"async\" style=\"border: none; max-width: 100%;\" title=\"Pala militar plegable multifunci\u00f3n, Kit de supervivencia al aire libre, herramientas de jard\u00edn, Camping, 63cm\" src=\"https:\/\/bodegaoutdoor.cl\/store\/wp-content\/uploads\/2024\/06\/84175-cpff0e.jpg\" alt=\"Pala militar plegable multifunci\u00f3n, Kit de supervivencia al aire libre, herramientas de jard\u00edn, Camping, 63cm\" \/><\/p>\n<p style=\"font-family: Helvetica, Arial, sans-serif; font-size: 13px; font-weight: 400; letter-spacing: normal; text-align: left; margin: 0px; padding: 0px;\" align=\"left\"><img decoding=\"async\" style=\"border: none; max-width: 100%;\" title=\"Pala militar plegable multifunci\u00f3n, Kit de supervivencia al aire libre, herramientas de jard\u00edn, Camping, 63cm\" src=\"https:\/\/bodegaoutdoor.cl\/store\/wp-content\/uploads\/2024\/06\/84175-3uj4ql.jpg\" alt=\"Pala militar plegable multifunci\u00f3n, Kit de supervivencia al aire libre, herramientas de jard\u00edn, Camping, 63cm\" \/><\/p>\n<p style=\"font-family: Helvetica, Arial, sans-serif; font-size: 13px; font-weight: 400; letter-spacing: normal; text-align: left; margin: 0px; padding: 0px;\" align=\"left\"><img decoding=\"async\" style=\"border: none; max-width: 100%;\" title=\"Pala militar plegable multifunci\u00f3n, Kit de supervivencia al aire libre, herramientas de jard\u00edn, Camping, 63cm\" src=\"https:\/\/bodegaoutdoor.cl\/store\/wp-content\/uploads\/2024\/06\/84175-ttcgpc.jpg\" alt=\"Pala militar plegable multifunci\u00f3n, Kit de supervivencia al aire libre, herramientas de jard\u00edn, Camping, 63cm\" \/><\/p>\n<p style=\"font-family: Helvetica, Arial, sans-serif; font-size: 13px; font-weight: 400; letter-spacing: normal; text-align: left; margin: 0px; padding: 0px;\" align=\"left\"><img decoding=\"async\" style=\"border: none; max-width: 100%;\" title=\"Pala militar plegable multifunci\u00f3n, Kit de supervivencia al aire libre, herramientas de jard\u00edn, Camping, 63cm\" src=\"https:\/\/bodegaoutdoor.cl\/store\/wp-content\/uploads\/2024\/06\/84175-cbbkbz.jpg\" alt=\"Pala militar plegable multifunci\u00f3n, Kit de supervivencia al aire libre, herramientas de jard\u00edn, Camping, 63cm\" \/><\/p>\n<p style=\"font-family: Helvetica, Arial, sans-serif; font-size: 13px; font-weight: 400; letter-spacing: normal; text-align: left; margin: 0px; padding: 0px;\" align=\"left\"><img decoding=\"async\" style=\"border: none; max-width: 100%;\" title=\"Pala militar plegable multifunci\u00f3n, Kit de supervivencia al aire libre, herramientas de jard\u00edn, Camping, 63cm\" src=\"https:\/\/bodegaoutdoor.cl\/store\/wp-content\/uploads\/2024\/06\/84175-dl9sv5.jpg\" alt=\"Pala militar plegable multifunci\u00f3n, Kit de supervivencia al aire libre, herramientas de jard\u00edn, Camping, 63cm\" \/><\/p>\n<p style=\"font-family: Helvetica, Arial, sans-serif; font-size: 13px; font-weight: 400; letter-spacing: normal; text-align: left; margin: 0px; padding: 0px;\" align=\"left\"><img decoding=\"async\" style=\"border: none; max-width: 100%;\" title=\"Pala militar plegable multifunci\u00f3n, Kit de supervivencia al aire libre, herramientas de jard\u00edn, Camping, 63cm\" src=\"https:\/\/bodegaoutdoor.cl\/store\/wp-content\/uploads\/2024\/06\/84175-7u0baz.jpg\" alt=\"Pala militar plegable multifunci\u00f3n, Kit de supervivencia al aire libre, herramientas de jard\u00edn, Camping, 63cm\" \/><\/p>\n<p style=\"font-family: Helvetica, Arial, sans-serif; font-size: 13px; font-weight: 400; letter-spacing: normal; text-align: left; margin: 0px; padding: 0px;\" align=\"left\"><img decoding=\"async\" style=\"border: none; max-width: 100%;\" title=\"Pala militar plegable multifunci\u00f3n, Kit de supervivencia al aire libre, herramientas de jard\u00edn, Camping, 63cm\" src=\"https:\/\/bodegaoutdoor.cl\/store\/wp-content\/uploads\/2024\/06\/84175-rob7ob.jpg\" alt=\"Pala militar plegable multifunci\u00f3n, Kit de supervivencia al aire libre, herramientas de jard\u00edn, Camping, 63cm\" \/><\/p>\n<p style=\"font-family: Helvetica, Arial, sans-serif; font-size: 13px; font-weight: 400; letter-spacing: normal; text-align: left; margin: 0px; padding: 0px;\" align=\"left\"><img decoding=\"async\" style=\"border: none; max-width: 100%;\" title=\"Pala militar plegable multifunci\u00f3n, Kit de supervivencia al aire libre, herramientas de jard\u00edn, Camping, 63cm\" src=\"https:\/\/bodegaoutdoor.cl\/store\/wp-content\/uploads\/2024\/06\/84175-nqc1bg.jpg\" alt=\"Pala militar plegable multifunci\u00f3n, Kit de supervivencia al aire libre, herramientas de jard\u00edn, Camping, 63cm\" \/><\/p>\n<p style=\"font-family: Helvetica, Arial, sans-serif; font-size: 13px; font-weight: 400; letter-spacing: normal; text-align: left; margin: 0px; padding: 0px;\" align=\"left\"><img decoding=\"async\" style=\"border: none; max-width: 100%;\" title=\"Pala militar plegable multifunci\u00f3n, Kit de supervivencia al aire libre, herramientas de jard\u00edn, Camping, 63cm\" src=\"https:\/\/bodegaoutdoor.cl\/store\/wp-content\/uploads\/2024\/06\/84175-czywzc.jpg\" alt=\"Pala militar plegable multifunci\u00f3n, Kit de supervivencia al aire libre, herramientas de jard\u00edn, Camping, 63cm\" \/><\/p>\n<\/div>\n<\/div>\n\n    <div class=\"xs_social_share_widget xs_share_url after_content \t\tmain_content  wslu-style-1 wslu-share-box-shaped wslu-fill-colored wslu-none wslu-share-horizontal wslu-theme-font-no wslu-main_content\">\n\n\t\t\n        <ul>\n\t\t\t        <\/ul>\n    <\/div> \n","protected":false},"excerpt":{"rendered":"<p>Caracter\u00edstica: 1. Esta pala plegable multifuncional est\u00e1 hecha de materiales de alta calidad, con alta dureza, alta resistencia, excelente mano de obra y durabilidad. 2. Con mango a cuadros, no es f\u00e1cil de deslizar, ahorra tiempo y esfuerzo al usarlo. 3. Esta pala integra las funciones de cortar\/aserrar\/enganchar\/palear\/cavar\/empujar, lo cual es muy conveniente y pr\u00e1ctico. [&hellip;]<\/p>\n","protected":false},"featured_media":84179,"comment_status":"open","ping_status":"closed","template":"","meta":{"jetpack_publicize_message":"","jetpack_publicize_feature_enabled":true,"jetpack_social_post_already_shared":true,"jetpack_social_options":{"image_generator_settings":{"template":"highway","enabled":false},"version":2}},"product_brand":[],"product_cat":[15],"product_tag":[],"class_list":{"0":"post-84175","1":"product","2":"type-product","3":"status-publish","4":"has-post-thumbnail","6":"product_cat-otros","8":"first","9":"instock","10":"sale","11":"taxable","12":"shipping-taxable","13":"purchasable","14":"product-type-variable"},"jetpack_publicize_connections":[],"jetpack_sharing_enabled":true,"_links":{"self":[{"href":"https:\/\/bodegaoutdoor.cl\/store\/wp-json\/wp\/v2\/product\/84175","targetHints":{"allow":["GET"]}}],"collection":[{"href":"https:\/\/bodegaoutdoor.cl\/store\/wp-json\/wp\/v2\/product"}],"about":[{"href":"https:\/\/bodegaoutdoor.cl\/store\/wp-json\/wp\/v2\/types\/product"}],"replies":[{"embeddable":true,"href":"https:\/\/bodegaoutdoor.cl\/store\/wp-json\/wp\/v2\/comments?post=84175"}],"version-history":[{"count":18,"href":"https:\/\/bodegaoutdoor.cl\/store\/wp-json\/wp\/v2\/product\/84175\/revisions"}],"predecessor-version":[{"id":84220,"href":"https:\/\/bodegaoutdoor.cl\/store\/wp-json\/wp\/v2\/product\/84175\/revisions\/84220"}],"wp:featuredmedia":[{"embeddable":true,"href":"https:\/\/bodegaoutdoor.cl\/store\/wp-json\/wp\/v2\/media\/84179"}],"wp:attachment":[{"href":"https:\/\/bodegaoutdoor.cl\/store\/wp-json\/wp\/v2\/media?parent=84175"}],"wp:term":[{"taxonomy":"product_brand","embeddable":true,"href":"https:\/\/bodegaoutdoor.cl\/store\/wp-json\/wp\/v2\/product_brand?post=84175"},{"taxonomy":"product_cat","embeddable":true,"href":"https:\/\/bodegaoutdoor.cl\/store\/wp-json\/wp\/v2\/product_cat?post=84175"},{"taxonomy":"product_tag","embeddable":true,"href":"https:\/\/bodegaoutdoor.cl\/store\/wp-json\/wp\/v2\/product_tag?post=84175"}],"curies":[{"name":"wp","href":"https:\/\/api.w.org\/{rel}","templated":true}]}}