{"id":8437,"date":"2020-07-27T18:52:22","date_gmt":"2020-07-27T18:52:22","guid":{"rendered":"https:\/\/bodegaoutdoor.cl\/store\/product\/guantes-tacticos-para-hombre-guantes-militares-de-la-policia-de-paintball-para-deportes-al-aire-libre-guantes-de-combate-de-invierno-completo-guantes-tacticos-para-mujer\/"},"modified":"2023-05-04T19:19:33","modified_gmt":"2023-05-04T23:19:33","slug":"guantes-tacticos-para-hombre-guantes-militares-de-la-policia-de-paintball-para-deportes-al-aire-libre-guantes-de-combate-de-invierno-completo-guantes-tacticos-para-mujer","status":"publish","type":"product","link":"https:\/\/bodegaoutdoor.cl\/store\/product\/guantes-tacticos-para-hombre-guantes-militares-de-la-policia-de-paintball-para-deportes-al-aire-libre-guantes-de-combate-de-invierno-completo-guantes-tacticos-para-mujer\/","title":{"rendered":"Guantes t\u00e1cticos Paintball para deportesOutdoor Ciclismo Moto"},"content":{"rendered":"<div>\n<div style=\"height: 0; overflow: hidden;\">Modname = ckeditor<\/div>\n<div>\n<div>\n<div><\/div>\n<div><span style=\"font-size: 18.0px;\"><strong>Guantes para entrenamiento t\u00e1ctico de combate del Ej\u00e9rcito para hombres militar polic\u00eda soldado Paintball guanteOutdoor dedo completo y medio, para deporte y caza .Guantes de bicicleta<\/strong><\/span><\/div>\n<div><\/div>\n<div>\n<div><span style=\"font-family: tahoma,geneva,sans-serif;\"><span style=\"font-size: 20.0px;\">Tama\u00f1o: M-L-XL<\/span><\/span><\/div>\n<div><\/div>\n<div><span style=\"font-family: tahoma,geneva,sans-serif;\"><span style=\"font-size: 20.0px;\"><span style=\"color: #000000;\">Color: negro, verde militar, caqui<\/span><\/span><\/span><\/div>\n<div><\/div>\n<div><span style=\"font-family: tahoma,geneva,sans-serif;\"><span style=\"font-size: 20.0px;\">Paquete: 1 par<\/span><\/span><\/div>\n<div><\/div>\n<div><span style=\"font-family: tahoma,geneva,sans-serif;\"><span style=\"font-size: 20.0px;\">Material: microfibra y<span style=\"background-color: #f6f6f6;\">Viscosa<\/span>De Nylon<\/span><\/span><\/div>\n<div><img decoding=\"async\" title=\"Guantes t\u00e1cticos para hombre, guantes militares de la polic\u00eda de Paintball para deportes al aire libre, guantes de combate de invierno completo, guantes t\u00e1cticos para mujer\" src=\"https:\/\/bodegaoutdoor.cl\/store\/wp-content\/uploads\/2020\/07\/8437-ezsedb.jpg\" alt=\"Guantes t\u00e1cticos para hombre, guantes militares de la polic\u00eda de Paintball para deportes al aire libre, guantes de combate de invierno completo, guantes t\u00e1cticos para mujer\" \/><br \/>\n<img decoding=\"async\" title=\"Guantes t\u00e1cticos para hombre, guantes militares de la polic\u00eda de Paintball para deportes al aire libre, guantes de combate de invierno completo, guantes t\u00e1cticos para mujer\" src=\"https:\/\/bodegaoutdoor.cl\/store\/wp-content\/uploads\/2020\/07\/8437-rvy40x.jpg\" alt=\"Guantes t\u00e1cticos para hombre, guantes militares de la polic\u00eda de Paintball para deportes al aire libre, guantes de combate de invierno completo, guantes t\u00e1cticos para mujer\" \/><br \/>\n<img decoding=\"async\" title=\"Guantes t\u00e1cticos para hombre, guantes militares de la polic\u00eda de Paintball para deportes al aire libre, guantes de combate de invierno completo, guantes t\u00e1cticos para mujer\" src=\"https:\/\/bodegaoutdoor.cl\/store\/wp-content\/uploads\/2020\/07\/8437-t2kilf.jpg\" alt=\"Guantes t\u00e1cticos para hombre, guantes militares de la polic\u00eda de Paintball para deportes al aire libre, guantes de combate de invierno completo, guantes t\u00e1cticos para mujer\" \/><br \/>\n<img decoding=\"async\" title=\"Guantes t\u00e1cticos para hombre, guantes militares de la polic\u00eda de Paintball para deportes al aire libre, guantes de combate de invierno completo, guantes t\u00e1cticos para mujer\" src=\"https:\/\/bodegaoutdoor.cl\/store\/wp-content\/uploads\/2020\/07\/8437-antzrv.jpg\" alt=\"Guantes t\u00e1cticos para hombre, guantes militares de la polic\u00eda de Paintball para deportes al aire libre, guantes de combate de invierno completo, guantes t\u00e1cticos para mujer\" \/><br \/>\n<img decoding=\"async\" title=\"Guantes t\u00e1cticos para hombre, guantes militares de la polic\u00eda de Paintball para deportes al aire libre, guantes de combate de invierno completo, guantes t\u00e1cticos para mujer\" src=\"https:\/\/bodegaoutdoor.cl\/store\/wp-content\/uploads\/2020\/07\/8437-snesly.jpg\" alt=\"Guantes t\u00e1cticos para hombre, guantes militares de la polic\u00eda de Paintball para deportes al aire libre, guantes de combate de invierno completo, guantes t\u00e1cticos para mujer\" \/><\/div>\n<\/div>\n<\/div>\n<p><span style=\"color: #ffffff;\">Guantes t\u00e1cticos, Guantes militares t\u00e1cticos, Guantes militares, Guantes t\u00e1cticos del ej\u00e9rcito, Guantes t\u00e1ctica, Guantes t\u00e1cticos para hombres<\/span><\/p>\n<p><span style=\"color: #ffffff;\">2018 guantes t\u00e1cticos del ej\u00e9rcito guantes de invierno hombres t\u00e1cticos guantes de invierno<\/span><\/p>\n<\/div>\n<\/div>\n\n    <div class=\"xs_social_share_widget xs_share_url after_content \t\tmain_content  wslu-style-1 wslu-share-box-shaped wslu-fill-colored wslu-none wslu-share-horizontal wslu-theme-font-no wslu-main_content\">\n\n\t\t\n        <ul>\n\t\t\t        <\/ul>\n    <\/div> \n","protected":false},"excerpt":{"rendered":"<p>Modname = ckeditor Guantes para entrenamiento t\u00e1ctico de combate del Ej\u00e9rcito para hombres militar polic\u00eda soldado Paintball guanteOutdoor dedo completo y medio, para deporte y caza .Guantes de bicicleta Tama\u00f1o: M-L-XL Color: negro, verde militar, caqui Paquete: 1 par Material: microfibra yViscosaDe Nylon Guantes t\u00e1cticos, Guantes militares t\u00e1cticos, Guantes militares, Guantes t\u00e1cticos del ej\u00e9rcito, Guantes [&hellip;]<\/p>\n","protected":false},"featured_media":8456,"comment_status":"open","ping_status":"closed","template":"","meta":{"jetpack_publicize_message":"","jetpack_publicize_feature_enabled":true,"jetpack_social_post_already_shared":true,"jetpack_social_options":{"image_generator_settings":{"template":"highway","enabled":false},"version":2}},"product_brand":[],"product_cat":[487,490],"product_tag":[],"class_list":{"0":"post-8437","1":"product","2":"type-product","3":"status-publish","4":"has-post-thumbnail","6":"product_cat-airsoft","7":"product_cat-guantes","9":"first","10":"instock","11":"sale","12":"taxable","13":"shipping-taxable","14":"purchasable","15":"product-type-variable"},"jetpack_publicize_connections":[],"jetpack_sharing_enabled":true,"_links":{"self":[{"href":"https:\/\/bodegaoutdoor.cl\/store\/wp-json\/wp\/v2\/product\/8437","targetHints":{"allow":["GET"]}}],"collection":[{"href":"https:\/\/bodegaoutdoor.cl\/store\/wp-json\/wp\/v2\/product"}],"about":[{"href":"https:\/\/bodegaoutdoor.cl\/store\/wp-json\/wp\/v2\/types\/product"}],"replies":[{"embeddable":true,"href":"https:\/\/bodegaoutdoor.cl\/store\/wp-json\/wp\/v2\/comments?post=8437"}],"version-history":[{"count":2,"href":"https:\/\/bodegaoutdoor.cl\/store\/wp-json\/wp\/v2\/product\/8437\/revisions"}],"predecessor-version":[{"id":71317,"href":"https:\/\/bodegaoutdoor.cl\/store\/wp-json\/wp\/v2\/product\/8437\/revisions\/71317"}],"wp:featuredmedia":[{"embeddable":true,"href":"https:\/\/bodegaoutdoor.cl\/store\/wp-json\/wp\/v2\/media\/8456"}],"wp:attachment":[{"href":"https:\/\/bodegaoutdoor.cl\/store\/wp-json\/wp\/v2\/media?parent=8437"}],"wp:term":[{"taxonomy":"product_brand","embeddable":true,"href":"https:\/\/bodegaoutdoor.cl\/store\/wp-json\/wp\/v2\/product_brand?post=8437"},{"taxonomy":"product_cat","embeddable":true,"href":"https:\/\/bodegaoutdoor.cl\/store\/wp-json\/wp\/v2\/product_cat?post=8437"},{"taxonomy":"product_tag","embeddable":true,"href":"https:\/\/bodegaoutdoor.cl\/store\/wp-json\/wp\/v2\/product_tag?post=8437"}],"curies":[{"name":"wp","href":"https:\/\/api.w.org\/{rel}","templated":true}]}}