{"id":84478,"date":"2024-07-24T16:47:25","date_gmt":"2024-07-24T20:47:25","guid":{"rendered":"https:\/\/bodegaoutdoor.cl\/store\/product\/cubierta-tactica-para-cascos-fast-mh-pj-bj-accesorios-para-cascos-multicam-airsoft\/"},"modified":"2024-07-24T16:58:07","modified_gmt":"2024-07-24T20:58:07","slug":"cubierta-tactica-para-cascos-fast-mh-pj-bj-airsoft","status":"publish","type":"product","link":"https:\/\/bodegaoutdoor.cl\/store\/product\/cubierta-tactica-para-cascos-fast-mh-pj-bj-airsoft\/","title":{"rendered":"Cubierta t\u00e1ctica para cascos Fast MH PJ BJ,  Airsoft"},"content":{"rendered":"<div>\n<div>\n<div><\/div>\n<div><\/div>\n<div><\/div>\n<\/div>\n<div><span style=\"font-size: 18px;\"><strong id=\"tl_1\">Cubierta de cascos t\u00e1cticos para Fast MH PJ BJ accesorios de casco Multicam Airsoft Headwear<\/strong><\/span><span style=\"font-size: 16px;\"><span style=\"font-family: Arial, Helvetica, sans-serif;\"><strong id=\"tl_2\">Especificaciones:<\/strong><\/span><\/span><br \/>\n<span style=\"font-size: 16px;\"><span id=\"tl_3\" style=\"font-family: Arial, Helvetica, sans-serif;\"><br \/>\nNombre: funda de casco r\u00e1pido t\u00e1ctico<br \/>\nTama\u00f1o: 33*24,5 cm<br \/>\nMaterial: nailon 500D<br \/>\nColor: ACU\/atacs AU\/atacs FG\/Negro MultiCam\/tif\u00f3n\/camuflaje\/bosque digital\/desierto digital<br \/>\nAplicable para: casco r\u00e1pido<\/span><\/span><span style=\"font-size: 16px;\"><span style=\"font-family: Arial, Helvetica, sans-serif;\"><strong id=\"tl_4\">Caracter\u00edsticas:<\/strong><\/span><\/span><br \/>\n<span style=\"font-size: 16px;\"><span id=\"tl_5\" style=\"font-family: Arial, Helvetica, sans-serif;\"><br \/>\n1. Nylon 500D resistente al desgaste e impermeable.<br \/>\n3. Tela de malla de nylon, resistente a los ara\u00f1azos.<br \/>\n4. Gancho y lazo, hebilla ajustable r\u00e1pida.<\/span><\/span><\/p>\n<\/div>\n<p style=\"text-align: left; margin: 0px;\" align=\"left\"><img decoding=\"async\" style=\"width: 800px;\" src=\"\/\/ae01.alicdn.com\/kf\/Hab9808f2506142d590c1a4e7c0157470P.jpg?width=750&amp;height=1215&amp;hash=1965\" width=\"800px\" \/><img decoding=\"async\" style=\"width: 800px;\" src=\"\/\/ae01.alicdn.com\/kf\/Hc03fe88a12e74164a6e2506b250feb5aS.jpg?width=750&amp;height=1095&amp;hash=1845\" width=\"800px\" \/><img decoding=\"async\" style=\"width: 800px;\" src=\"\/\/ae01.alicdn.com\/kf\/H50d7f9957d4f44c8b1d7196884225f7fa.jpg?width=750&amp;height=1065&amp;hash=1815\" width=\"800px\" \/><img decoding=\"async\" style=\"width: 800px;\" src=\"\/\/ae01.alicdn.com\/kf\/H430e95ab47e74de9bdbd5b1122a08510P.jpg?width=750&amp;height=1155&amp;hash=1905\" width=\"800px\" \/><img decoding=\"async\" style=\"width: 800px;\" src=\"\/\/ae01.alicdn.com\/kf\/H1de72efafaf7462ab21c5992d7f7a6b6q.jpg?width=750&amp;height=1285&amp;hash=2035\" width=\"800px\" \/><img decoding=\"async\" style=\"width: 800px;\" src=\"\/\/ae01.alicdn.com\/kf\/He8b181c189e143e196786c98cebeb703W.jpg?width=750&amp;height=1311&amp;hash=2061\" width=\"800px\" \/><img decoding=\"async\" style=\"width: 800px;\" src=\"\/\/ae01.alicdn.com\/kf\/Hc584a66c66874f119cfaf9431533f981j.jpg?width=750&amp;height=1233&amp;hash=1983\" width=\"800px\" \/><img decoding=\"async\" style=\"width: 800px;\" src=\"\/\/ae01.alicdn.com\/kf\/H58685398ea974cde9fff3bda1589a75bX.jpg?width=750&amp;height=1225&amp;hash=1975\" width=\"800px\" \/><span id=\"tl_10\" style=\"font-size: 16px;\"><\/span><\/p>\n<div style=\"text-align: left;\" align=\"left\">\n<div style=\"text-align: left;\" align=\"left\">\n<p>&nbsp;<\/p>\n<div><img decoding=\"async\" src=\"\/\/ae01.alicdn.com\/kf\/HTB1wbV8aijrK1RjSsplq6xHmVXaX.jpg?width=844&amp;height=46&amp;hash=890\" \/><\/div>\n<\/div>\n<\/div>\n<div><\/div>\n<div>\n<div>\n<div>\n<div>\n<div>\n<div>\n<div>\n<div>\n<div>\n<div>\n<div>\n<div>\n<div>\n<div>\n<div>\n<div>\n<div>\n<div>\n<div>\n<div>\n<div>\n<div>\n<div>\n<div>\n<div>\n<div>\n<div>\n<div>\n<div>\n<div>\n<div>\n<div>\n<div><\/div>\n<\/div>\n<\/div>\n<\/div>\n<\/div>\n<\/div>\n<\/div>\n<\/div>\n<\/div>\n<\/div>\n<\/div>\n<\/div>\n<\/div>\n<\/div>\n<\/div>\n<\/div>\n<\/div>\n<\/div>\n<\/div>\n<\/div>\n<\/div>\n<\/div>\n<\/div>\n<\/div>\n<\/div>\n<\/div>\n<\/div>\n<\/div>\n<\/div>\n<\/div>\n<\/div>\n<\/div>\n<\/div>\n<div><\/div>\n<div id=\"simple-translate\">\n<div><\/div>\n<\/div>\n<\/div>\n\n    <div class=\"xs_social_share_widget xs_share_url after_content \t\tmain_content  wslu-style-1 wslu-share-box-shaped wslu-fill-colored wslu-none wslu-share-horizontal wslu-theme-font-no wslu-main_content\">\n\n\t\t\n        <ul>\n\t\t\t        <\/ul>\n    <\/div> \n","protected":false},"excerpt":{"rendered":"<p>Cubierta de cascos t\u00e1cticos para Fast MH PJ BJ accesorios de casco Multicam Airsoft HeadwearEspecificaciones: Nombre: funda de casco r\u00e1pido t\u00e1ctico Tama\u00f1o: 33*24,5 cm Material: nailon 500D Color: ACU\/atacs AU\/atacs FG\/Negro MultiCam\/tif\u00f3n\/camuflaje\/bosque digital\/desierto digital Aplicable para: casco r\u00e1pidoCaracter\u00edsticas: 1. Nylon 500D resistente al desgaste e impermeable. 3. Tela de malla de nylon, resistente a los [&hellip;]<\/p>\n","protected":false},"featured_media":84503,"comment_status":"open","ping_status":"closed","template":"","meta":{"jetpack_publicize_message":"","jetpack_publicize_feature_enabled":true,"jetpack_social_post_already_shared":true,"jetpack_social_options":{"image_generator_settings":{"template":"highway","enabled":false},"version":2}},"product_brand":[],"product_cat":[64],"product_tag":[],"class_list":{"0":"post-84478","1":"product","2":"type-product","3":"status-publish","4":"has-post-thumbnail","6":"product_cat-accessories","8":"first","9":"instock","10":"sale","11":"taxable","12":"shipping-taxable","13":"purchasable","14":"product-type-variable"},"jetpack_publicize_connections":[],"jetpack_sharing_enabled":true,"_links":{"self":[{"href":"https:\/\/bodegaoutdoor.cl\/store\/wp-json\/wp\/v2\/product\/84478","targetHints":{"allow":["GET"]}}],"collection":[{"href":"https:\/\/bodegaoutdoor.cl\/store\/wp-json\/wp\/v2\/product"}],"about":[{"href":"https:\/\/bodegaoutdoor.cl\/store\/wp-json\/wp\/v2\/types\/product"}],"replies":[{"embeddable":true,"href":"https:\/\/bodegaoutdoor.cl\/store\/wp-json\/wp\/v2\/comments?post=84478"}],"version-history":[{"count":15,"href":"https:\/\/bodegaoutdoor.cl\/store\/wp-json\/wp\/v2\/product\/84478\/revisions"}],"predecessor-version":[{"id":84695,"href":"https:\/\/bodegaoutdoor.cl\/store\/wp-json\/wp\/v2\/product\/84478\/revisions\/84695"}],"wp:featuredmedia":[{"embeddable":true,"href":"https:\/\/bodegaoutdoor.cl\/store\/wp-json\/wp\/v2\/media\/84503"}],"wp:attachment":[{"href":"https:\/\/bodegaoutdoor.cl\/store\/wp-json\/wp\/v2\/media?parent=84478"}],"wp:term":[{"taxonomy":"product_brand","embeddable":true,"href":"https:\/\/bodegaoutdoor.cl\/store\/wp-json\/wp\/v2\/product_brand?post=84478"},{"taxonomy":"product_cat","embeddable":true,"href":"https:\/\/bodegaoutdoor.cl\/store\/wp-json\/wp\/v2\/product_cat?post=84478"},{"taxonomy":"product_tag","embeddable":true,"href":"https:\/\/bodegaoutdoor.cl\/store\/wp-json\/wp\/v2\/product_tag?post=84478"}],"curies":[{"name":"wp","href":"https:\/\/api.w.org\/{rel}","templated":true}]}}