{"id":84725,"date":"2024-07-24T20:25:06","date_gmt":"2024-07-25T00:25:06","guid":{"rendered":"https:\/\/bodegaoutdoor.cl\/store\/?post_type=product&#038;p=84725"},"modified":"2024-07-24T21:26:01","modified_gmt":"2024-07-25T01:26:01","slug":"pantalones-de-moto-con-calefaccion-electrica-para-montar-en-motocicleta-pantalon-de-moto-desmontable-de-liberacion-rapida-600d-oxford-a-prueba-de-viento-y-calido-invierno","status":"publish","type":"product","link":"https:\/\/bodegaoutdoor.cl\/store\/product\/pantalones-de-moto-con-calefaccion-electrica-para-montar-en-motocicleta-pantalon-de-moto-desmontable-de-liberacion-rapida-600d-oxford-a-prueba-de-viento-y-calido-invierno\/","title":{"rendered":"Pantalones de Moto con calefacci\u00f3n el\u00e9ctrica para montar en motocicleta, pantal\u00f3n de Moto desmontable de liberaci\u00f3n r\u00e1pida 600D Oxford, a prueba de viento y c\u00e1lido, invierno"},"content":{"rendered":"<div>\n<div>\n<p><span id=\"tl_1\" style=\"font-size: 18px; font-family: arial, helvetica, sans-serif;\">Nota: no est\u00e1 equipado con un banco de energ\u00eda, use un banco de energ\u00eda con un voltaje de salida de 5V para conectarse a la fuente de alimentaci\u00f3n<\/span><\/p>\n<p><span id=\"tl_2\" style=\"font-size: 18px; font-family: arial, helvetica, sans-serif;\">Cierre La funda protectora USB antes de lavar\/no se puede lavar a m\u00e1quina<\/span><\/p>\n<p><span id=\"tl_3\" style=\"font-size: 16px; font-family: arial, helvetica, sans-serif;\">Marca: Motowolf<br \/>\nNombre: pantalones de invierno para motocicleta<br \/>\nFunci\u00f3n: impermeable, resistente al viento, c\u00e1lido, liberaci\u00f3n r\u00e1pida<br \/>\nColor: negro<br \/>\nEquipo de protecci\u00f3n: Equipo de protecci\u00f3n CE Nivel 2<br \/>\nTama\u00f1o: M-L-XL-XXL-3XL-4XL<br \/>\nTemporada aplicable: invierno <\/span><\/p>\n<p>Nota: Si no sabe c\u00f3mo elegir la talla correcta, p\u00f3ngase en contacto con el Servicio de Atenci\u00f3n al Cliente.<\/p>\n<p><img decoding=\"async\" title=\"Pantalones de Moto con calefacci\u00f3n el\u00e9ctrica para montar en motocicleta, pantal\u00f3n de Moto desmontable de liberaci\u00f3n r\u00e1pida 600D Oxford, a prueba de viento y c\u00e1lido, invierno\" src=\"https:\/\/bodegaoutdoor.cl\/store\/wp-content\/uploads\/2024\/07\/84725-wknnw0-scaled.jpg\" alt=\"Pantalones de Moto con calefacci\u00f3n el\u00e9ctrica para montar en motocicleta, pantal\u00f3n de Moto desmontable de liberaci\u00f3n r\u00e1pida 600D Oxford, a prueba de viento y c\u00e1lido, invierno\" \/><img decoding=\"async\" title=\"Pantalones de Moto con calefacci\u00f3n el\u00e9ctrica para montar en motocicleta, pantal\u00f3n de Moto desmontable de liberaci\u00f3n r\u00e1pida 600D Oxford, a prueba de viento y c\u00e1lido, invierno\" src=\"https:\/\/bodegaoutdoor.cl\/store\/wp-content\/uploads\/2024\/07\/84725-oqkrnd-scaled.jpg\" alt=\"Pantalones de Moto con calefacci\u00f3n el\u00e9ctrica para montar en motocicleta, pantal\u00f3n de Moto desmontable de liberaci\u00f3n r\u00e1pida 600D Oxford, a prueba de viento y c\u00e1lido, invierno\" \/><img decoding=\"async\" title=\"Pantalones de Moto con calefacci\u00f3n el\u00e9ctrica para montar en motocicleta, pantal\u00f3n de Moto desmontable de liberaci\u00f3n r\u00e1pida 600D Oxford, a prueba de viento y c\u00e1lido, invierno\" src=\"https:\/\/bodegaoutdoor.cl\/store\/wp-content\/uploads\/2024\/07\/84725-fqbrth-scaled.jpg\" alt=\"Pantalones de Moto con calefacci\u00f3n el\u00e9ctrica para montar en motocicleta, pantal\u00f3n de Moto desmontable de liberaci\u00f3n r\u00e1pida 600D Oxford, a prueba de viento y c\u00e1lido, invierno\" \/><\/p>\n<p>&nbsp;<\/p>\n<\/div>\n<\/div>\n\n    <div class=\"xs_social_share_widget xs_share_url after_content \t\tmain_content  wslu-style-1 wslu-share-box-shaped wslu-fill-colored wslu-none wslu-share-horizontal wslu-theme-font-no wslu-main_content\">\n\n\t\t\n        <ul>\n\t\t\t        <\/ul>\n    <\/div> \n","protected":false},"excerpt":{"rendered":"<p>Nota: no est\u00e1 equipado con un banco de energ\u00eda, use un banco de energ\u00eda con un voltaje de salida de 5V para conectarse a la fuente de alimentaci\u00f3n Cierre La funda protectora USB antes de lavar\/no se puede lavar a m\u00e1quina Marca: Motowolf Nombre: pantalones de invierno para motocicleta Funci\u00f3n: impermeable, resistente al viento, c\u00e1lido, [&hellip;]<\/p>\n","protected":false},"featured_media":84732,"comment_status":"open","ping_status":"closed","template":"","meta":{"jetpack_publicize_message":"","jetpack_publicize_feature_enabled":true,"jetpack_social_post_already_shared":true,"jetpack_social_options":{"image_generator_settings":{"template":"highway","enabled":false},"version":2}},"product_brand":[],"product_cat":[190,62],"product_tag":[],"class_list":{"0":"post-84725","1":"product","2":"type-product","3":"status-publish","4":"has-post-thumbnail","6":"product_cat-pantalones-hombre","7":"product_cat-vestuario-hombre","9":"first","10":"instock","11":"sale","12":"taxable","13":"shipping-taxable","14":"purchasable","15":"product-type-variable"},"jetpack_publicize_connections":[],"jetpack_sharing_enabled":true,"_links":{"self":[{"href":"https:\/\/bodegaoutdoor.cl\/store\/wp-json\/wp\/v2\/product\/84725","targetHints":{"allow":["GET"]}}],"collection":[{"href":"https:\/\/bodegaoutdoor.cl\/store\/wp-json\/wp\/v2\/product"}],"about":[{"href":"https:\/\/bodegaoutdoor.cl\/store\/wp-json\/wp\/v2\/types\/product"}],"replies":[{"embeddable":true,"href":"https:\/\/bodegaoutdoor.cl\/store\/wp-json\/wp\/v2\/comments?post=84725"}],"version-history":[{"count":5,"href":"https:\/\/bodegaoutdoor.cl\/store\/wp-json\/wp\/v2\/product\/84725\/revisions"}],"predecessor-version":[{"id":84763,"href":"https:\/\/bodegaoutdoor.cl\/store\/wp-json\/wp\/v2\/product\/84725\/revisions\/84763"}],"wp:featuredmedia":[{"embeddable":true,"href":"https:\/\/bodegaoutdoor.cl\/store\/wp-json\/wp\/v2\/media\/84732"}],"wp:attachment":[{"href":"https:\/\/bodegaoutdoor.cl\/store\/wp-json\/wp\/v2\/media?parent=84725"}],"wp:term":[{"taxonomy":"product_brand","embeddable":true,"href":"https:\/\/bodegaoutdoor.cl\/store\/wp-json\/wp\/v2\/product_brand?post=84725"},{"taxonomy":"product_cat","embeddable":true,"href":"https:\/\/bodegaoutdoor.cl\/store\/wp-json\/wp\/v2\/product_cat?post=84725"},{"taxonomy":"product_tag","embeddable":true,"href":"https:\/\/bodegaoutdoor.cl\/store\/wp-json\/wp\/v2\/product_tag?post=84725"}],"curies":[{"name":"wp","href":"https:\/\/api.w.org\/{rel}","templated":true}]}}