{"id":8474,"date":"2020-07-27T22:24:43","date_gmt":"2020-07-27T22:24:43","guid":{"rendered":"https:\/\/bodegaoutdoor.cl\/store\/product\/tanluhu-25l-mochila-de-ciclismo-para-correr-bolso-de-montanismo-para-exterior-mochila-de-senderismo-y-maraton-para-hombre-y-mujer-bolsa-de-agua-de-2l\/"},"modified":"2023-05-04T19:19:33","modified_gmt":"2023-05-04T23:19:33","slug":"tanluhu-25l-mochila-de-ciclismo-para-correr-bolso-de-montanismo-para-exterior-mochila-de-senderismo-y-maraton-para-hombre-y-mujer-bolsa-de-agua-de-2l","status":"publish","type":"product","link":"https:\/\/bodegaoutdoor.cl\/store\/product\/tanluhu-25l-mochila-de-ciclismo-para-correr-bolso-de-montanismo-para-exterior-mochila-de-senderismo-y-maraton-para-hombre-y-mujer-bolsa-de-agua-de-2l\/","title":{"rendered":"Mochila  TANLUHU 25L ciclismo, para correr, bolso de Monta\u00f1ismo, senderismo"},"content":{"rendered":"<div>\n<p><span style=\"font-size: 20px;\"><strong>G\u00e9nero: Unisex<br \/>\nFunci\u00f3n: nailon resistente al agua, resistente a las l\u00e1grimas, ligero<br \/>\nColor: azul, p\u00farpura, Negro, Rosa, fruta verde, naranja,<br \/>\nModelo: 674<br \/>\nTipo de inventario: Lista completa<br \/>\nTextura del material: Nylon<br \/>\nCapacidad: 20-35L<br \/>\nMaterial: Material de Nylon<br \/>\nPosibilidad aplicable: correr,\u00a0 deportes outdoor<br \/>\nCategor\u00eda del producto: Mochila deportiva<br \/>\n<\/strong><\/span><\/p>\n<div style=\"width: 95.0%; background-color: #ffffff; overflow: hidden;\"><\/div>\n<\/div>\n<p><img decoding=\"async\" src=\"https:\/\/bodegaoutdoor.cl\/store\/wp-content\/uploads\/2020\/07\/8474-tccdoq.jpg\" \/><img decoding=\"async\" src=\"https:\/\/bodegaoutdoor.cl\/store\/wp-content\/uploads\/2020\/07\/8474-tgd0sa.jpg\" \/><img decoding=\"async\" src=\"https:\/\/bodegaoutdoor.cl\/store\/wp-content\/uploads\/2020\/07\/8474-20obfs.jpg\" \/><img decoding=\"async\" src=\"https:\/\/bodegaoutdoor.cl\/store\/wp-content\/uploads\/2020\/07\/8474-uemmbc.jpg\" \/><\/p>\n<p><img decoding=\"async\" src=\"\/\/ae01.alicdn.com\/kf\/Hd9802c5fc2864a53a18f43fe08af3edcN.jpg?width=750&amp;height=861&amp;hash=1611\" \/><br \/>\n<img decoding=\"async\" src=\"\/\/ae01.alicdn.com\/kf\/He6e50a4951a24e60b6c01ad3359e0b86i.jpg?width=750&amp;height=910&amp;hash=1660\" \/><\/p>\n<p><img decoding=\"async\" src=\"\/\/ae01.alicdn.com\/kf\/He902fd822f7747eeaeb7bd496657a044w.jpg?width=750&amp;height=585&amp;hash=1335\" \/><br \/>\n<img decoding=\"async\" src=\"\/\/ae01.alicdn.com\/kf\/H39d6668f053d4c2dbde12b4677aaa0dcr.jpg?width=750&amp;height=1167&amp;hash=1917\" \/><\/p>\n<p><img decoding=\"async\" src=\"\/\/ae01.alicdn.com\/kf\/H349ffca8d2804fa79a38e9f0a2c77311c.jpg?width=750&amp;height=939&amp;hash=1689\" \/><\/p>\n<p><img decoding=\"async\" src=\"\/\/ae01.alicdn.com\/kf\/Hf3ecc206f441467faf8bec93cdb6b3fbD.jpg?width=750&amp;height=996&amp;hash=1746\" \/><\/p>\n<p><img decoding=\"async\" src=\"\/\/ae01.alicdn.com\/kf\/H23d12490ef084f4ab64b7c8a08579a54B.jpg?width=750&amp;height=703&amp;hash=1453\" \/><br \/>\n<img decoding=\"async\" src=\"\/\/ae01.alicdn.com\/kf\/H15237fe88ca34ac6bda8da8232be73afv.jpg?width=750&amp;height=700&amp;hash=1450\" \/><br \/>\n<img decoding=\"async\" src=\"\/\/ae01.alicdn.com\/kf\/H0c5a57d277264aa5bd4378b2392e7d24q.jpg?width=750&amp;height=733&amp;hash=1483\" \/><\/p>\n<p><img decoding=\"async\" src=\"\/\/ae01.alicdn.com\/kf\/H141f3d0ce79a4539b74b752019c6861d2.jpg?width=750&amp;height=830&amp;hash=1580\" \/><\/p>\n<p><img decoding=\"async\" src=\"\/\/ae01.alicdn.com\/kf\/H7e8d91190d3647eebf45bae8f80900b9v.jpg?width=750&amp;height=852&amp;hash=1602\" \/><\/p>\n<p><img decoding=\"async\" src=\"\/\/ae01.alicdn.com\/kf\/H842bcbbd66a54c5eb8efddbb42e0d75cL.jpg?width=750&amp;height=846&amp;hash=1596\" \/><\/p>\n<p><img decoding=\"async\" src=\"\/\/ae01.alicdn.com\/kf\/Hadfc3e79eb1c4a6481f72c5ec6141f70t.jpg?width=750&amp;height=891&amp;hash=1641\" \/><\/p>\n<p><img decoding=\"async\" src=\"\/\/ae01.alicdn.com\/kf\/Hf725caa33a534ab09b8742dd85871eedR.jpg?width=750&amp;height=652&amp;hash=1402\" \/><br \/>\n<img decoding=\"async\" src=\"\/\/ae01.alicdn.com\/kf\/H84bbc486cfbf4881b909aea016d8ed10L.jpg?width=749&amp;height=447&amp;hash=1196\" \/><img decoding=\"async\" src=\"\/\/ae01.alicdn.com\/kf\/H74519afaec274f23a1060db1e72d6a9e6.jpg?width=746&amp;height=447&amp;hash=1193\" \/><img decoding=\"async\" src=\"\/\/ae01.alicdn.com\/kf\/Hb58b15d1e0744ab7bfebd7340440e137Q.jpg?width=746&amp;height=442&amp;hash=1188\" \/><img decoding=\"async\" src=\"\/\/ae01.alicdn.com\/kf\/H8d913f1a16704bb3881fd3cf89c8e53c8.jpg?width=746&amp;height=440&amp;hash=1186\" \/><img decoding=\"async\" src=\"\/\/ae01.alicdn.com\/kf\/He4318f0f21e1416f83ab9575396207c4e.jpg?width=745&amp;height=440&amp;hash=1185\" \/><img decoding=\"async\" src=\"\/\/ae01.alicdn.com\/kf\/He761ad60cad24b1d8f06a5ff3b88cff1j.jpg?width=747&amp;height=439&amp;hash=1186\" \/><img decoding=\"async\" src=\"\/\/ae01.alicdn.com\/kf\/H31e56a4644dd4e2eb7631ed5c7b72d5cQ.jpg?width=744&amp;height=438&amp;hash=1182\" \/><img decoding=\"async\" src=\"\/\/ae01.alicdn.com\/kf\/H9edd3d86d4154f739a9a6115702739fcO.jpg?width=748&amp;height=441&amp;hash=1189\" \/><img decoding=\"async\" src=\"\/\/ae01.alicdn.com\/kf\/H2df86cf3d6f4438ea794625cd877717fP.jpg?width=744&amp;height=439&amp;hash=1183\" \/><img decoding=\"async\" src=\"\/\/ae01.alicdn.com\/kf\/H13a03cc8ab8b478c8f3f477b8f2b9f14E.jpg?width=745&amp;height=439&amp;hash=1184\" \/><img decoding=\"async\" src=\"\/\/ae01.alicdn.com\/kf\/H7a4e842846b749ce85d4d943930209a9x.jpg?width=748&amp;height=441&amp;hash=1189\" \/><img decoding=\"async\" src=\"\/\/ae01.alicdn.com\/kf\/H6d2d7ea8b1ca434daeb0d087336b2ccf3.jpg?width=747&amp;height=444&amp;hash=1191\" \/><img decoding=\"async\" src=\"\/\/ae01.alicdn.com\/kf\/Hce81f1c3d2854deab3e1e94a0ddab4bdo.jpg?width=745&amp;height=439&amp;hash=1184\" \/><img decoding=\"async\" src=\"\/\/ae01.alicdn.com\/kf\/Hcb0349ae67f24bfc9675cf5ddae7d07fy.jpg?width=748&amp;height=439&amp;hash=1187\" \/><img decoding=\"async\" src=\"\/\/ae01.alicdn.com\/kf\/Hbc6d59248cd447d9ad9dfe3aae44c3ffI.jpg?width=745&amp;height=441&amp;hash=1186\" \/><img decoding=\"async\" src=\"\/\/ae01.alicdn.com\/kf\/H56846feb6b1c4f46a3736c137b11e93au.jpg?width=747&amp;height=438&amp;hash=1185\" \/><img decoding=\"async\" src=\"\/\/ae01.alicdn.com\/kf\/H7cfb79a0af3a417fa9f83579a0b74b3aM.jpg?width=746&amp;height=441&amp;hash=1187\" \/><img decoding=\"async\" src=\"\/\/ae01.alicdn.com\/kf\/H25b0597ffd9648a0bc03eba190d5ba14L.jpg?width=748&amp;height=442&amp;hash=1190\" \/><img decoding=\"async\" src=\"\/\/ae01.alicdn.com\/kf\/H61089f1117e34fb5aee2f4416fc77d81z.jpg?width=750&amp;height=1110&amp;hash=1860\" \/><\/p>\n\n    <div class=\"xs_social_share_widget xs_share_url after_content \t\tmain_content  wslu-style-1 wslu-share-box-shaped wslu-fill-colored wslu-none wslu-share-horizontal wslu-theme-font-no wslu-main_content\">\n\n\t\t\n        <ul>\n\t\t\t        <\/ul>\n    <\/div> \n","protected":false},"excerpt":{"rendered":"<p>G\u00e9nero: Unisex Funci\u00f3n: nailon resistente al agua, resistente a las l\u00e1grimas, ligero Color: azul, p\u00farpura, Negro, Rosa, fruta verde, naranja, Modelo: 674 Tipo de inventario: Lista completa Textura del material: Nylon Capacidad: 20-35L Material: Material de Nylon Posibilidad aplicable: correr,\u00a0 deportes outdoor Categor\u00eda del producto: Mochila deportiva<\/p>\n","protected":false},"featured_media":8503,"comment_status":"open","ping_status":"closed","template":"","meta":{"jetpack_publicize_message":"","jetpack_publicize_feature_enabled":true,"jetpack_social_post_already_shared":true,"jetpack_social_options":{"image_generator_settings":{"template":"highway","enabled":false},"version":2}},"product_brand":[],"product_cat":[195,238,273],"product_tag":[],"class_list":{"0":"post-8474","1":"product","2":"type-product","3":"status-publish","4":"has-post-thumbnail","6":"product_cat-mochilas","7":"product_cat-mochilas-10-30-litros","8":"product_cat-mochilas-30-60-litros","10":"first","11":"instock","12":"sale","13":"taxable","14":"shipping-taxable","15":"purchasable","16":"product-type-variable"},"jetpack_publicize_connections":[],"jetpack_sharing_enabled":true,"_links":{"self":[{"href":"https:\/\/bodegaoutdoor.cl\/store\/wp-json\/wp\/v2\/product\/8474","targetHints":{"allow":["GET"]}}],"collection":[{"href":"https:\/\/bodegaoutdoor.cl\/store\/wp-json\/wp\/v2\/product"}],"about":[{"href":"https:\/\/bodegaoutdoor.cl\/store\/wp-json\/wp\/v2\/types\/product"}],"replies":[{"embeddable":true,"href":"https:\/\/bodegaoutdoor.cl\/store\/wp-json\/wp\/v2\/comments?post=8474"}],"version-history":[{"count":2,"href":"https:\/\/bodegaoutdoor.cl\/store\/wp-json\/wp\/v2\/product\/8474\/revisions"}],"predecessor-version":[{"id":71316,"href":"https:\/\/bodegaoutdoor.cl\/store\/wp-json\/wp\/v2\/product\/8474\/revisions\/71316"}],"wp:featuredmedia":[{"embeddable":true,"href":"https:\/\/bodegaoutdoor.cl\/store\/wp-json\/wp\/v2\/media\/8503"}],"wp:attachment":[{"href":"https:\/\/bodegaoutdoor.cl\/store\/wp-json\/wp\/v2\/media?parent=8474"}],"wp:term":[{"taxonomy":"product_brand","embeddable":true,"href":"https:\/\/bodegaoutdoor.cl\/store\/wp-json\/wp\/v2\/product_brand?post=8474"},{"taxonomy":"product_cat","embeddable":true,"href":"https:\/\/bodegaoutdoor.cl\/store\/wp-json\/wp\/v2\/product_cat?post=8474"},{"taxonomy":"product_tag","embeddable":true,"href":"https:\/\/bodegaoutdoor.cl\/store\/wp-json\/wp\/v2\/product_tag?post=8474"}],"curies":[{"name":"wp","href":"https:\/\/api.w.org\/{rel}","templated":true}]}}