{"id":8489,"date":"2020-07-27T22:24:45","date_gmt":"2020-07-27T22:24:45","guid":{"rendered":"https:\/\/bodegaoutdoor.cl\/store\/product\/tanluhu-mochila-con-chaleco-de-hidratacion-para-correr-15l-bolsa-para-deportes-al-aire-libre-para-senderismo-carreras-maraton-ciclismo-senderismo-y-escalada-paquete-xl\/"},"modified":"2023-05-04T19:19:33","modified_gmt":"2023-05-04T23:19:33","slug":"tanluhu-mochila-con-chaleco-de-hidratacion-para-correr-15l-bolsa-para-deportes-al-aire-libre-para-senderismo-carreras-maraton-ciclismo-senderismo-y-escalada-paquete-xl","status":"publish","type":"product","link":"https:\/\/bodegaoutdoor.cl\/store\/product\/tanluhu-mochila-con-chaleco-de-hidratacion-para-correr-15l-bolsa-para-deportes-al-aire-libre-para-senderismo-carreras-maraton-ciclismo-senderismo-y-escalada-paquete-xl\/","title":{"rendered":"Mochila chaleco de hidrataci\u00f3n para correr, 15l, bolsa para deportes Outdoor senderismo, carreras, Marat\u00f3n, ciclismo"},"content":{"rendered":"<p style=\"text-align: center;\"><video style=\"max-width: 100%;\" src=\"\/\/cloud.video.taobao.com\/play\/u\/3105083374\/p\/1\/e\/6\/t\/10301\/229780279680.mp4\" poster=\"https:\/\/ae01.alicdn.com\/kf\/H2a96c1e41cc94407b3b1ddc83fc53132Q\/Tanluhu-mochila-con-chaleco-de-hidrataci-n-para-correr-15l-bolsa-para-deportes-al-aire-libre.jpg,https:\/\/ae01.alicdn.com\/kf\/HTB1qCdXaIfrK1RjSszcq6xGGFXaj\/Tanluhu-mochila-con-chaleco-de-hidrataci-n-para-correr-15l-bolsa-para-deportes-al-aire-libre.jpg,https:\/\/ae01.alicdn.com\/kf\/HTB14BFfaOYrK1Rjy0Fdq6ACvVXar\/Tanluhu-mochila-con-chaleco-de-hidrataci-n-para-correr-15l-bolsa-para-deportes-al-aire-libre.jpg,https:\/\/ae01.alicdn.com\/kf\/HTB1vFheaIrrK1RjSspaq6AREXXag\/Tanluhu-mochila-con-chaleco-de-hidrataci-n-para-correr-15l-bolsa-para-deportes-al-aire-libre.jpg,https:\/\/ae01.alicdn.com\/kf\/HTB1.dCuazLuK1Rjy0Fhq6xpdFXaP\/Tanluhu-mochila-con-chaleco-de-hidrataci-n-para-correr-15l-bolsa-para-deportes-al-aire-libre.jpg,https:\/\/ae01.alicdn.com\/kf\/H9a599ba3582a4b3f8b6c8cb0ce3895bfQ\/Tanluhu-mochila-con-chaleco-de-hidrataci-n-para-correr-15l-bolsa-para-deportes-al-aire-libre.jpg\" preload=\"auto\" controls=\"controls\" width=\"100%\" height=\"100%\"><\/video><\/p>\n<div>\n<p style=\"font-family: 'OpenSans'; color: #000; font-weight: 900; font-size: 20px; line-height: 28px; margin-bottom: 12px;\">Caracter\u00edsticas principales:<\/p>\n<p style=\"font-family: 'OpenSans'; color: #000; font-weight: 300; font-size: 14px; line-height: 20px; margin-bottom: 12px;\">Tanluhu 15L gran capacidad: su volumen modesto y su gran capacidad de 15l le permiten llenar la bolsa de agua f\u00e1cilmente. Consiste en el bolsillo principal de la bolsa de agua, los bolsillos frontales de la botella de agua y el bolsillo del tel\u00e9fono inteligente de 5,5 pulgadas, tambi\u00e9n est\u00e1 equipado con bolsillos exteriores, que puede almacenar tazas de vac\u00edo, llaves, efectivo, etc.<\/p>\n<\/div>\n<div><img decoding=\"async\" title=\"Tanluhu, mochila con chaleco de hidrataci\u00f3n para correr, 15l, bolsa para deportes al aire libre para senderismo, carreras, Marat\u00f3n, ciclismo, senderismo y escalada, paquete XL\" src=\"https:\/\/bodegaoutdoor.cl\/store\/wp-content\/uploads\/2020\/07\/8489-s2j70f.jpg\" alt=\"Tanluhu, mochila con chaleco de hidrataci\u00f3n para correr, 15l, bolsa para deportes al aire libre para senderismo, carreras, Marat\u00f3n, ciclismo, senderismo y escalada, paquete XL\" \/><\/div>\n<div>\n<p style=\"font-family: 'OpenSans'; color: #000; font-weight: 300; font-size: 14px; line-height: 20px; margin-bottom: 12px;\">Te queda bien: Este art\u00edculo viene con correa de cintura extensible y correa de pecho ajustable, que se adapta a la mayor\u00eda de los tama\u00f1os del cuerpo. Adem\u00e1s, se ajusta a la espalda de cerca y se deshace de balanceo.<br \/>\nArmaz\u00f3n resistente y duradero Material: Hecho de nailon ultraligero resistente al agua y a las l\u00e1grimas, forro de poli\u00e9ster y malla transpirable.<\/p>\n<\/div>\n<div><img decoding=\"async\" title=\"Tanluhu, mochila con chaleco de hidrataci\u00f3n para correr, 15l, bolsa para deportes al aire libre para senderismo, carreras, Marat\u00f3n, ciclismo, senderismo y escalada, paquete XL\" src=\"https:\/\/bodegaoutdoor.cl\/store\/wp-content\/uploads\/2020\/07\/8489-e0ogt4.jpg\" alt=\"Tanluhu, mochila con chaleco de hidrataci\u00f3n para correr, 15l, bolsa para deportes al aire libre para senderismo, carreras, Marat\u00f3n, ciclismo, senderismo y escalada, paquete XL\" \/><\/div>\n<div>\n<p style=\"font-family: 'OpenSans'; color: #000; font-weight: 300; font-size: 14px; line-height: 20px; margin-bottom: 12px;\">Peso ligero: la mochila de hidrataci\u00f3n presenta un superligero, reduciendo gran parte de la carga durante el viaje.<\/p>\n<p>Tira reflectante: tira reflectante en la parte delantera de la mochila, garantiza su seguridad para el ciclismo nocturno.<\/p>\n<\/div>\n<div><img decoding=\"async\" title=\"Tanluhu, mochila con chaleco de hidrataci\u00f3n para correr, 15l, bolsa para deportes al aire libre para senderismo, carreras, Marat\u00f3n, ciclismo, senderismo y escalada, paquete XL\" src=\"https:\/\/bodegaoutdoor.cl\/store\/wp-content\/uploads\/2020\/07\/8489-i2aj6r.jpg\" alt=\"Tanluhu, mochila con chaleco de hidrataci\u00f3n para correr, 15l, bolsa para deportes al aire libre para senderismo, carreras, Marat\u00f3n, ciclismo, senderismo y escalada, paquete XL\" \/><\/div>\n<div>\n<p style=\"font-family: 'OpenSans'; color: #000; font-weight: 300; font-size: 14px; line-height: 20px; margin-bottom: 12px;\">Versatilidad: esta mochila se puede utilizar m\u00e1s que solo para senderismo, tambi\u00e9n es adecuada para casi todas las actividades al aire libre como correr, montar, acampar, Marat\u00f3n, etc.<\/p>\n<\/div>\n<div>\n<p style=\"font-family: 'OpenSans'; color: #000; font-weight: 900; font-size: 20px; line-height: 28px; margin-bottom: 12px;\">Sobre el producto:<\/p>\n<p style=\"font-family: 'OpenSans'; color: #000; font-weight: 300; font-size: 14px; line-height: 20px; margin-bottom: 12px;\">-Capacidad: 15L<br \/>\n-Tama\u00f1o de la bolsa (largo x ancho x Alto): 7,87&#215;6,69&#215;16,54 pulgadas<br \/>\n-Longitud de la correa para el pecho: 3,94-9,84 pulgadas<br \/>\n-Circunferencia de la cintura: 33,46-50,79 pulgadas<br \/>\n-El peso m\u00e1ximo de carga: 22,05 libras<br \/>\n-Material: nailon y poli\u00e9ster<\/p>\n<p>Aviso:<br \/>\n1. Este producto es compatible con bolsa de agua de 2L, botella de agua de 500ML (opcional)<br \/>\n2. Los dos soportes adicionales se caben en una botella de agua de 500ml y un bolsillo para tel\u00e9fonos inteligentes de 5,5 pulgadas<br \/>\n3. Debido a la medici\u00f3n manual, puede haber un error de 0,78-1,18 pulgadas<br \/>\n4. Excepto por la bolsa, las cosas en las im\u00e1genes no est\u00e1n incluidas<br \/>\nPeso del producto: 0,85 libras<\/p>\n<\/div>\n<div><img decoding=\"async\" title=\"Tanluhu, mochila con chaleco de hidrataci\u00f3n para correr, 15l, bolsa para deportes al aire libre para senderismo, carreras, Marat\u00f3n, ciclismo, senderismo y escalada, paquete XL\" src=\"https:\/\/bodegaoutdoor.cl\/store\/wp-content\/uploads\/2020\/07\/8489-rnhdy3.jpg\" alt=\"Tanluhu, mochila con chaleco de hidrataci\u00f3n para correr, 15l, bolsa para deportes al aire libre para senderismo, carreras, Marat\u00f3n, ciclismo, senderismo y escalada, paquete XL\" \/><\/div>\n<div><img decoding=\"async\" title=\"Tanluhu, mochila con chaleco de hidrataci\u00f3n para correr, 15l, bolsa para deportes al aire libre para senderismo, carreras, Marat\u00f3n, ciclismo, senderismo y escalada, paquete XL\" src=\"https:\/\/bodegaoutdoor.cl\/store\/wp-content\/uploads\/2020\/07\/8489-fwxyhm.jpg\" alt=\"Tanluhu, mochila con chaleco de hidrataci\u00f3n para correr, 15l, bolsa para deportes al aire libre para senderismo, carreras, Marat\u00f3n, ciclismo, senderismo y escalada, paquete XL\" \/><\/div>\n<div><img decoding=\"async\" title=\"Tanluhu, mochila con chaleco de hidrataci\u00f3n para correr, 15l, bolsa para deportes al aire libre para senderismo, carreras, Marat\u00f3n, ciclismo, senderismo y escalada, paquete XL\" src=\"https:\/\/bodegaoutdoor.cl\/store\/wp-content\/uploads\/2020\/07\/8489-1ykqed.jpg\" alt=\"Tanluhu, mochila con chaleco de hidrataci\u00f3n para correr, 15l, bolsa para deportes al aire libre para senderismo, carreras, Marat\u00f3n, ciclismo, senderismo y escalada, paquete XL\" \/><\/div>\n<div>\n<p style=\"font-family: 'OpenSans'; color: #000; font-weight: 900; font-size: 20px; line-height: 28px; margin-bottom: 12px;\">\u00bfQu\u00e9 es 2L hidrataci\u00f3n vejiga de agua<\/p>\n<p style=\"font-family: 'OpenSans'; color: #000; font-weight: 300; font-size: 14px; line-height: 20px; margin-bottom: 12px;\">La vejiga de agua de hidrataci\u00f3n de 2 L es opcional, pasa el SGS , SGS es la organizaci\u00f3n l\u00edder mundial de inspecci\u00f3n, verificaci\u00f3n, pruebas y certificaci\u00f3n y un punto de referencia mundialmente reconocido para la calidad y la integridad.<br \/>\n100% libre de BPA y PVC<\/p>\n<p>&nbsp;<\/p>\n<\/div>\n<div>\n<p style=\"font-family: 'OpenSans'; color: #000; font-weight: 900; font-size: 20px; line-height: 28px; margin-bottom: 12px;\">Amplia apertura, f\u00e1cil de llenar o limpiar<\/p>\n<p><img decoding=\"async\" title=\"Tanluhu, mochila con chaleco de hidrataci\u00f3n para correr, 15l, bolsa para deportes al aire libre para senderismo, carreras, Marat\u00f3n, ciclismo, senderismo y escalada, paquete XL\" src=\"https:\/\/bodegaoutdoor.cl\/store\/wp-content\/uploads\/2020\/07\/8489-ungk6l.png\" alt=\"Tanluhu, mochila con chaleco de hidrataci\u00f3n para correr, 15l, bolsa para deportes al aire libre para senderismo, carreras, Marat\u00f3n, ciclismo, senderismo y escalada, paquete XL\" \/><\/p>\n<\/div>\n<div>\n<p style=\"font-family: 'OpenSans'; color: #000; font-weight: 900; font-size: 20px; line-height: 28px; margin-bottom: 12px;\">Boca de cebo suave y agua f\u00e1cil de beber<\/p>\n<p><img decoding=\"async\" title=\"Tanluhu, mochila con chaleco de hidrataci\u00f3n para correr, 15l, bolsa para deportes al aire libre para senderismo, carreras, Marat\u00f3n, ciclismo, senderismo y escalada, paquete XL\" src=\"https:\/\/bodegaoutdoor.cl\/store\/wp-content\/uploads\/2020\/07\/8489-bcpldd.png\" alt=\"Tanluhu, mochila con chaleco de hidrataci\u00f3n para correr, 15l, bolsa para deportes al aire libre para senderismo, carreras, Marat\u00f3n, ciclismo, senderismo y escalada, paquete XL\" \/><img decoding=\"async\" title=\"Tanluhu, mochila con chaleco de hidrataci\u00f3n para correr, 15l, bolsa para deportes al aire libre para senderismo, carreras, Marat\u00f3n, ciclismo, senderismo y escalada, paquete XL\" src=\"https:\/\/bodegaoutdoor.cl\/store\/wp-content\/uploads\/2020\/07\/8489-ugeqew.png\" alt=\"Tanluhu, mochila con chaleco de hidrataci\u00f3n para correr, 15l, bolsa para deportes al aire libre para senderismo, carreras, Marat\u00f3n, ciclismo, senderismo y escalada, paquete XL\" \/><\/p>\n<\/div>\n<div>\n<p style=\"font-family: 'OpenSans'; color: #000; font-weight: 900; font-size: 20px; line-height: 28px; margin-bottom: 12px;\">Lo que es 500ml Frasco blando<\/p>\n<p style=\"font-family: 'OpenSans'; color: #000; font-weight: 300; font-size: 14px; line-height: 20px; margin-bottom: 12px;\">100% libre de BPA y PVC<br \/>\nEl senderismo con matraz de agua suave es compacto y tiene una larga vida \u00fatil para un uso duradero. El matraz est\u00e1 vertical Cuando est\u00e1 lleno y se encoge en el volumen m\u00ednimo mientras est\u00e1 vac\u00edo, excelente dise\u00f1o para ahorrar espacio. No dude en beber o llenarlo. Cuanto m\u00e1s bebe, m\u00e1s peque\u00f1o es.<\/p>\n<p>&nbsp;<\/p>\n<\/div>\n<div>\n<p style=\"font-family: 'OpenSans'; color: #000; font-weight: 300; font-size: 14px; line-height: 20px; margin-bottom: 12px;\">La ligera exfoliaci\u00f3n proporciona una gran hidrataci\u00f3n. Bebe agua con la pajita directamente o Ll\u00e9vatela f\u00e1cilmente sin quitar la mochila o Detener tus pasos. Botella de agua plegable conveniente para sus deportes al aire libre<\/p>\n<p>&nbsp;<\/p>\n<\/div>\n<div><img decoding=\"async\" title=\"Tanluhu, mochila con chaleco de hidrataci\u00f3n para correr, 15l, bolsa para deportes al aire libre para senderismo, carreras, Marat\u00f3n, ciclismo, senderismo y escalada, paquete XL\" src=\"https:\/\/bodegaoutdoor.cl\/store\/wp-content\/uploads\/2020\/07\/8489-laob5f.jpg\" alt=\"Tanluhu, mochila con chaleco de hidrataci\u00f3n para correr, 15l, bolsa para deportes al aire libre para senderismo, carreras, Marat\u00f3n, ciclismo, senderismo y escalada, paquete XL\" \/><\/div>\n<div><img decoding=\"async\" title=\"Tanluhu, mochila con chaleco de hidrataci\u00f3n para correr, 15l, bolsa para deportes al aire libre para senderismo, carreras, Marat\u00f3n, ciclismo, senderismo y escalada, paquete XL\" src=\"https:\/\/bodegaoutdoor.cl\/store\/wp-content\/uploads\/2020\/07\/8489-b4rhy4.jpg\" alt=\"Tanluhu, mochila con chaleco de hidrataci\u00f3n para correr, 15l, bolsa para deportes al aire libre para senderismo, carreras, Marat\u00f3n, ciclismo, senderismo y escalada, paquete XL\" \/><\/div>\n<div><img decoding=\"async\" title=\"Tanluhu, mochila con chaleco de hidrataci\u00f3n para correr, 15l, bolsa para deportes al aire libre para senderismo, carreras, Marat\u00f3n, ciclismo, senderismo y escalada, paquete XL\" src=\"https:\/\/bodegaoutdoor.cl\/store\/wp-content\/uploads\/2020\/07\/8489-2o5tn3.jpg\" alt=\"Tanluhu, mochila con chaleco de hidrataci\u00f3n para correr, 15l, bolsa para deportes al aire libre para senderismo, carreras, Marat\u00f3n, ciclismo, senderismo y escalada, paquete XL\" \/><\/div>\n\n    <div class=\"xs_social_share_widget xs_share_url after_content \t\tmain_content  wslu-style-1 wslu-share-box-shaped wslu-fill-colored wslu-none wslu-share-horizontal wslu-theme-font-no wslu-main_content\">\n\n\t\t\n        <ul>\n\t\t\t        <\/ul>\n    <\/div> \n","protected":false},"excerpt":{"rendered":"<p>Caracter\u00edsticas principales: Tanluhu 15L gran capacidad: su volumen modesto y su gran capacidad de 15l le permiten llenar la bolsa de agua f\u00e1cilmente. Consiste en el bolsillo principal de la bolsa de agua, los bolsillos frontales de la botella de agua y el bolsillo del tel\u00e9fono inteligente de 5,5 pulgadas, tambi\u00e9n est\u00e1 equipado con bolsillos [&hellip;]<\/p>\n","protected":false},"featured_media":8576,"comment_status":"open","ping_status":"closed","template":"","meta":{"jetpack_publicize_message":"","jetpack_publicize_feature_enabled":true,"jetpack_social_post_already_shared":true,"jetpack_social_options":{"image_generator_settings":{"template":"highway","enabled":false},"version":2}},"product_brand":[],"product_cat":[195,238],"product_tag":[],"class_list":{"0":"post-8489","1":"product","2":"type-product","3":"status-publish","4":"has-post-thumbnail","6":"product_cat-mochilas","7":"product_cat-mochilas-10-30-litros","9":"first","10":"instock","11":"sale","12":"taxable","13":"shipping-taxable","14":"purchasable","15":"product-type-variable"},"jetpack_publicize_connections":[],"jetpack_sharing_enabled":true,"_links":{"self":[{"href":"https:\/\/bodegaoutdoor.cl\/store\/wp-json\/wp\/v2\/product\/8489","targetHints":{"allow":["GET"]}}],"collection":[{"href":"https:\/\/bodegaoutdoor.cl\/store\/wp-json\/wp\/v2\/product"}],"about":[{"href":"https:\/\/bodegaoutdoor.cl\/store\/wp-json\/wp\/v2\/types\/product"}],"replies":[{"embeddable":true,"href":"https:\/\/bodegaoutdoor.cl\/store\/wp-json\/wp\/v2\/comments?post=8489"}],"version-history":[{"count":2,"href":"https:\/\/bodegaoutdoor.cl\/store\/wp-json\/wp\/v2\/product\/8489\/revisions"}],"predecessor-version":[{"id":71315,"href":"https:\/\/bodegaoutdoor.cl\/store\/wp-json\/wp\/v2\/product\/8489\/revisions\/71315"}],"wp:featuredmedia":[{"embeddable":true,"href":"https:\/\/bodegaoutdoor.cl\/store\/wp-json\/wp\/v2\/media\/8576"}],"wp:attachment":[{"href":"https:\/\/bodegaoutdoor.cl\/store\/wp-json\/wp\/v2\/media?parent=8489"}],"wp:term":[{"taxonomy":"product_brand","embeddable":true,"href":"https:\/\/bodegaoutdoor.cl\/store\/wp-json\/wp\/v2\/product_brand?post=8489"},{"taxonomy":"product_cat","embeddable":true,"href":"https:\/\/bodegaoutdoor.cl\/store\/wp-json\/wp\/v2\/product_cat?post=8489"},{"taxonomy":"product_tag","embeddable":true,"href":"https:\/\/bodegaoutdoor.cl\/store\/wp-json\/wp\/v2\/product_tag?post=8489"}],"curies":[{"name":"wp","href":"https:\/\/api.w.org\/{rel}","templated":true}]}}