{"id":84937,"date":"2024-07-25T09:20:03","date_gmt":"2024-07-25T13:20:03","guid":{"rendered":"https:\/\/bodegaoutdoor.cl\/store\/product\/sudadera-con-estampado-digital-3d-de-hojas-de-arce-bionico-ropa-de-camuflaje-y-pino-para-pesca-camping-caza-abrigos-chaquetas-con-gorro\/"},"modified":"2024-07-25T14:43:05","modified_gmt":"2024-07-25T18:43:05","slug":"pleron-canguro-con-estampado-digital-3d-de-hojas-de-arce-pino-con-gorro","status":"publish","type":"product","link":"https:\/\/bodegaoutdoor.cl\/store\/product\/pleron-canguro-con-estampado-digital-3d-de-hojas-de-arce-pino-con-gorro\/","title":{"rendered":"Poleron canguro  con estampado Digital 3D de Hojas de arce pino con gorro"},"content":{"rendered":"<div>\n<div>\n<div>\n<div>\n<div>\n<div>\n<div>\n<div>\n<div>\n<div>\n<p><strong><span style=\"font-size: 18px;\">Sudadera con estampado Digital en 3D de camuflaje con Hojas de arce y pino con capucha.<\/span><\/strong><\/p>\n<p><span style=\"font-family: tahoma, geneva, sans-serif;\"><span style=\"font-size: 16px;\">Material: 95 POLI\u00c9STER + 5% LICRA<\/span><\/span><\/p>\n<p><span style=\"font-family: tahoma, geneva, sans-serif;\"><span style=\"font-size: 16px;\">Adecuado para el g\u00e9nero: unisex, elija la talla que necesita<\/span><\/span><\/p>\n<p><span style=\"font-family: tahoma, geneva, sans-serif;\"><span style=\"font-size: 16px;\">Adecuado para estaciones: primavera, Oto\u00f1o e Invierno<\/span><\/span><\/p>\n<p><span style=\"font-family: tahoma, geneva, sans-serif;\"><span style=\"font-size: 16px;\">Con cuerda para el cuello, cuando est\u00e9 al aire libre en el fr\u00edo, mantenga el viento fuera. Es c\u00e1lido.<\/span><\/span><\/p>\n<p><span style=\"font-family: tahoma, geneva, sans-serif;\"><span style=\"font-size: 16px;\">Utiliza materiales naturales y saludables de alta calidad, protecci\u00f3n del medio ambiente y salud sin grasa, c\u00f3modos de llevar.<\/span><\/span><\/p>\n<p><span style=\"font-size: 16px;\">Peso: aproximadamente 500g. Algunos vendedores solo pesan 400 gramos para el mismo estilo, pero el nuestro es m\u00e1s grueso y de mejor calidad.<\/span><\/p>\n<div><img decoding=\"async\" style=\"font-size: 18px;\" title=\"Sudadera con estampado Digital 3D de Hojas de arce bi\u00f3nico, ropa de camuflaje y pino para pesca, Camping, caza, Abrigos, Chaquetas con gorro\" src=\"https:\/\/bodegaoutdoor.cl\/store\/wp-content\/uploads\/2024\/07\/84937-xgek5y.jpg\" alt=\"Sudadera con estampado Digital 3D de Hojas de arce bi\u00f3nico, ropa de camuflaje y pino para pesca, Camping, caza, Abrigos, Chaquetas con gorro\" \/><\/div>\n<div><span style=\"font-size: 18px;\">Altura 168cm, peso 65kg, tama\u00f1o M est\u00e1 bien.<\/span><\/div>\n<p><span style=\"font-family: sans-serif;\"><span style=\"font-size: 16px;\">Camuflaje de Hojas de arce<\/span><\/span><\/p>\n<p><img decoding=\"async\" title=\"Sudadera con estampado Digital 3D de Hojas de arce bi\u00f3nico, ropa de camuflaje y pino para pesca, Camping, caza, Abrigos, Chaquetas con gorro\" src=\"https:\/\/bodegaoutdoor.cl\/store\/wp-content\/uploads\/2024\/07\/84937-mnqcjq.jpg\" alt=\"Sudadera con estampado Digital 3D de Hojas de arce bi\u00f3nico, ropa de camuflaje y pino para pesca, Camping, caza, Abrigos, Chaquetas con gorro\" \/><img decoding=\"async\" title=\"Sudadera con estampado Digital 3D de Hojas de arce bi\u00f3nico, ropa de camuflaje y pino para pesca, Camping, caza, Abrigos, Chaquetas con gorro\" src=\"https:\/\/bodegaoutdoor.cl\/store\/wp-content\/uploads\/2024\/07\/84937-73rdkx.jpg\" alt=\"Sudadera con estampado Digital 3D de Hojas de arce bi\u00f3nico, ropa de camuflaje y pino para pesca, Camping, caza, Abrigos, Chaquetas con gorro\" \/><img decoding=\"async\" title=\"Sudadera con estampado Digital 3D de Hojas de arce bi\u00f3nico, ropa de camuflaje y pino para pesca, Camping, caza, Abrigos, Chaquetas con gorro\" src=\"https:\/\/bodegaoutdoor.cl\/store\/wp-content\/uploads\/2024\/07\/84937-ooiywv.jpg\" alt=\"Sudadera con estampado Digital 3D de Hojas de arce bi\u00f3nico, ropa de camuflaje y pino para pesca, Camping, caza, Abrigos, Chaquetas con gorro\" \/><img decoding=\"async\" title=\"Sudadera con estampado Digital 3D de Hojas de arce bi\u00f3nico, ropa de camuflaje y pino para pesca, Camping, caza, Abrigos, Chaquetas con gorro\" src=\"https:\/\/bodegaoutdoor.cl\/store\/wp-content\/uploads\/2024\/07\/84937-riwkl9.jpg\" alt=\"Sudadera con estampado Digital 3D de Hojas de arce bi\u00f3nico, ropa de camuflaje y pino para pesca, Camping, caza, Abrigos, Chaquetas con gorro\" \/><img decoding=\"async\" title=\"Sudadera con estampado Digital 3D de Hojas de arce bi\u00f3nico, ropa de camuflaje y pino para pesca, Camping, caza, Abrigos, Chaquetas con gorro\" src=\"https:\/\/bodegaoutdoor.cl\/store\/wp-content\/uploads\/2024\/07\/84937-roixp4.jpg\" alt=\"Sudadera con estampado Digital 3D de Hojas de arce bi\u00f3nico, ropa de camuflaje y pino para pesca, Camping, caza, Abrigos, Chaquetas con gorro\" \/><img decoding=\"async\" title=\"Sudadera con estampado Digital 3D de Hojas de arce bi\u00f3nico, ropa de camuflaje y pino para pesca, Camping, caza, Abrigos, Chaquetas con gorro\" src=\"https:\/\/bodegaoutdoor.cl\/store\/wp-content\/uploads\/2024\/07\/84937-x22zk7.jpg\" alt=\"Sudadera con estampado Digital 3D de Hojas de arce bi\u00f3nico, ropa de camuflaje y pino para pesca, Camping, caza, Abrigos, Chaquetas con gorro\" \/><img decoding=\"async\" title=\"Sudadera con estampado Digital 3D de Hojas de arce bi\u00f3nico, ropa de camuflaje y pino para pesca, Camping, caza, Abrigos, Chaquetas con gorro\" src=\"https:\/\/bodegaoutdoor.cl\/store\/wp-content\/uploads\/2024\/07\/84937-xwqfs4.jpg\" alt=\"Sudadera con estampado Digital 3D de Hojas de arce bi\u00f3nico, ropa de camuflaje y pino para pesca, Camping, caza, Abrigos, Chaquetas con gorro\" \/><img decoding=\"async\" title=\"Sudadera con estampado Digital 3D de Hojas de arce bi\u00f3nico, ropa de camuflaje y pino para pesca, Camping, caza, Abrigos, Chaquetas con gorro\" src=\"https:\/\/bodegaoutdoor.cl\/store\/wp-content\/uploads\/2024\/07\/84937-qgtsjc.jpg\" alt=\"Sudadera con estampado Digital 3D de Hojas de arce bi\u00f3nico, ropa de camuflaje y pino para pesca, Camping, caza, Abrigos, Chaquetas con gorro\" \/><\/p>\n<p><span style=\"font-size: 14px; font-family: tahoma, geneva, sans-serif;\">Notas:<\/span><\/p>\n<div><span style=\"font-family: tahoma, geneva, sans-serif;\"><span style=\"font-size: 14px;\">Debido a la diferencia entre diferentes monitores, la imagen puede no reflejar el color real del art\u00edculo. Garantizamos que el estilo es el mismo que se muestra en las im\u00e1genes.<\/span><\/span><\/div>\n<div><span style=\"font-family: tahoma, geneva, sans-serif;\"><span style=\"font-size: 14px;\">Permita una ligera diferencia de dimensi\u00f3n debido a las diferentes medidas manuales.<\/span><\/span><\/div>\n<p>&nbsp;<\/p>\n<\/div>\n<\/div>\n<div><\/div>\n<\/div>\n<div>\n<div><\/div>\n<\/div>\n<div><\/div>\n<\/div>\n<\/div>\n<\/div>\n<\/div>\n<\/div>\n<p>&nbsp;<\/p>\n<\/div>\n<\/div>\n\n    <div class=\"xs_social_share_widget xs_share_url after_content \t\tmain_content  wslu-style-1 wslu-share-box-shaped wslu-fill-colored wslu-none wslu-share-horizontal wslu-theme-font-no wslu-main_content\">\n\n\t\t\n        <ul>\n\t\t\t        <\/ul>\n    <\/div> \n","protected":false},"excerpt":{"rendered":"<p>Sudadera con estampado Digital en 3D de camuflaje con Hojas de arce y pino con capucha. Material: 95 POLI\u00c9STER + 5% LICRA Adecuado para el g\u00e9nero: unisex, elija la talla que necesita Adecuado para estaciones: primavera, Oto\u00f1o e Invierno Con cuerda para el cuello, cuando est\u00e9 al aire libre en el fr\u00edo, mantenga el viento [&hellip;]<\/p>\n","protected":false},"featured_media":84942,"comment_status":"open","ping_status":"closed","template":"","meta":{"jetpack_publicize_message":"","jetpack_publicize_feature_enabled":true,"jetpack_social_post_already_shared":true,"jetpack_social_options":{"image_generator_settings":{"template":"highway","enabled":false},"version":2}},"product_brand":[],"product_cat":[487,72,69],"product_tag":[],"class_list":{"0":"post-84937","1":"product","2":"type-product","3":"status-publish","4":"has-post-thumbnail","6":"product_cat-airsoft","7":"product_cat-hombre-segunda","8":"product_cat-mujer-segunda","10":"first","11":"instock","12":"sale","13":"taxable","14":"shipping-taxable","15":"purchasable","16":"product-type-variable"},"jetpack_publicize_connections":[],"jetpack_sharing_enabled":true,"_links":{"self":[{"href":"https:\/\/bodegaoutdoor.cl\/store\/wp-json\/wp\/v2\/product\/84937","targetHints":{"allow":["GET"]}}],"collection":[{"href":"https:\/\/bodegaoutdoor.cl\/store\/wp-json\/wp\/v2\/product"}],"about":[{"href":"https:\/\/bodegaoutdoor.cl\/store\/wp-json\/wp\/v2\/types\/product"}],"replies":[{"embeddable":true,"href":"https:\/\/bodegaoutdoor.cl\/store\/wp-json\/wp\/v2\/comments?post=84937"}],"version-history":[{"count":13,"href":"https:\/\/bodegaoutdoor.cl\/store\/wp-json\/wp\/v2\/product\/84937\/revisions"}],"predecessor-version":[{"id":85164,"href":"https:\/\/bodegaoutdoor.cl\/store\/wp-json\/wp\/v2\/product\/84937\/revisions\/85164"}],"wp:featuredmedia":[{"embeddable":true,"href":"https:\/\/bodegaoutdoor.cl\/store\/wp-json\/wp\/v2\/media\/84942"}],"wp:attachment":[{"href":"https:\/\/bodegaoutdoor.cl\/store\/wp-json\/wp\/v2\/media?parent=84937"}],"wp:term":[{"taxonomy":"product_brand","embeddable":true,"href":"https:\/\/bodegaoutdoor.cl\/store\/wp-json\/wp\/v2\/product_brand?post=84937"},{"taxonomy":"product_cat","embeddable":true,"href":"https:\/\/bodegaoutdoor.cl\/store\/wp-json\/wp\/v2\/product_cat?post=84937"},{"taxonomy":"product_tag","embeddable":true,"href":"https:\/\/bodegaoutdoor.cl\/store\/wp-json\/wp\/v2\/product_tag?post=84937"}],"curies":[{"name":"wp","href":"https:\/\/api.w.org\/{rel}","templated":true}]}}