{"id":85042,"date":"2024-07-25T09:51:45","date_gmt":"2024-07-25T13:51:45","guid":{"rendered":"https:\/\/bodegaoutdoor.cl\/store\/product\/mini-bolsa-de-hidratacion-2-en-1-paquete-de-hidratacion-rasgado-ifak-parche-medico-bolsa-molle-bolsa-de-caza\/"},"modified":"2024-07-25T09:53:49","modified_gmt":"2024-07-25T13:53:49","slug":"mini-bolsa-de-hidratacion-2-en-1-paquete-de-hidratacion-rasgado-ifak-parche-medico-bolsa-molle-bolsa-de-caza","status":"publish","type":"product","link":"https:\/\/bodegaoutdoor.cl\/store\/product\/mini-bolsa-de-hidratacion-2-en-1-paquete-de-hidratacion-rasgado-ifak-parche-medico-bolsa-molle-bolsa-de-caza\/","title":{"rendered":"Mini bolsa de hidrataci\u00f3n 2 en 1, paquete de hidrataci\u00f3n, rasgado, IFAK, parche m\u00e9dico, bolsa MOLLE, bolsa de caza"},"content":{"rendered":"<div>\n<div>\n<h1 style=\"font-size: 32px; font-weight: bold; text-align: center; margin: 0px 0px 20px 0px; padding: 0px 4px 0px 0px;\" align=\"center\"><span id=\"tl_1\" style=\"font-size: 20px;\">Mini bolsa de hidrataci\u00f3n 2 en 1 Mini Paquete de hidrataci\u00f3n Rip Away IFAK bolsa m\u00e9dica Med Patch MOLLE bolsa de caza<\/span><\/h1>\n<p><span id=\"tl_2\" style=\"font-size: 20px;\">Peso: 400g aproximadamente<\/span><\/p>\n<p><span id=\"tl_3\" style=\"font-size: 20px;\">Tama\u00f1o: como en la imagen<\/span><\/p>\n<p><span id=\"tl_4\" style=\"font-size: 20px;\">Color:Ranger verde, negro, gris Lobo, Multicam<\/span><\/p>\n<p><span id=\"tl_5\" style=\"font-size: 24px;\">Paquete: 1 * Paquete de hidrataci\u00f3n, 1 * bolsa m\u00e9dica IFAK *<\/span><span style=\"font-size: 24px;\"><span id=\"tl_6\">Un parche m\u00e9dico rojo (no incluye vejiga de agua)<\/span><\/span><\/p>\n<p><span id=\"tl_7\" style=\"font-size: 20px;\">Caracter\u00edstica:<\/span><\/p>\n<ul>\n<li><span id=\"tl_8\" style=\"font-size: 20px;\">[Paquete de hidrataci\u00f3n e hidropaquete]: un paquete de agua principal espacioso para llevar una vejiga de agua de 1,5-2L. Dos salidas de vejiga con tapa protectora en la parte superior del paquete de hidrataci\u00f3n, por lo que la tuber\u00eda de agua se puede cambiar la posici\u00f3n al lado izquierdo o derecho en cualquier momento. Caracter\u00edsticas a Panel molle de gancho y bucle en la parte frontal del paquete que utiliza correas debajo del panel para que sea m\u00e1s duradero y perfecto para llevar bolsa de administraci\u00f3n molle\/soporte para tel\u00e9fono\/EDC bolsillo\/Herramienta Molle Bolsa<\/span><\/li>\n<li><span id=\"tl_9\" style=\"font-size: 20px;\">[Compatible con bolsa de hidrataci\u00f3n\/kit IFAK]: El paquete de hidrataci\u00f3n tiene dos correas molle en la espalda, que se pueden unir a su chaleco, mochila activa, plataforma de pecho y otros accesorios Molle, muy adecuado para deportes al aire libre, monta\u00f1ismo, senderismo. Hay un peque\u00f1o botiqu\u00edn m\u00e9dico delante de la bolsa de hidrataci\u00f3n. Y la parte posterior del kit ifak utiliza gancho y lazo para pegar la bolsa de agua, muy f\u00e1cil de arrancar y abrir, tambi\u00e9n puede almacenar torniquetes\/hemostatos\/Tijeras\/NPA,OPA<\/span><\/li>\n<li><span id=\"tl_10\" style=\"font-size: 20px;\">[Paquetes de hidrataci\u00f3n de dise\u00f1o \u00fanico]: estos paquetes de hidrataci\u00f3n tienen dos correas con hebilla de liberaci\u00f3n r\u00e1pida para asegurar su paquete. Este soporte de hidrataci\u00f3n cuenta con cremallera YKK de dos v\u00edas y hebilla resistente y duradera, lo que lo hace m\u00e1s suave, conveniente y pr\u00e1ctico cuando lo usas. El La bolsa de hidrataci\u00f3n viene con tres ganchos de pl\u00e1stico en el interior y 1 compartimento para asegurar la c\u00e1mara de agua. Un peque\u00f1o panel de gancho y bucle en la parte frontal del kit ifak, puede usar el parche rojo para hacer que su bolsa m\u00e9dica sea m\u00e1s reconocible<\/span><\/li>\n<li><span id=\"tl_11\" style=\"font-size: 20px;\">[Material del soporte de hidrataci\u00f3n e incluye]: El hidropack est\u00e1 hecho de tela de nailon 600D duradero y las superficies internas est\u00e1n hechas de material impermeable. Los buenos materiales impermeables tambi\u00e9n le brindan una mejor experiencia de deportes al aire libre. Incluye un paquete de hidrataci\u00f3n principal y una peque\u00f1a bolsa m\u00e9dica para ifak. Tambi\u00e9n un parche rojo med<\/span><\/li>\n<li><span id=\"tl_12\" style=\"font-size: 20px;\">[La c\u00e1mara de hidrataci\u00f3n y el tama\u00f1o del kit IFAK] El Tama\u00f1o del paquete de hidrataci\u00f3n principal es 11,5 &#8221;x 8,4&#8221; x 3 &#8221;, el tama\u00f1o del kit IFAK es 7&#8221; x 6 .. 5 &#8221;x 2. El peso neto del hidropaquete es de 440G<\/span><\/li>\n<\/ul>\n<p><img decoding=\"async\" src=\"https:\/\/bodegaoutdoor.cl\/store\/wp-content\/uploads\/2024\/07\/85042-sftas1.jpg\" \/><\/p>\n<p><img decoding=\"async\" src=\"https:\/\/bodegaoutdoor.cl\/store\/wp-content\/uploads\/2024\/07\/85042-xffjpy.jpg\" \/><\/p>\n<p><img decoding=\"async\" src=\"https:\/\/bodegaoutdoor.cl\/store\/wp-content\/uploads\/2024\/07\/85042-trkz3e.jpg\" \/><\/p>\n<p><img decoding=\"async\" src=\"https:\/\/bodegaoutdoor.cl\/store\/wp-content\/uploads\/2024\/07\/85042-vrhjut.jpg\" \/><\/p>\n<p><img decoding=\"async\" src=\"https:\/\/bodegaoutdoor.cl\/store\/wp-content\/uploads\/2024\/07\/85042-a0qecj.jpg\" \/><\/p>\n<p><img decoding=\"async\" src=\"https:\/\/bodegaoutdoor.cl\/store\/wp-content\/uploads\/2024\/07\/85042-al5ulb.jpg\" \/><\/p>\n<p><img decoding=\"async\" src=\"\/\/ae01.alicdn.com\/kf\/Sc14426a29aca44ca9f4918bf52e97937M.jpg\" \/><\/p>\n<p>&nbsp;<\/p>\n<\/div>\n<\/div>\n\n    <div class=\"xs_social_share_widget xs_share_url after_content \t\tmain_content  wslu-style-1 wslu-share-box-shaped wslu-fill-colored wslu-none wslu-share-horizontal wslu-theme-font-no wslu-main_content\">\n\n\t\t\n        <ul>\n\t\t\t        <\/ul>\n    <\/div> \n","protected":false},"excerpt":{"rendered":"<p>Mini bolsa de hidrataci\u00f3n 2 en 1 Mini Paquete de hidrataci\u00f3n Rip Away IFAK bolsa m\u00e9dica Med Patch MOLLE bolsa de caza Peso: 400g aproximadamente Tama\u00f1o: como en la imagen Color:Ranger verde, negro, gris Lobo, Multicam Paquete: 1 * Paquete de hidrataci\u00f3n, 1 * bolsa m\u00e9dica IFAK *Un parche m\u00e9dico rojo (no incluye vejiga de [&hellip;]<\/p>\n","protected":false},"featured_media":85047,"comment_status":"open","ping_status":"closed","template":"","meta":{"jetpack_publicize_message":"","jetpack_publicize_feature_enabled":true,"jetpack_social_post_already_shared":true,"jetpack_social_options":{"image_generator_settings":{"template":"highway","enabled":false},"version":2}},"product_brand":[],"product_cat":[195,238],"product_tag":[],"class_list":{"0":"post-85042","1":"product","2":"type-product","3":"status-publish","4":"has-post-thumbnail","6":"product_cat-mochilas","7":"product_cat-mochilas-10-30-litros","9":"first","10":"instock","11":"taxable","12":"shipping-taxable","13":"purchasable","14":"product-type-variable"},"jetpack_publicize_connections":[],"jetpack_sharing_enabled":true,"_links":{"self":[{"href":"https:\/\/bodegaoutdoor.cl\/store\/wp-json\/wp\/v2\/product\/85042","targetHints":{"allow":["GET"]}}],"collection":[{"href":"https:\/\/bodegaoutdoor.cl\/store\/wp-json\/wp\/v2\/product"}],"about":[{"href":"https:\/\/bodegaoutdoor.cl\/store\/wp-json\/wp\/v2\/types\/product"}],"replies":[{"embeddable":true,"href":"https:\/\/bodegaoutdoor.cl\/store\/wp-json\/wp\/v2\/comments?post=85042"}],"version-history":[{"count":9,"href":"https:\/\/bodegaoutdoor.cl\/store\/wp-json\/wp\/v2\/product\/85042\/revisions"}],"predecessor-version":[{"id":85072,"href":"https:\/\/bodegaoutdoor.cl\/store\/wp-json\/wp\/v2\/product\/85042\/revisions\/85072"}],"wp:featuredmedia":[{"embeddable":true,"href":"https:\/\/bodegaoutdoor.cl\/store\/wp-json\/wp\/v2\/media\/85047"}],"wp:attachment":[{"href":"https:\/\/bodegaoutdoor.cl\/store\/wp-json\/wp\/v2\/media?parent=85042"}],"wp:term":[{"taxonomy":"product_brand","embeddable":true,"href":"https:\/\/bodegaoutdoor.cl\/store\/wp-json\/wp\/v2\/product_brand?post=85042"},{"taxonomy":"product_cat","embeddable":true,"href":"https:\/\/bodegaoutdoor.cl\/store\/wp-json\/wp\/v2\/product_cat?post=85042"},{"taxonomy":"product_tag","embeddable":true,"href":"https:\/\/bodegaoutdoor.cl\/store\/wp-json\/wp\/v2\/product_tag?post=85042"}],"curies":[{"name":"wp","href":"https:\/\/api.w.org\/{rel}","templated":true}]}}