{"id":85393,"date":"2024-08-08T16:13:46","date_gmt":"2024-08-08T20:13:46","guid":{"rendered":"https:\/\/bodegaoutdoor.cl\/store\/?post_type=product&#038;p=85393"},"modified":"2024-08-09T10:47:54","modified_gmt":"2024-08-09T14:47:54","slug":"rinonera-tactica-multifuncion-bolsa-de-reciclaje-molle-accesorios-de-equipo-de-paintball-para-caza","status":"publish","type":"product","link":"https:\/\/bodegaoutdoor.cl\/store\/product\/rinonera-tactica-multifuncion-bolsa-de-reciclaje-molle-accesorios-de-equipo-de-paintball-para-caza\/","title":{"rendered":"Bolo t\u00e1ctico multifunci\u00f3n, Molle Administrativo"},"content":{"rendered":"<div>\n<div>\n<p>&nbsp;<\/p>\n<p>&nbsp;<\/p>\n<div style=\"width: 790px;\">\n<div><img decoding=\"async\" style=\"width: 100%; height: auto;\" title=\"Ri\u00f1onera t\u00e1ctica multifunci\u00f3n, bolsa de reciclaje Molle, accesorios de equipo de Paintball para caza\" src=\"https:\/\/bodegaoutdoor.cl\/store\/wp-content\/uploads\/2024\/08\/85393-jgegtm.jpg\" alt=\"Ri\u00f1onera t\u00e1ctica multifunci\u00f3n, bolsa de reciclaje Molle, accesorios de equipo de Paintball para caza\" usemap=\"#_sdmap_0\" width=\"100%\" height=\"auto\" \/><br \/>\n<img decoding=\"async\" style=\"width: 100%; height: auto;\" title=\"Ri\u00f1onera t\u00e1ctica multifunci\u00f3n, bolsa de reciclaje Molle, accesorios de equipo de Paintball para caza\" src=\"https:\/\/bodegaoutdoor.cl\/store\/wp-content\/uploads\/2024\/08\/85393-ch972t.jpg\" alt=\"Ri\u00f1onera t\u00e1ctica multifunci\u00f3n, bolsa de reciclaje Molle, accesorios de equipo de Paintball para caza\" usemap=\"#_sdmap_2\" width=\"100%\" height=\"auto\" \/><br \/>\n<img decoding=\"async\" style=\"width: 100%; height: auto;\" title=\"Ri\u00f1onera t\u00e1ctica multifunci\u00f3n, bolsa de reciclaje Molle, accesorios de equipo de Paintball para caza\" src=\"https:\/\/bodegaoutdoor.cl\/store\/wp-content\/uploads\/2024\/08\/85393-yjox17.jpg\" alt=\"Ri\u00f1onera t\u00e1ctica multifunci\u00f3n, bolsa de reciclaje Molle, accesorios de equipo de Paintball para caza\" usemap=\"#_sdmap_3\" width=\"100%\" height=\"auto\" \/><br \/>\n<img decoding=\"async\" style=\"width: 100%; height: auto;\" title=\"Ri\u00f1onera t\u00e1ctica multifunci\u00f3n, bolsa de reciclaje Molle, accesorios de equipo de Paintball para caza\" src=\"https:\/\/bodegaoutdoor.cl\/store\/wp-content\/uploads\/2024\/08\/85393-qvy8vg.jpg\" alt=\"Ri\u00f1onera t\u00e1ctica multifunci\u00f3n, bolsa de reciclaje Molle, accesorios de equipo de Paintball para caza\" usemap=\"#_sdmap_4\" width=\"100%\" height=\"auto\" \/><br \/>\n<img decoding=\"async\" style=\"width: 100%; height: auto;\" title=\"Ri\u00f1onera t\u00e1ctica multifunci\u00f3n, bolsa de reciclaje Molle, accesorios de equipo de Paintball para caza\" src=\"https:\/\/bodegaoutdoor.cl\/store\/wp-content\/uploads\/2024\/08\/85393-g2axgr.jpg\" alt=\"Ri\u00f1onera t\u00e1ctica multifunci\u00f3n, bolsa de reciclaje Molle, accesorios de equipo de Paintball para caza\" usemap=\"#_sdmap_5\" width=\"100%\" height=\"auto\" \/><br \/>\n<img decoding=\"async\" style=\"width: 100%; height: auto;\" title=\"Ri\u00f1onera t\u00e1ctica multifunci\u00f3n, bolsa de reciclaje Molle, accesorios de equipo de Paintball para caza\" src=\"https:\/\/bodegaoutdoor.cl\/store\/wp-content\/uploads\/2024\/08\/85393-nxshdo.jpg\" alt=\"Ri\u00f1onera t\u00e1ctica multifunci\u00f3n, bolsa de reciclaje Molle, accesorios de equipo de Paintball para caza\" usemap=\"#_sdmap_7\" width=\"100%\" height=\"auto\" \/><br \/>\n<img decoding=\"async\" style=\"width: 100%; height: auto;\" title=\"Ri\u00f1onera t\u00e1ctica multifunci\u00f3n, bolsa de reciclaje Molle, accesorios de equipo de Paintball para caza\" src=\"https:\/\/bodegaoutdoor.cl\/store\/wp-content\/uploads\/2024\/08\/85393-ntsty1.jpg\" alt=\"Ri\u00f1onera t\u00e1ctica multifunci\u00f3n, bolsa de reciclaje Molle, accesorios de equipo de Paintball para caza\" usemap=\"#_sdmap_8\" width=\"100%\" height=\"auto\" \/><br \/>\n<img decoding=\"async\" style=\"width: 100%; height: auto;\" title=\"Ri\u00f1onera t\u00e1ctica multifunci\u00f3n, bolsa de reciclaje Molle, accesorios de equipo de Paintball para caza\" src=\"https:\/\/bodegaoutdoor.cl\/store\/wp-content\/uploads\/2024\/08\/85393-pfhjsc.jpg\" alt=\"Ri\u00f1onera t\u00e1ctica multifunci\u00f3n, bolsa de reciclaje Molle, accesorios de equipo de Paintball para caza\" usemap=\"#_sdmap_9\" width=\"100%\" height=\"auto\" \/><br \/>\n<img decoding=\"async\" style=\"width: 100%; height: auto;\" title=\"Ri\u00f1onera t\u00e1ctica multifunci\u00f3n, bolsa de reciclaje Molle, accesorios de equipo de Paintball para caza\" src=\"https:\/\/bodegaoutdoor.cl\/store\/wp-content\/uploads\/2024\/08\/85393-04a4jt.jpg\" alt=\"Ri\u00f1onera t\u00e1ctica multifunci\u00f3n, bolsa de reciclaje Molle, accesorios de equipo de Paintball para caza\" usemap=\"#_sdmap_10\" width=\"100%\" height=\"auto\" \/><br \/>\n<img decoding=\"async\" style=\"width: 100%; height: auto;\" title=\"Ri\u00f1onera t\u00e1ctica multifunci\u00f3n, bolsa de reciclaje Molle, accesorios de equipo de Paintball para caza\" src=\"https:\/\/bodegaoutdoor.cl\/store\/wp-content\/uploads\/2024\/08\/85393-sqi7os.jpg\" alt=\"Ri\u00f1onera t\u00e1ctica multifunci\u00f3n, bolsa de reciclaje Molle, accesorios de equipo de Paintball para caza\" usemap=\"#_sdmap_11\" width=\"100%\" height=\"auto\" \/><br \/>\n<img decoding=\"async\" style=\"width: 100%; height: auto;\" title=\"Ri\u00f1onera t\u00e1ctica multifunci\u00f3n, bolsa de reciclaje Molle, accesorios de equipo de Paintball para caza\" src=\"https:\/\/bodegaoutdoor.cl\/store\/wp-content\/uploads\/2024\/08\/85393-myhj0v.jpg\" alt=\"Ri\u00f1onera t\u00e1ctica multifunci\u00f3n, bolsa de reciclaje Molle, accesorios de equipo de Paintball para caza\" usemap=\"#_sdmap_12\" width=\"100%\" height=\"auto\" \/><\/div>\n<div style=\"font-family: ali-webfont; font-size: 0px; padding: 10px; width: 395px;\"><\/div>\n<\/div>\n<div id=\"offer-template-1450686315823\"><\/div>\n<p>&nbsp;<\/p>\n<\/div>\n<\/div>\n\n    <div class=\"xs_social_share_widget xs_share_url after_content \t\tmain_content  wslu-style-1 wslu-share-box-shaped wslu-fill-colored wslu-none wslu-share-horizontal wslu-theme-font-no wslu-main_content\">\n\n\t\t\n        <ul>\n\t\t\t        <\/ul>\n    <\/div> \n","protected":false},"excerpt":{"rendered":"<p>&nbsp; &nbsp; &nbsp;<\/p>\n","protected":false},"featured_media":85400,"comment_status":"open","ping_status":"closed","template":"","meta":{"jetpack_publicize_message":"","jetpack_publicize_feature_enabled":true,"jetpack_social_post_already_shared":true,"jetpack_social_options":{"image_generator_settings":{"template":"highway","enabled":false},"version":2}},"product_brand":[],"product_cat":[487],"product_tag":[],"class_list":{"0":"post-85393","1":"product","2":"type-product","3":"status-publish","4":"has-post-thumbnail","6":"product_cat-airsoft","8":"first","9":"instock","10":"taxable","11":"shipping-taxable","12":"purchasable","13":"product-type-variable"},"jetpack_publicize_connections":[],"jetpack_sharing_enabled":true,"_links":{"self":[{"href":"https:\/\/bodegaoutdoor.cl\/store\/wp-json\/wp\/v2\/product\/85393","targetHints":{"allow":["GET"]}}],"collection":[{"href":"https:\/\/bodegaoutdoor.cl\/store\/wp-json\/wp\/v2\/product"}],"about":[{"href":"https:\/\/bodegaoutdoor.cl\/store\/wp-json\/wp\/v2\/types\/product"}],"replies":[{"embeddable":true,"href":"https:\/\/bodegaoutdoor.cl\/store\/wp-json\/wp\/v2\/comments?post=85393"}],"version-history":[{"count":14,"href":"https:\/\/bodegaoutdoor.cl\/store\/wp-json\/wp\/v2\/product\/85393\/revisions"}],"predecessor-version":[{"id":85435,"href":"https:\/\/bodegaoutdoor.cl\/store\/wp-json\/wp\/v2\/product\/85393\/revisions\/85435"}],"wp:featuredmedia":[{"embeddable":true,"href":"https:\/\/bodegaoutdoor.cl\/store\/wp-json\/wp\/v2\/media\/85400"}],"wp:attachment":[{"href":"https:\/\/bodegaoutdoor.cl\/store\/wp-json\/wp\/v2\/media?parent=85393"}],"wp:term":[{"taxonomy":"product_brand","embeddable":true,"href":"https:\/\/bodegaoutdoor.cl\/store\/wp-json\/wp\/v2\/product_brand?post=85393"},{"taxonomy":"product_cat","embeddable":true,"href":"https:\/\/bodegaoutdoor.cl\/store\/wp-json\/wp\/v2\/product_cat?post=85393"},{"taxonomy":"product_tag","embeddable":true,"href":"https:\/\/bodegaoutdoor.cl\/store\/wp-json\/wp\/v2\/product_tag?post=85393"}],"curies":[{"name":"wp","href":"https:\/\/api.w.org\/{rel}","templated":true}]}}