{"id":85440,"date":"2024-08-10T15:34:51","date_gmt":"2024-08-10T19:34:51","guid":{"rendered":"https:\/\/bodegaoutdoor.cl\/store\/product\/reflector-led-recargable-de-alta-potencia-linternas-led-de-iluminacion-ultra-larga-lampara-de-distancia-xhp70-linterna-potente\/"},"modified":"2024-08-10T15:56:31","modified_gmt":"2024-08-10T19:56:31","slug":"linterna-foco-led-recargable-de-alta-potencia-xhp70-luz-blanca-roja-y-azul-emergencia","status":"publish","type":"product","link":"https:\/\/bodegaoutdoor.cl\/store\/product\/linterna-foco-led-recargable-de-alta-potencia-xhp70-luz-blanca-roja-y-azul-emergencia\/","title":{"rendered":"Linterna Foco Led recargable de alta potencia, XHP70 Luz Blanca \/ roja y Azul Emergencia"},"content":{"rendered":"<div>\n<div>\n<p id=\"tl_1\"><strong>Modelo: W5173 (peque\u00f1o)<\/strong><\/p>\n<p id=\"tl_2\">Bombilla: Luz principal P50 luces laterales 2835 + 5 rojas y 5 azules<\/p>\n<p id=\"tl_3\">Material: ABS + PS<\/p>\n<p id=\"tl_4\">Luminoso: nivel fuerte 1500Lm; nivel d\u00e9bil 900Lm<\/p>\n<p id=\"tl_5\">Duraci\u00f3n: 3-4 horas<\/p>\n<p id=\"tl_6\">Tiempo de carga: aproximadamente 4 horas<\/p>\n<p id=\"tl_7\">Funci\u00f3n:<\/p>\n<p id=\"tl_8\">Luz principal, luz blanca fuerte y d\u00e9bil intermitente<\/p>\n<p id=\"tl_9\">Luces laterales, intensidad de luz blanca d\u00e9bil rojo bluflashing<\/p>\n<p id=\"tl_10\">Pantalla de bater\u00eda, salida USB, interfaz tipo C para cargar<\/p>\n<p id=\"tl_11\">Bater\u00eda: 3&#215;18650,4500 mAh (bater\u00eda incorporada)<\/p>\n<p id=\"tl_12\"><strong>Modelo: W5174 (Grande)<\/strong><\/p>\n<p id=\"tl_13\">Bombilla: luz principal P50<\/p>\n<p id=\"tl_14\">25 luces laterales 2835 + 5 rojas y 5 azules<\/p>\n<p id=\"tl_15\">Luminoso: nivel fuerte 1200Lm; nivel d\u00e9bil 700Lm<\/p>\n<p id=\"tl_16\">Tiempo de funcionamiento: 4-5 horas<\/p>\n<p id=\"tl_17\">Tiempo de carga: aproximadamente 6 horas<\/p>\n<p id=\"tl_18\">Funci\u00f3n: luz principal, luz blanca fuerte y d\u00e9bil.<\/p>\n<p id=\"tl_19\">Luces laterales, intensidad de luz blanca d\u00e9bil rojo azul intermitente<\/p>\n<p id=\"tl_20\">Pantalla de bater\u00eda, salida USB, interfaz tipo C para cargar<\/p>\n<p id=\"tl_21\">Bater\u00eda: 4&#215;18650,6000 mAh (bater\u00eda incorporada)<\/p>\n<p id=\"tl_22\">Material: ABS + PS<\/p>\n<p><img decoding=\"async\" title=\"Reflector Led recargable de alta potencia, linternas Led de iluminaci\u00f3n Ultra larga, l\u00e1mpara de distancia XHP70, linterna potente\" src=\"https:\/\/bodegaoutdoor.cl\/store\/wp-content\/uploads\/2024\/08\/85440-hxxd5h.jpg\" alt=\"Reflector Led recargable de alta potencia, linternas Led de iluminaci\u00f3n Ultra larga, l\u00e1mpara de distancia XHP70, linterna potente\" \/><img decoding=\"async\" title=\"Reflector Led recargable de alta potencia, linternas Led de iluminaci\u00f3n Ultra larga, l\u00e1mpara de distancia XHP70, linterna potente\" src=\"https:\/\/bodegaoutdoor.cl\/store\/wp-content\/uploads\/2024\/08\/85440-tlryls.jpg\" alt=\"Reflector Led recargable de alta potencia, linternas Led de iluminaci\u00f3n Ultra larga, l\u00e1mpara de distancia XHP70, linterna potente\" \/><img decoding=\"async\" title=\"Reflector Led recargable de alta potencia, linternas Led de iluminaci\u00f3n Ultra larga, l\u00e1mpara de distancia XHP70, linterna potente\" src=\"https:\/\/bodegaoutdoor.cl\/store\/wp-content\/uploads\/2024\/08\/85440-mzg2rf.jpg\" alt=\"Reflector Led recargable de alta potencia, linternas Led de iluminaci\u00f3n Ultra larga, l\u00e1mpara de distancia XHP70, linterna potente\" \/><img decoding=\"async\" title=\"Reflector Led recargable de alta potencia, linternas Led de iluminaci\u00f3n Ultra larga, l\u00e1mpara de distancia XHP70, linterna potente\" src=\"https:\/\/bodegaoutdoor.cl\/store\/wp-content\/uploads\/2024\/08\/85440-hn2itt.jpg\" alt=\"Reflector Led recargable de alta potencia, linternas Led de iluminaci\u00f3n Ultra larga, l\u00e1mpara de distancia XHP70, linterna potente\" \/><img decoding=\"async\" title=\"Reflector Led recargable de alta potencia, linternas Led de iluminaci\u00f3n Ultra larga, l\u00e1mpara de distancia XHP70, linterna potente\" src=\"https:\/\/bodegaoutdoor.cl\/store\/wp-content\/uploads\/2024\/08\/85440-jbe3dm.jpg\" alt=\"Reflector Led recargable de alta potencia, linternas Led de iluminaci\u00f3n Ultra larga, l\u00e1mpara de distancia XHP70, linterna potente\" \/><img decoding=\"async\" title=\"Reflector Led recargable de alta potencia, linternas Led de iluminaci\u00f3n Ultra larga, l\u00e1mpara de distancia XHP70, linterna potente\" src=\"https:\/\/bodegaoutdoor.cl\/store\/wp-content\/uploads\/2024\/08\/85440-unzqsk.jpg\" alt=\"Reflector Led recargable de alta potencia, linternas Led de iluminaci\u00f3n Ultra larga, l\u00e1mpara de distancia XHP70, linterna potente\" \/><img decoding=\"async\" title=\"Reflector Led recargable de alta potencia, linternas Led de iluminaci\u00f3n Ultra larga, l\u00e1mpara de distancia XHP70, linterna potente\" src=\"https:\/\/bodegaoutdoor.cl\/store\/wp-content\/uploads\/2024\/08\/85440-476uau.jpg\" alt=\"Reflector Led recargable de alta potencia, linternas Led de iluminaci\u00f3n Ultra larga, l\u00e1mpara de distancia XHP70, linterna potente\" \/><img decoding=\"async\" title=\"Reflector Led recargable de alta potencia, linternas Led de iluminaci\u00f3n Ultra larga, l\u00e1mpara de distancia XHP70, linterna potente\" src=\"https:\/\/bodegaoutdoor.cl\/store\/wp-content\/uploads\/2024\/08\/85440-d0atpx.jpg\" alt=\"Reflector Led recargable de alta potencia, linternas Led de iluminaci\u00f3n Ultra larga, l\u00e1mpara de distancia XHP70, linterna potente\" \/><img decoding=\"async\" title=\"Reflector Led recargable de alta potencia, linternas Led de iluminaci\u00f3n Ultra larga, l\u00e1mpara de distancia XHP70, linterna potente\" src=\"https:\/\/bodegaoutdoor.cl\/store\/wp-content\/uploads\/2024\/08\/85440-hv35fa.jpg\" alt=\"Reflector Led recargable de alta potencia, linternas Led de iluminaci\u00f3n Ultra larga, l\u00e1mpara de distancia XHP70, linterna potente\" \/><img decoding=\"async\" title=\"Reflector Led recargable de alta potencia, linternas Led de iluminaci\u00f3n Ultra larga, l\u00e1mpara de distancia XHP70, linterna potente\" src=\"https:\/\/bodegaoutdoor.cl\/store\/wp-content\/uploads\/2024\/08\/85440-88inmi.jpg\" alt=\"Reflector Led recargable de alta potencia, linternas Led de iluminaci\u00f3n Ultra larga, l\u00e1mpara de distancia XHP70, linterna potente\" \/><img decoding=\"async\" title=\"Reflector Led recargable de alta potencia, linternas Led de iluminaci\u00f3n Ultra larga, l\u00e1mpara de distancia XHP70, linterna potente\" src=\"https:\/\/bodegaoutdoor.cl\/store\/wp-content\/uploads\/2024\/08\/85440-f7ixg0.jpg\" alt=\"Reflector Led recargable de alta potencia, linternas Led de iluminaci\u00f3n Ultra larga, l\u00e1mpara de distancia XHP70, linterna potente\" \/><img decoding=\"async\" title=\"Reflector Led recargable de alta potencia, linternas Led de iluminaci\u00f3n Ultra larga, l\u00e1mpara de distancia XHP70, linterna potente\" src=\"https:\/\/bodegaoutdoor.cl\/store\/wp-content\/uploads\/2024\/08\/85440-pmxlzb.jpg\" alt=\"Reflector Led recargable de alta potencia, linternas Led de iluminaci\u00f3n Ultra larga, l\u00e1mpara de distancia XHP70, linterna potente\" \/><img decoding=\"async\" title=\"Reflector Led recargable de alta potencia, linternas Led de iluminaci\u00f3n Ultra larga, l\u00e1mpara de distancia XHP70, linterna potente\" src=\"https:\/\/bodegaoutdoor.cl\/store\/wp-content\/uploads\/2024\/08\/85440-alkbsv.jpg\" alt=\"Reflector Led recargable de alta potencia, linternas Led de iluminaci\u00f3n Ultra larga, l\u00e1mpara de distancia XHP70, linterna potente\" \/><img decoding=\"async\" title=\"Reflector Led recargable de alta potencia, linternas Led de iluminaci\u00f3n Ultra larga, l\u00e1mpara de distancia XHP70, linterna potente\" src=\"https:\/\/bodegaoutdoor.cl\/store\/wp-content\/uploads\/2024\/08\/85440-3wcd9a.jpg\" alt=\"Reflector Led recargable de alta potencia, linternas Led de iluminaci\u00f3n Ultra larga, l\u00e1mpara de distancia XHP70, linterna potente\" \/><img decoding=\"async\" title=\"Reflector Led recargable de alta potencia, linternas Led de iluminaci\u00f3n Ultra larga, l\u00e1mpara de distancia XHP70, linterna potente\" src=\"https:\/\/bodegaoutdoor.cl\/store\/wp-content\/uploads\/2024\/08\/85440-db62c0.jpeg\" alt=\"Reflector Led recargable de alta potencia, linternas Led de iluminaci\u00f3n Ultra larga, l\u00e1mpara de distancia XHP70, linterna potente\" \/><\/p>\n<\/div>\n<\/div>\n\n    <div class=\"xs_social_share_widget xs_share_url after_content \t\tmain_content  wslu-style-1 wslu-share-box-shaped wslu-fill-colored wslu-none wslu-share-horizontal wslu-theme-font-no wslu-main_content\">\n\n\t\t\n        <ul>\n\t\t\t        <\/ul>\n    <\/div> \n","protected":false},"excerpt":{"rendered":"<p>Modelo: W5173 (peque\u00f1o) Bombilla: Luz principal P50 luces laterales 2835 + 5 rojas y 5 azules Material: ABS + PS Luminoso: nivel fuerte 1500Lm; nivel d\u00e9bil 900Lm Duraci\u00f3n: 3-4 horas Tiempo de carga: aproximadamente 4 horas Funci\u00f3n: Luz principal, luz blanca fuerte y d\u00e9bil intermitente Luces laterales, intensidad de luz blanca d\u00e9bil rojo bluflashing Pantalla [&hellip;]<\/p>\n","protected":false},"featured_media":85443,"comment_status":"open","ping_status":"closed","template":"","meta":{"jetpack_publicize_message":"","jetpack_publicize_feature_enabled":true,"jetpack_social_post_already_shared":true,"jetpack_social_options":{"image_generator_settings":{"template":"highway","enabled":false},"version":2}},"product_brand":[],"product_cat":[4750],"product_tag":[],"class_list":{"0":"post-85440","1":"product","2":"type-product","3":"status-publish","4":"has-post-thumbnail","6":"product_cat-linterna-led","8":"first","9":"instock","10":"sale","11":"taxable","12":"shipping-taxable","13":"purchasable","14":"product-type-variable"},"jetpack_publicize_connections":[],"jetpack_sharing_enabled":true,"_links":{"self":[{"href":"https:\/\/bodegaoutdoor.cl\/store\/wp-json\/wp\/v2\/product\/85440","targetHints":{"allow":["GET"]}}],"collection":[{"href":"https:\/\/bodegaoutdoor.cl\/store\/wp-json\/wp\/v2\/product"}],"about":[{"href":"https:\/\/bodegaoutdoor.cl\/store\/wp-json\/wp\/v2\/types\/product"}],"replies":[{"embeddable":true,"href":"https:\/\/bodegaoutdoor.cl\/store\/wp-json\/wp\/v2\/comments?post=85440"}],"version-history":[{"count":18,"href":"https:\/\/bodegaoutdoor.cl\/store\/wp-json\/wp\/v2\/product\/85440\/revisions"}],"predecessor-version":[{"id":85581,"href":"https:\/\/bodegaoutdoor.cl\/store\/wp-json\/wp\/v2\/product\/85440\/revisions\/85581"}],"wp:featuredmedia":[{"embeddable":true,"href":"https:\/\/bodegaoutdoor.cl\/store\/wp-json\/wp\/v2\/media\/85443"}],"wp:attachment":[{"href":"https:\/\/bodegaoutdoor.cl\/store\/wp-json\/wp\/v2\/media?parent=85440"}],"wp:term":[{"taxonomy":"product_brand","embeddable":true,"href":"https:\/\/bodegaoutdoor.cl\/store\/wp-json\/wp\/v2\/product_brand?post=85440"},{"taxonomy":"product_cat","embeddable":true,"href":"https:\/\/bodegaoutdoor.cl\/store\/wp-json\/wp\/v2\/product_cat?post=85440"},{"taxonomy":"product_tag","embeddable":true,"href":"https:\/\/bodegaoutdoor.cl\/store\/wp-json\/wp\/v2\/product_tag?post=85440"}],"curies":[{"name":"wp","href":"https:\/\/api.w.org\/{rel}","templated":true}]}}