{"id":85582,"date":"2024-08-10T16:05:14","date_gmt":"2024-08-10T20:05:14","guid":{"rendered":"https:\/\/bodegaoutdoor.cl\/store\/product\/warsun-linterna-de-energia-solar-recargable-por-usb-reflector-para-exteriores-abs-portatil-resistente-al-agua\/"},"modified":"2024-08-10T16:43:35","modified_gmt":"2024-08-10T20:43:35","slug":"warsun-linterna-de-energia-solar-recargable-por-usb-reflector-para-exteriores-abs-portatil-resistente-al-agua","status":"publish","type":"product","link":"https:\/\/bodegaoutdoor.cl\/store\/product\/warsun-linterna-de-energia-solar-recargable-por-usb-reflector-para-exteriores-abs-portatil-resistente-al-agua\/","title":{"rendered":"Linterna de energ\u00eda Solar recargable por USB,  port\u00e1til, resistente al agua"},"content":{"rendered":"<div>\n<div>\n<p id=\"tl_1\">Modelo NO: DA03<\/p>\n<p id=\"tl_2\">Color: negro<\/p>\n<p id=\"tl_3\">Fuente de luz: 1 * P5 + 30 * COB + 10 * COB rojo<\/p>\n<p id=\"tl_4\">Nivel de protecci\u00f3n: IP45<\/p>\n<p id=\"tl_5\">Brillo: 800Lm + 300Lm<\/p>\n<p id=\"tl_6\">Temperatura de color: blanco fr\u00edo<\/p>\n<p id=\"tl_7\">Altura de ca\u00edda: 2M<\/p>\n<p id=\"tl_8\">Tipo de voltaje: Puerto tipo C<\/p>\n<p id=\"tl_9\">Bater\u00eda: 2*18650(2*2200Mah)<\/p>\n<p id=\"tl_10\">Peso: 405G<\/p>\n<p id=\"tl_11\">Tiempo de carga: 3H<\/p>\n<p id=\"tl_12\">Tama\u00f1o del producto: 100*88*180mm\/3,9*3,5*7,1 pulgadas<\/p>\n<p>&nbsp;<\/p>\n<p><img decoding=\"async\" title=\"Warsun-linterna de energ\u00eda Solar recargable por USB, reflector para exteriores, ABS, port\u00e1til, resistente al agua\" src=\"https:\/\/bodegaoutdoor.cl\/store\/wp-content\/uploads\/2024\/08\/85582-5zxoiz.jpg\" alt=\"Warsun-linterna de energ\u00eda Solar recargable por USB, reflector para exteriores, ABS, port\u00e1til, resistente al agua\" \/><img decoding=\"async\" title=\"Warsun-linterna de energ\u00eda Solar recargable por USB, reflector para exteriores, ABS, port\u00e1til, resistente al agua\" src=\"https:\/\/bodegaoutdoor.cl\/store\/wp-content\/uploads\/2024\/08\/85582-mi9wk5.jpg\" alt=\"Warsun-linterna de energ\u00eda Solar recargable por USB, reflector para exteriores, ABS, port\u00e1til, resistente al agua\" \/><img decoding=\"async\" title=\"Warsun-linterna de energ\u00eda Solar recargable por USB, reflector para exteriores, ABS, port\u00e1til, resistente al agua\" src=\"https:\/\/bodegaoutdoor.cl\/store\/wp-content\/uploads\/2024\/08\/85582-lrfl3n.jpg\" alt=\"Warsun-linterna de energ\u00eda Solar recargable por USB, reflector para exteriores, ABS, port\u00e1til, resistente al agua\" \/><img decoding=\"async\" title=\"Warsun-linterna de energ\u00eda Solar recargable por USB, reflector para exteriores, ABS, port\u00e1til, resistente al agua\" src=\"https:\/\/bodegaoutdoor.cl\/store\/wp-content\/uploads\/2024\/08\/85582-jepsic.jpg\" alt=\"Warsun-linterna de energ\u00eda Solar recargable por USB, reflector para exteriores, ABS, port\u00e1til, resistente al agua\" \/><img decoding=\"async\" title=\"Warsun-linterna de energ\u00eda Solar recargable por USB, reflector para exteriores, ABS, port\u00e1til, resistente al agua\" src=\"https:\/\/bodegaoutdoor.cl\/store\/wp-content\/uploads\/2024\/08\/85582-yvn9fl.jpg\" alt=\"Warsun-linterna de energ\u00eda Solar recargable por USB, reflector para exteriores, ABS, port\u00e1til, resistente al agua\" \/><img decoding=\"async\" title=\"Warsun-linterna de energ\u00eda Solar recargable por USB, reflector para exteriores, ABS, port\u00e1til, resistente al agua\" src=\"https:\/\/bodegaoutdoor.cl\/store\/wp-content\/uploads\/2024\/08\/85582-np3fdu.jpg\" alt=\"Warsun-linterna de energ\u00eda Solar recargable por USB, reflector para exteriores, ABS, port\u00e1til, resistente al agua\" \/><img decoding=\"async\" title=\"Warsun-linterna de energ\u00eda Solar recargable por USB, reflector para exteriores, ABS, port\u00e1til, resistente al agua\" src=\"https:\/\/bodegaoutdoor.cl\/store\/wp-content\/uploads\/2024\/08\/85582-yvjnzs.jpg\" alt=\"Warsun-linterna de energ\u00eda Solar recargable por USB, reflector para exteriores, ABS, port\u00e1til, resistente al agua\" \/><img decoding=\"async\" title=\"Warsun-linterna de energ\u00eda Solar recargable por USB, reflector para exteriores, ABS, port\u00e1til, resistente al agua\" src=\"https:\/\/bodegaoutdoor.cl\/store\/wp-content\/uploads\/2024\/08\/85582-5x5rak.jpg\" alt=\"Warsun-linterna de energ\u00eda Solar recargable por USB, reflector para exteriores, ABS, port\u00e1til, resistente al agua\" \/><img decoding=\"async\" title=\"Warsun-linterna de energ\u00eda Solar recargable por USB, reflector para exteriores, ABS, port\u00e1til, resistente al agua\" src=\"https:\/\/bodegaoutdoor.cl\/store\/wp-content\/uploads\/2024\/08\/85582-ile8a8.jpg\" alt=\"Warsun-linterna de energ\u00eda Solar recargable por USB, reflector para exteriores, ABS, port\u00e1til, resistente al agua\" \/><img decoding=\"async\" title=\"Warsun-linterna de energ\u00eda Solar recargable por USB, reflector para exteriores, ABS, port\u00e1til, resistente al agua\" src=\"https:\/\/bodegaoutdoor.cl\/store\/wp-content\/uploads\/2024\/08\/85582-dobr7m.jpg\" alt=\"Warsun-linterna de energ\u00eda Solar recargable por USB, reflector para exteriores, ABS, port\u00e1til, resistente al agua\" \/><img decoding=\"async\" title=\"Warsun-linterna de energ\u00eda Solar recargable por USB, reflector para exteriores, ABS, port\u00e1til, resistente al agua\" src=\"https:\/\/bodegaoutdoor.cl\/store\/wp-content\/uploads\/2024\/08\/85582-y0cpfx.jpg\" alt=\"Warsun-linterna de energ\u00eda Solar recargable por USB, reflector para exteriores, ABS, port\u00e1til, resistente al agua\" \/><img decoding=\"async\" title=\"Warsun-linterna de energ\u00eda Solar recargable por USB, reflector para exteriores, ABS, port\u00e1til, resistente al agua\" src=\"https:\/\/bodegaoutdoor.cl\/store\/wp-content\/uploads\/2024\/08\/85582-xabmdt.jpg\" alt=\"Warsun-linterna de energ\u00eda Solar recargable por USB, reflector para exteriores, ABS, port\u00e1til, resistente al agua\" \/><img decoding=\"async\" title=\"Warsun-linterna de energ\u00eda Solar recargable por USB, reflector para exteriores, ABS, port\u00e1til, resistente al agua\" src=\"https:\/\/bodegaoutdoor.cl\/store\/wp-content\/uploads\/2024\/08\/85582-lbmt5s.jpg\" alt=\"Warsun-linterna de energ\u00eda Solar recargable por USB, reflector para exteriores, ABS, port\u00e1til, resistente al agua\" \/><\/p>\n<p><img decoding=\"async\" title=\"Warsun-linterna de energ\u00eda Solar recargable por USB, reflector para exteriores, ABS, port\u00e1til, resistente al agua\" src=\"https:\/\/bodegaoutdoor.cl\/store\/wp-content\/uploads\/2024\/08\/85582-zdg4iq.jpg\" alt=\"Warsun-linterna de energ\u00eda Solar recargable por USB, reflector para exteriores, ABS, port\u00e1til, resistente al agua\" \/><\/p>\n<\/div>\n<\/div>\n\n    <div class=\"xs_social_share_widget xs_share_url after_content \t\tmain_content  wslu-style-1 wslu-share-box-shaped wslu-fill-colored wslu-none wslu-share-horizontal wslu-theme-font-no wslu-main_content\">\n\n\t\t\n        <ul>\n\t\t\t        <\/ul>\n    <\/div> \n","protected":false},"excerpt":{"rendered":"<p>Modelo NO: DA03 Color: negro Fuente de luz: 1 * P5 + 30 * COB + 10 * COB rojo Nivel de protecci\u00f3n: IP45 Brillo: 800Lm + 300Lm Temperatura de color: blanco fr\u00edo Altura de ca\u00edda: 2M Tipo de voltaje: Puerto tipo C Bater\u00eda: 2*18650(2*2200Mah) Peso: 405G Tiempo de carga: 3H Tama\u00f1o del producto: 100*88*180mm\/3,9*3,5*7,1 [&hellip;]<\/p>\n","protected":false},"featured_media":85584,"comment_status":"open","ping_status":"closed","template":"","meta":{"jetpack_publicize_message":"","jetpack_publicize_feature_enabled":true,"jetpack_social_post_already_shared":true,"jetpack_social_options":{"image_generator_settings":{"template":"highway","enabled":false},"version":2}},"product_brand":[],"product_cat":[4750],"product_tag":[],"class_list":{"0":"post-85582","1":"product","2":"type-product","3":"status-publish","4":"has-post-thumbnail","6":"product_cat-linterna-led","8":"first","9":"instock","10":"sale","11":"taxable","12":"shipping-taxable","13":"purchasable","14":"product-type-variable"},"jetpack_publicize_connections":[],"jetpack_sharing_enabled":true,"_links":{"self":[{"href":"https:\/\/bodegaoutdoor.cl\/store\/wp-json\/wp\/v2\/product\/85582","targetHints":{"allow":["GET"]}}],"collection":[{"href":"https:\/\/bodegaoutdoor.cl\/store\/wp-json\/wp\/v2\/product"}],"about":[{"href":"https:\/\/bodegaoutdoor.cl\/store\/wp-json\/wp\/v2\/types\/product"}],"replies":[{"embeddable":true,"href":"https:\/\/bodegaoutdoor.cl\/store\/wp-json\/wp\/v2\/comments?post=85582"}],"version-history":[{"count":17,"href":"https:\/\/bodegaoutdoor.cl\/store\/wp-json\/wp\/v2\/product\/85582\/revisions"}],"predecessor-version":[{"id":85623,"href":"https:\/\/bodegaoutdoor.cl\/store\/wp-json\/wp\/v2\/product\/85582\/revisions\/85623"}],"wp:featuredmedia":[{"embeddable":true,"href":"https:\/\/bodegaoutdoor.cl\/store\/wp-json\/wp\/v2\/media\/85584"}],"wp:attachment":[{"href":"https:\/\/bodegaoutdoor.cl\/store\/wp-json\/wp\/v2\/media?parent=85582"}],"wp:term":[{"taxonomy":"product_brand","embeddable":true,"href":"https:\/\/bodegaoutdoor.cl\/store\/wp-json\/wp\/v2\/product_brand?post=85582"},{"taxonomy":"product_cat","embeddable":true,"href":"https:\/\/bodegaoutdoor.cl\/store\/wp-json\/wp\/v2\/product_cat?post=85582"},{"taxonomy":"product_tag","embeddable":true,"href":"https:\/\/bodegaoutdoor.cl\/store\/wp-json\/wp\/v2\/product_tag?post=85582"}],"curies":[{"name":"wp","href":"https:\/\/api.w.org\/{rel}","templated":true}]}}