{"id":85762,"date":"2024-08-10T17:19:04","date_gmt":"2024-08-10T21:19:04","guid":{"rendered":"https:\/\/bodegaoutdoor.cl\/store\/product\/life-bivy-saco-de-dormir-de-emergencia-equipo-de-supervivencia-ligero-al-aire-libre-para-senderismo-camping\/"},"modified":"2024-08-10T17:47:59","modified_gmt":"2024-08-10T21:47:59","slug":"life-bivy-saco-de-dormir-de-emergencia-supervivencia-ligero-senderismo-camping","status":"publish","type":"product","link":"https:\/\/bodegaoutdoor.cl\/store\/product\/life-bivy-saco-de-dormir-de-emergencia-supervivencia-ligero-senderismo-camping\/","title":{"rendered":"Life Bivy-saco de dormir de emergencia, supervivencia ligero, senderismo, Camping"},"content":{"rendered":"<div>\n<div>\n<div id=\"tl_1\" style=\"font-size: 18px;\">Este saco de dormir de emergencia ayuda a mantener la temperatura corporal hasta 90%. Ideal para emergencias que requieren protecci\u00f3n contra altas temperaturas o diversas condiciones clim\u00e1ticas.Nombre del producto: saco de dormir de primeros auxilios<\/p>\n<p>Color del producto: naranja<\/p>\n<p>Peso del producto: 137g<\/p>\n<p>Material del producto: Pel\u00edcula compuesta de papel de aluminio<\/p>\n<p>Uso del producto: preservaci\u00f3n del calor, fr\u00edo y sombrilla, que refleja la luz como ayuda, como Camilla, vendaje de heridas, fabricaci\u00f3n de cuerdas, alfombrillas, ponchos, antinuclear contaminaci\u00f3n, etc.<\/p>\n<p>Lista:<\/p>\n<p>Saco de dormir de primeros auxilios * 1<\/p>\n<\/div>\n<\/div>\n<\/div>\n\n    <div class=\"xs_social_share_widget xs_share_url after_content \t\tmain_content  wslu-style-1 wslu-share-box-shaped wslu-fill-colored wslu-none wslu-share-horizontal wslu-theme-font-no wslu-main_content\">\n\n\t\t\n        <ul>\n\t\t\t        <\/ul>\n    <\/div> \n","protected":false},"excerpt":{"rendered":"<p>Este saco de dormir de emergencia ayuda a mantener la temperatura corporal hasta 90%. Ideal para emergencias que requieren protecci\u00f3n contra altas temperaturas o diversas condiciones clim\u00e1ticas.Nombre del producto: saco de dormir de primeros auxilios Color del producto: naranja Peso del producto: 137g Material del producto: Pel\u00edcula compuesta de papel de aluminio Uso del producto: [&hellip;]<\/p>\n","protected":false},"featured_media":85764,"comment_status":"open","ping_status":"closed","template":"","meta":{"jetpack_publicize_message":"","jetpack_publicize_feature_enabled":true,"jetpack_social_post_already_shared":true,"jetpack_social_options":{"image_generator_settings":{"template":"highway","enabled":false},"version":2}},"product_brand":[],"product_cat":[533],"product_tag":[],"class_list":{"0":"post-85762","1":"product","2":"type-product","3":"status-publish","4":"has-post-thumbnail","6":"product_cat-saco-de-dormir","8":"first","9":"instock","10":"sale","11":"taxable","12":"shipping-taxable","13":"purchasable","14":"product-type-variable"},"jetpack_publicize_connections":[],"jetpack_sharing_enabled":true,"_links":{"self":[{"href":"https:\/\/bodegaoutdoor.cl\/store\/wp-json\/wp\/v2\/product\/85762","targetHints":{"allow":["GET"]}}],"collection":[{"href":"https:\/\/bodegaoutdoor.cl\/store\/wp-json\/wp\/v2\/product"}],"about":[{"href":"https:\/\/bodegaoutdoor.cl\/store\/wp-json\/wp\/v2\/types\/product"}],"replies":[{"embeddable":true,"href":"https:\/\/bodegaoutdoor.cl\/store\/wp-json\/wp\/v2\/comments?post=85762"}],"version-history":[{"count":3,"href":"https:\/\/bodegaoutdoor.cl\/store\/wp-json\/wp\/v2\/product\/85762\/revisions"}],"predecessor-version":[{"id":85801,"href":"https:\/\/bodegaoutdoor.cl\/store\/wp-json\/wp\/v2\/product\/85762\/revisions\/85801"}],"wp:featuredmedia":[{"embeddable":true,"href":"https:\/\/bodegaoutdoor.cl\/store\/wp-json\/wp\/v2\/media\/85764"}],"wp:attachment":[{"href":"https:\/\/bodegaoutdoor.cl\/store\/wp-json\/wp\/v2\/media?parent=85762"}],"wp:term":[{"taxonomy":"product_brand","embeddable":true,"href":"https:\/\/bodegaoutdoor.cl\/store\/wp-json\/wp\/v2\/product_brand?post=85762"},{"taxonomy":"product_cat","embeddable":true,"href":"https:\/\/bodegaoutdoor.cl\/store\/wp-json\/wp\/v2\/product_cat?post=85762"},{"taxonomy":"product_tag","embeddable":true,"href":"https:\/\/bodegaoutdoor.cl\/store\/wp-json\/wp\/v2\/product_tag?post=85762"}],"curies":[{"name":"wp","href":"https:\/\/api.w.org\/{rel}","templated":true}]}}