{"id":85871,"date":"2024-11-11T18:10:12","date_gmt":"2024-11-11T21:10:12","guid":{"rendered":"https:\/\/bodegaoutdoor.cl\/store\/?post_type=product&#038;p=85871"},"modified":"2024-11-11T18:32:29","modified_gmt":"2024-11-11T21:32:29","slug":"cocinilla-plegable-gas-uso-outdoor-cocina-de-viaje-trekking-camping","status":"publish","type":"product","link":"https:\/\/bodegaoutdoor.cl\/store\/product\/cocinilla-plegable-gas-uso-outdoor-cocina-de-viaje-trekking-camping\/","title":{"rendered":"Cocinilla Plegable Gas, uso outdoor, cocina de viaje, trekking, camping"},"content":{"rendered":"<div style=\"width: 626px;\" class=\"wp-video\"><video class=\"wp-video-shortcode\" id=\"video-85871-1\" width=\"626\" height=\"360\" preload=\"metadata\" controls=\"controls\"><source type=\"video\/mp4\" src=\"https:\/\/bodegaoutdoor.cl\/store\/wp-content\/uploads\/2024\/11\/F7knER2ZuHROUIOgYgf_1100202065295_mp4_264_ld.mp4?_=1\" \/><a href=\"https:\/\/bodegaoutdoor.cl\/store\/wp-content\/uploads\/2024\/11\/F7knER2ZuHROUIOgYgf_1100202065295_mp4_264_ld.mp4\">https:\/\/bodegaoutdoor.cl\/store\/wp-content\/uploads\/2024\/11\/F7knER2ZuHROUIOgYgf_1100202065295_mp4_264_ld.mp4<\/a><\/video><\/div>\n<h2 id=\"tl_1\" style=\"font-size: 24px; font-weight: var(--font-weight-bold); color: var(--color-grey-10); margin: 0px;\">Descripci\u00f3n<\/h2>\n<div align=\"start\">\n<div style=\"margin: 0px; padding: 0px; overflow: hidden; position: relative;\">\n<div style=\"margin: 0px; padding: 0px;\">\n<div id=\"product-description\" style=\"margin: 0px; padding: 0px; max-width: 944px; overflow: hidden; position: relative;\">\n<div style=\"margin: 0px; padding: 0px;\">\n<p id=\"tl_6\" style=\"line-height: inherit; margin: 0px; padding: 0px;\">Tama\u00f1o d: 250x90x105mm<\/p>\n<p id=\"tl_7\" style=\"line-height: inherit; margin: 0px; padding: 0px;\">Peso:\u00a0 de 1,23Kg<\/p>\n<p><span id=\"tl_8\">Combustible: Gas butano, consumo de aire: 190 g\/hora<\/span><\/p>\n<p><span id=\"tl_9\">Ignici\u00f3n: Encendido electr\u00f3nico<\/span><\/p>\n<p><span id=\"tl_10\">Material: acero inoxidable, cobre, aluminio, nailon<\/span><\/p>\n<p><span id=\"tl_11\">Tiempo de ebullici\u00f3n de 2l de agua: 8 minutos 50 segundos (aprox.)<\/span><\/p>\n<p>&nbsp;<\/p>\n<p><span id=\"tl_12\">Embalaje: 1 <\/span><span id=\"tl_13\">Estufa de gas plegable port\u00e1til (tanques de gas no incluidos)<\/span><\/p>\n<p id=\"tl_14\" style=\"line-height: inherit; margin: 0px; padding: 0px;\">* Nota: Los datos anteriores se miden manualmente. Si hay alguna discrepancia, consulte la medici\u00f3n real<\/p>\n<\/div>\n<\/div>\n<\/div>\n<\/div>\n<\/div>\n<div align=\"start\">\n<div style=\"margin: 0px; padding: 0px; overflow: hidden; position: relative;\">\n<div style=\"margin: 0px; padding: 0px;\">\n<div id=\"product-description\" style=\"margin: 0px; padding: 0px; max-width: 944px; overflow: hidden; position: relative;\">\n<div style=\"margin: 0px; padding: 0px;\">\n<p style=\"line-height: inherit; margin: 0px; padding: 0px;\"><img decoding=\"async\" style=\"border: 0px; margin: 0px; padding: 0px; max-width: 100%;\" title=\"Estufa de Gas para acampar, Cassette plegable port\u00e1til de 2670W, quemador de Gas para Picnic al aire libre, cocina de viaje, cocina a la parrilla, sistema de calefacci\u00f3n\" src=\"https:\/\/bodegaoutdoor.cl\/store\/wp-content\/uploads\/2024\/11\/85871-lpefbx.jpg\" alt=\"Estufa de Gas para acampar, Cassette plegable port\u00e1til de 2670W, quemador de Gas para Picnic al aire libre, cocina de viaje, cocina a la parrilla, sistema de calefacci\u00f3n\" \/><img decoding=\"async\" style=\"border: 0px; margin: 0px; padding: 0px; max-width: 100%;\" title=\"Estufa de Gas para acampar, Cassette plegable port\u00e1til de 2670W, quemador de Gas para Picnic al aire libre, cocina de viaje, cocina a la parrilla, sistema de calefacci\u00f3n\" src=\"https:\/\/bodegaoutdoor.cl\/store\/wp-content\/uploads\/2024\/11\/85871-0zwgz3.jpg\" alt=\"Estufa de Gas para acampar, Cassette plegable port\u00e1til de 2670W, quemador de Gas para Picnic al aire libre, cocina de viaje, cocina a la parrilla, sistema de calefacci\u00f3n\" \/><img decoding=\"async\" style=\"border: 0px; margin: 0px; padding: 0px; max-width: 100%;\" title=\"Estufa de Gas para acampar, Cassette plegable port\u00e1til de 2670W, quemador de Gas para Picnic al aire libre, cocina de viaje, cocina a la parrilla, sistema de calefacci\u00f3n\" src=\"https:\/\/bodegaoutdoor.cl\/store\/wp-content\/uploads\/2024\/11\/85871-ki7lwd.jpg\" alt=\"Estufa de Gas para acampar, Cassette plegable port\u00e1til de 2670W, quemador de Gas para Picnic al aire libre, cocina de viaje, cocina a la parrilla, sistema de calefacci\u00f3n\" \/><img decoding=\"async\" style=\"border: 0px; margin: 0px; padding: 0px; max-width: 100%;\" title=\"Estufa de Gas para acampar, Cassette plegable port\u00e1til de 2670W, quemador de Gas para Picnic al aire libre, cocina de viaje, cocina a la parrilla, sistema de calefacci\u00f3n\" src=\"https:\/\/bodegaoutdoor.cl\/store\/wp-content\/uploads\/2024\/11\/85871-paptb3.jpg\" alt=\"Estufa de Gas para acampar, Cassette plegable port\u00e1til de 2670W, quemador de Gas para Picnic al aire libre, cocina de viaje, cocina a la parrilla, sistema de calefacci\u00f3n\" \/><img decoding=\"async\" style=\"border: 0px; margin: 0px; padding: 0px; max-width: 100%;\" title=\"Estufa de Gas para acampar, Cassette plegable port\u00e1til de 2670W, quemador de Gas para Picnic al aire libre, cocina de viaje, cocina a la parrilla, sistema de calefacci\u00f3n\" src=\"https:\/\/bodegaoutdoor.cl\/store\/wp-content\/uploads\/2024\/11\/85871-lyezkq.jpg\" alt=\"Estufa de Gas para acampar, Cassette plegable port\u00e1til de 2670W, quemador de Gas para Picnic al aire libre, cocina de viaje, cocina a la parrilla, sistema de calefacci\u00f3n\" \/><img decoding=\"async\" style=\"border: 0px; margin: 0px; padding: 0px; max-width: 100%;\" title=\"Estufa de Gas para acampar, Cassette plegable port\u00e1til de 2670W, quemador de Gas para Picnic al aire libre, cocina de viaje, cocina a la parrilla, sistema de calefacci\u00f3n\" src=\"https:\/\/bodegaoutdoor.cl\/store\/wp-content\/uploads\/2024\/11\/85871-hkeer4.jpg\" alt=\"Estufa de Gas para acampar, Cassette plegable port\u00e1til de 2670W, quemador de Gas para Picnic al aire libre, cocina de viaje, cocina a la parrilla, sistema de calefacci\u00f3n\" \/><img decoding=\"async\" style=\"border: 0px; margin: 0px; padding: 0px; max-width: 100%;\" title=\"Estufa de Gas para acampar, Cassette plegable port\u00e1til de 2670W, quemador de Gas para Picnic al aire libre, cocina de viaje, cocina a la parrilla, sistema de calefacci\u00f3n\" src=\"https:\/\/bodegaoutdoor.cl\/store\/wp-content\/uploads\/2024\/11\/85871-fz18tj.jpg\" alt=\"Estufa de Gas para acampar, Cassette plegable port\u00e1til de 2670W, quemador de Gas para Picnic al aire libre, cocina de viaje, cocina a la parrilla, sistema de calefacci\u00f3n\" \/><img decoding=\"async\" style=\"border: 0px; margin: 0px; padding: 0px; max-width: 100%;\" title=\"Estufa de Gas para acampar, Cassette plegable port\u00e1til de 2670W, quemador de Gas para Picnic al aire libre, cocina de viaje, cocina a la parrilla, sistema de calefacci\u00f3n\" src=\"https:\/\/bodegaoutdoor.cl\/store\/wp-content\/uploads\/2024\/11\/85871-ybcb6w.jpg\" alt=\"Estufa de Gas para acampar, Cassette plegable port\u00e1til de 2670W, quemador de Gas para Picnic al aire libre, cocina de viaje, cocina a la parrilla, sistema de calefacci\u00f3n\" \/><img decoding=\"async\" style=\"border: 0px; margin: 0px; padding: 0px; max-width: 100%;\" title=\"Estufa de Gas para acampar, Cassette plegable port\u00e1til de 2670W, quemador de Gas para Picnic al aire libre, cocina de viaje, cocina a la parrilla, sistema de calefacci\u00f3n\" src=\"https:\/\/bodegaoutdoor.cl\/store\/wp-content\/uploads\/2024\/11\/85871-nnppdv.jpg\" alt=\"Estufa de Gas para acampar, Cassette plegable port\u00e1til de 2670W, quemador de Gas para Picnic al aire libre, cocina de viaje, cocina a la parrilla, sistema de calefacci\u00f3n\" \/><img decoding=\"async\" style=\"border: 0px; margin: 0px; padding: 0px; max-width: 100%;\" title=\"Estufa de Gas para acampar, Cassette plegable port\u00e1til de 2670W, quemador de Gas para Picnic al aire libre, cocina de viaje, cocina a la parrilla, sistema de calefacci\u00f3n\" src=\"https:\/\/bodegaoutdoor.cl\/store\/wp-content\/uploads\/2024\/11\/85871-fjjour.jpg\" alt=\"Estufa de Gas para acampar, Cassette plegable port\u00e1til de 2670W, quemador de Gas para Picnic al aire libre, cocina de viaje, cocina a la parrilla, sistema de calefacci\u00f3n\" \/><img decoding=\"async\" style=\"border: 0px; margin: 0px; padding: 0px; max-width: 100%;\" title=\"Estufa de Gas para acampar, Cassette plegable port\u00e1til de 2670W, quemador de Gas para Picnic al aire libre, cocina de viaje, cocina a la parrilla, sistema de calefacci\u00f3n\" src=\"https:\/\/bodegaoutdoor.cl\/store\/wp-content\/uploads\/2024\/11\/85871-de6i1x.jpg\" alt=\"Estufa de Gas para acampar, Cassette plegable port\u00e1til de 2670W, quemador de Gas para Picnic al aire libre, cocina de viaje, cocina a la parrilla, sistema de calefacci\u00f3n\" \/><img decoding=\"async\" style=\"border: 0px; margin: 0px; padding: 0px; max-width: 100%;\" title=\"Estufa de Gas para acampar, Cassette plegable port\u00e1til de 2670W, quemador de Gas para Picnic al aire libre, cocina de viaje, cocina a la parrilla, sistema de calefacci\u00f3n\" src=\"https:\/\/bodegaoutdoor.cl\/store\/wp-content\/uploads\/2024\/11\/85871-l13hty.jpg\" alt=\"Estufa de Gas para acampar, Cassette plegable port\u00e1til de 2670W, quemador de Gas para Picnic al aire libre, cocina de viaje, cocina a la parrilla, sistema de calefacci\u00f3n\" \/><img decoding=\"async\" style=\"border: 0px; margin: 0px; padding: 0px; max-width: 100%;\" title=\"Estufa de Gas para acampar, Cassette plegable port\u00e1til de 2670W, quemador de Gas para Picnic al aire libre, cocina de viaje, cocina a la parrilla, sistema de calefacci\u00f3n\" src=\"https:\/\/bodegaoutdoor.cl\/store\/wp-content\/uploads\/2024\/11\/85871-7wwrln.jpg\" alt=\"Estufa de Gas para acampar, Cassette plegable port\u00e1til de 2670W, quemador de Gas para Picnic al aire libre, cocina de viaje, cocina a la parrilla, sistema de calefacci\u00f3n\" \/><img decoding=\"async\" style=\"border: 0px; margin: 0px; padding: 0px; max-width: 100%;\" title=\"Estufa de Gas para acampar, Cassette plegable port\u00e1til de 2670W, quemador de Gas para Picnic al aire libre, cocina de viaje, cocina a la parrilla, sistema de calefacci\u00f3n\" src=\"https:\/\/bodegaoutdoor.cl\/store\/wp-content\/uploads\/2024\/11\/85871-tuhbfv.jpg\" alt=\"Estufa de Gas para acampar, Cassette plegable port\u00e1til de 2670W, quemador de Gas para Picnic al aire libre, cocina de viaje, cocina a la parrilla, sistema de calefacci\u00f3n\" \/><\/p>\n<\/div>\n<\/div>\n<\/div>\n<\/div>\n<\/div>\n<p>&nbsp;<\/p>\n\n    <div class=\"xs_social_share_widget xs_share_url after_content \t\tmain_content  wslu-style-1 wslu-share-box-shaped wslu-fill-colored wslu-none wslu-share-horizontal wslu-theme-font-no wslu-main_content\">\n\n\t\t\n        <ul>\n\t\t\t        <\/ul>\n    <\/div> \n","protected":false},"excerpt":{"rendered":"<p>Descripci\u00f3n Tama\u00f1o d: 250x90x105mm Peso:\u00a0 de 1,23Kg Combustible: Gas butano, consumo de aire: 190 g\/hora Ignici\u00f3n: Encendido electr\u00f3nico Material: acero inoxidable, cobre, aluminio, nailon Tiempo de ebullici\u00f3n de 2l de agua: 8 minutos 50 segundos (aprox.) &nbsp; Embalaje: 1 Estufa de gas plegable port\u00e1til (tanques de gas no incluidos) * Nota: Los datos anteriores se [&hellip;]<\/p>\n","protected":false},"featured_media":85875,"comment_status":"open","ping_status":"closed","template":"","meta":{"jetpack_publicize_message":"","jetpack_publicize_feature_enabled":true,"jetpack_social_post_already_shared":false,"jetpack_social_options":{"image_generator_settings":{"template":"highway","enabled":false},"version":2}},"product_brand":[],"product_cat":[1150],"product_tag":[],"class_list":{"0":"post-85871","1":"product","2":"type-product","3":"status-publish","4":"has-post-thumbnail","6":"product_cat-cocinillas","8":"first","9":"instock","10":"sale","11":"taxable","12":"shipping-taxable","13":"purchasable","14":"product-type-variable"},"jetpack_publicize_connections":[],"jetpack_sharing_enabled":true,"_links":{"self":[{"href":"https:\/\/bodegaoutdoor.cl\/store\/wp-json\/wp\/v2\/product\/85871","targetHints":{"allow":["GET"]}}],"collection":[{"href":"https:\/\/bodegaoutdoor.cl\/store\/wp-json\/wp\/v2\/product"}],"about":[{"href":"https:\/\/bodegaoutdoor.cl\/store\/wp-json\/wp\/v2\/types\/product"}],"replies":[{"embeddable":true,"href":"https:\/\/bodegaoutdoor.cl\/store\/wp-json\/wp\/v2\/comments?post=85871"}],"version-history":[{"count":19,"href":"https:\/\/bodegaoutdoor.cl\/store\/wp-json\/wp\/v2\/product\/85871\/revisions"}],"predecessor-version":[{"id":85914,"href":"https:\/\/bodegaoutdoor.cl\/store\/wp-json\/wp\/v2\/product\/85871\/revisions\/85914"}],"wp:featuredmedia":[{"embeddable":true,"href":"https:\/\/bodegaoutdoor.cl\/store\/wp-json\/wp\/v2\/media\/85875"}],"wp:attachment":[{"href":"https:\/\/bodegaoutdoor.cl\/store\/wp-json\/wp\/v2\/media?parent=85871"}],"wp:term":[{"taxonomy":"product_brand","embeddable":true,"href":"https:\/\/bodegaoutdoor.cl\/store\/wp-json\/wp\/v2\/product_brand?post=85871"},{"taxonomy":"product_cat","embeddable":true,"href":"https:\/\/bodegaoutdoor.cl\/store\/wp-json\/wp\/v2\/product_cat?post=85871"},{"taxonomy":"product_tag","embeddable":true,"href":"https:\/\/bodegaoutdoor.cl\/store\/wp-json\/wp\/v2\/product_tag?post=85871"}],"curies":[{"name":"wp","href":"https:\/\/api.w.org\/{rel}","templated":true}]}}