{"id":8601,"date":"2020-07-27T23:24:47","date_gmt":"2020-07-27T23:24:47","guid":{"rendered":"https:\/\/bodegaoutdoor.cl\/store\/product\/tanluhu-12l-mochila-profesional-de-montanismo-y-senderismo-mochila-de-conduccion-al-aire-libre-equipo-de-equitacion-bolsa-de-agua-de-hombro-para-bicicleta-530g\/"},"modified":"2023-05-04T19:19:33","modified_gmt":"2023-05-04T23:19:33","slug":"tanluhu-12l-mochila-profesional-de-montanismo-y-senderismo-mochila-de-conduccion-al-aire-libre-equipo-de-equitacion-bolsa-de-agua-de-hombro-para-bicicleta-530g","status":"publish","type":"product","link":"https:\/\/bodegaoutdoor.cl\/store\/product\/tanluhu-12l-mochila-profesional-de-montanismo-y-senderismo-mochila-de-conduccion-al-aire-libre-equipo-de-equitacion-bolsa-de-agua-de-hombro-para-bicicleta-530g\/","title":{"rendered":"Mochila 12L monta\u00f1ismo y senderismo, Outdoor 530g"},"content":{"rendered":"<div>\n<p>&nbsp;<\/p>\n<div style=\"width: 95.0%; background-color: #ffffff; overflow: hidden;\">\n<p><img decoding=\"async\" title=\"TANLUHU 12L mochila profesional de monta\u00f1ismo y senderismo, mochila de conducci\u00f3n al aire libre, equipo de equitaci\u00f3n, bolsa de agua de hombro para bicicleta 530g\" src=\"https:\/\/bodegaoutdoor.cl\/store\/wp-content\/uploads\/2020\/07\/8601-cm9ni0.jpg\" alt=\"TANLUHU 12L mochila profesional de monta\u00f1ismo y senderismo, mochila de conducci\u00f3n al aire libre, equipo de equitaci\u00f3n, bolsa de agua de hombro para bicicleta 530g\" \/><\/p>\n<p><img decoding=\"async\" title=\"TANLUHU 12L mochila profesional de monta\u00f1ismo y senderismo, mochila de conducci\u00f3n al aire libre, equipo de equitaci\u00f3n, bolsa de agua de hombro para bicicleta 530g\" src=\"https:\/\/bodegaoutdoor.cl\/store\/wp-content\/uploads\/2020\/07\/8601-2w2sda.jpg\" alt=\"TANLUHU 12L mochila profesional de monta\u00f1ismo y senderismo, mochila de conducci\u00f3n al aire libre, equipo de equitaci\u00f3n, bolsa de agua de hombro para bicicleta 530g\" \/><img decoding=\"async\" title=\"TANLUHU 12L mochila profesional de monta\u00f1ismo y senderismo, mochila de conducci\u00f3n al aire libre, equipo de equitaci\u00f3n, bolsa de agua de hombro para bicicleta 530g\" src=\"https:\/\/bodegaoutdoor.cl\/store\/wp-content\/uploads\/2020\/07\/8601-8q0fbp.jpg\" alt=\"TANLUHU 12L mochila profesional de monta\u00f1ismo y senderismo, mochila de conducci\u00f3n al aire libre, equipo de equitaci\u00f3n, bolsa de agua de hombro para bicicleta 530g\" \/><br \/>\n<img decoding=\"async\" title=\"TANLUHU 12L mochila profesional de monta\u00f1ismo y senderismo, mochila de conducci\u00f3n al aire libre, equipo de equitaci\u00f3n, bolsa de agua de hombro para bicicleta 530g\" src=\"https:\/\/bodegaoutdoor.cl\/store\/wp-content\/uploads\/2020\/07\/8601-pfdm6x.jpg\" alt=\"TANLUHU 12L mochila profesional de monta\u00f1ismo y senderismo, mochila de conducci\u00f3n al aire libre, equipo de equitaci\u00f3n, bolsa de agua de hombro para bicicleta 530g\" \/><\/p>\n<p><img decoding=\"async\" title=\"TANLUHU 12L mochila profesional de monta\u00f1ismo y senderismo, mochila de conducci\u00f3n al aire libre, equipo de equitaci\u00f3n, bolsa de agua de hombro para bicicleta 530g\" src=\"https:\/\/bodegaoutdoor.cl\/store\/wp-content\/uploads\/2020\/07\/8601-zjpb68.jpg\" alt=\"TANLUHU 12L mochila profesional de monta\u00f1ismo y senderismo, mochila de conducci\u00f3n al aire libre, equipo de equitaci\u00f3n, bolsa de agua de hombro para bicicleta 530g\" \/><br \/>\n<img decoding=\"async\" title=\"TANLUHU 12L mochila profesional de monta\u00f1ismo y senderismo, mochila de conducci\u00f3n al aire libre, equipo de equitaci\u00f3n, bolsa de agua de hombro para bicicleta 530g\" src=\"https:\/\/bodegaoutdoor.cl\/store\/wp-content\/uploads\/2020\/07\/8601-ki39yf.jpg\" alt=\"TANLUHU 12L mochila profesional de monta\u00f1ismo y senderismo, mochila de conducci\u00f3n al aire libre, equipo de equitaci\u00f3n, bolsa de agua de hombro para bicicleta 530g\" \/><br \/>\n<img decoding=\"async\" title=\"TANLUHU 12L mochila profesional de monta\u00f1ismo y senderismo, mochila de conducci\u00f3n al aire libre, equipo de equitaci\u00f3n, bolsa de agua de hombro para bicicleta 530g\" src=\"https:\/\/bodegaoutdoor.cl\/store\/wp-content\/uploads\/2020\/07\/8601-8umt35.jpg\" alt=\"TANLUHU 12L mochila profesional de monta\u00f1ismo y senderismo, mochila de conducci\u00f3n al aire libre, equipo de equitaci\u00f3n, bolsa de agua de hombro para bicicleta 530g\" \/><\/p>\n<p><img decoding=\"async\" title=\"TANLUHU 12L mochila profesional de monta\u00f1ismo y senderismo, mochila de conducci\u00f3n al aire libre, equipo de equitaci\u00f3n, bolsa de agua de hombro para bicicleta 530g\" src=\"https:\/\/bodegaoutdoor.cl\/store\/wp-content\/uploads\/2020\/07\/8601-oos6fe.jpg\" alt=\"TANLUHU 12L mochila profesional de monta\u00f1ismo y senderismo, mochila de conducci\u00f3n al aire libre, equipo de equitaci\u00f3n, bolsa de agua de hombro para bicicleta 530g\" \/><br \/>\n<img decoding=\"async\" title=\"TANLUHU 12L mochila profesional de monta\u00f1ismo y senderismo, mochila de conducci\u00f3n al aire libre, equipo de equitaci\u00f3n, bolsa de agua de hombro para bicicleta 530g\" src=\"https:\/\/bodegaoutdoor.cl\/store\/wp-content\/uploads\/2020\/07\/8601-nkhv2g.jpg\" alt=\"TANLUHU 12L mochila profesional de monta\u00f1ismo y senderismo, mochila de conducci\u00f3n al aire libre, equipo de equitaci\u00f3n, bolsa de agua de hombro para bicicleta 530g\" \/><\/p>\n<p><img decoding=\"async\" title=\"TANLUHU 12L mochila profesional de monta\u00f1ismo y senderismo, mochila de conducci\u00f3n al aire libre, equipo de equitaci\u00f3n, bolsa de agua de hombro para bicicleta 530g\" src=\"https:\/\/bodegaoutdoor.cl\/store\/wp-content\/uploads\/2020\/07\/8601-v6s7nr.jpg\" alt=\"TANLUHU 12L mochila profesional de monta\u00f1ismo y senderismo, mochila de conducci\u00f3n al aire libre, equipo de equitaci\u00f3n, bolsa de agua de hombro para bicicleta 530g\" \/><\/p>\n<p><img decoding=\"async\" title=\"TANLUHU 12L mochila profesional de monta\u00f1ismo y senderismo, mochila de conducci\u00f3n al aire libre, equipo de equitaci\u00f3n, bolsa de agua de hombro para bicicleta 530g\" src=\"https:\/\/bodegaoutdoor.cl\/store\/wp-content\/uploads\/2020\/07\/8601-uf3nwo.jpg\" alt=\"TANLUHU 12L mochila profesional de monta\u00f1ismo y senderismo, mochila de conducci\u00f3n al aire libre, equipo de equitaci\u00f3n, bolsa de agua de hombro para bicicleta 530g\" \/><\/p>\n<p><img decoding=\"async\" title=\"TANLUHU 12L mochila profesional de monta\u00f1ismo y senderismo, mochila de conducci\u00f3n al aire libre, equipo de equitaci\u00f3n, bolsa de agua de hombro para bicicleta 530g\" src=\"https:\/\/bodegaoutdoor.cl\/store\/wp-content\/uploads\/2020\/07\/8601-pzjx3t.jpg\" alt=\"TANLUHU 12L mochila profesional de monta\u00f1ismo y senderismo, mochila de conducci\u00f3n al aire libre, equipo de equitaci\u00f3n, bolsa de agua de hombro para bicicleta 530g\" \/><\/p>\n<p><img decoding=\"async\" title=\"TANLUHU 12L mochila profesional de monta\u00f1ismo y senderismo, mochila de conducci\u00f3n al aire libre, equipo de equitaci\u00f3n, bolsa de agua de hombro para bicicleta 530g\" src=\"https:\/\/bodegaoutdoor.cl\/store\/wp-content\/uploads\/2020\/07\/8601-70hjgs.jpg\" alt=\"TANLUHU 12L mochila profesional de monta\u00f1ismo y senderismo, mochila de conducci\u00f3n al aire libre, equipo de equitaci\u00f3n, bolsa de agua de hombro para bicicleta 530g\" \/><\/p>\n<p><img decoding=\"async\" title=\"TANLUHU 12L mochila profesional de monta\u00f1ismo y senderismo, mochila de conducci\u00f3n al aire libre, equipo de equitaci\u00f3n, bolsa de agua de hombro para bicicleta 530g\" src=\"https:\/\/bodegaoutdoor.cl\/store\/wp-content\/uploads\/2020\/07\/8601-4rnjvo.jpg\" alt=\"TANLUHU 12L mochila profesional de monta\u00f1ismo y senderismo, mochila de conducci\u00f3n al aire libre, equipo de equitaci\u00f3n, bolsa de agua de hombro para bicicleta 530g\" \/><\/p>\n<p><img decoding=\"async\" title=\"TANLUHU 12L mochila profesional de monta\u00f1ismo y senderismo, mochila de conducci\u00f3n al aire libre, equipo de equitaci\u00f3n, bolsa de agua de hombro para bicicleta 530g\" src=\"https:\/\/bodegaoutdoor.cl\/store\/wp-content\/uploads\/2020\/07\/8601-qniaht.jpg\" alt=\"TANLUHU 12L mochila profesional de monta\u00f1ismo y senderismo, mochila de conducci\u00f3n al aire libre, equipo de equitaci\u00f3n, bolsa de agua de hombro para bicicleta 530g\" \/><\/p>\n<p><img decoding=\"async\" title=\"TANLUHU 12L mochila profesional de monta\u00f1ismo y senderismo, mochila de conducci\u00f3n al aire libre, equipo de equitaci\u00f3n, bolsa de agua de hombro para bicicleta 530g\" src=\"https:\/\/bodegaoutdoor.cl\/store\/wp-content\/uploads\/2020\/07\/8601-zimj31.jpg\" alt=\"TANLUHU 12L mochila profesional de monta\u00f1ismo y senderismo, mochila de conducci\u00f3n al aire libre, equipo de equitaci\u00f3n, bolsa de agua de hombro para bicicleta 530g\" \/><\/p>\n<p><img decoding=\"async\" title=\"TANLUHU 12L mochila profesional de monta\u00f1ismo y senderismo, mochila de conducci\u00f3n al aire libre, equipo de equitaci\u00f3n, bolsa de agua de hombro para bicicleta 530g\" src=\"https:\/\/bodegaoutdoor.cl\/store\/wp-content\/uploads\/2020\/07\/8601-exjshn.jpg\" alt=\"TANLUHU 12L mochila profesional de monta\u00f1ismo y senderismo, mochila de conducci\u00f3n al aire libre, equipo de equitaci\u00f3n, bolsa de agua de hombro para bicicleta 530g\" \/><\/p>\n<p><img decoding=\"async\" title=\"TANLUHU 12L mochila profesional de monta\u00f1ismo y senderismo, mochila de conducci\u00f3n al aire libre, equipo de equitaci\u00f3n, bolsa de agua de hombro para bicicleta 530g\" src=\"https:\/\/bodegaoutdoor.cl\/store\/wp-content\/uploads\/2020\/07\/8601-sv7xtx.jpg\" alt=\"TANLUHU 12L mochila profesional de monta\u00f1ismo y senderismo, mochila de conducci\u00f3n al aire libre, equipo de equitaci\u00f3n, bolsa de agua de hombro para bicicleta 530g\" \/><\/p>\n<p><img decoding=\"async\" title=\"TANLUHU 12L mochila profesional de monta\u00f1ismo y senderismo, mochila de conducci\u00f3n al aire libre, equipo de equitaci\u00f3n, bolsa de agua de hombro para bicicleta 530g\" src=\"https:\/\/bodegaoutdoor.cl\/store\/wp-content\/uploads\/2020\/07\/8601-g9cs1e.jpg\" alt=\"TANLUHU 12L mochila profesional de monta\u00f1ismo y senderismo, mochila de conducci\u00f3n al aire libre, equipo de equitaci\u00f3n, bolsa de agua de hombro para bicicleta 530g\" \/><\/p>\n<p><img decoding=\"async\" title=\"TANLUHU 12L mochila profesional de monta\u00f1ismo y senderismo, mochila de conducci\u00f3n al aire libre, equipo de equitaci\u00f3n, bolsa de agua de hombro para bicicleta 530g\" src=\"https:\/\/bodegaoutdoor.cl\/store\/wp-content\/uploads\/2020\/07\/8601-xtfcv4.jpg\" alt=\"TANLUHU 12L mochila profesional de monta\u00f1ismo y senderismo, mochila de conducci\u00f3n al aire libre, equipo de equitaci\u00f3n, bolsa de agua de hombro para bicicleta 530g\" \/><\/p>\n<p><img decoding=\"async\" title=\"TANLUHU 12L mochila profesional de monta\u00f1ismo y senderismo, mochila de conducci\u00f3n al aire libre, equipo de equitaci\u00f3n, bolsa de agua de hombro para bicicleta 530g\" src=\"https:\/\/bodegaoutdoor.cl\/store\/wp-content\/uploads\/2020\/07\/8601-hoycyr.jpg\" alt=\"TANLUHU 12L mochila profesional de monta\u00f1ismo y senderismo, mochila de conducci\u00f3n al aire libre, equipo de equitaci\u00f3n, bolsa de agua de hombro para bicicleta 530g\" \/><br \/>\n<img decoding=\"async\" title=\"TANLUHU 12L mochila profesional de monta\u00f1ismo y senderismo, mochila de conducci\u00f3n al aire libre, equipo de equitaci\u00f3n, bolsa de agua de hombro para bicicleta 530g\" src=\"https:\/\/bodegaoutdoor.cl\/store\/wp-content\/uploads\/2020\/07\/8601-nzkaq3.jpg\" alt=\"TANLUHU 12L mochila profesional de monta\u00f1ismo y senderismo, mochila de conducci\u00f3n al aire libre, equipo de equitaci\u00f3n, bolsa de agua de hombro para bicicleta 530g\" \/><br \/>\n<img decoding=\"async\" title=\"TANLUHU 12L mochila profesional de monta\u00f1ismo y senderismo, mochila de conducci\u00f3n al aire libre, equipo de equitaci\u00f3n, bolsa de agua de hombro para bicicleta 530g\" src=\"https:\/\/bodegaoutdoor.cl\/store\/wp-content\/uploads\/2020\/07\/8601-ujypc9.jpg\" alt=\"TANLUHU 12L mochila profesional de monta\u00f1ismo y senderismo, mochila de conducci\u00f3n al aire libre, equipo de equitaci\u00f3n, bolsa de agua de hombro para bicicleta 530g\" \/><br \/>\n<img decoding=\"async\" title=\"TANLUHU 12L mochila profesional de monta\u00f1ismo y senderismo, mochila de conducci\u00f3n al aire libre, equipo de equitaci\u00f3n, bolsa de agua de hombro para bicicleta 530g\" src=\"https:\/\/bodegaoutdoor.cl\/store\/wp-content\/uploads\/2020\/07\/8601-eylmer.jpg\" alt=\"TANLUHU 12L mochila profesional de monta\u00f1ismo y senderismo, mochila de conducci\u00f3n al aire libre, equipo de equitaci\u00f3n, bolsa de agua de hombro para bicicleta 530g\" \/><\/p>\n<p><img decoding=\"async\" title=\"TANLUHU 12L mochila profesional de monta\u00f1ismo y senderismo, mochila de conducci\u00f3n al aire libre, equipo de equitaci\u00f3n, bolsa de agua de hombro para bicicleta 530g\" src=\"https:\/\/bodegaoutdoor.cl\/store\/wp-content\/uploads\/2020\/07\/8601-tme2xl.jpg\" alt=\"TANLUHU 12L mochila profesional de monta\u00f1ismo y senderismo, mochila de conducci\u00f3n al aire libre, equipo de equitaci\u00f3n, bolsa de agua de hombro para bicicleta 530g\" \/><\/p>\n<p><img decoding=\"async\" title=\"TANLUHU 12L mochila profesional de monta\u00f1ismo y senderismo, mochila de conducci\u00f3n al aire libre, equipo de equitaci\u00f3n, bolsa de agua de hombro para bicicleta 530g\" src=\"https:\/\/bodegaoutdoor.cl\/store\/wp-content\/uploads\/2020\/07\/8601-jetbo4.jpg\" alt=\"TANLUHU 12L mochila profesional de monta\u00f1ismo y senderismo, mochila de conducci\u00f3n al aire libre, equipo de equitaci\u00f3n, bolsa de agua de hombro para bicicleta 530g\" \/><\/p>\n<p><img decoding=\"async\" title=\"TANLUHU 12L mochila profesional de monta\u00f1ismo y senderismo, mochila de conducci\u00f3n al aire libre, equipo de equitaci\u00f3n, bolsa de agua de hombro para bicicleta 530g\" src=\"https:\/\/bodegaoutdoor.cl\/store\/wp-content\/uploads\/2020\/07\/8601-91zpff.jpg\" alt=\"TANLUHU 12L mochila profesional de monta\u00f1ismo y senderismo, mochila de conducci\u00f3n al aire libre, equipo de equitaci\u00f3n, bolsa de agua de hombro para bicicleta 530g\" \/><\/p>\n<p><img decoding=\"async\" title=\"TANLUHU 12L mochila profesional de monta\u00f1ismo y senderismo, mochila de conducci\u00f3n al aire libre, equipo de equitaci\u00f3n, bolsa de agua de hombro para bicicleta 530g\" src=\"https:\/\/bodegaoutdoor.cl\/store\/wp-content\/uploads\/2020\/07\/8601-kk4vrl.jpg\" alt=\"TANLUHU 12L mochila profesional de monta\u00f1ismo y senderismo, mochila de conducci\u00f3n al aire libre, equipo de equitaci\u00f3n, bolsa de agua de hombro para bicicleta 530g\" \/><\/p>\n<p><img decoding=\"async\" title=\"TANLUHU 12L mochila profesional de monta\u00f1ismo y senderismo, mochila de conducci\u00f3n al aire libre, equipo de equitaci\u00f3n, bolsa de agua de hombro para bicicleta 530g\" src=\"https:\/\/bodegaoutdoor.cl\/store\/wp-content\/uploads\/2020\/07\/8601-bbqrch.jpg\" alt=\"TANLUHU 12L mochila profesional de monta\u00f1ismo y senderismo, mochila de conducci\u00f3n al aire libre, equipo de equitaci\u00f3n, bolsa de agua de hombro para bicicleta 530g\" \/><\/p>\n<p><img decoding=\"async\" title=\"TANLUHU 12L mochila profesional de monta\u00f1ismo y senderismo, mochila de conducci\u00f3n al aire libre, equipo de equitaci\u00f3n, bolsa de agua de hombro para bicicleta 530g\" src=\"https:\/\/bodegaoutdoor.cl\/store\/wp-content\/uploads\/2020\/07\/8601-p87hgm.jpg\" alt=\"TANLUHU 12L mochila profesional de monta\u00f1ismo y senderismo, mochila de conducci\u00f3n al aire libre, equipo de equitaci\u00f3n, bolsa de agua de hombro para bicicleta 530g\" \/><\/p>\n<p><img decoding=\"async\" title=\"TANLUHU 12L mochila profesional de monta\u00f1ismo y senderismo, mochila de conducci\u00f3n al aire libre, equipo de equitaci\u00f3n, bolsa de agua de hombro para bicicleta 530g\" src=\"https:\/\/bodegaoutdoor.cl\/store\/wp-content\/uploads\/2020\/07\/8601-xvapwz.jpg\" alt=\"TANLUHU 12L mochila profesional de monta\u00f1ismo y senderismo, mochila de conducci\u00f3n al aire libre, equipo de equitaci\u00f3n, bolsa de agua de hombro para bicicleta 530g\" \/><\/p>\n<p><img decoding=\"async\" title=\"TANLUHU 12L mochila profesional de monta\u00f1ismo y senderismo, mochila de conducci\u00f3n al aire libre, equipo de equitaci\u00f3n, bolsa de agua de hombro para bicicleta 530g\" src=\"https:\/\/bodegaoutdoor.cl\/store\/wp-content\/uploads\/2020\/07\/8601-twsfof.jpg\" alt=\"TANLUHU 12L mochila profesional de monta\u00f1ismo y senderismo, mochila de conducci\u00f3n al aire libre, equipo de equitaci\u00f3n, bolsa de agua de hombro para bicicleta 530g\" \/><\/p>\n<\/div>\n<\/div>\n\n    <div class=\"xs_social_share_widget xs_share_url after_content \t\tmain_content  wslu-style-1 wslu-share-box-shaped wslu-fill-colored wslu-none wslu-share-horizontal wslu-theme-font-no wslu-main_content\">\n\n\t\t\n        <ul>\n\t\t\t        <\/ul>\n    <\/div> \n","protected":false},"excerpt":{"rendered":"<p>&nbsp;<\/p>\n","protected":false},"featured_media":8609,"comment_status":"open","ping_status":"closed","template":"","meta":{"jetpack_publicize_message":"","jetpack_publicize_feature_enabled":true,"jetpack_social_post_already_shared":true,"jetpack_social_options":{"image_generator_settings":{"template":"highway","enabled":false},"version":2}},"product_brand":[],"product_cat":[195,238],"product_tag":[],"class_list":{"0":"post-8601","1":"product","2":"type-product","3":"status-publish","4":"has-post-thumbnail","6":"product_cat-mochilas","7":"product_cat-mochilas-10-30-litros","9":"first","10":"instock","11":"sale","12":"taxable","13":"shipping-taxable","14":"purchasable","15":"product-type-variable"},"jetpack_publicize_connections":[],"jetpack_sharing_enabled":true,"_links":{"self":[{"href":"https:\/\/bodegaoutdoor.cl\/store\/wp-json\/wp\/v2\/product\/8601","targetHints":{"allow":["GET"]}}],"collection":[{"href":"https:\/\/bodegaoutdoor.cl\/store\/wp-json\/wp\/v2\/product"}],"about":[{"href":"https:\/\/bodegaoutdoor.cl\/store\/wp-json\/wp\/v2\/types\/product"}],"replies":[{"embeddable":true,"href":"https:\/\/bodegaoutdoor.cl\/store\/wp-json\/wp\/v2\/comments?post=8601"}],"version-history":[{"count":2,"href":"https:\/\/bodegaoutdoor.cl\/store\/wp-json\/wp\/v2\/product\/8601\/revisions"}],"predecessor-version":[{"id":71314,"href":"https:\/\/bodegaoutdoor.cl\/store\/wp-json\/wp\/v2\/product\/8601\/revisions\/71314"}],"wp:featuredmedia":[{"embeddable":true,"href":"https:\/\/bodegaoutdoor.cl\/store\/wp-json\/wp\/v2\/media\/8609"}],"wp:attachment":[{"href":"https:\/\/bodegaoutdoor.cl\/store\/wp-json\/wp\/v2\/media?parent=8601"}],"wp:term":[{"taxonomy":"product_brand","embeddable":true,"href":"https:\/\/bodegaoutdoor.cl\/store\/wp-json\/wp\/v2\/product_brand?post=8601"},{"taxonomy":"product_cat","embeddable":true,"href":"https:\/\/bodegaoutdoor.cl\/store\/wp-json\/wp\/v2\/product_cat?post=8601"},{"taxonomy":"product_tag","embeddable":true,"href":"https:\/\/bodegaoutdoor.cl\/store\/wp-json\/wp\/v2\/product_tag?post=8601"}],"curies":[{"name":"wp","href":"https:\/\/api.w.org\/{rel}","templated":true}]}}